{"id":7830,"date":"2024-02-07T17:44:52","date_gmt":"2024-02-07T17:44:52","guid":{"rendered":""},"modified":"2025-11-07T15:54:51","modified_gmt":"2025-11-07T14:54:51","slug":"abluftfilter-paket-lebensmittelkonform","status":"publish","type":"product","link":"https:\/\/ptm-mechatronics.com\/sk\/product\/abluftfilter-paket-lebensmittelkonform\/","title":{"rendered":"Bal\u00edk filtrov v\u00fdfukov\u00e9ho vzduchu pre pohony PTM vyhovuj\u00face po\u017eiadavk\u00e1m na potraviny"},"content":{"rendered":"<h2 data-start=\"203\" data-end=\"287\"><span style=\"font-size: 75%;\">Bal\u00edk filtrov v\u00fdfukov\u00e9ho vzduchu pre pohony stla\u010den\u00e9ho vzduchu PTM - tich\u00fd, bezpe\u010dn\u00fd, vhodn\u00fd pre potraviny<\/span><\/h2>\n<p data-start=\"289\" data-end=\"646\">Bal\u00edk filtrov v\u00fdfukov\u00e9ho vzduchu pre pohony stla\u010den\u00e9ho vzduchu PTM zabezpe\u010duje \u00fa\u010dinn\u00e9 zn\u00ed\u017eenie hluku a bezpe\u010dn\u00e9 vyp\u00fa\u0161\u0165anie v\u00fdfukov\u00e9ho vzduchu. Integrovan\u00fd tlmi\u010d hluku spo\u013eahlivo zni\u017euje prev\u00e1dzkov\u00fa hladinu hluku len na 50 dB(A) - ide\u00e1lne pre v\u00fdrobn\u00e9 prostredia citliv\u00e9 na hluk, ako s\u00fa laborat\u00f3ri\u00e1, \u010dist\u00e9 priestory alebo otvoren\u00e9 v\u00fdrobn\u00e9 priestory.<\/p>\n<p data-start=\"648\" data-end=\"880\">Syst\u00e9m z\u00e1rove\u0148 zabezpe\u010duje cielen\u00e9 a kontrolovan\u00e9 ods\u00e1vanie odpadov\u00e9ho vzduchu, a t\u00fdm chr\u00e1ni obsluhuj\u00faci person\u00e1l aj susedn\u00e9 procesy pred ru\u0161iv\u00fdmi turbulenciami vzduchu, vlhkos\u0165ou alebo rizikom kontamin\u00e1cie.<\/p>\n<p data-start=\"882\" data-end=\"1209\">\u0160peci\u00e1lna v\u00fdhoda: S\u00faprava had\u00edc vyhovuj\u00faca predpisom FDA znamen\u00e1, \u017ee cel\u00fd bal\u00edk filtrov ods\u00e1van\u00e9ho vzduchu je vhodn\u00fd aj na pou\u017eitie v potravin\u00e1rskom priemysle. Pou\u017eit\u00e9 komponenty sp\u013a\u0148aj\u00fa po\u017eiadavky na hygienicky citliv\u00e9 aplik\u00e1cie a umo\u017e\u0148uj\u00fa bezpe\u010dn\u00fa prev\u00e1dzku v potravin\u00e1rskych a farmaceutick\u00fdch oblastiach.<\/p>","protected":false},"excerpt":{"rendered":"<p>Bal\u00edk filtrov v\u00fdfukov\u00e9ho vzduchu pre pohony stla\u010den\u00e9ho vzduchu PTM, ktor\u00fd sp\u013a\u0148a po\u017eiadavky pre potravin\u00e1rsky priemysel, zni\u017euje hluk na 50 dB(A) a bezpe\u010dne a hygienicky odv\u00e1dza v\u00fdfukov\u00fd vzduch - ide\u00e1lny pre citliv\u00e9 priemyseln\u00e9 prostredie.<\/p>","protected":false},"featured_media":15452,"comment_status":"open","ping_status":"closed","template":"","meta":{"_acf_changed":false},"product_brand":[],"product_cat":[595,1421],"product_tag":[3034,3035,3040,3041,3042,3043,3044,3045,3030,3046,3031,3032],"class_list":{"0":"post-7830","1":"product","2":"type-product","3":"status-publish","4":"has-post-thumbnail","6":"product_cat-ruehrwerkstechnik","7":"product_cat-zubehoer-ruehrwerkstechnik","8":"product_tag-geraeuschreduzierung-druckluft","9":"product_tag-druckluftfilter-50-db","10":"product_tag-fda-konformes-filterpaket","11":"product_tag-lebensmittelkonformer-schalldaempfer","12":"product_tag-filtermodul-ptm-motor","13":"product_tag-hygienischer-luftfilter","14":"product_tag-druckluftmotor-zubehoer","15":"product_tag-atex-schalldaempfer","16":"product_tag-abluftfilter-druckluftmotor","17":"product_tag-drucklufttechnik-lebensmittelindustrie","18":"product_tag-schalldaempfer-ptm","19":"product_tag-abluftfuehrung-druckluftantrieb","20":"product_shipping_class-karton-paketversand","21":"pa_schlauchlaenge-50mm","23":"first","24":"instock","25":"taxable","26":"shipping-taxable","27":"purchasable","28":"product-type-variable"},"bundled_by":[],"bundle_stock_status":"instock","bundle_stock_quantity":null,"bundle_virtual":false,"bundle_layout":"","bundle_add_to_cart_form_location":"","bundle_editable_in_cart":false,"bundle_sold_individually_context":"","bundle_item_grouping":"","bundle_min_size":"","bundle_max_size":"","bundle_price":[],"bundled_items":[],"bundle_sell_ids":[],"exclude_global_add_ons":[],"addons":[],"acf":[],"_links":{"self":[{"href":"https:\/\/ptm-mechatronics.com\/sk\/wp-json\/wp\/v2\/product\/7830","targetHints":{"allow":["GET"]}}],"collection":[{"href":"https:\/\/ptm-mechatronics.com\/sk\/wp-json\/wp\/v2\/product"}],"about":[{"href":"https:\/\/ptm-mechatronics.com\/sk\/wp-json\/wp\/v2\/types\/product"}],"replies":[{"embeddable":true,"href":"https:\/\/ptm-mechatronics.com\/sk\/wp-json\/wp\/v2\/comments?post=7830"}],"wp:featuredmedia":[{"embeddable":true,"href":"https:\/\/ptm-mechatronics.com\/sk\/wp-json\/wp\/v2\/media\/15452"}],"wp:attachment":[{"href":"https:\/\/ptm-mechatronics.com\/sk\/wp-json\/wp\/v2\/media?parent=7830"}],"wp:term":[{"taxonomy":"product_brand","embeddable":true,"href":"https:\/\/ptm-mechatronics.com\/sk\/wp-json\/wp\/v2\/product_brand?post=7830"},{"taxonomy":"product_cat","embeddable":true,"href":"https:\/\/ptm-mechatronics.com\/sk\/wp-json\/wp\/v2\/product_cat?post=7830"},{"taxonomy":"product_tag","embeddable":true,"href":"https:\/\/ptm-mechatronics.com\/sk\/wp-json\/wp\/v2\/product_tag?post=7830"}],"curies":[{"name":"wp","href":"https:\/\/api.w.org\/{rel}","templated":true}]}}