{"id":7666,"date":"2024-02-07T17:44:21","date_gmt":"2024-02-07T17:44:21","guid":{"rendered":"https:\/\/ptm-mechatronics.com\/product\/pneumatisches-stativruehrwerk-fuer-30-liter-fass-atex\/"},"modified":"2026-03-09T10:28:30","modified_gmt":"2026-03-09T09:28:30","slug":"pneumatisches-stativruehrwerk-fuer-30-liter-fass-atex","status":"publish","type":"product","link":"https:\/\/ptm-mechatronics.com\/sk\/product\/pneumatisches-stativruehrwerk-fuer-30-liter-fass-atex\/","title":{"rendered":"Pneumatick\u00fd stojanov\u00fd mix\u00e9r pre 30-litrov\u00fd sud - ATEX"},"content":{"rendered":"<p data-start=\"372\" data-end=\"913\"><span class=\"_fadeIn_m1hgl_8\">Str\u00e1nka <\/span><span class=\"_fadeIn_m1hgl_8\">Stojanov\u00e9 mie\u0161adlo <\/span><span class=\"_fadeIn_m1hgl_8\">pre 3<\/span><span class=\"_fadeIn_m1hgl_8\">0-<\/span><span class=\"_fadeIn_m1hgl_8\">Litre<\/span><span class=\"_fadeIn_m1hgl_8\">Sudy<\/span> <span class=\"_fadeIn_m1hgl_8\">bola <\/span><span class=\"_fadeIn_m1hgl_8\">pre <\/span><span class=\"_fadeIn_m1hgl_8\">. <\/span><span class=\"_fadeIn_m1hgl_8\">efekt\u00edvne <\/span><span class=\"_fadeIn_m1hgl_8\">a <\/span><span class=\"_fadeIn_m1hgl_8\">bezpe\u010dn\u00e9 <\/span><span class=\"_fadeIn_m1hgl_8\">Spracovanie <\/span><span class=\"_fadeIn_m1hgl_8\">n\u00edzka <\/span><span class=\"_fadeIn_m1hgl_8\">do <\/span><span class=\"_fadeIn_m1hgl_8\">vysoko visk\u00f3zne <\/span><span class=\"_fadeIn_m1hgl_8\">M\u00e9di\u00e1 v z\u00f3ne ATEX 1 alebo 0\/1<\/span> <span class=\"_fadeIn_m1hgl_8\">vyvinut\u00e9. <\/span><span class=\"_fadeIn_m1hgl_8\">Na str\u00e1nke . <\/span><span class=\"_fadeIn_m1hgl_8\">existuje <\/span><span class=\"_fadeIn_m1hgl_8\">z adresy <\/span><span class=\"_fadeIn_m1hgl_8\">jeden <\/span><span class=\"_fadeIn_m1hgl_8\">v\u00fdkonn\u00e9, <\/span><span class=\"_fadeIn_m1hgl_8\">pneumatick\u00e9 <\/span><span class=\"_fadeIn_m1hgl_8\">Disk<\/span><span class=\"_fadeIn_m1hgl_8\">, <\/span><span class=\"_fadeIn_m1hgl_8\">jeden <\/span><span class=\"_fadeIn_m1hgl_8\">mas\u00edvne <\/span><span class=\"_fadeIn_m1hgl_8\">Nerezov\u00e1 oce\u013e<\/span><span class=\"_fadeIn_m1hgl_8\">Veko<\/span><span class=\"_fadeIn_m1hgl_8\">, <\/span><span class=\"_fadeIn_m1hgl_8\">jeden <\/span><span class=\"_fadeIn_m1hgl_8\">Hriade\u013e mie\u0161adla <\/span><span class=\"_fadeIn_m1hgl_8\">s <\/span><span class=\"_fadeIn_m1hgl_8\">Mie\u0161adlo<\/span>\u00a0<span class=\"_fadeIn_m1hgl_8\">a <\/span><span class=\"_fadeIn_m1hgl_8\">jeden <\/span><span class=\"_fadeIn_m1hgl_8\">Stat\u00edv <\/span><span class=\"_fadeIn_m1hgl_8\">s <\/span><span class=\"_fadeIn_m1hgl_8\">viac automatiky <\/span><span class=\"_fadeIn_m1hgl_8\">Zdv\u00edhacie zariadenie <\/span><span class=\"_fadeIn_m1hgl_8\">a <\/span><span class=\"_fadeIn_m1hgl_8\">Ovl\u00e1dac\u00ed panel<\/span><span class=\"_fadeIn_m1hgl_8\">. <\/span><span class=\"_fadeIn_m1hgl_8\">V\u0161etky <\/span><span class=\"_fadeIn_m1hgl_8\">kontakt s m\u00e9diami <\/span><span class=\"_fadeIn_m1hgl_8\">Komponenty - <\/span><span class=\"_fadeIn_m1hgl_8\">Hriade\u013e mie\u0161adla <\/span><span class=\"_fadeIn_m1hgl_8\">a <\/span><span class=\"_fadeIn_m1hgl_8\">Mie\u0161adlo<\/span><span class=\"_fadeIn_m1hgl_8\"> \u2013 <\/span><span class=\"_fadeIn_m1hgl_8\">s\u00fa <\/span><span class=\"_fadeIn_m1hgl_8\">z adresy <\/span><span class=\"_fadeIn_m1hgl_8\">V4A <\/span><span class=\"_fadeIn_m1hgl_8\">Nerezov\u00e1 oce\u013e (<\/span><span class=\"_fadeIn_m1hgl_8\">1.4404)<\/span> <span class=\"_fadeIn_m1hgl_8\">vyroben\u00e9 <\/span><span class=\"_fadeIn_m1hgl_8\">a <\/span><span class=\"_fadeIn_m1hgl_8\">pon\u00fakaj\u00fa vysok\u00fa <\/span><span class=\"_fadeIn_m1hgl_8\">Hygiena <\/span><span class=\"_fadeIn_m1hgl_8\">a <\/span><span class=\"_fadeIn_m1hgl_8\">Odolnos\u0165 proti kor\u00f3zii.<\/span><\/p>\n<p data-start=\"915\" data-end=\"1293\"><span class=\"_fadeIn_m1hgl_8\">Str\u00e1nka <\/span><span class=\"_fadeIn_m1hgl_8\">Mie\u0161adlo <\/span><span class=\"_fadeIn_m1hgl_8\">je . <\/span><span class=\"_fadeIn_m1hgl_8\">kompletn\u00fd <\/span><span class=\"_fadeIn_m1hgl_8\">na str\u00e1nke . <\/span><span class=\"_fadeIn_m1hgl_8\">. <\/span><span class=\"_fadeIn_m1hgl_8\">Pou\u017eite <\/span><span class=\"_fadeIn_m1hgl_8\">na str\u00e1nke <\/span><span class=\"_fadeIn_m1hgl_8\">\u0161tandardizovan\u00e9 3<\/span><span class=\"_fadeIn_m1hgl_8\">0-<\/span><span class=\"_fadeIn_m1hgl_8\">Litre<\/span><span class=\"_fadeIn_m1hgl_8\">Sudy<\/span> <span class=\"_fadeIn_m1hgl_8\">harmonizovan\u00e9 <\/span><span class=\"_fadeIn_m1hgl_8\">a <\/span><span class=\"_fadeIn_m1hgl_8\">ponuky <\/span><span class=\"_fadeIn_m1hgl_8\">a <\/span><span class=\"_fadeIn_m1hgl_8\">dokonca, <\/span><span class=\"_fadeIn_m1hgl_8\">homog\u00e9nne <\/span><span class=\"_fadeIn_m1hgl_8\">Mie\u0161aj\u00faci v\u00fdsledok<\/span><span class=\"_fadeIn_m1hgl_8\">, <\/span><span class=\"_fadeIn_m1hgl_8\">samotn\u00fd <\/span><span class=\"_fadeIn_m1hgl_8\">s <\/span><span class=\"_fadeIn_m1hgl_8\">\u0165a\u017ek\u00e9, <\/span><span class=\"_fadeIn_m1hgl_8\">visk\u00f3zne <\/span><span class=\"_fadeIn_m1hgl_8\">L\u00e1tky. <\/span><span class=\"_fadeIn_m1hgl_8\">Str\u00e1nka <\/span><span class=\"_fadeIn_m1hgl_8\">automatick\u00fd <\/span><span class=\"_fadeIn_m1hgl_8\">Zdv\u00edhacie zariadenie<\/span> <span class=\"_fadeIn_m1hgl_8\">u\u013eah\u010duje <\/span><span class=\"_fadeIn_m1hgl_8\">. <\/span><span class=\"_fadeIn_m1hgl_8\">Zdv\u00edhanie <\/span><span class=\"_fadeIn_m1hgl_8\">a <\/span><span class=\"_fadeIn_m1hgl_8\">Zn\u00ed\u017eenie <\/span><span class=\"_fadeIn_m1hgl_8\">z <\/span><span class=\"_fadeIn_m1hgl_8\">mie\u0161adlo, <\/span><span class=\"_fadeIn_m1hgl_8\">poskytuje <\/span><span class=\"_fadeIn_m1hgl_8\">pre <\/span><span class=\"_fadeIn_m1hgl_8\">jeden <\/span><span class=\"_fadeIn_m1hgl_8\">bezpe\u010dn\u00e9 <\/span><span class=\"_fadeIn_m1hgl_8\">Zmena kontajnera <\/span><span class=\"_fadeIn_m1hgl_8\">a <\/span><span class=\"_fadeIn_m1hgl_8\">zn\u00ed\u017een\u00e1 <\/span><span class=\"_fadeIn_m1hgl_8\">fyzick\u00e1 str\u00e1nka <\/span><span class=\"_fadeIn_m1hgl_8\">Za\u0165a\u017eenie <\/span><span class=\"_fadeIn_m1hgl_8\">v <\/span><span class=\"_fadeIn_m1hgl_8\">Ka\u017edodenn\u00e1 pr\u00e1ca.<\/span><\/p>\n<p data-start=\"1295\" data-end=\"1572\"><span class=\"_fadeIn_m1hgl_8\">Pre <\/span><span class=\"_fadeIn_m1hgl_8\">maximum <\/span><span class=\"_fadeIn_m1hgl_8\">Bezpe\u010dnos\u0165 pr\u00e1ce <\/span><span class=\"_fadeIn_m1hgl_8\">m\u00e1 <\/span><span class=\"_fadeIn_m1hgl_8\">. <\/span><span class=\"_fadeIn_m1hgl_8\">Mie\u0161adlo <\/span><span class=\"_fadeIn_m1hgl_8\">o <\/span><span class=\"_fadeIn_m1hgl_8\">jeden <\/span><span class=\"_fadeIn_m1hgl_8\">automatick\u00fd <\/span><span class=\"_fadeIn_m1hgl_8\">Vypn\u00fa\u0165 <\/span><span class=\"_fadeIn_m1hgl_8\">na <\/span><span class=\"_fadeIn_m1hgl_8\">Zdv\u00edhanie <\/span><span class=\"_fadeIn_m1hgl_8\">z <\/span><span class=\"_fadeIn_m1hgl_8\">Pokrievky<\/span><span class=\"_fadeIn_m1hgl_8\">, <\/span><span class=\"_fadeIn_m1hgl_8\">na adrese <\/span><span class=\"_fadeIn_m1hgl_8\">Intervencie <\/span><span class=\"_fadeIn_m1hgl_8\">na str\u00e1nke <\/span><span class=\"_fadeIn_m1hgl_8\">pohybliv\u00fd <\/span><span class=\"_fadeIn_m1hgl_8\">Diely <\/span><span class=\"_fadeIn_m1hgl_8\">na <\/span><span class=\"_fadeIn_m1hgl_8\">zabr\u00e1ni\u0165. <\/span><span class=\"_fadeIn_m1hgl_8\">Str\u00e1nka <\/span><span class=\"_fadeIn_m1hgl_8\">Proces mie\u0161ania <\/span><span class=\"_fadeIn_m1hgl_8\">za\u010d\u00edna <\/span><span class=\"_fadeIn_m1hgl_8\">op\u00e4\u0165 <\/span><span class=\"_fadeIn_m1hgl_8\">automaticky <\/span><span class=\"_fadeIn_m1hgl_8\">o <\/span><span class=\"_fadeIn_m1hgl_8\">jeden <\/span><span class=\"_fadeIn_m1hgl_8\">Detekcia kontajnera<\/span> <span class=\"_fadeIn_m1hgl_8\">na <\/span><span class=\"_fadeIn_m1hgl_8\">Zn\u00ed\u017eenie - <\/span><span class=\"_fadeIn_m1hgl_8\">efekt\u00edvne <\/span><span class=\"_fadeIn_m1hgl_8\">a <\/span><span class=\"_fadeIn_m1hgl_8\">bezpe\u010dn\u00e9.<\/span><\/p>\n<h3 data-start=\"1337\" data-end=\"1549\"><span class=\"_fadeIn_m1hgl_8\">Va\u0161e mo\u017enosti:<\/span><\/h3>\n<p>Z\u00f3na ATEX 1:<br \/>\nEx II 2 G Ex h IIC T5 Gb X<br \/>\nEx II 2 D Ex h IIIC T100\u00b0C Db X alebo<br \/>\nATEX z\u00f3na 0\/1:<br \/>\nEx II 1\/2 G Ex h IIC T5 Ga\/Gb<br \/>\nEx II 1\/2 D Ex h IIIC T100\u00b0C Da\/Db<\/p>\n<p>Syst\u00e9m r\u00fdchlej v\u00fdmeny hriade\u013ea mie\u0161adla:<br \/>\nNa\u0161a str\u00e1nka <a href=\"https:\/\/youtu.be\/TjagGW4DoyA?feature=shared\" target=\"_blank\" rel=\"noopener\">r\u00fdchlov\u00fdmenn\u00fd syst\u00e9m eco-Quick<\/a> pon\u00faka r\u00fdchlu a \u010dist\u00fa v\u00fdmenu hriade\u013ea mie\u0161adla v priebehu nieko\u013ek\u00fdch sek\u00fand bez pou\u017eitia \u010fal\u0161\u00edch n\u00e1strojov.<\/p>\n<p>Poh\u00e1rov\u00fd mie\u0161a\u010d eco-Cup alebo mie\u0161a\u010d so \u0161ikmou lopatkou:<br \/>\n<span class=\"_fadeIn_m1hgl_8\">Str\u00e1nka <\/span><span class=\"_fadeIn_m1hgl_8\">eko-<\/span><span class=\"_fadeIn_m1hgl_8\">Poh\u00e1r <\/span><span class=\"_fadeIn_m1hgl_8\">Mie\u0161adlo na poh\u00e1re<\/span> <span class=\"_fadeIn_m1hgl_8\">ponuky <\/span><span class=\"_fadeIn_m1hgl_8\">prostredn\u00edctvom str\u00e1nky . <\/span><span class=\"_fadeIn_m1hgl_8\">by\u0165 <\/span><span class=\"_fadeIn_m1hgl_8\">lamin\u00e1rne <\/span><span class=\"_fadeIn_m1hgl_8\">Mie\u0161anie spr\u00e1vania<\/span> <span class=\"_fadeIn_m1hgl_8\">jeden <\/span><span class=\"_fadeIn_m1hgl_8\">homog\u00e9nne <\/span><span class=\"_fadeIn_m1hgl_8\">Mie\u0161anie<\/span><span class=\"_fadeIn_m1hgl_8\"> \u2013 <\/span><span class=\"_fadeIn_m1hgl_8\">samotn\u00fd <\/span><span class=\"_fadeIn_m1hgl_8\">s <\/span><span class=\"_fadeIn_m1hgl_8\">n\u00e1ro\u010dn\u00e9, <\/span><span class=\"_fadeIn_m1hgl_8\">vysoko visk\u00f3zne <\/span><span class=\"_fadeIn_m1hgl_8\">M\u00e9di\u00e1 <\/span><span class=\"_fadeIn_m1hgl_8\">ako <\/span><span class=\"_fadeIn_m1hgl_8\">Pasty, <\/span><span class=\"_fadeIn_m1hgl_8\">Pozastavenie <\/span><span class=\"_fadeIn_m1hgl_8\">alebo <\/span><span class=\"_fadeIn_m1hgl_8\">Emulzie.<\/span><\/p>\n<p data-start=\"1337\" data-end=\"1549\">Mie\u0161adlo so \u0161ikm\u00fdmi lopatkami zaujme axi\u00e1lnou dopravnou charakteristikou s mierne radi\u00e1lnou zlo\u017ekou a vytv\u00e1ra turbulentn\u00e9 pr\u00fadenie, ktor\u00e9 umo\u017e\u0148uje mimoriadne \u00fa\u010dinn\u00e9 mie\u0161anie. V\u010faka svojej robustnej kon\u0161trukcii je ide\u00e1lny pre vysoko visk\u00f3zne l\u00e1tky.<\/p>\n<p data-start=\"1337\" data-end=\"1549\">Koncepcia fungovania:<br \/>\nStojanov\u00fd mix\u00e9r je volite\u013ene k dispoz\u00edcii so \u0161tandardn\u00fdm ovl\u00e1dac\u00edm panelom s rukov\u00e4\u0165ou m\u0155tveho mu\u017ea alebo <a href=\"https:\/\/ptm-mechatronics.com\/sk\/product\/dguv-schalttafel\/\" target=\"_blank\" rel=\"noopener\">Ovl\u00e1dac\u00ed panel DGUV<\/a> s <a href=\"https:\/\/ptm-mechatronics.com\/sk\/grundlagen-guide\/not-aus\/\" target=\"_blank\" rel=\"noopener\">N\u00fadzov\u00e9 zastavenie<\/a> a <a href=\"https:\/\/ptm-mechatronics.com\/sk\/grundlagen-guide\/zweihandbedienung\/\" target=\"_blank\" rel=\"noopener\">Obojru\u010dn\u00e9 ovl\u00e1danie<\/a>.<\/p>\n<p data-start=\"1337\" data-end=\"1549\">Zap\u00ednanie:<br \/>\nStojanov\u00e1 bat\u00e9ria je k dispoz\u00edcii s mo\u017enos\u0165ou mont\u00e1\u017ee na stenu aj na podlahu.<\/p>\n<p data-start=\"1617\" data-end=\"1648\"><span class=\"_fadeIn_m1hgl_8\">V\u00fdhody <\/span><span class=\"_fadeIn_m1hgl_8\">na str\u00e1nke . <\/span><span class=\"_fadeIn_m1hgl_8\">jeden <\/span><span class=\"_fadeIn_m1hgl_8\">Zobrazenie:<\/span><\/p>\n<ul>\n<li data-start=\"1651\" data-end=\"1697\"><span class=\"_fadeIn_m1hgl_8\">Pneumatick\u00e9 <\/span><span class=\"_fadeIn_m1hgl_8\">Disk <\/span><span class=\"_fadeIn_m1hgl_8\">pre <\/span><span class=\"_fadeIn_m1hgl_8\">v\u00fdkonn\u00fd <\/span><span class=\"_fadeIn_m1hgl_8\">Stir<\/span><\/li>\n<li data-start=\"1651\" data-end=\"1697\">Certifik\u00e1t ATEX pre z\u00f3nu 1 alebo 0\/1<\/li>\n<li data-start=\"1651\" data-end=\"1697\"><span class=\"_fadeIn_m1hgl_8\">Pre 3<\/span><span class=\"_fadeIn_m1hgl_8\">0-<\/span><span class=\"_fadeIn_m1hgl_8\">Litre<\/span><span class=\"_fadeIn_m1hgl_8\">Sudy <\/span><span class=\"_fadeIn_m1hgl_8\">optimalizovan\u00e9<\/span><\/li>\n<li data-start=\"1651\" data-end=\"1697\"><span class=\"_fadeIn_m1hgl_8\">Hriade\u013e mie\u0161adla &amp; <\/span><span class=\"_fadeIn_m1hgl_8\">eko-<\/span><span class=\"_fadeIn_m1hgl_8\">Poh\u00e1r <\/span><span class=\"_fadeIn_m1hgl_8\">z adresy <\/span><span class=\"_fadeIn_m1hgl_8\">V4A <\/span><span class=\"_fadeIn_m1hgl_8\">Nerezov\u00e1 oce\u013e<\/span><\/li>\n<li data-start=\"1651\" data-end=\"1697\"><span class=\"_fadeIn_m1hgl_8\">Automatick\u00e9 <\/span><span class=\"_fadeIn_m1hgl_8\">Zdv\u00edhacie zariadenie <\/span><span class=\"_fadeIn_m1hgl_8\">pre <\/span><span class=\"_fadeIn_m1hgl_8\">ergonomick\u00e9 <\/span><span class=\"_fadeIn_m1hgl_8\">Pracovn\u00e1 str\u00e1nka<\/span><\/li>\n<li data-start=\"1651\" data-end=\"1697\"><span class=\"_fadeIn_m1hgl_8\">Ovl\u00e1dac\u00ed panel <\/span><span class=\"_fadeIn_m1hgl_8\">na <\/span><span class=\"_fadeIn_m1hgl_8\">jednoduch\u00fd <\/span><span class=\"_fadeIn_m1hgl_8\">Riadiaci syst\u00e9m<\/span><\/li>\n<li data-start=\"1651\" data-end=\"1697\"><span class=\"_fadeIn_m1hgl_8\">Bezpe\u010dnostn\u00e9 vypnutie <\/span><span class=\"_fadeIn_m1hgl_8\">s <\/span><span class=\"_fadeIn_m1hgl_8\">Zdvihnutie veka<\/span><\/li>\n<li data-start=\"1651\" data-end=\"1697\"><span class=\"_fadeIn_m1hgl_8\">Automatick\u00e9 <\/span><span class=\"_fadeIn_m1hgl_8\">Re\u0161tartovanie str\u00e1nky <\/span><span class=\"_fadeIn_m1hgl_8\">prostredn\u00edctvom str\u00e1nky . <\/span><span class=\"_fadeIn_m1hgl_8\">Detekcia kontajnera<\/span><\/li>\n<li data-start=\"1651\" data-end=\"1697\"><span class=\"_fadeIn_m1hgl_8\">Pre <\/span><span class=\"_fadeIn_m1hgl_8\">n\u00edzka <\/span><span class=\"_fadeIn_m1hgl_8\">do <\/span><span class=\"_fadeIn_m1hgl_8\">vysok\u00e1 viskozita <\/span><span class=\"_fadeIn_m1hgl_8\">M\u00e9di\u00e1<\/span><\/li>\n<li data-start=\"1651\" data-end=\"1697\"><span class=\"_fadeIn_m1hgl_8\">Hygienick\u00e9, <\/span><span class=\"_fadeIn_m1hgl_8\">bezpe\u010dn\u00e9, <\/span><span class=\"_fadeIn_m1hgl_8\">vhodn\u00e9 na priemyseln\u00e9 pou\u017eitie<\/span><\/li>\n<\/ul>","protected":false},"excerpt":{"rendered":"<p><span class=\"_fadeIn_m1hgl_8\">Stojanov\u00fd mix\u00e9r ATEX <\/span><span class=\"_fadeIn_m1hgl_8\">pre 3<\/span><span class=\"_fadeIn_m1hgl_8\">0-<\/span><span class=\"_fadeIn_m1hgl_8\">Litre<\/span><span class=\"_fadeIn_m1hgl_8\">Sudy <\/span><span class=\"_fadeIn_m1hgl_8\">s <\/span><span class=\"_fadeIn_m1hgl_8\">pneumatick\u00e9 <\/span><span class=\"_fadeIn_m1hgl_8\">Pohon, <\/span><span class=\"_fadeIn_m1hgl_8\">V4A-<\/span><span class=\"_fadeIn_m1hgl_8\">Komponenty, <\/span><span class=\"_fadeIn_m1hgl_8\">viac automatiky <\/span><span class=\"_fadeIn_m1hgl_8\">Zdv\u00edhacie zariadenie, <\/span><span class=\"_fadeIn_m1hgl_8\">Bezpe\u010dnostn\u00e9 vypnutie <\/span><span class=\"_fadeIn_m1hgl_8\">a <\/span><span class=\"_fadeIn_m1hgl_8\">Mie\u0161adlo<\/span><span class=\"_fadeIn_m1hgl_8\">\u00a0<\/span><span class=\"_fadeIn_m1hgl_8\">pre <\/span><span class=\"_fadeIn_m1hgl_8\">efekt\u00edvne, <\/span><span class=\"_fadeIn_m1hgl_8\">bezpe\u010dn\u00e9 <\/span><span class=\"_fadeIn_m1hgl_8\">Stir <\/span><span class=\"_fadeIn_m1hgl_8\">s <\/span><span class=\"_fadeIn_m1hgl_8\">v\u0161etky <\/span><span class=\"_fadeIn_m1hgl_8\">viskozity, s mont\u00e1\u017eou na stenu alebo podlahu.<\/span><\/p>","protected":false},"featured_media":15447,"comment_status":"open","ping_status":"closed","template":"","meta":{"_acf_changed":false},"product_brand":[],"product_cat":[595,612],"product_tag":[2980,2893,2939,2950,2966,2977,2978,2979],"class_list":{"0":"post-7666","1":"product","2":"type-product","3":"status-publish","4":"has-post-thumbnail","6":"product_cat-ruehrwerkstechnik","7":"product_cat-kleingebinderuehrwerke","8":"product_tag-bedienpult-ruehrwerk","9":"product_tag-ruehrwerk-mit-hebevorrichtung","10":"product_tag-pneumatischer-ruehrantrieb-atex","11":"product_tag-hygienisches-fassruehrwerk","12":"product_tag-v4a-ruehrwelle-eco-cup","13":"product_tag-stativruehrwerk-30-liter","14":"product_tag-ruehrwerk-edelstahl-30l","15":"product_tag-edelstahl-ruehrsystem-30-liter","16":"product_shipping_class-europalette-speditionsversand","17":"pa_antriebsart-pneumatisch","18":"pa_atex-fuer-atex-zone-1","19":"pa_atex-fuer-atex-zone-0-1","20":"pa_bedienkonzept-standardschalttafel","21":"pa_bedienkonzept-dguv-schalttafel","22":"pa_befestigung-mit-bodenbefestigung","23":"pa_befestigung-mit-wandbefestigung","24":"pa_behaeltervolumen-30-liter","25":"pa_deckeldurchmesser-380mm","26":"pa_dichtung-ptfe","27":"pa_drehmoment-4nm","28":"pa_drehzahl-0-300-1-min","29":"pa_durchmesser-ruehrwelle-16mm","30":"pa_geeignete-fassdurchmesser-30-liter","31":"pa_geraeuschpegel-75db","32":"pa_gesamtbreite-440mm","33":"pa_gesamthoehe-1335mm","34":"pa_labs-oel-und-silikonfrei","35":"pa_laenge-ruehrwelle-ca-360mm-ab-deckeloberkante","36":"pa_material-deckel-v4a-edelstahl-1-4404","37":"pa_mittlerer-luftverbrauch-25l-min","38":"pa_model-eco-station-30","39":"pa_ruehrorgan-schraegblattmischer-175mm","40":"pa_ruehrorgan-becherruehrorgan-eco-cup-170mm","41":"pa_schnellwechselsystem-mit-gewindeverbindung","42":"pa_schnellwechselsystem-mit-schnellwechselsystem","43":"pa_stativverfahrweg-500mm","44":"pa_typ-stativruehrwerk","45":"pa_versorgung-5-6bar","47":"first","48":"instock","49":"taxable","50":"shipping-taxable","51":"purchasable","52":"product-type-variable"},"bundled_by":[],"bundle_stock_status":"instock","bundle_stock_quantity":null,"bundle_virtual":false,"bundle_layout":"","bundle_add_to_cart_form_location":"","bundle_editable_in_cart":false,"bundle_sold_individually_context":"","bundle_item_grouping":"","bundle_min_size":"","bundle_max_size":"","bundle_price":[],"bundled_items":[],"bundle_sell_ids":[],"exclude_global_add_ons":[],"addons":[],"acf":[],"_links":{"self":[{"href":"https:\/\/ptm-mechatronics.com\/sk\/wp-json\/wp\/v2\/product\/7666","targetHints":{"allow":["GET"]}}],"collection":[{"href":"https:\/\/ptm-mechatronics.com\/sk\/wp-json\/wp\/v2\/product"}],"about":[{"href":"https:\/\/ptm-mechatronics.com\/sk\/wp-json\/wp\/v2\/types\/product"}],"replies":[{"embeddable":true,"href":"https:\/\/ptm-mechatronics.com\/sk\/wp-json\/wp\/v2\/comments?post=7666"}],"wp:featuredmedia":[{"embeddable":true,"href":"https:\/\/ptm-mechatronics.com\/sk\/wp-json\/wp\/v2\/media\/15447"}],"wp:attachment":[{"href":"https:\/\/ptm-mechatronics.com\/sk\/wp-json\/wp\/v2\/media?parent=7666"}],"wp:term":[{"taxonomy":"product_brand","embeddable":true,"href":"https:\/\/ptm-mechatronics.com\/sk\/wp-json\/wp\/v2\/product_brand?post=7666"},{"taxonomy":"product_cat","embeddable":true,"href":"https:\/\/ptm-mechatronics.com\/sk\/wp-json\/wp\/v2\/product_cat?post=7666"},{"taxonomy":"product_tag","embeddable":true,"href":"https:\/\/ptm-mechatronics.com\/sk\/wp-json\/wp\/v2\/product_tag?post=7666"}],"curies":[{"name":"wp","href":"https:\/\/api.w.org\/{rel}","templated":true}]}}