{"id":7660,"date":"2024-02-07T17:44:21","date_gmt":"2024-02-07T17:44:21","guid":{"rendered":""},"modified":"2026-03-09T10:27:09","modified_gmt":"2026-03-09T09:27:09","slug":"stativruehrwerk-fuer-100-liter-fass-antrieb-atex-zone-1","status":"publish","type":"product","link":"https:\/\/ptm-mechatronics.com\/sk\/product\/stativruehrwerk-fuer-100-liter-fass-antrieb-atex-zone-1\/","title":{"rendered":"Stojanov\u00e9 mie\u0161adlo pre 100-litrov\u00fd sud - pohon pre z\u00f3nu ATEX 1"},"content":{"rendered":"<p data-start=\"372\" data-end=\"913\"><span class=\"_fadeIn_m1hgl_8\">Str\u00e1nka <\/span><span class=\"_fadeIn_m1hgl_8\">Stojanov\u00e9 mie\u0161adlo <\/span><span class=\"_fadeIn_m1hgl_8\">za 1<\/span><span class=\"_fadeIn_m1hgl_8\">00-<\/span><span class=\"_fadeIn_m1hgl_8\">Litre<\/span><span class=\"_fadeIn_m1hgl_8\">Sudy<\/span> <span class=\"_fadeIn_m1hgl_8\">bola <\/span><span class=\"_fadeIn_m1hgl_8\">pre <\/span><span class=\"_fadeIn_m1hgl_8\">. <\/span><span class=\"_fadeIn_m1hgl_8\">efekt\u00edvne <\/span><span class=\"_fadeIn_m1hgl_8\">a <\/span><span class=\"_fadeIn_m1hgl_8\">bezpe\u010dn\u00e9 <\/span><span class=\"_fadeIn_m1hgl_8\">Spracovanie <\/span><span class=\"_fadeIn_m1hgl_8\">n\u00edzka <\/span><span class=\"_fadeIn_m1hgl_8\">do <\/span><span class=\"_fadeIn_m1hgl_8\">vysoko visk\u00f3zne <\/span><span class=\"_fadeIn_m1hgl_8\">M\u00e9di\u00e1<\/span> <span class=\"_fadeIn_m1hgl_8\">vyvinut\u00e9. <\/span><span class=\"_fadeIn_m1hgl_8\">Na str\u00e1nke . <\/span><span class=\"_fadeIn_m1hgl_8\">existuje <\/span><span class=\"_fadeIn_m1hgl_8\">z adresy <\/span><span class=\"_fadeIn_m1hgl_8\">jeden <\/span><span class=\"_fadeIn_m1hgl_8\">v\u00fdkonn\u00e9, <\/span><span class=\"_fadeIn_m1hgl_8\">pneumatick\u00e9 <\/span><span class=\"_fadeIn_m1hgl_8\">Disk<\/span><span class=\"_fadeIn_m1hgl_8\">, <\/span><span class=\"_fadeIn_m1hgl_8\">jeden <\/span><span class=\"_fadeIn_m1hgl_8\">mas\u00edvne <\/span><span class=\"_fadeIn_m1hgl_8\">Nerezov\u00e1 oce\u013e<\/span><span class=\"_fadeIn_m1hgl_8\">Veko<\/span><span class=\"_fadeIn_m1hgl_8\">, <\/span><span class=\"_fadeIn_m1hgl_8\">jeden <\/span><span class=\"_fadeIn_m1hgl_8\">Hriade\u013e mie\u0161adla <\/span><span class=\"_fadeIn_m1hgl_8\">s <\/span><span class=\"_fadeIn_m1hgl_8\">Mie\u0161adlo na poh\u00e1re <\/span><span class=\"_fadeIn_m1hgl_8\">eko-<\/span><span class=\"_fadeIn_m1hgl_8\">Poh\u00e1r<\/span> <span class=\"_fadeIn_m1hgl_8\">a <\/span><span class=\"_fadeIn_m1hgl_8\">jeden <\/span><span class=\"_fadeIn_m1hgl_8\">Stat\u00edv <\/span><span class=\"_fadeIn_m1hgl_8\">s <\/span><span class=\"_fadeIn_m1hgl_8\">viac automatiky <\/span><span class=\"_fadeIn_m1hgl_8\">Zdv\u00edhacie zariadenie <\/span><span class=\"_fadeIn_m1hgl_8\">a <\/span><span class=\"_fadeIn_m1hgl_8\">Ovl\u00e1dac\u00ed panel<\/span><span class=\"_fadeIn_m1hgl_8\">. <\/span><span class=\"_fadeIn_m1hgl_8\">V\u0161etky <\/span><span class=\"_fadeIn_m1hgl_8\">kontakt s m\u00e9diami <\/span><span class=\"_fadeIn_m1hgl_8\">Komponenty - <\/span><span class=\"_fadeIn_m1hgl_8\">Hriade\u013e mie\u0161adla <\/span><span class=\"_fadeIn_m1hgl_8\">a <\/span><span class=\"_fadeIn_m1hgl_8\">Mie\u0161adlo<\/span><span class=\"_fadeIn_m1hgl_8\"> \u2013 <\/span><span class=\"_fadeIn_m1hgl_8\">s\u00fa <\/span><span class=\"_fadeIn_m1hgl_8\">z adresy <\/span><span class=\"_fadeIn_m1hgl_8\">V4A <\/span><span class=\"_fadeIn_m1hgl_8\">Nerezov\u00e1 oce\u013e (<\/span><span class=\"_fadeIn_m1hgl_8\">1.4404)<\/span> <span class=\"_fadeIn_m1hgl_8\">vyroben\u00e9 <\/span><span class=\"_fadeIn_m1hgl_8\">a <\/span><span class=\"_fadeIn_m1hgl_8\">pon\u00fakaj\u00fa vysok\u00fa <\/span><span class=\"_fadeIn_m1hgl_8\">Hygiena <\/span><span class=\"_fadeIn_m1hgl_8\">a <\/span><span class=\"_fadeIn_m1hgl_8\">Odolnos\u0165 proti kor\u00f3zii.<\/span><\/p>\n<p data-start=\"915\" data-end=\"1293\"><span class=\"_fadeIn_m1hgl_8\">Str\u00e1nka <\/span><span class=\"_fadeIn_m1hgl_8\">Mie\u0161adlo <\/span><span class=\"_fadeIn_m1hgl_8\">je . <\/span><span class=\"_fadeIn_m1hgl_8\">kompletn\u00fd <\/span><span class=\"_fadeIn_m1hgl_8\">na str\u00e1nke . <\/span><span class=\"_fadeIn_m1hgl_8\">. <\/span><span class=\"_fadeIn_m1hgl_8\">Pou\u017eite <\/span><span class=\"_fadeIn_m1hgl_8\">na str\u00e1nke <\/span><span class=\"_fadeIn_m1hgl_8\">\u0161tandardizovan\u00fd 1<\/span><span class=\"_fadeIn_m1hgl_8\">00-<\/span><span class=\"_fadeIn_m1hgl_8\">Litre<\/span><span class=\"_fadeIn_m1hgl_8\">Sudy<\/span> <span class=\"_fadeIn_m1hgl_8\">harmonizovan\u00e9 <\/span><span class=\"_fadeIn_m1hgl_8\">a <\/span><span class=\"_fadeIn_m1hgl_8\">ponuky <\/span><span class=\"_fadeIn_m1hgl_8\">a <\/span><span class=\"_fadeIn_m1hgl_8\">dokonca, <\/span><span class=\"_fadeIn_m1hgl_8\">homog\u00e9nne <\/span><span class=\"_fadeIn_m1hgl_8\">Mie\u0161aj\u00faci v\u00fdsledok<\/span><span class=\"_fadeIn_m1hgl_8\">, <\/span><span class=\"_fadeIn_m1hgl_8\">samotn\u00fd <\/span><span class=\"_fadeIn_m1hgl_8\">s <\/span><span class=\"_fadeIn_m1hgl_8\">\u0165a\u017ek\u00e9, <\/span><span class=\"_fadeIn_m1hgl_8\">visk\u00f3zne <\/span><span class=\"_fadeIn_m1hgl_8\">L\u00e1tky. <\/span><span class=\"_fadeIn_m1hgl_8\">Str\u00e1nka <\/span><span class=\"_fadeIn_m1hgl_8\">automatick\u00fd <\/span><span class=\"_fadeIn_m1hgl_8\">Zdv\u00edhacie zariadenie<\/span> <span class=\"_fadeIn_m1hgl_8\">u\u013eah\u010duje <\/span><span class=\"_fadeIn_m1hgl_8\">. <\/span><span class=\"_fadeIn_m1hgl_8\">Zdv\u00edhanie <\/span><span class=\"_fadeIn_m1hgl_8\">a <\/span><span class=\"_fadeIn_m1hgl_8\">Zn\u00ed\u017eenie <\/span><span class=\"_fadeIn_m1hgl_8\">z <\/span><span class=\"_fadeIn_m1hgl_8\">mie\u0161adlo, <\/span><span class=\"_fadeIn_m1hgl_8\">poskytuje <\/span><span class=\"_fadeIn_m1hgl_8\">pre <\/span><span class=\"_fadeIn_m1hgl_8\">jeden <\/span><span class=\"_fadeIn_m1hgl_8\">bezpe\u010dn\u00e9 <\/span><span class=\"_fadeIn_m1hgl_8\">Zmena kontajnera <\/span><span class=\"_fadeIn_m1hgl_8\">a <\/span><span class=\"_fadeIn_m1hgl_8\">zn\u00ed\u017een\u00e1 <\/span><span class=\"_fadeIn_m1hgl_8\">fyzick\u00e1 str\u00e1nka <\/span><span class=\"_fadeIn_m1hgl_8\">Za\u0165a\u017eenie <\/span><span class=\"_fadeIn_m1hgl_8\">v <\/span><span class=\"_fadeIn_m1hgl_8\">Ka\u017edodenn\u00e1 pr\u00e1ca.<\/span><\/p>\n<p data-start=\"1295\" data-end=\"1572\"><span class=\"_fadeIn_m1hgl_8\">Pre <\/span><span class=\"_fadeIn_m1hgl_8\">maximum <\/span><span class=\"_fadeIn_m1hgl_8\">Bezpe\u010dnos\u0165 pr\u00e1ce <\/span><span class=\"_fadeIn_m1hgl_8\">m\u00e1 <\/span><span class=\"_fadeIn_m1hgl_8\">. <\/span><span class=\"_fadeIn_m1hgl_8\">Mie\u0161adlo <\/span><span class=\"_fadeIn_m1hgl_8\">o <\/span><span class=\"_fadeIn_m1hgl_8\">jeden <\/span><span class=\"_fadeIn_m1hgl_8\">automatick\u00fd <\/span><span class=\"_fadeIn_m1hgl_8\">Vypn\u00fa\u0165 <\/span><span class=\"_fadeIn_m1hgl_8\">na <\/span><span class=\"_fadeIn_m1hgl_8\">Zdv\u00edhanie <\/span><span class=\"_fadeIn_m1hgl_8\">z <\/span><span class=\"_fadeIn_m1hgl_8\">Pokrievky<\/span><span class=\"_fadeIn_m1hgl_8\">, <\/span><span class=\"_fadeIn_m1hgl_8\">na adrese <\/span><span class=\"_fadeIn_m1hgl_8\">Intervencie <\/span><span class=\"_fadeIn_m1hgl_8\">na str\u00e1nke <\/span><span class=\"_fadeIn_m1hgl_8\">pohybliv\u00fd <\/span><span class=\"_fadeIn_m1hgl_8\">Diely <\/span><span class=\"_fadeIn_m1hgl_8\">na <\/span><span class=\"_fadeIn_m1hgl_8\">zabr\u00e1ni\u0165. <\/span><span class=\"_fadeIn_m1hgl_8\">Str\u00e1nka <\/span><span class=\"_fadeIn_m1hgl_8\">Proces mie\u0161ania <\/span><span class=\"_fadeIn_m1hgl_8\">za\u010d\u00edna <\/span><span class=\"_fadeIn_m1hgl_8\">op\u00e4\u0165 <\/span><span class=\"_fadeIn_m1hgl_8\">automaticky <\/span><span class=\"_fadeIn_m1hgl_8\">o <\/span><span class=\"_fadeIn_m1hgl_8\">jeden <\/span><span class=\"_fadeIn_m1hgl_8\">Detekcia kontajnera<\/span> <span class=\"_fadeIn_m1hgl_8\">na <\/span><span class=\"_fadeIn_m1hgl_8\">Zn\u00ed\u017eenie - <\/span><span class=\"_fadeIn_m1hgl_8\">efekt\u00edvne <\/span><span class=\"_fadeIn_m1hgl_8\">a <\/span><span class=\"_fadeIn_m1hgl_8\">bezpe\u010dn\u00e9.<\/span><\/p>\n<p data-start=\"1295\" data-end=\"1572\">Stojanov\u00e1 bat\u00e9ria je k dispoz\u00edcii s mo\u017enos\u0165ou mont\u00e1\u017ee na stenu aj na podlahu.<\/p>\n<p data-start=\"1574\" data-end=\"1615\"><span class=\"_fadeIn_m1hgl_8\">Pozn\u00e1mka: <\/span><span class=\"_fadeIn_m1hgl_8\">doru\u010denie <\/span><span class=\"_fadeIn_m1hgl_8\">sa kon\u00e1 <\/span><span class=\"_fadeIn_m1hgl_8\">bez <\/span><span class=\"_fadeIn_m1hgl_8\">Hlave\u0148.<\/span><\/p>\n<p data-start=\"1617\" data-end=\"1648\"><span class=\"_fadeIn_m1hgl_8\">V\u00fdhody <\/span><span class=\"_fadeIn_m1hgl_8\">na str\u00e1nke . <\/span><span class=\"_fadeIn_m1hgl_8\">jeden <\/span><span class=\"_fadeIn_m1hgl_8\">Zobrazenie:<\/span><\/p>\n<ul>\n<li data-start=\"1651\" data-end=\"1697\"><span class=\"_fadeIn_m1hgl_8\">Pneumatick\u00e9 <\/span><span class=\"_fadeIn_m1hgl_8\">Disk <\/span><span class=\"_fadeIn_m1hgl_8\">pre <\/span><span class=\"_fadeIn_m1hgl_8\">v\u00fdkonn\u00fd <\/span><span class=\"_fadeIn_m1hgl_8\">Stir<\/span><\/li>\n<li data-start=\"1651\" data-end=\"1697\"><span class=\"_fadeIn_m1hgl_8\">Pre 1<\/span><span class=\"_fadeIn_m1hgl_8\">00-<\/span><span class=\"_fadeIn_m1hgl_8\">Litre<\/span><span class=\"_fadeIn_m1hgl_8\">Sudy <\/span><span class=\"_fadeIn_m1hgl_8\">optimalizovan\u00e9<\/span><\/li>\n<li data-start=\"1651\" data-end=\"1697\"><span class=\"_fadeIn_m1hgl_8\">Hriade\u013e mie\u0161adla &amp; <\/span><span class=\"_fadeIn_m1hgl_8\">eko-<\/span><span class=\"_fadeIn_m1hgl_8\">Poh\u00e1r <\/span><span class=\"_fadeIn_m1hgl_8\">z adresy <\/span><span class=\"_fadeIn_m1hgl_8\">V4A <\/span><span class=\"_fadeIn_m1hgl_8\">Nerezov\u00e1 oce\u013e<\/span><\/li>\n<li data-start=\"1651\" data-end=\"1697\"><span class=\"_fadeIn_m1hgl_8\">Automatick\u00e9 <\/span><span class=\"_fadeIn_m1hgl_8\">Zdv\u00edhacie zariadenie <\/span><span class=\"_fadeIn_m1hgl_8\">pre <\/span><span class=\"_fadeIn_m1hgl_8\">ergonomick\u00e9 <\/span><span class=\"_fadeIn_m1hgl_8\">Pracovn\u00e1 str\u00e1nka<\/span><\/li>\n<li data-start=\"1651\" data-end=\"1697\"><span class=\"_fadeIn_m1hgl_8\">Ovl\u00e1dac\u00ed panel <\/span><span class=\"_fadeIn_m1hgl_8\">na <\/span><span class=\"_fadeIn_m1hgl_8\">jednoduch\u00fd <\/span><span class=\"_fadeIn_m1hgl_8\">Riadiaci syst\u00e9m<\/span><\/li>\n<li data-start=\"1651\" data-end=\"1697\"><span class=\"_fadeIn_m1hgl_8\">Bezpe\u010dnostn\u00e9 vypnutie <\/span><span class=\"_fadeIn_m1hgl_8\">s <\/span><span class=\"_fadeIn_m1hgl_8\">Zdvihnutie veka<\/span><\/li>\n<li data-start=\"1651\" data-end=\"1697\"><span class=\"_fadeIn_m1hgl_8\">Automatick\u00e9 <\/span><span class=\"_fadeIn_m1hgl_8\">Re\u0161tartovanie str\u00e1nky <\/span><span class=\"_fadeIn_m1hgl_8\">prostredn\u00edctvom str\u00e1nky . <\/span><span class=\"_fadeIn_m1hgl_8\">Detekcia kontajnera<\/span><\/li>\n<li data-start=\"1651\" data-end=\"1697\"><span class=\"_fadeIn_m1hgl_8\">Pre <\/span><span class=\"_fadeIn_m1hgl_8\">n\u00edzka <\/span><span class=\"_fadeIn_m1hgl_8\">do <\/span><span class=\"_fadeIn_m1hgl_8\">vysok\u00e1 viskozita <\/span><span class=\"_fadeIn_m1hgl_8\">M\u00e9di\u00e1<\/span><\/li>\n<li data-start=\"1651\" data-end=\"1697\"><span class=\"_fadeIn_m1hgl_8\">Hygienick\u00e9, <\/span><span class=\"_fadeIn_m1hgl_8\">bezpe\u010dn\u00e9, <\/span><span class=\"_fadeIn_m1hgl_8\">vhodn\u00e9 na priemyseln\u00e9 pou\u017eitie<\/span><\/li>\n<\/ul>","protected":false},"excerpt":{"rendered":"<p><span class=\"_fadeIn_m1hgl_8\">Stojanov\u00e9 mie\u0161adlo <\/span><span class=\"_fadeIn_m1hgl_8\">za 1<\/span><span class=\"_fadeIn_m1hgl_8\">00-<\/span><span class=\"_fadeIn_m1hgl_8\">Litre<\/span><span class=\"_fadeIn_m1hgl_8\">Sudy <\/span><span class=\"_fadeIn_m1hgl_8\">s <\/span><span class=\"_fadeIn_m1hgl_8\">pneumatick\u00e9 <\/span><span class=\"_fadeIn_m1hgl_8\">Pohon, <\/span><span class=\"_fadeIn_m1hgl_8\">V4A-<\/span><span class=\"_fadeIn_m1hgl_8\">Komponenty, <\/span><span class=\"_fadeIn_m1hgl_8\">viac automatiky <\/span><span class=\"_fadeIn_m1hgl_8\">Zdv\u00edhacie zariadenie, <\/span><span class=\"_fadeIn_m1hgl_8\">Bezpe\u010dnostn\u00e9 vypnutie <\/span><span class=\"_fadeIn_m1hgl_8\">a <\/span><span class=\"_fadeIn_m1hgl_8\">eko-<\/span><span class=\"_fadeIn_m1hgl_8\">Poh\u00e1r <\/span><span class=\"_fadeIn_m1hgl_8\">pre <\/span><span class=\"_fadeIn_m1hgl_8\">efekt\u00edvne, <\/span><span class=\"_fadeIn_m1hgl_8\">bezpe\u010dn\u00e9 <\/span><span class=\"_fadeIn_m1hgl_8\">Stir <\/span><span class=\"_fadeIn_m1hgl_8\">s <\/span><span class=\"_fadeIn_m1hgl_8\">v\u0161etky <\/span><span class=\"_fadeIn_m1hgl_8\">viskozity, s mont\u00e1\u017eou na stenu alebo podlahu.<\/span><\/p>","protected":false},"featured_media":15445,"comment_status":"open","ping_status":"closed","template":"","meta":{"_acf_changed":false},"product_brand":[],"product_cat":[595,603],"product_tag":[2971,2972,2973,2974,2975,2976,2893,2895,2939,2960],"class_list":{"0":"post-7660","1":"product","2":"type-product","3":"status-publish","4":"has-post-thumbnail","6":"product_cat-ruehrwerkstechnik","7":"product_cat-fassruehrwerke","8":"product_tag-bedienpult-ruehrtechnik","9":"product_tag-stativruehrwerk-100-liter","10":"product_tag-v4a-ruehrwerk-eco-cup","11":"product_tag-edelstahl-ruehrsystem-100l","12":"product_tag-fassruehrwerk-industrie","13":"product_tag-hygienisches-ruehrwerk-100-liter","14":"product_tag-ruehrwerk-mit-hebevorrichtung","15":"product_tag-ruehrwerk-mit-sicherheitsabschaltung","16":"product_tag-pneumatischer-ruehrantrieb-atex","17":"product_tag-fassruehrwerk-edelstahl","18":"product_shipping_class-europalette-speditionsversand","19":"pa_antriebsart-pneumatisch","20":"pa_atex-zone-122122","21":"pa_behaeltervolumen-100-liter","22":"pa_deckeldurchmesser-440mm","23":"pa_dichtung-ptfe","24":"pa_drehmoment-8nm","25":"pa_drehzahl-0-300-1-min","26":"pa_durchmesser-ruehrwelle-20mm","27":"pa_ex-gas-ex-ii-2-g-ex-h-iic-t5-gb-x","28":"pa_ex-staub-ex-ii-2-d-ex-h-iiic-t100c-db-x","29":"pa_geeignete-fassdurchmesser-100-liter","30":"pa_geraeuschpegel-75db","31":"pa_gesamtbreite-550mm","32":"pa_gesamthoehe-1746mm","33":"pa_gesamttiefe-700mm","34":"pa_labs-oel-und-silikonfrei","35":"pa_laenge-ruehrwelle-ca-740mm-ab-deckeloberkante","36":"pa_material-deckel-v4a-edelstahl-1-4404","37":"pa_mittlerer-luftverbrauch-50l-min","38":"pa_model-eco-station-100","39":"pa_ruehrorgan-becherruehrorgan-eco-cup-260mm","40":"pa_stativverfahrweg-700mm","41":"pa_typ-stativruehrwerk","42":"pa_versorgung-5-6bar","44":"first","45":"instock","46":"taxable","47":"shipping-taxable","48":"purchasable","49":"product-type-variable"},"bundled_by":[],"bundle_stock_status":"instock","bundle_stock_quantity":null,"bundle_virtual":false,"bundle_layout":"","bundle_add_to_cart_form_location":"","bundle_editable_in_cart":false,"bundle_sold_individually_context":"","bundle_item_grouping":"","bundle_min_size":"","bundle_max_size":"","bundle_price":[],"bundled_items":[],"bundle_sell_ids":[],"exclude_global_add_ons":[],"addons":[],"acf":[],"_links":{"self":[{"href":"https:\/\/ptm-mechatronics.com\/sk\/wp-json\/wp\/v2\/product\/7660","targetHints":{"allow":["GET"]}}],"collection":[{"href":"https:\/\/ptm-mechatronics.com\/sk\/wp-json\/wp\/v2\/product"}],"about":[{"href":"https:\/\/ptm-mechatronics.com\/sk\/wp-json\/wp\/v2\/types\/product"}],"replies":[{"embeddable":true,"href":"https:\/\/ptm-mechatronics.com\/sk\/wp-json\/wp\/v2\/comments?post=7660"}],"wp:featuredmedia":[{"embeddable":true,"href":"https:\/\/ptm-mechatronics.com\/sk\/wp-json\/wp\/v2\/media\/15445"}],"wp:attachment":[{"href":"https:\/\/ptm-mechatronics.com\/sk\/wp-json\/wp\/v2\/media?parent=7660"}],"wp:term":[{"taxonomy":"product_brand","embeddable":true,"href":"https:\/\/ptm-mechatronics.com\/sk\/wp-json\/wp\/v2\/product_brand?post=7660"},{"taxonomy":"product_cat","embeddable":true,"href":"https:\/\/ptm-mechatronics.com\/sk\/wp-json\/wp\/v2\/product_cat?post=7660"},{"taxonomy":"product_tag","embeddable":true,"href":"https:\/\/ptm-mechatronics.com\/sk\/wp-json\/wp\/v2\/product_tag?post=7660"}],"curies":[{"name":"wp","href":"https:\/\/api.w.org\/{rel}","templated":true}]}}