{"id":7643,"date":"2024-02-07T17:44:21","date_gmt":"2024-02-07T17:44:21","guid":{"rendered":""},"modified":"2025-11-07T15:52:15","modified_gmt":"2025-11-07T14:52:15","slug":"ruehrwerk-mit-traverse-fuer-100-liter-fass-antrieb-atex-zone-1","status":"publish","type":"product","link":"https:\/\/ptm-mechatronics.com\/sk\/product\/ruehrwerk-mit-traverse-fuer-100-liter-fass-antrieb-atex-zone-1\/","title":{"rendered":"Mie\u0161adlo s posuvom pre 100-litrov\u00fd bubon - pohon pre z\u00f3nu ATEX 1"},"content":{"rendered":"<p>Mie\u0161adlo pozost\u00e1va z energeticky \u00fa\u010dinn\u00e9ho a v\u00fdkonn\u00e9ho pneumatick\u00e9ho pohonu s certifik\u00e1ciou ATEX pre z\u00f3nu ATEX 1, mie\u0161acieho hriade\u013ea s mie\u0161adlom eco-Cup a prie\u010dneho nosn\u00edka. Hriade\u013e mie\u0161adla, mie\u0161ac\u00ed prvok a traverza s\u00fa vyroben\u00e9 z vysoko kvalitnej nehrdzavej\u00facej ocele V4A 1.4404. Traverza s dvoma up\u00ednac\u00edmi zariadeniami je vhodn\u00e1 pre \u0161tandardizovan\u00e9 sudy s objemom 100 litrov a priemerom 400 a\u017e 500 mm.<br \/>\nMie\u0161adlo spo\u013eahlivo mie\u0161a n\u00edzkovisk\u00f3zne aj vysokovisk\u00f3zne m\u00e9di\u00e1 v\u0161etk\u00fdch druhov. Jeho komponenty s\u00fa u\u017e optimalizovan\u00e9 na spo\u013eahliv\u00e9 a bezpe\u010dn\u00e9 mie\u0161anie v 100-litrov\u00fdch sudoch. Mie\u0161adlo eco-Cup, ktor\u00e9 je s\u00fa\u010das\u0165ou dod\u00e1vky, m\u00e1 \u0161etrn\u00e9 mie\u0161anie a poskytuje homog\u00e9nny v\u00fdsledok mie\u0161ania.<\/p>","protected":false},"excerpt":{"rendered":"<p>V\u00fdkonn\u00e9 mie\u0161adlo plne vybaven\u00e9 traverzou, mie\u0161ac\u00edm hriade\u013eom a mie\u0161ac\u00edm prvkom pre 100-litrov\u00fd bubon - pohon ATEX z\u00f3na 1<\/p>","protected":false},"featured_media":15340,"comment_status":"open","ping_status":"closed","template":"","meta":{"_acf_changed":false},"product_brand":[],"product_cat":[595,603],"product_tag":[],"class_list":{"0":"post-7643","1":"product","2":"type-product","3":"status-publish","4":"has-post-thumbnail","6":"product_cat-ruehrwerkstechnik","7":"product_cat-fassruehrwerke","8":"product_shipping_class-karton-paketversand","9":"pa_antriebsart-pneumatisch","10":"pa_atex-zone-122122","11":"pa_behaeltervolumen-100-liter","12":"pa_dichtung-ptfe","13":"pa_drehmoment-8nm","14":"pa_drehzahl-0-300-1-min","15":"pa_durchmesser-ruehrwelle-20mm","16":"pa_ex-gas-ex-ii-2-g-ex-h-iic-t5-gb-x","17":"pa_ex-staub-ex-ii-2-d-ex-h-iiic-t100c-db-x","18":"pa_geeignete-fassdurchmesser-400-500mm","19":"pa_geraeuschpegel-75db","20":"pa_labs-oel-und-silikonfrei","21":"pa_laenge-ruehrwelle-ca-740mm-ab-deckeloberkante","22":"pa_material-gehaeuse-aluminium-eloxiert","23":"pa_material-traverse-v4a-edelstahl-1-4404","24":"pa_mittlerer-luftverbrauch-50l-min","25":"pa_ruehrorgan-becherruehrorgan-eco-cup-260mm","26":"pa_schutzart-ip67","27":"pa_steckverschraubung-abluft-schlauch-o10mm","28":"pa_steckverschraubung-zuluft-schlauch-o6mm","29":"pa_typ-traversenruehrwerk","30":"pa_versorgung-5-6bar","32":"first","33":"instock","34":"taxable","35":"shipping-taxable","36":"purchasable","37":"product-type-simple"},"bundled_by":[],"bundle_stock_status":"instock","bundle_stock_quantity":null,"bundle_virtual":false,"bundle_layout":"","bundle_add_to_cart_form_location":"","bundle_editable_in_cart":false,"bundle_sold_individually_context":"","bundle_item_grouping":"","bundle_min_size":"","bundle_max_size":"","bundle_price":[],"bundled_items":[],"bundle_sell_ids":[],"exclude_global_add_ons":[],"addons":[],"acf":[],"_links":{"self":[{"href":"https:\/\/ptm-mechatronics.com\/sk\/wp-json\/wp\/v2\/product\/7643","targetHints":{"allow":["GET"]}}],"collection":[{"href":"https:\/\/ptm-mechatronics.com\/sk\/wp-json\/wp\/v2\/product"}],"about":[{"href":"https:\/\/ptm-mechatronics.com\/sk\/wp-json\/wp\/v2\/types\/product"}],"replies":[{"embeddable":true,"href":"https:\/\/ptm-mechatronics.com\/sk\/wp-json\/wp\/v2\/comments?post=7643"}],"wp:featuredmedia":[{"embeddable":true,"href":"https:\/\/ptm-mechatronics.com\/sk\/wp-json\/wp\/v2\/media\/15340"}],"wp:attachment":[{"href":"https:\/\/ptm-mechatronics.com\/sk\/wp-json\/wp\/v2\/media?parent=7643"}],"wp:term":[{"taxonomy":"product_brand","embeddable":true,"href":"https:\/\/ptm-mechatronics.com\/sk\/wp-json\/wp\/v2\/product_brand?post=7643"},{"taxonomy":"product_cat","embeddable":true,"href":"https:\/\/ptm-mechatronics.com\/sk\/wp-json\/wp\/v2\/product_cat?post=7643"},{"taxonomy":"product_tag","embeddable":true,"href":"https:\/\/ptm-mechatronics.com\/sk\/wp-json\/wp\/v2\/product_tag?post=7643"}],"curies":[{"name":"wp","href":"https:\/\/api.w.org\/{rel}","templated":true}]}}