{"id":4273,"date":"2024-02-07T17:44:52","date_gmt":"2024-02-07T17:44:52","guid":{"rendered":""},"modified":"2025-11-07T15:54:51","modified_gmt":"2025-11-07T14:54:51","slug":"abluftfilter-paket","status":"publish","type":"product","link":"https:\/\/ptm-mechatronics.com\/sk\/product\/abluftfilter-paket\/","title":{"rendered":"Bal\u00edk filtrov v\u00fdfukov\u00e9ho vzduchu pre pohony PTM"},"content":{"rendered":"<h2 data-start=\"211\" data-end=\"306\"><span style=\"font-size: 75%;\">Bal\u00edk filtrov v\u00fdfukov\u00e9ho vzduchu pre pohony stla\u010den\u00e9ho vzduchu PTM - zn\u00ed\u017eenie hlu\u010dnosti a bezpe\u010dn\u00e9 vedenie v\u00fdfukov\u00e9ho vzduchu<\/span><\/h2>\n<p data-start=\"308\" data-end=\"642\">Bal\u00edk filtrov v\u00fdfukov\u00e9ho vzduchu pre pohony stla\u010den\u00e9ho vzduchu PTM sp\u00e1ja \u00fa\u010dinn\u00e9 zn\u00ed\u017eenie hluku s bezpe\u010dn\u00fdm vyp\u00fa\u0161\u0165an\u00edm v\u00fdfukov\u00e9ho plynu stla\u010den\u00e9ho vzduchu. Je vybaven\u00fd integrovan\u00fdm tlmi\u010dom hluku a spo\u013eahlivo zni\u017euje hladinu hluku len na 50 dB(A) - ide\u00e1lny pre v\u00fdrobn\u00e9 priestory a pracovn\u00e9 prostredia citliv\u00e9 na hluk.<\/p>\n<p data-start=\"644\" data-end=\"1007\">Syst\u00e9m chr\u00e1ni susedn\u00e9 procesy pred ne\u017eiaducimi turbulenciami vzduchu, vlhkos\u0165ou alebo kontamin\u00e1ciou t\u00fdm, \u017ee selekt\u00edvne odv\u00e1dza odpadov\u00fd vzduch. Filtra\u010dn\u00fd bal\u00edk sa d\u00e1 jednoducho pripoji\u0165 k existuj\u00facim pohonom PTM a pri ka\u017edodennej prev\u00e1dzke je \u00fa\u010dinn\u00fd a nen\u00e1ro\u010dn\u00fd na \u00fadr\u017ebu.<\/p>","protected":false},"excerpt":{"rendered":"<p>Bal\u00edk filtrov v\u00fdfukov\u00e9ho vzduchu pre pohony stla\u010den\u00e9ho vzduchu PTM zni\u017euje prev\u00e1dzkov\u00fd hluk na 50 dB(A) a bezpe\u010dne odv\u00e1dza stla\u010den\u00fd vzduch - ide\u00e1lny pre \u010dist\u00e9, tich\u00e9 a bezpe\u010dn\u00e9 pracovn\u00e9 prostredie.<\/p>","protected":false},"featured_media":15418,"comment_status":"open","ping_status":"closed","template":"","meta":{"_acf_changed":false},"product_brand":[],"product_cat":[595,1421],"product_tag":[3032,3033,3034,3035,3036,3037,3038,3039,3030,3031],"class_list":{"0":"post-4273","1":"product","2":"type-product","3":"status-publish","4":"has-post-thumbnail","6":"product_cat-ruehrwerkstechnik","7":"product_cat-zubehoer-ruehrwerkstechnik","8":"product_tag-abluftfuehrung-druckluftantrieb","9":"product_tag-filterpaket-ptm-motor","10":"product_tag-geraeuschreduzierung-druckluft","11":"product_tag-druckluftfilter-50-db","12":"product_tag-schalldaempfer-ruehrwerksantrieb","13":"product_tag-druckluftzubehoer-ptm","14":"product_tag-druckluftmotor-filter","15":"product_tag-druckluft-schalldaempfer-atex","16":"product_tag-abluftfilter-druckluftmotor","17":"product_tag-schalldaempfer-ptm","18":"product_shipping_class-karton-paketversand","19":"pa_schlauchlaenge-50mm","21":"first","22":"instock","23":"taxable","24":"shipping-taxable","25":"purchasable","26":"product-type-variable"},"bundled_by":[],"bundle_stock_status":"instock","bundle_stock_quantity":null,"bundle_virtual":false,"bundle_layout":"","bundle_add_to_cart_form_location":"","bundle_editable_in_cart":false,"bundle_sold_individually_context":"","bundle_item_grouping":"","bundle_min_size":"","bundle_max_size":"","bundle_price":[],"bundled_items":[],"bundle_sell_ids":[],"exclude_global_add_ons":[],"addons":[],"acf":[],"_links":{"self":[{"href":"https:\/\/ptm-mechatronics.com\/sk\/wp-json\/wp\/v2\/product\/4273","targetHints":{"allow":["GET"]}}],"collection":[{"href":"https:\/\/ptm-mechatronics.com\/sk\/wp-json\/wp\/v2\/product"}],"about":[{"href":"https:\/\/ptm-mechatronics.com\/sk\/wp-json\/wp\/v2\/types\/product"}],"replies":[{"embeddable":true,"href":"https:\/\/ptm-mechatronics.com\/sk\/wp-json\/wp\/v2\/comments?post=4273"}],"wp:featuredmedia":[{"embeddable":true,"href":"https:\/\/ptm-mechatronics.com\/sk\/wp-json\/wp\/v2\/media\/15418"}],"wp:attachment":[{"href":"https:\/\/ptm-mechatronics.com\/sk\/wp-json\/wp\/v2\/media?parent=4273"}],"wp:term":[{"taxonomy":"product_brand","embeddable":true,"href":"https:\/\/ptm-mechatronics.com\/sk\/wp-json\/wp\/v2\/product_brand?post=4273"},{"taxonomy":"product_cat","embeddable":true,"href":"https:\/\/ptm-mechatronics.com\/sk\/wp-json\/wp\/v2\/product_cat?post=4273"},{"taxonomy":"product_tag","embeddable":true,"href":"https:\/\/ptm-mechatronics.com\/sk\/wp-json\/wp\/v2\/product_tag?post=4273"}],"curies":[{"name":"wp","href":"https:\/\/api.w.org\/{rel}","templated":true}]}}