{"id":4017,"date":"2024-02-07T17:44:43","date_gmt":"2024-02-07T17:44:43","guid":{"rendered":""},"modified":"2025-11-07T15:51:42","modified_gmt":"2025-11-07T14:51:42","slug":"zugabetrichter","status":"publish","type":"product","link":"https:\/\/ptm-mechatronics.com\/sk\/product\/zugabetrichter\/","title":{"rendered":"Lievik Encore"},"content":{"rendered":"<p>Pomocou n\u00e1\u0161ho lievika z vysokokvalitnej nehrdzavej\u00facej ocele V4A m\u00f4\u017eete \u013eahko a \u010disto prid\u00e1va\u0165 kvapaliny alebo pr\u00e1\u0161ky. Pr\u00eddavn\u00e1 n\u00e1sypka je pripojen\u00e1 pomocou 2\" trojz\u00e1vitovej svorky. To znamen\u00e1, \u017ee aj hrub\u00e9 a zle sypk\u00e9 pr\u00e1\u0161ky mo\u017eno prid\u00e1va\u0165 jednoducho.<\/p>","protected":false},"excerpt":{"rendered":"<p>Nap\u00ednac\u00ed lievik z vysokokvalitnej nehrdzavej\u00facej ocele V4A<\/p>","protected":false},"featured_media":15411,"comment_status":"open","ping_status":"closed","template":"","meta":{"_acf_changed":false},"product_brand":[],"product_cat":[1421,595],"product_tag":[],"class_list":{"0":"post-4017","1":"product","2":"type-product","3":"status-publish","4":"has-post-thumbnail","6":"product_cat-zubehoer-ruehrwerkstechnik","7":"product_cat-ruehrwerkstechnik","8":"product_shipping_class-karton-paketversand","10":"first","11":"instock","12":"taxable","13":"shipping-taxable","14":"purchasable","15":"product-type-simple"},"bundled_by":[],"bundle_stock_status":"instock","bundle_stock_quantity":null,"bundle_virtual":false,"bundle_layout":"","bundle_add_to_cart_form_location":"","bundle_editable_in_cart":false,"bundle_sold_individually_context":"","bundle_item_grouping":"","bundle_min_size":"","bundle_max_size":"","bundle_price":[],"bundled_items":[],"bundle_sell_ids":[],"exclude_global_add_ons":[],"addons":[],"acf":[],"_links":{"self":[{"href":"https:\/\/ptm-mechatronics.com\/sk\/wp-json\/wp\/v2\/product\/4017","targetHints":{"allow":["GET"]}}],"collection":[{"href":"https:\/\/ptm-mechatronics.com\/sk\/wp-json\/wp\/v2\/product"}],"about":[{"href":"https:\/\/ptm-mechatronics.com\/sk\/wp-json\/wp\/v2\/types\/product"}],"replies":[{"embeddable":true,"href":"https:\/\/ptm-mechatronics.com\/sk\/wp-json\/wp\/v2\/comments?post=4017"}],"wp:featuredmedia":[{"embeddable":true,"href":"https:\/\/ptm-mechatronics.com\/sk\/wp-json\/wp\/v2\/media\/15411"}],"wp:attachment":[{"href":"https:\/\/ptm-mechatronics.com\/sk\/wp-json\/wp\/v2\/media?parent=4017"}],"wp:term":[{"taxonomy":"product_brand","embeddable":true,"href":"https:\/\/ptm-mechatronics.com\/sk\/wp-json\/wp\/v2\/product_brand?post=4017"},{"taxonomy":"product_cat","embeddable":true,"href":"https:\/\/ptm-mechatronics.com\/sk\/wp-json\/wp\/v2\/product_cat?post=4017"},{"taxonomy":"product_tag","embeddable":true,"href":"https:\/\/ptm-mechatronics.com\/sk\/wp-json\/wp\/v2\/product_tag?post=4017"}],"curies":[{"name":"wp","href":"https:\/\/api.w.org\/{rel}","templated":true}]}}