{"id":3981,"date":"2024-02-07T17:44:42","date_gmt":"2024-02-07T17:44:42","guid":{"rendered":""},"modified":"2025-11-07T15:51:29","modified_gmt":"2025-11-07T14:51:29","slug":"deckel-eco-cap-30-fuer-30-liter-bzw-25-kg-hobbocks","status":"publish","type":"product","link":"https:\/\/ptm-mechatronics.com\/sk\/product\/deckel-eco-cap-30-fuer-30-liter-bzw-25-kg-hobbocks\/","title":{"rendered":"veko eco-Cap 30 pre 30-litrov\u00e9 alebo 25-kilogramov\u00e9 varn\u00e9 n\u00e1doby"},"content":{"rendered":"<h1 data-start=\"317\" data-end=\"393\"><span style=\"font-size: 75%;\"><span class=\"_fadeIn_m1hgl_8\">Veko z nehrdzavej\u00facej ocele <\/span><span class=\"_fadeIn_m1hgl_8\">s <\/span><span class=\"_fadeIn_m1hgl_8\">Zobrazenie klapky - <\/span><span class=\"_fadeIn_m1hgl_8\">bezpe\u010dn\u00e9, <\/span><span class=\"_fadeIn_m1hgl_8\">Flexibiln\u00e9 <\/span><span class=\"_fadeIn_m1hgl_8\">a <\/span><span class=\"_fadeIn_m1hgl_8\">orient\u00e1cia na proces<\/span><\/span><\/h1>\n<p data-start=\"395\" data-end=\"709\"><span class=\"_fadeIn_m1hgl_8\">Str\u00e1nka <\/span><span class=\"_fadeIn_m1hgl_8\">vysok\u00e1 kvalita <\/span><span class=\"_fadeIn_m1hgl_8\">Veko <\/span><span class=\"_fadeIn_m1hgl_8\">z adresy <\/span><span class=\"_fadeIn_m1hgl_8\">V4A <\/span><span class=\"_fadeIn_m1hgl_8\">Nerezov\u00e1 oce\u013e (<\/span><span class=\"_fadeIn_m1hgl_8\">1.4404)<\/span> <span class=\"_fadeIn_m1hgl_8\">bola <\/span><span class=\"_fadeIn_m1hgl_8\">najm\u00e4 <\/span><span class=\"_fadeIn_m1hgl_8\">pre <\/span><span class=\"_fadeIn_m1hgl_8\">. <\/span><span class=\"_fadeIn_m1hgl_8\">bezpe\u010dn\u00e9 <\/span><span class=\"_fadeIn_m1hgl_8\">Obal <\/span><span class=\"_fadeIn_m1hgl_8\">z adresy <\/span><span class=\"_fadeIn_m1hgl_8\">Sudy <\/span><span class=\"_fadeIn_m1hgl_8\">a <\/span><span class=\"_fadeIn_m1hgl_8\">kontajnery <\/span><span class=\"_fadeIn_m1hgl_8\">s <\/span><span class=\"_fadeIn_m1hgl_8\">jeden <\/span><span class=\"_fadeIn_m1hgl_8\">Priemer <\/span><span class=\"_fadeIn_m1hgl_8\">od 3<\/span><span class=\"_fadeIn_m1hgl_8\">00 <\/span><span class=\"_fadeIn_m1hgl_8\">a\u017e 4<\/span><span class=\"_fadeIn_m1hgl_8\">00 mm<\/span> <span class=\"_fadeIn_m1hgl_8\">vyvinut\u00e9. <\/span><span class=\"_fadeIn_m1hgl_8\">Jeho <\/span><span class=\"_fadeIn_m1hgl_8\">robustn\u00fd <\/span><span class=\"_fadeIn_m1hgl_8\">a <\/span><span class=\"_fadeIn_m1hgl_8\">hygienick\u00e9 <\/span><span class=\"_fadeIn_m1hgl_8\">Met\u00f3da v\u00fdstavby <\/span><span class=\"_fadeIn_m1hgl_8\">rob\u00ed <\/span><span class=\"_fadeIn_m1hgl_8\">ho <\/span><span class=\"_fadeIn_m1hgl_8\">ide\u00e1lne <\/span><span class=\"_fadeIn_m1hgl_8\">pre <\/span><span class=\"_fadeIn_m1hgl_8\">Aplik\u00e1cie <\/span><span class=\"_fadeIn_m1hgl_8\">na str\u00e1nke <\/span><span class=\"_fadeIn_m1hgl_8\">. <\/span><span class=\"_fadeIn_m1hgl_8\">Potraviny -, <\/span><span class=\"_fadeIn_m1hgl_8\">Farmaceutick\u00e9 v\u00fdrobky, <\/span><span class=\"_fadeIn_m1hgl_8\">Kozmetika <\/span><span class=\"_fadeIn_m1hgl_8\">a <\/span><span class=\"_fadeIn_m1hgl_8\">Chemick\u00fd priemysel<\/span><span class=\"_fadeIn_m1hgl_8\">.<\/span><\/p>\n<p data-start=\"711\" data-end=\"1189\"><span class=\"_fadeIn_m1hgl_8\">Vybaven\u00e9 <\/span><span class=\"_fadeIn_m1hgl_8\">s <\/span><span class=\"_fadeIn_m1hgl_8\">dva <\/span><span class=\"_fadeIn_m1hgl_8\">nastavite\u013en\u00e9 <\/span><span class=\"_fadeIn_m1hgl_8\">Up\u00ednacie zariadenia<\/span><span class=\"_fadeIn_m1hgl_8\">, <\/span><span class=\"_fadeIn_m1hgl_8\">listy <\/span><span class=\"_fadeIn_m1hgl_8\">samotn\u00fd <\/span><span class=\"_fadeIn_m1hgl_8\">. <\/span><span class=\"_fadeIn_m1hgl_8\">Veko <\/span><span class=\"_fadeIn_m1hgl_8\">r\u00fdchlo <\/span><span class=\"_fadeIn_m1hgl_8\">a <\/span><span class=\"_fadeIn_m1hgl_8\">bezpe\u010dn\u00e9 <\/span><span class=\"_fadeIn_m1hgl_8\">na str\u00e1nke . <\/span><span class=\"_fadeIn_m1hgl_8\">r\u00f4zne <\/span><span class=\"_fadeIn_m1hgl_8\">Ve\u013ekosti kontajnerov <\/span><span class=\"_fadeIn_m1hgl_8\">opravi\u0165 - <\/span><span class=\"_fadeIn_m1hgl_8\">cel\u00fd <\/span><span class=\"_fadeIn_m1hgl_8\">bez <\/span><span class=\"_fadeIn_m1hgl_8\">N\u00e1stroj. <\/span><span class=\"_fadeIn_m1hgl_8\">A <\/span><span class=\"_fadeIn_m1hgl_8\">\u0161peci\u00e1lne <\/span><span class=\"_fadeIn_m1hgl_8\">Zv\u00fdraznenie <\/span><span class=\"_fadeIn_m1hgl_8\">je . <\/span><span class=\"_fadeIn_m1hgl_8\">. <\/span><span class=\"_fadeIn_m1hgl_8\">integrovan\u00fd <\/span><span class=\"_fadeIn_m1hgl_8\">\u00bc-<\/span><span class=\"_fadeIn_m1hgl_8\">Zobrazenie klapky <\/span><span class=\"_fadeIn_m1hgl_8\">s <\/span><span class=\"_fadeIn_m1hgl_8\">Bezpe\u010dnostn\u00e1 mrie\u017eka<\/span><span class=\"_fadeIn_m1hgl_8\">, <\/span><span class=\"_fadeIn_m1hgl_8\">. <\/span><span class=\"_fadeIn_m1hgl_8\">jeden <\/span><span class=\"_fadeIn_m1hgl_8\">bezpe\u010dn\u00e9 <\/span><span class=\"_fadeIn_m1hgl_8\">vizu\u00e1lne <\/span><span class=\"_fadeIn_m1hgl_8\">Riadenie procesov <\/span><span class=\"_fadeIn_m1hgl_8\">umo\u017enen\u00e9, <\/span><span class=\"_fadeIn_m1hgl_8\">bez <\/span><span class=\"_fadeIn_m1hgl_8\">. <\/span><span class=\"_fadeIn_m1hgl_8\">Veko <\/span><span class=\"_fadeIn_m1hgl_8\">Odstr\u00e1nenie str\u00e1nky <\/span><span class=\"_fadeIn_m1hgl_8\">na <\/span><span class=\"_fadeIn_m1hgl_8\">mus\u00ed. <\/span><span class=\"_fadeIn_m1hgl_8\">Tak\u017ee <\/span><span class=\"_fadeIn_m1hgl_8\">opustite str\u00e1nku . <\/span><span class=\"_fadeIn_m1hgl_8\">samotn\u00fd <\/span><span class=\"_fadeIn_m1hgl_8\">Zmie\u0161an\u00e9 <\/span><span class=\"_fadeIn_m1hgl_8\">alebo <\/span><span class=\"_fadeIn_m1hgl_8\">Procesy mie\u0161ania <\/span><span class=\"_fadeIn_m1hgl_8\">pohodln\u00e9 <\/span><span class=\"_fadeIn_m1hgl_8\">monitor, <\/span><span class=\"_fadeIn_m1hgl_8\">zatia\u013e \u010do <\/span><span class=\"_fadeIn_m1hgl_8\">v rovnakom \u010dase <\/span><span class=\"_fadeIn_m1hgl_8\">. <\/span><span class=\"_fadeIn_m1hgl_8\">Ochrana <\/span><span class=\"_fadeIn_m1hgl_8\">pred <\/span><span class=\"_fadeIn_m1hgl_8\">pohybliv\u00fd <\/span><span class=\"_fadeIn_m1hgl_8\">Zdie\u013ea\u0165 <\/span><span class=\"_fadeIn_m1hgl_8\">zaru\u010den\u00e9 <\/span><span class=\"_fadeIn_m1hgl_8\">zost\u00e1va.<\/span><\/p>\n<p data-start=\"1191\" data-end=\"1222\"><span class=\"_fadeIn_m1hgl_8\">V\u00fdhody <\/span><span class=\"_fadeIn_m1hgl_8\">na str\u00e1nke . <\/span><span class=\"_fadeIn_m1hgl_8\">jeden <\/span><span class=\"_fadeIn_m1hgl_8\">Zobrazenie:<\/span><\/p>\n<ul>\n<li data-start=\"1225\" data-end=\"1266\"><span class=\"_fadeIn_m1hgl_8\">Z adresy <\/span><span class=\"_fadeIn_m1hgl_8\">vysok\u00e1 kvalita <\/span><span class=\"_fadeIn_m1hgl_8\">V4A <\/span><span class=\"_fadeIn_m1hgl_8\">Nerezov\u00e1 oce\u013e (<\/span><span class=\"_fadeIn_m1hgl_8\">1.4404)<\/span><\/li>\n<li data-start=\"1225\" data-end=\"1266\"><span class=\"_fadeIn_m1hgl_8\">Rozsah up\u00ednania <\/span><span class=\"_fadeIn_m1hgl_8\">pre 3<\/span><span class=\"_fadeIn_m1hgl_8\">00-4<\/span><span class=\"_fadeIn_m1hgl_8\">00 mm <\/span><span class=\"_fadeIn_m1hgl_8\">Priemer<\/span><\/li>\n<li data-start=\"1225\" data-end=\"1266\"><span class=\"_fadeIn_m1hgl_8\">Dve str\u00e1nky <\/span><span class=\"_fadeIn_m1hgl_8\">Up\u00ednacie zariadenia <\/span><span class=\"_fadeIn_m1hgl_8\">pre <\/span><span class=\"_fadeIn_m1hgl_8\">pevn\u00e9 <\/span><span class=\"_fadeIn_m1hgl_8\">Zastavte<\/span><\/li>\n<li data-start=\"1225\" data-end=\"1266\"><span class=\"_fadeIn_m1hgl_8\">S <\/span><span class=\"_fadeIn_m1hgl_8\">integrovan\u00e1 \u00bc-<\/span><span class=\"_fadeIn_m1hgl_8\">Zobrazenie klapky<\/span><\/li>\n<li data-start=\"1225\" data-end=\"1266\"><span class=\"_fadeIn_m1hgl_8\">Bezpe\u010dnostn\u00e1 mrie\u017eka <\/span><span class=\"_fadeIn_m1hgl_8\">pre <\/span><span class=\"_fadeIn_m1hgl_8\">Ochrana <\/span><span class=\"_fadeIn_m1hgl_8\">s <\/span><span class=\"_fadeIn_m1hgl_8\">beh <\/span><span class=\"_fadeIn_m1hgl_8\">Oper\u00e1cia<\/span><\/li>\n<li data-start=\"1225\" data-end=\"1266\"><span class=\"_fadeIn_m1hgl_8\">Hygienick\u00e9 <\/span><span class=\"_fadeIn_m1hgl_8\">a <\/span><span class=\"_fadeIn_m1hgl_8\">svetlo <\/span><span class=\"_fadeIn_m1hgl_8\">na <\/span><span class=\"_fadeIn_m1hgl_8\">\u010dist\u00e9<\/span><\/li>\n<li data-start=\"1225\" data-end=\"1266\"><span class=\"_fadeIn_m1hgl_8\">Ide\u00e1lne <\/span><span class=\"_fadeIn_m1hgl_8\">pre <\/span><span class=\"_fadeIn_m1hgl_8\">V\u00fdroba, <\/span><span class=\"_fadeIn_m1hgl_8\">Laborat\u00f3rium <\/span><span class=\"_fadeIn_m1hgl_8\">a <\/span><span class=\"_fadeIn_m1hgl_8\">Procesy mie\u0161ania<\/span><\/li>\n<li data-start=\"1225\" data-end=\"1266\"><span class=\"_fadeIn_m1hgl_8\">Mont\u00e1\u017e <\/span><span class=\"_fadeIn_m1hgl_8\">pre <\/span><span class=\"_fadeIn_m1hgl_8\">r\u00f4zne <\/span><span class=\"_fadeIn_m1hgl_8\">Sud <\/span><span class=\"_fadeIn_m1hgl_8\">a <\/span><span class=\"_fadeIn_m1hgl_8\">Ve\u013ekosti kontajnerov<\/span><\/li>\n<\/ul>","protected":false},"excerpt":{"rendered":"<p><span class=\"_fadeIn_m1hgl_8\">V4A-<\/span><span class=\"_fadeIn_m1hgl_8\">Veko z nehrdzavej\u00facej ocele <\/span><span class=\"_fadeIn_m1hgl_8\">s <\/span><span class=\"_fadeIn_m1hgl_8\">Up\u00ednacie zariadenie <\/span><span class=\"_fadeIn_m1hgl_8\">pre <\/span><span class=\"_fadeIn_m1hgl_8\">Sudy <\/span><span class=\"_fadeIn_m1hgl_8\">s 3<\/span><span class=\"_fadeIn_m1hgl_8\">00-4<\/span><span class=\"_fadeIn_m1hgl_8\">00 mm <\/span><span class=\"_fadeIn_m1hgl_8\">priemer (130 litrov alebo 25-kilogramov\u00e9 varn\u00e9 n\u00e1doby),<\/span><span class=\"_fadeIn_m1hgl_8\"> s <\/span><span class=\"_fadeIn_m1hgl_8\">integrovan\u00e1 \u00bc-<\/span><span class=\"_fadeIn_m1hgl_8\">Zobrazenie klapky <\/span><span class=\"_fadeIn_m1hgl_8\">s <\/span><span class=\"_fadeIn_m1hgl_8\">Bezpe\u010dnostn\u00e1 mrie\u017eka <\/span><span class=\"_fadeIn_m1hgl_8\">na <\/span><span class=\"_fadeIn_m1hgl_8\">bezpe\u010dn\u00e9 <\/span><span class=\"_fadeIn_m1hgl_8\">Monitorovanie procesov.<\/span><\/p>","protected":false},"featured_media":15398,"comment_status":"open","ping_status":"closed","template":"","meta":{"_acf_changed":false},"product_brand":[],"product_cat":[594,595,612],"product_tag":[],"class_list":{"0":"post-3981","1":"product","2":"type-product","3":"status-publish","4":"has-post-thumbnail","6":"product_cat-zubehoer","7":"product_cat-ruehrwerkstechnik","8":"product_cat-kleingebinderuehrwerke","9":"product_shipping_class-karton-paketversand","10":"pa_behaeltervolumen-30-liter","11":"pa_mgl-fassdurchmesser-300-400mm","13":"first","14":"instock","15":"taxable","16":"shipping-taxable","17":"purchasable","18":"product-type-simple"},"bundled_by":["4331"],"bundle_stock_status":"instock","bundle_stock_quantity":null,"bundle_virtual":false,"bundle_layout":"","bundle_add_to_cart_form_location":"","bundle_editable_in_cart":false,"bundle_sold_individually_context":"","bundle_item_grouping":"","bundle_min_size":"","bundle_max_size":"","bundle_price":[],"bundled_items":[],"bundle_sell_ids":[],"exclude_global_add_ons":[],"addons":[],"acf":[],"_links":{"self":[{"href":"https:\/\/ptm-mechatronics.com\/sk\/wp-json\/wp\/v2\/product\/3981","targetHints":{"allow":["GET"]}}],"collection":[{"href":"https:\/\/ptm-mechatronics.com\/sk\/wp-json\/wp\/v2\/product"}],"about":[{"href":"https:\/\/ptm-mechatronics.com\/sk\/wp-json\/wp\/v2\/types\/product"}],"replies":[{"embeddable":true,"href":"https:\/\/ptm-mechatronics.com\/sk\/wp-json\/wp\/v2\/comments?post=3981"}],"wp:featuredmedia":[{"embeddable":true,"href":"https:\/\/ptm-mechatronics.com\/sk\/wp-json\/wp\/v2\/media\/15398"}],"wp:attachment":[{"href":"https:\/\/ptm-mechatronics.com\/sk\/wp-json\/wp\/v2\/media?parent=3981"}],"wp:term":[{"taxonomy":"product_brand","embeddable":true,"href":"https:\/\/ptm-mechatronics.com\/sk\/wp-json\/wp\/v2\/product_brand?post=3981"},{"taxonomy":"product_cat","embeddable":true,"href":"https:\/\/ptm-mechatronics.com\/sk\/wp-json\/wp\/v2\/product_cat?post=3981"},{"taxonomy":"product_tag","embeddable":true,"href":"https:\/\/ptm-mechatronics.com\/sk\/wp-json\/wp\/v2\/product_tag?post=3981"}],"curies":[{"name":"wp","href":"https:\/\/api.w.org\/{rel}","templated":true}]}}