{"id":3961,"date":"2024-02-07T17:44:42","date_gmt":"2024-02-07T17:44:42","guid":{"rendered":""},"modified":"2026-02-03T10:32:55","modified_gmt":"2026-02-03T09:32:55","slug":"luftversorgungsmodul-mit-absperrventil-filterregler-und-manometer-fuer-ptm-ruehrwerksantriebe","status":"publish","type":"product","link":"https:\/\/ptm-mechatronics.com\/sk\/product\/luftversorgungsmodul-mit-absperrventil-filterregler-und-manometer-fuer-ptm-ruehrwerksantriebe\/","title":{"rendered":"Modul pr\u00edvodu vzduchu s uzatv\u00e1rac\u00edm ventilom, regul\u00e1torom filtra a manometrom pre pohony mie\u0161adiel PTM"},"content":{"rendered":"<p>Modul pr\u00edvodu vzduchu obsahuje v\u0161etky potrebn\u00e9 komponenty na pripojenie pohonu mie\u0161adla k syst\u00e9mu stla\u010den\u00e9ho vzduchu: sadu had\u00edc, uzatv\u00e1rac\u00ed ventil a jednotku \u00fadr\u017eby s filtrom. T\u00fdm sa zabezpe\u010d\u00ed spo\u013eahliv\u00fd pr\u00edvod stla\u010den\u00e9ho vzduchu z v\u00e1\u0161ho syst\u00e9mu stla\u010den\u00e9ho vzduchu do pohonu mie\u0161adla a zaru\u010d\u00ed sa dlh\u00e1 \u017eivotnos\u0165.<\/p>","protected":false},"excerpt":{"rendered":"<p>Modul pr\u00edvodu vzduchu s regul\u00e1torom filtra, manometrom, uzatv\u00e1rac\u00edm ventilom, spojovacou z\u00e1tkou stla\u010den\u00e9ho vzduchu pre mie\u0161adl\u00e1 PTM<\/p>","protected":false},"featured_media":15392,"comment_status":"open","ping_status":"closed","template":"","meta":{"_acf_changed":false},"product_brand":[],"product_cat":[595,603,614,1421],"product_tag":[],"class_list":{"0":"post-3961","1":"product","2":"type-product","3":"status-publish","4":"has-post-thumbnail","6":"product_cat-ruehrwerkstechnik","7":"product_cat-fassruehrwerke","8":"product_cat-containerruehrwerke","9":"product_cat-zubehoer-ruehrwerkstechnik","10":"product_shipping_class-karton-paketversand","11":"pa_filter-5m","12":"pa_schnellkupplung-nw7","14":"first","15":"instock","16":"taxable","17":"shipping-taxable","18":"purchasable","19":"product-type-simple"},"bundled_by":[],"bundle_stock_status":"instock","bundle_stock_quantity":null,"bundle_virtual":false,"bundle_layout":"","bundle_add_to_cart_form_location":"","bundle_editable_in_cart":false,"bundle_sold_individually_context":"","bundle_item_grouping":"","bundle_min_size":"","bundle_max_size":"","bundle_price":[],"bundled_items":[],"bundle_sell_ids":[],"exclude_global_add_ons":[],"addons":[],"acf":[],"_links":{"self":[{"href":"https:\/\/ptm-mechatronics.com\/sk\/wp-json\/wp\/v2\/product\/3961","targetHints":{"allow":["GET"]}}],"collection":[{"href":"https:\/\/ptm-mechatronics.com\/sk\/wp-json\/wp\/v2\/product"}],"about":[{"href":"https:\/\/ptm-mechatronics.com\/sk\/wp-json\/wp\/v2\/types\/product"}],"replies":[{"embeddable":true,"href":"https:\/\/ptm-mechatronics.com\/sk\/wp-json\/wp\/v2\/comments?post=3961"}],"wp:featuredmedia":[{"embeddable":true,"href":"https:\/\/ptm-mechatronics.com\/sk\/wp-json\/wp\/v2\/media\/15392"}],"wp:attachment":[{"href":"https:\/\/ptm-mechatronics.com\/sk\/wp-json\/wp\/v2\/media?parent=3961"}],"wp:term":[{"taxonomy":"product_brand","embeddable":true,"href":"https:\/\/ptm-mechatronics.com\/sk\/wp-json\/wp\/v2\/product_brand?post=3961"},{"taxonomy":"product_cat","embeddable":true,"href":"https:\/\/ptm-mechatronics.com\/sk\/wp-json\/wp\/v2\/product_cat?post=3961"},{"taxonomy":"product_tag","embeddable":true,"href":"https:\/\/ptm-mechatronics.com\/sk\/wp-json\/wp\/v2\/product_tag?post=3961"}],"curies":[{"name":"wp","href":"https:\/\/api.w.org\/{rel}","templated":true}]}}