{"id":3952,"date":"2024-02-07T17:44:42","date_gmt":"2024-02-07T17:44:42","guid":{"rendered":""},"modified":"2025-11-07T15:51:25","modified_gmt":"2025-11-07T14:51:25","slug":"drehzahlsensor-namur-3-leiter","status":"publish","type":"product","link":"https:\/\/ptm-mechatronics.com\/sk\/product\/drehzahlsensor-namur-3-leiter\/","title":{"rendered":"Sn\u00edma\u010d r\u00fdchlosti NAMUR 3-vodi\u010dov\u00fd, s 5 m k\u00e1blom, IP68, ATEX II 3GD z\u00f3na 2;22"},"content":{"rendered":"<p data-start=\"182\" data-end=\"257\">Sn\u00edma\u010d r\u00fdchlosti NAMUR - presn\u00fd, robustn\u00fd, certifikovan\u00fd pod\u013ea ATEX pre z\u00f3nu 2\/22<\/p>\n<p data-start=\"259\" data-end=\"632\">Trojvodi\u010dov\u00fd sn\u00edma\u010d r\u00fdchlosti NAMUR s 5 m pripojovac\u00edm k\u00e1blom, triedou krytia IP68 a schv\u00e1len\u00edm ATEX II 3GD je \u0161peci\u00e1lne navrhnut\u00fd na pou\u017eitie v prostred\u00ed s nebezpe\u010denstvom v\u00fdbuchu v z\u00f3nach 2 a 22. Umo\u017e\u0148uje spo\u013eahliv\u00e9 a nepretr\u017eit\u00e9 monitorovanie ot\u00e1\u010dok v priemyseln\u00fdch aplik\u00e1ci\u00e1ch, ako s\u00fa pohonn\u00e1 technika, mie\u0161acie syst\u00e9my a dopravn\u00e9 syst\u00e9my.<\/p>\n<p data-start=\"634\" data-end=\"999\">V\u010faka 3-vodi\u010dovej technol\u00f3gii NAMUR mo\u017eno sn\u00edma\u010d bez probl\u00e9mov integrova\u0165 do existuj\u00facich koncepci\u00ed riadenia a poskytuje presn\u00e9 sign\u00e1ly na riadenie procesov. Robustn\u00e9 puzdro s certifik\u00e1ciou IP68 poskytuje spo\u013eahliv\u00fa ochranu proti prachu a vode - ide\u00e1lne pre n\u00e1ro\u010dn\u00e9 prostredia v procesnom in\u017einierstve, potravin\u00e1rskom, chemickom a farmaceutickom priemysle.<\/p>\n<p data-start=\"1001\" data-end=\"1272\">V\u010faka 5 m dlh\u00e9mu k\u00e1blu sa d\u00e1 sn\u00edma\u010d flexibilne namontova\u0165 a je ide\u00e1lny na kombin\u00e1ciu so vzduchov\u00fdmi motormi a pohonn\u00fdmi syst\u00e9mami PTM. Sn\u00edma\u010d sp\u013a\u0148a v\u0161etky po\u017eiadavky na dlhodob\u00e9, bezpe\u010dn\u00e9 a bez\u00fadr\u017ebov\u00e9 monitorovanie rota\u010dn\u00e9ho pohybu.<\/p>","protected":false},"excerpt":{"rendered":"<p>Robustn\u00fd sn\u00edma\u010d r\u00fdchlosti NAMUR s 3-vodi\u010dovou technol\u00f3giou, 5 m k\u00e1blom, kryt\u00edm IP68 a schv\u00e1len\u00edm ATEX pre z\u00f3nu 2\/22 umo\u017e\u0148uje presn\u00e9 a bezpe\u010dn\u00e9 monitorovanie r\u00fdchlosti v potenci\u00e1lne v\u00fdbu\u0161n\u00fdch priemyseln\u00fdch prostrediach.<\/p>","protected":false},"featured_media":15390,"comment_status":"open","ping_status":"closed","template":"","meta":{"_acf_changed":false},"product_brand":[],"product_cat":[595,1906,428,1421,594],"product_tag":[3004,3005,2995,3006,2996,2997,2998,2999,3000,3001,3002,3003],"class_list":{"0":"post-3952","1":"product","2":"type-product","3":"status-publish","4":"has-post-thumbnail","6":"product_cat-ruehrwerkstechnik","7":"product_cat-zubehoer-druckluftmotor","8":"product_cat-antriebstechnik","9":"product_cat-zubehoer-ruehrwerkstechnik","10":"product_cat-zubehoer","11":"product_tag-namur-sensor-zone-0","12":"product_tag-ptm-drehzahlsensor","13":"product_tag-drehzahlsensor-namur","14":"product_tag-namur-messwertgeber","15":"product_tag-namur-sensor-3-leiter","16":"product_tag-atex-drehzahlsensor","17":"product_tag-zone-0-20-sensor","18":"product_tag-ip68-sensor","19":"product_tag-explosionsgeschuetzter-drehzahlsensor","20":"product_tag-namur-signalgeber","21":"product_tag-drehzahlueberwachung-atex","22":"product_tag-sensor-mit-5m-kabel","23":"product_shipping_class-karton-paketversand","24":"pa_anzahl-leiter-732","25":"pa_art-namur","26":"pa_atex-gas-ex-ll-3g-eex-na-iic-t6-x","27":"pa_atex-staub-ex-ii-3d-ip67-t80c-x","28":"pa_gewinde-m8x1","29":"pa_kabellaenge-5m","30":"pa_schutzart-ip68","31":"pa_spannung-7--30-vdc","33":"first","34":"instock","35":"taxable","36":"shipping-taxable","37":"purchasable","38":"product-type-simple"},"bundled_by":["4335","4344","4345"],"bundle_stock_status":"instock","bundle_stock_quantity":null,"bundle_virtual":false,"bundle_layout":"","bundle_add_to_cart_form_location":"","bundle_editable_in_cart":false,"bundle_sold_individually_context":"","bundle_item_grouping":"","bundle_min_size":"","bundle_max_size":"","bundle_price":[],"bundled_items":[],"bundle_sell_ids":[],"exclude_global_add_ons":[],"addons":[],"acf":[],"_links":{"self":[{"href":"https:\/\/ptm-mechatronics.com\/sk\/wp-json\/wp\/v2\/product\/3952","targetHints":{"allow":["GET"]}}],"collection":[{"href":"https:\/\/ptm-mechatronics.com\/sk\/wp-json\/wp\/v2\/product"}],"about":[{"href":"https:\/\/ptm-mechatronics.com\/sk\/wp-json\/wp\/v2\/types\/product"}],"replies":[{"embeddable":true,"href":"https:\/\/ptm-mechatronics.com\/sk\/wp-json\/wp\/v2\/comments?post=3952"}],"wp:featuredmedia":[{"embeddable":true,"href":"https:\/\/ptm-mechatronics.com\/sk\/wp-json\/wp\/v2\/media\/15390"}],"wp:attachment":[{"href":"https:\/\/ptm-mechatronics.com\/sk\/wp-json\/wp\/v2\/media?parent=3952"}],"wp:term":[{"taxonomy":"product_brand","embeddable":true,"href":"https:\/\/ptm-mechatronics.com\/sk\/wp-json\/wp\/v2\/product_brand?post=3952"},{"taxonomy":"product_cat","embeddable":true,"href":"https:\/\/ptm-mechatronics.com\/sk\/wp-json\/wp\/v2\/product_cat?post=3952"},{"taxonomy":"product_tag","embeddable":true,"href":"https:\/\/ptm-mechatronics.com\/sk\/wp-json\/wp\/v2\/product_tag?post=3952"}],"curies":[{"name":"wp","href":"https:\/\/api.w.org\/{rel}","templated":true}]}}