{"id":3935,"date":"2024-02-07T17:44:42","date_gmt":"2024-02-07T17:44:42","guid":{"rendered":""},"modified":"2025-11-07T15:51:21","modified_gmt":"2025-11-07T14:51:21","slug":"druckluftmotor-inox-4nm-0-300rpm","status":"publish","type":"product","link":"https:\/\/ptm-mechatronics.com\/sk\/product\/druckluftmotor-inox-4nm-0-300rpm\/","title":{"rendered":"Vzduchov\u00fd motor INOX, 4Nm, 0-300 ot\/min"},"content":{"rendered":"<p>Vzduchov\u00e9 motory PTM s\u00fa vhodn\u00e9 pre \u0161irok\u00fa \u0161k\u00e1lu aplik\u00e1ci\u00ed v\u010faka svojej ve\u013emi robustnej, \u010disto mechanickej kon\u0161trukcii a v\u00fdkonu. Vo v\u0161eobecnosti sa m\u00f4\u017eu pou\u017e\u00edva\u0165 ako pohony v syst\u00e9moch a strojoch alebo na generovanie rota\u010dn\u00fdch a oto\u010dn\u00fdch pohybov. Pneumatick\u00e9 motory PTM s\u00fa zalo\u017een\u00e9 na mimoriadne \u00fa\u010dinnom princ\u00edpe radi\u00e1lneho piestu: napriek n\u00edzkej spotrebe vzduchu motory vyv\u00edjaj\u00fa ve\u013emi vysok\u00fd stupe\u0148 \u00fa\u010dinnosti a ve\u013emi vysok\u00fd kr\u00fatiaci moment. To z nich rob\u00ed modern\u00fa, n\u00e1kladovo \u00fasporn\u00fa alternat\u00edvu lamelov\u00fdch motorov. M\u00f4\u017eu pracova\u0165 v smere aj proti smeru hodinov\u00fdch ru\u010di\u010diek a m\u00f4\u017eu by\u0165 za\u0165a\u017een\u00e9 a\u017e do zastavenia. V\u010faka ich kompaktn\u00fdm rozmerom ich mo\u017eno integrova\u0165 do takmer ka\u017edej aplik\u00e1cie. Model INOX m\u00e1 tie\u017e \u00fapln\u00fa ochranu proti v\u00fdbuchu pre z\u00f3ny ATEX 1, 2, 21 a 22, zhodu s potravin\u00e1rskymi a farmaceutick\u00fdmi predpismi, triedu \u010distoty ISO1 pod\u013ea normy DIN 14644 a je vodotesn\u00fd pod\u013ea triedy krytia IP68, ako aj odoln\u00fd vo\u010di kyselin\u00e1m a chemik\u00e1li\u00e1m.<\/p>","protected":false},"excerpt":{"rendered":"<p>Vzduchov\u00fd motor INOX, Mimoriadne \u00fa\u010dinn\u00fd a v\u00fdkonn\u00fd vzduchov\u00fd motor dosahuje ve\u013emi vysok\u00fa \u00fa\u010dinnos\u0165 a ve\u013emi vysok\u00fd kr\u00fatiaci moment napriek minim\u00e1lnej spotrebe vzduchu. Certifik\u00e1t ATEX, zhoda s potravin\u00e1rskymi a farmaceutick\u00fdmi predpismi, trieda \u010dist\u00fdch priestorov ISO1 pod\u013ea DIN 14644, vodotesnos\u0165 pod\u013ea stup\u0148a krytia IP68, odolnos\u0165 vo\u010di kyselin\u00e1m a chemik\u00e1li\u00e1m.<\/p>","protected":false},"featured_media":15382,"comment_status":"open","ping_status":"closed","template":"","meta":{"_acf_changed":false},"product_brand":[],"product_cat":[21],"product_tag":[],"class_list":{"0":"post-3935","1":"product","2":"type-product","3":"status-publish","4":"has-post-thumbnail","6":"product_cat-unkategorisiert","7":"product_shipping_class-karton-paketversand","8":"pa_antriebsart-pneumatisch","9":"pa_atex-zone-122122","10":"pa_dichtung-ptfe-fda-konform","11":"pa_drehmoment-4nm","12":"pa_drehzahl-0-300-1-min","13":"pa_durchmesser-99mm","14":"pa_ex-gas-ex-ii-2-g-ex-h-iic-t5-gb-x","15":"pa_ex-staub-ex-ii-2-d-ex-h-iiic-t100c-db-x","16":"pa_geraeuschpegel-75db","17":"pa_hoehe-52mm","18":"pa_labs-oel-und-silikonfrei","19":"pa_luftanschluesse-2xm6x075","20":"pa_material-gehaeuse-v4a-edelstahl-1-4404-elektropoliert","21":"pa_model-pmo-450-inox","22":"pa_reinraumklassifizierung-iso1-nach-din14644","23":"pa_schutzart-ip68","24":"pa_steckverschraubung-2xschlauch-o6mm","25":"pa_versorgung-5-6bar","27":"first","28":"instock","29":"taxable","30":"shipping-taxable","31":"purchasable","32":"product-type-simple"},"bundled_by":["4346"],"bundle_stock_status":"instock","bundle_stock_quantity":null,"bundle_virtual":false,"bundle_layout":"","bundle_add_to_cart_form_location":"","bundle_editable_in_cart":false,"bundle_sold_individually_context":"","bundle_item_grouping":"","bundle_min_size":"","bundle_max_size":"","bundle_price":[],"bundled_items":[],"bundle_sell_ids":[],"exclude_global_add_ons":[],"addons":[],"acf":[],"_links":{"self":[{"href":"https:\/\/ptm-mechatronics.com\/sk\/wp-json\/wp\/v2\/product\/3935","targetHints":{"allow":["GET"]}}],"collection":[{"href":"https:\/\/ptm-mechatronics.com\/sk\/wp-json\/wp\/v2\/product"}],"about":[{"href":"https:\/\/ptm-mechatronics.com\/sk\/wp-json\/wp\/v2\/types\/product"}],"replies":[{"embeddable":true,"href":"https:\/\/ptm-mechatronics.com\/sk\/wp-json\/wp\/v2\/comments?post=3935"}],"wp:featuredmedia":[{"embeddable":true,"href":"https:\/\/ptm-mechatronics.com\/sk\/wp-json\/wp\/v2\/media\/15382"}],"wp:attachment":[{"href":"https:\/\/ptm-mechatronics.com\/sk\/wp-json\/wp\/v2\/media?parent=3935"}],"wp:term":[{"taxonomy":"product_brand","embeddable":true,"href":"https:\/\/ptm-mechatronics.com\/sk\/wp-json\/wp\/v2\/product_brand?post=3935"},{"taxonomy":"product_cat","embeddable":true,"href":"https:\/\/ptm-mechatronics.com\/sk\/wp-json\/wp\/v2\/product_cat?post=3935"},{"taxonomy":"product_tag","embeddable":true,"href":"https:\/\/ptm-mechatronics.com\/sk\/wp-json\/wp\/v2\/product_tag?post=3935"}],"curies":[{"name":"wp","href":"https:\/\/api.w.org\/{rel}","templated":true}]}}