{"id":3894,"date":"2024-02-07T17:44:41","date_gmt":"2024-02-07T17:44:41","guid":{"rendered":""},"modified":"2025-11-07T15:51:15","modified_gmt":"2025-11-07T14:51:15","slug":"druckluftmotor-basic-8nm-0-300rpm","status":"publish","type":"product","link":"https:\/\/ptm-mechatronics.com\/sk\/product\/druckluftmotor-basic-8nm-0-300rpm\/","title":{"rendered":"Z\u00e1kladn\u00fd vzduchov\u00fd motor, 8Nm, 0-300 ot\/min"},"content":{"rendered":"<p>Vzduchov\u00e9 motory PTM s\u00fa vhodn\u00e9 pre \u0161irok\u00fa \u0161k\u00e1lu aplik\u00e1ci\u00ed v\u010faka svojej ve\u013emi robustnej, \u010disto mechanickej kon\u0161trukcii a v\u00fdkonu. Vo v\u0161eobecnosti sa m\u00f4\u017eu pou\u017e\u00edva\u0165 ako pohony v syst\u00e9moch a strojoch alebo na generovanie rota\u010dn\u00fdch a oto\u010dn\u00fdch pohybov. Pneumatick\u00e9 motory PTM s\u00fa zalo\u017een\u00e9 na mimoriadne \u00fa\u010dinnom princ\u00edpe radi\u00e1lneho piestu: napriek n\u00edzkej spotrebe vzduchu motory vyv\u00edjaj\u00fa ve\u013emi vysok\u00fd stupe\u0148 \u00fa\u010dinnosti a ve\u013emi vysok\u00fd kr\u00fatiaci moment.  To z nich rob\u00ed modern\u00fa, n\u00e1kladovo \u00fasporn\u00fa alternat\u00edvu lamelov\u00fdch motorov. M\u00f4\u017eu pracova\u0165 v smere aj proti smeru hodinov\u00fdch ru\u010di\u010diek a m\u00f4\u017eu by\u0165 za\u0165a\u017een\u00e9 a\u017e do zastavenia. V\u010faka ich kompaktn\u00fdm rozmerom ich mo\u017eno integrova\u0165 do takmer ka\u017edej aplik\u00e1cie.<\/p>","protected":false},"excerpt":{"rendered":"<p>Z\u00e1kladn\u00fd vzduchov\u00fd motor, \u00faspora energie v\u010faka efekt\u00edvnej technol\u00f3gii. Mimoriadne \u00fa\u010dinn\u00fd a v\u00fdkonn\u00fd vzduchov\u00fd motor dosahuje ve\u013emi vysok\u00fa \u00farove\u0148 \u00fa\u010dinnosti a ve\u013emi vysok\u00fd kr\u00fatiaci moment napriek minim\u00e1lnej spotrebe vzduchu.<\/p>","protected":false},"featured_media":15308,"comment_status":"open","ping_status":"closed","template":"","meta":{"_acf_changed":false},"product_brand":[],"product_cat":[21],"product_tag":[],"class_list":{"0":"post-3894","1":"product","2":"type-product","3":"status-publish","4":"has-post-thumbnail","6":"product_cat-unkategorisiert","7":"product_shipping_class-karton-paketversand","8":"pa_antriebsart-pneumatisch","9":"pa_dichtung-nbr","10":"pa_drehmoment-8nm","11":"pa_drehzahl-0-300-1-min","12":"pa_durchmesser-99mm","13":"pa_geraeuschpegel-75db","14":"pa_hoehe-52mm","15":"pa_labs-oel-und-silikonfrei","16":"pa_luftanschluesse-2xm6x075","17":"pa_material-gehaeuse-aluminium-eloxiert","18":"pa_model-pmo-900-ba","19":"pa_schutzart-ip67","20":"pa_steckverschraubung-2xschlauch-o6mm","21":"pa_versorgung-5-6bar","23":"first","24":"instock","25":"taxable","26":"shipping-taxable","27":"purchasable","28":"product-type-simple"},"bundled_by":["4335"],"bundle_stock_status":"instock","bundle_stock_quantity":null,"bundle_virtual":false,"bundle_layout":"","bundle_add_to_cart_form_location":"","bundle_editable_in_cart":false,"bundle_sold_individually_context":"","bundle_item_grouping":"","bundle_min_size":"","bundle_max_size":"","bundle_price":[],"bundled_items":[],"bundle_sell_ids":[],"exclude_global_add_ons":[],"addons":[],"acf":[],"_links":{"self":[{"href":"https:\/\/ptm-mechatronics.com\/sk\/wp-json\/wp\/v2\/product\/3894","targetHints":{"allow":["GET"]}}],"collection":[{"href":"https:\/\/ptm-mechatronics.com\/sk\/wp-json\/wp\/v2\/product"}],"about":[{"href":"https:\/\/ptm-mechatronics.com\/sk\/wp-json\/wp\/v2\/types\/product"}],"replies":[{"embeddable":true,"href":"https:\/\/ptm-mechatronics.com\/sk\/wp-json\/wp\/v2\/comments?post=3894"}],"wp:featuredmedia":[{"embeddable":true,"href":"https:\/\/ptm-mechatronics.com\/sk\/wp-json\/wp\/v2\/media\/15308"}],"wp:attachment":[{"href":"https:\/\/ptm-mechatronics.com\/sk\/wp-json\/wp\/v2\/media?parent=3894"}],"wp:term":[{"taxonomy":"product_brand","embeddable":true,"href":"https:\/\/ptm-mechatronics.com\/sk\/wp-json\/wp\/v2\/product_brand?post=3894"},{"taxonomy":"product_cat","embeddable":true,"href":"https:\/\/ptm-mechatronics.com\/sk\/wp-json\/wp\/v2\/product_cat?post=3894"},{"taxonomy":"product_tag","embeddable":true,"href":"https:\/\/ptm-mechatronics.com\/sk\/wp-json\/wp\/v2\/product_tag?post=3894"}],"curies":[{"name":"wp","href":"https:\/\/api.w.org\/{rel}","templated":true}]}}