{"id":3889,"date":"2024-02-07T17:44:41","date_gmt":"2024-02-07T17:44:41","guid":{"rendered":""},"modified":"2025-11-07T15:51:14","modified_gmt":"2025-11-07T14:51:14","slug":"anschlussblock-edelstahl-fuer-dauerbetrieb-in-eine-drehrichtung-fuer-ptm-antrieb-1800","status":"publish","type":"product","link":"https:\/\/ptm-mechatronics.com\/sk\/product\/anschlussblock-edelstahl-fuer-dauerbetrieb-in-eine-drehrichtung-fuer-ptm-antrieb-1800\/","title":{"rendered":"Pripojovac\u00ed blok z nehrdzavej\u00facej ocele na nepretr\u017eit\u00fa prev\u00e1dzku v jednom smere ot\u00e1\u010dania pre pohon PTM 1800"},"content":{"rendered":"<p>Pripojovac\u00ed blok zabezpe\u010duje dlh\u0161iu \u017eivotnos\u0165 v\u00fdrobku pri aplik\u00e1ci\u00e1ch v jednom smere ot\u00e1\u010dania (s n\u00e1bojom proti smeru hodinov\u00fdch ru\u010di\u010diek).<\/p>","protected":false},"excerpt":{"rendered":"<p>Der Anschlussblock sorgt f\u00fcr eine l\u00e4ngere Produktlebensdauer f\u00fcr Anwendungen in eine Drehrichtung (mit Blick auf die Nabe gegen den Uhrzeigersinn).<\/p>","protected":false},"featured_media":15381,"comment_status":"open","ping_status":"closed","template":"","meta":{"_acf_changed":false},"product_brand":[],"product_cat":[21],"product_tag":[],"class_list":{"0":"post-3889","1":"product","2":"type-product","3":"status-publish","4":"has-post-thumbnail","6":"product_cat-unkategorisiert","7":"product_shipping_class-karton-paketversand","9":"first","10":"instock","11":"taxable","12":"shipping-taxable","13":"purchasable","14":"product-type-simple"},"bundled_by":["4346"],"bundle_stock_status":"instock","bundle_stock_quantity":null,"bundle_virtual":false,"bundle_layout":"","bundle_add_to_cart_form_location":"","bundle_editable_in_cart":false,"bundle_sold_individually_context":"","bundle_item_grouping":"","bundle_min_size":"","bundle_max_size":"","bundle_price":[],"bundled_items":[],"bundle_sell_ids":[],"exclude_global_add_ons":[],"addons":[],"acf":[],"_links":{"self":[{"href":"https:\/\/ptm-mechatronics.com\/sk\/wp-json\/wp\/v2\/product\/3889","targetHints":{"allow":["GET"]}}],"collection":[{"href":"https:\/\/ptm-mechatronics.com\/sk\/wp-json\/wp\/v2\/product"}],"about":[{"href":"https:\/\/ptm-mechatronics.com\/sk\/wp-json\/wp\/v2\/types\/product"}],"replies":[{"embeddable":true,"href":"https:\/\/ptm-mechatronics.com\/sk\/wp-json\/wp\/v2\/comments?post=3889"}],"wp:featuredmedia":[{"embeddable":true,"href":"https:\/\/ptm-mechatronics.com\/sk\/wp-json\/wp\/v2\/media\/15381"}],"wp:attachment":[{"href":"https:\/\/ptm-mechatronics.com\/sk\/wp-json\/wp\/v2\/media?parent=3889"}],"wp:term":[{"taxonomy":"product_brand","embeddable":true,"href":"https:\/\/ptm-mechatronics.com\/sk\/wp-json\/wp\/v2\/product_brand?post=3889"},{"taxonomy":"product_cat","embeddable":true,"href":"https:\/\/ptm-mechatronics.com\/sk\/wp-json\/wp\/v2\/product_cat?post=3889"},{"taxonomy":"product_tag","embeddable":true,"href":"https:\/\/ptm-mechatronics.com\/sk\/wp-json\/wp\/v2\/product_tag?post=3889"}],"curies":[{"name":"wp","href":"https:\/\/api.w.org\/{rel}","templated":true}]}}