{"id":3712,"date":"2024-02-07T17:44:31","date_gmt":"2024-02-07T17:44:31","guid":{"rendered":""},"modified":"2025-11-07T15:50:55","modified_gmt":"2025-11-07T14:50:55","slug":"ruehrwelle-fuer-1000-liter-ibc-hightorque-mit-schnellwechselsystem-eco-quick","status":"publish","type":"product","link":"https:\/\/ptm-mechatronics.com\/sk\/product\/ruehrwelle-fuer-1000-liter-ibc-hightorque-mit-schnellwechselsystem-eco-quick\/","title":{"rendered":"Hriade\u013e mie\u0161adla pre 1000 l IBC HighTorque s r\u00fdchlov\u00fdmenn\u00fdm syst\u00e9mom eco-Quick"},"content":{"rendered":"<p>Na\u0161e mie\u0161acie hriadele s\u00fa vyroben\u00e9 z vysoko kvalitnej nehrdzavej\u00facej ocele V4A 1.4404. V\u010faka patentovan\u00e9mu r\u00fdchlov\u00fdmenn\u00e9mu syst\u00e9mu eco-Quick mo\u017eno mie\u0161acie hriadele namontova\u0165 na pohony PTM s integrovan\u00fdm r\u00fdchlov\u00fdmenn\u00fdm syst\u00e9mom eco-Quick len v jednom jednoduchom kroku bez pou\u017eitia n\u00e1radia.<br \/>\nPre ka\u017ed\u00fd pohon m\u00e1me spr\u00e1vny priemer hriade\u013ea. Uistite sa, \u017ee ste vybrali priemer, ktor\u00fd zodpoved\u00e1 v\u00e1\u0161mu pohonu. Upozor\u0148ujeme tie\u017e, \u017ee mie\u0161acie hriadele eco-Quick sa daj\u00fa kombinova\u0165 len s pohonmi eco-Quick. Ak m\u00e1te ak\u00e9ko\u013evek ot\u00e1zky, obr\u00e1\u0165te sa na n\u00e1\u0161 z\u00e1kazn\u00edcky servis PTM.<\/p>","protected":false},"excerpt":{"rendered":"<p>Hriade\u013e mie\u0161adla z vysokokvalitnej nehrdzavej\u00facej ocele V4A 1.4404 s patentovan\u00fdm r\u00fdchlov\u00fdmenn\u00fdm syst\u00e9mom eco-Quick pre pohony PTM; priemer \u230030 mm a d\u013a\u017eka 793 mm od horn\u00e9ho okraja veka.<\/p>","protected":false},"featured_media":15365,"comment_status":"open","ping_status":"closed","template":"","meta":{"_acf_changed":false},"product_brand":[],"product_cat":[595,651],"product_tag":[],"class_list":{"0":"post-3712","1":"product","2":"type-product","3":"status-publish","4":"has-post-thumbnail","6":"product_cat-ruehrwerkstechnik","7":"product_cat-ruehrwellen","8":"product_shipping_class-karton-paketversand","9":"pa_durchmesser-30mm","10":"pa_laenge-ab-deckeloberkante-793mm","11":"pa_material-v4a-edelstahl-1-4404","12":"pa_patentnummer-20-2020-107-557","14":"first","15":"instock","16":"taxable","17":"shipping-taxable","18":"purchasable","19":"product-type-simple"},"bundled_by":["4330"],"bundle_stock_status":"instock","bundle_stock_quantity":null,"bundle_virtual":false,"bundle_layout":"","bundle_add_to_cart_form_location":"","bundle_editable_in_cart":false,"bundle_sold_individually_context":"","bundle_item_grouping":"","bundle_min_size":"","bundle_max_size":"","bundle_price":[],"bundled_items":[],"bundle_sell_ids":[],"exclude_global_add_ons":[],"addons":[],"acf":[],"_links":{"self":[{"href":"https:\/\/ptm-mechatronics.com\/sk\/wp-json\/wp\/v2\/product\/3712","targetHints":{"allow":["GET"]}}],"collection":[{"href":"https:\/\/ptm-mechatronics.com\/sk\/wp-json\/wp\/v2\/product"}],"about":[{"href":"https:\/\/ptm-mechatronics.com\/sk\/wp-json\/wp\/v2\/types\/product"}],"replies":[{"embeddable":true,"href":"https:\/\/ptm-mechatronics.com\/sk\/wp-json\/wp\/v2\/comments?post=3712"}],"wp:featuredmedia":[{"embeddable":true,"href":"https:\/\/ptm-mechatronics.com\/sk\/wp-json\/wp\/v2\/media\/15365"}],"wp:attachment":[{"href":"https:\/\/ptm-mechatronics.com\/sk\/wp-json\/wp\/v2\/media?parent=3712"}],"wp:term":[{"taxonomy":"product_brand","embeddable":true,"href":"https:\/\/ptm-mechatronics.com\/sk\/wp-json\/wp\/v2\/product_brand?post=3712"},{"taxonomy":"product_cat","embeddable":true,"href":"https:\/\/ptm-mechatronics.com\/sk\/wp-json\/wp\/v2\/product_cat?post=3712"},{"taxonomy":"product_tag","embeddable":true,"href":"https:\/\/ptm-mechatronics.com\/sk\/wp-json\/wp\/v2\/product_tag?post=3712"}],"curies":[{"name":"wp","href":"https:\/\/api.w.org\/{rel}","templated":true}]}}