{"id":3671,"date":"2024-02-07T17:44:30","date_gmt":"2024-02-07T17:44:30","guid":{"rendered":""},"modified":"2025-11-07T15:50:55","modified_gmt":"2025-11-07T14:50:55","slug":"ruehrwelle-fuer-1000-liter-ibc-hightorque-mit-gewindenabe","status":"publish","type":"product","link":"https:\/\/ptm-mechatronics.com\/sk\/product\/ruehrwelle-fuer-1000-liter-ibc-hightorque-mit-gewindenabe\/","title":{"rendered":"Hriade\u013e mie\u0161adla pre 1000-litrov\u00fd IBC HighTorque so z\u00e1vitov\u00fdm n\u00e1bojom"},"content":{"rendered":"<p>Na\u0161e mie\u0161acie hriadele s\u00fa vyroben\u00e9 z vysoko kvalitnej nehrdzavej\u00facej ocele V4A 1.4404. M\u00f4\u017eu by\u0165 namontovan\u00e9 na pohony PTM pomocou patentovan\u00e9ho z\u00e1vitov\u00e9ho n\u00e1boja.<br \/>\nPre ka\u017ed\u00fd pohon m\u00e1me spr\u00e1vny priemer hriade\u013ea. Uistite sa, \u017ee ste si vybrali priemer, ktor\u00fd zodpoved\u00e1 v\u00e1\u0161mu pohonu. Ak m\u00e1te ak\u00e9ko\u013evek ot\u00e1zky, obr\u00e1\u0165te sa na n\u00e1\u0161 z\u00e1kazn\u00edcky servis PTM.<\/p>","protected":false},"excerpt":{"rendered":"<p>Hriade\u013e mie\u0161adla z vysokokvalitnej nehrdzavej\u00facej ocele V4A 1.4404 s patentovan\u00fdm z\u00e1vitov\u00fdm n\u00e1bojom pre pohony PTM; priemer \u230030 mm a d\u013a\u017eka 793 mm od horn\u00e9ho okraja krytu.<\/p>","protected":false},"featured_media":15364,"comment_status":"open","ping_status":"closed","template":"","meta":{"_acf_changed":false},"product_brand":[],"product_cat":[651,595],"product_tag":[],"class_list":{"0":"post-3671","1":"product","2":"type-product","3":"status-publish","4":"has-post-thumbnail","6":"product_cat-ruehrwellen","7":"product_cat-ruehrwerkstechnik","8":"product_shipping_class-karton-paketversand","9":"pa_durchmesser-30mm","10":"pa_gewinde-m27","11":"pa_laenge-ab-deckeloberkante-793mm","12":"pa_material-v4a-edelstahl-1-4404","13":"pa_patentnummer-20-2020-107-557","15":"first","16":"instock","17":"taxable","18":"shipping-taxable","19":"purchasable","20":"product-type-simple"},"bundled_by":["4330"],"bundle_stock_status":"instock","bundle_stock_quantity":null,"bundle_virtual":false,"bundle_layout":"","bundle_add_to_cart_form_location":"","bundle_editable_in_cart":false,"bundle_sold_individually_context":"","bundle_item_grouping":"","bundle_min_size":"","bundle_max_size":"","bundle_price":[],"bundled_items":[],"bundle_sell_ids":[],"exclude_global_add_ons":[],"addons":[],"acf":[],"_links":{"self":[{"href":"https:\/\/ptm-mechatronics.com\/sk\/wp-json\/wp\/v2\/product\/3671","targetHints":{"allow":["GET"]}}],"collection":[{"href":"https:\/\/ptm-mechatronics.com\/sk\/wp-json\/wp\/v2\/product"}],"about":[{"href":"https:\/\/ptm-mechatronics.com\/sk\/wp-json\/wp\/v2\/types\/product"}],"replies":[{"embeddable":true,"href":"https:\/\/ptm-mechatronics.com\/sk\/wp-json\/wp\/v2\/comments?post=3671"}],"wp:featuredmedia":[{"embeddable":true,"href":"https:\/\/ptm-mechatronics.com\/sk\/wp-json\/wp\/v2\/media\/15364"}],"wp:attachment":[{"href":"https:\/\/ptm-mechatronics.com\/sk\/wp-json\/wp\/v2\/media?parent=3671"}],"wp:term":[{"taxonomy":"product_brand","embeddable":true,"href":"https:\/\/ptm-mechatronics.com\/sk\/wp-json\/wp\/v2\/product_brand?post=3671"},{"taxonomy":"product_cat","embeddable":true,"href":"https:\/\/ptm-mechatronics.com\/sk\/wp-json\/wp\/v2\/product_cat?post=3671"},{"taxonomy":"product_tag","embeddable":true,"href":"https:\/\/ptm-mechatronics.com\/sk\/wp-json\/wp\/v2\/product_tag?post=3671"}],"curies":[{"name":"wp","href":"https:\/\/api.w.org\/{rel}","templated":true}]}}