{"id":3499,"date":"2024-02-07T17:44:22","date_gmt":"2024-02-07T17:44:22","guid":{"rendered":""},"modified":"2025-11-07T15:50:53","modified_gmt":"2025-11-07T14:50:53","slug":"becherruehrorgan-eco-cup-500mm-v4a-klappbar-schiebenabe-25mm","status":"publish","type":"product","link":"https:\/\/ptm-mechatronics.com\/sk\/product\/becherruehrorgan-eco-cup-500mm-v4a-klappbar-schiebenabe-25mm\/","title":{"rendered":"Mie\u0161adlo na poh\u00e1re eco-Cup 500mm V4A so z\u00e1vesom, posuvn\u00fd n\u00e1boj 25mm"},"content":{"rendered":"<p>Vretenov\u00e9 mie\u0161adl\u00e1 zabezpe\u010duj\u00fa \u00fa\u010dinn\u00e9, ale jemn\u00e9 mie\u0161anie s minim\u00e1lnym strihom aj pri n\u00edzkych ot\u00e1\u010dkach. Ako n\u00edzkoot\u00e1\u010dkov\u00e9 mie\u0161adl\u00e1 s\u00fa preto ide\u00e1lne pre citliv\u00e9 zmesi. Vytv\u00e1raj\u00fa lamin\u00e1rne pr\u00fadenie s axi\u00e1lnym dopravn\u00fdm spr\u00e1van\u00edm.<\/p>","protected":false},"excerpt":{"rendered":"<p>Mie\u0161adlo na kadi\u010dku s priemerom 500 mm vyroben\u00e9 z vysokokvalitnej nehrdzavej\u00facej ocele V4A 1.4404<\/p>","protected":false},"featured_media":15358,"comment_status":"open","ping_status":"closed","template":"","meta":{"_acf_changed":false},"product_brand":[],"product_cat":[631,595,614],"product_tag":[],"class_list":{"0":"post-3499","1":"product","2":"type-product","3":"status-publish","4":"has-post-thumbnail","6":"product_cat-ruehrorgane","7":"product_cat-ruehrwerkstechnik","8":"product_cat-containerruehrwerke","9":"product_shipping_class-karton-paketversand","10":"pa_behaeltervolumen-ibc","11":"pa_durchmesser-500mm","12":"pa_material-v4a-edelstahl-1-4404","13":"pa_oeffnung-dn160-und-dn225","14":"pa_schiebenabe-25mm","16":"first","17":"instock","18":"taxable","19":"shipping-taxable","20":"purchasable","21":"product-type-simple"},"bundled_by":["4330"],"bundle_stock_status":"instock","bundle_stock_quantity":null,"bundle_virtual":false,"bundle_layout":"","bundle_add_to_cart_form_location":"","bundle_editable_in_cart":false,"bundle_sold_individually_context":"","bundle_item_grouping":"","bundle_min_size":"","bundle_max_size":"","bundle_price":[],"bundled_items":[],"bundle_sell_ids":[],"exclude_global_add_ons":[],"addons":[],"acf":[],"_links":{"self":[{"href":"https:\/\/ptm-mechatronics.com\/sk\/wp-json\/wp\/v2\/product\/3499","targetHints":{"allow":["GET"]}}],"collection":[{"href":"https:\/\/ptm-mechatronics.com\/sk\/wp-json\/wp\/v2\/product"}],"about":[{"href":"https:\/\/ptm-mechatronics.com\/sk\/wp-json\/wp\/v2\/types\/product"}],"replies":[{"embeddable":true,"href":"https:\/\/ptm-mechatronics.com\/sk\/wp-json\/wp\/v2\/comments?post=3499"}],"wp:featuredmedia":[{"embeddable":true,"href":"https:\/\/ptm-mechatronics.com\/sk\/wp-json\/wp\/v2\/media\/15358"}],"wp:attachment":[{"href":"https:\/\/ptm-mechatronics.com\/sk\/wp-json\/wp\/v2\/media?parent=3499"}],"wp:term":[{"taxonomy":"product_brand","embeddable":true,"href":"https:\/\/ptm-mechatronics.com\/sk\/wp-json\/wp\/v2\/product_brand?post=3499"},{"taxonomy":"product_cat","embeddable":true,"href":"https:\/\/ptm-mechatronics.com\/sk\/wp-json\/wp\/v2\/product_cat?post=3499"},{"taxonomy":"product_tag","embeddable":true,"href":"https:\/\/ptm-mechatronics.com\/sk\/wp-json\/wp\/v2\/product_tag?post=3499"}],"curies":[{"name":"wp","href":"https:\/\/api.w.org\/{rel}","templated":true}]}}