{"id":3403,"date":"2024-02-07T17:44:21","date_gmt":"2024-02-07T17:44:21","guid":{"rendered":""},"modified":"2025-11-07T15:50:43","modified_gmt":"2025-11-07T14:50:43","slug":"ruehrwerk-fuer-200-liter-spundfass-antrieb-atex-zone-1","status":"publish","type":"product","link":"https:\/\/ptm-mechatronics.com\/sk\/product\/ruehrwerk-fuer-200-liter-spundfass-antrieb-atex-zone-1\/","title":{"rendered":"Mie\u0161adlo pre 200-litrov\u00fd sud - pohon ATEX z\u00f3na 1"},"content":{"rendered":"<h1 data-start=\"224\" data-end=\"307\"><span style=\"font-size: 75%;\">Pneumatick\u00e9 mie\u0161adlo pre sudy s n\u00e1stavcami - certifikovan\u00e9 pod\u013ea ATEX, robustn\u00e9, flexibiln\u00e9, pripraven\u00e9 na okam\u017eit\u00e9 pou\u017eitie<\/span><\/h1>\n<p data-start=\"309\" data-end=\"686\">V\u00fdkonn\u00e9 pneumatick\u00e9 mie\u0161adlo pre bubny s n\u00e1stavcami je ide\u00e1lne na spo\u013eahliv\u00e9 mie\u0161anie \u0161irokej \u0161k\u00e1ly m\u00e9di\u00ed - od n\u00edzkej a\u017e po vysok\u00fa viskozitu. Nastavite\u013en\u00e1 prie\u010dka z vysokokvalitnej nehrdzavej\u00facej ocele V4A 1.4404 je mimoriadne robustn\u00e1 a d\u00e1 sa flexibilne prisp\u00f4sobi\u0165 priemerom n\u00e1dob od 378 do 613 mm. Syst\u00e9m je bezpe\u010dne upevnen\u00fd na mieste pomocou dvoch r\u00fdchloup\u00ednac\u00edch svoriek.<\/p>\n<p data-start=\"688\" data-end=\"996\">Odvzdu\u0161\u0148ovac\u00ed otvor pod\u013ea DIN 6643 - G3\/4 zost\u00e1va vo\u013ene pr\u00edstupn\u00fd. V\u010faka dod\u00e1van\u00e9mu skl\u00e1paciemu mie\u0161adlu so \u0161ikmou lopatkou je mie\u0161adlo ide\u00e1lne pre 2\u2033 otvory v sudoch. S\u00fa\u010das\u0165ou dod\u00e1vky je zodpovedaj\u00faci mie\u0161ac\u00ed hriade\u013e z nehrdzavej\u00facej ocele - syst\u00e9m je teda pripraven\u00fd na okam\u017eit\u00e9 pou\u017eitie.<\/p>\n<p data-start=\"688\" data-end=\"996\">Pozn\u00e1mka: Bungalovy nie s\u00fa \u0161tandardizovan\u00e9. Pozorne si skontrolujte rozmery a h\u013abku svojho suda. V niektor\u00fdch pr\u00edpadoch m\u00f4\u017ee by\u0165 potrebn\u00e9 prisp\u00f4sobi\u0165 mie\u0161ac\u00ed hriade\u013e. Radi v\u00e1m porad\u00edme osobne.<\/p>\n<p data-start=\"1202\" data-end=\"1247\">Rozsah dod\u00e1vky bez bubna a bez hadice.<\/p>","protected":false},"excerpt":{"rendered":"<p>Pneumatick\u00e9 mie\u0161adlo s prie\u010dnym nosn\u00edkom V4A pre bubny s n\u00e1stavcom, pripraven\u00e9 na okam\u017eit\u00e9 pou\u017eitie, flexibilne nastavite\u013en\u00e9 a ide\u00e1lne pre 2\" otvory bubnov.<\/p>","protected":false},"featured_media":15347,"comment_status":"open","ping_status":"closed","template":"","meta":{"_acf_changed":false},"product_brand":[],"product_cat":[595,603],"product_tag":[],"class_list":{"0":"post-3403","1":"product","2":"type-product","3":"status-publish","4":"has-post-thumbnail","6":"product_cat-ruehrwerkstechnik","7":"product_cat-fassruehrwerke","8":"product_shipping_class-karton-paketversand","9":"pa_antriebsart-pneumatisch","10":"pa_atex-zone-122122","11":"pa_behaeltervolumen-200-liter","12":"pa_dichtung-ptfe","13":"pa_drehmoment-16nm","14":"pa_drehzahl-0-300-1-min","15":"pa_durchmesser-ruehrwelle-20mm","16":"pa_ex-gas-ex-ii-2-g-ex-h-iic-t5-gb-x","17":"pa_ex-staub-ex-ii-2-d-ex-h-iiic-t100c-db-x","18":"pa_geeignete-fassdurchmesser-fuer-60-bis-200-liter-spundfaesser","19":"pa_geraeuschpegel-75db","20":"pa_labs-oel-und-silikonfrei","21":"pa_laenge-ruehrwelle-ca-730mm-ab-deckeloberkante","22":"pa_material-gehaeuse-aluminium-eloxiert","23":"pa_material-traverse-v4a-edelstahl-1-4404","24":"pa_mittlerer-luftverbrauch-100l-min","25":"pa_ruehrorgan-klapp-schraegblattmischer-d200mm","26":"pa_schutzart-ip67","27":"pa_steckverschraubung-abluft-schlauch-o12mm","28":"pa_steckverschraubung-zuluft-schlauch-o8mm","29":"pa_traversenspannweite-zwischen-378-und-613mm-einstellbar","30":"pa_typ-spundfassruehrwerk","31":"pa_typ-traversenruehrwerk","32":"pa_versorgung-5-6bar","34":"first","35":"instock","36":"taxable","37":"shipping-taxable","38":"purchasable","39":"product-type-simple"},"bundled_by":[],"bundle_stock_status":"instock","bundle_stock_quantity":null,"bundle_virtual":false,"bundle_layout":"","bundle_add_to_cart_form_location":"","bundle_editable_in_cart":false,"bundle_sold_individually_context":"","bundle_item_grouping":"","bundle_min_size":"","bundle_max_size":"","bundle_price":[],"bundled_items":[],"bundle_sell_ids":[],"exclude_global_add_ons":[],"addons":[],"acf":[],"_links":{"self":[{"href":"https:\/\/ptm-mechatronics.com\/sk\/wp-json\/wp\/v2\/product\/3403","targetHints":{"allow":["GET"]}}],"collection":[{"href":"https:\/\/ptm-mechatronics.com\/sk\/wp-json\/wp\/v2\/product"}],"about":[{"href":"https:\/\/ptm-mechatronics.com\/sk\/wp-json\/wp\/v2\/types\/product"}],"replies":[{"embeddable":true,"href":"https:\/\/ptm-mechatronics.com\/sk\/wp-json\/wp\/v2\/comments?post=3403"}],"wp:featuredmedia":[{"embeddable":true,"href":"https:\/\/ptm-mechatronics.com\/sk\/wp-json\/wp\/v2\/media\/15347"}],"wp:attachment":[{"href":"https:\/\/ptm-mechatronics.com\/sk\/wp-json\/wp\/v2\/media?parent=3403"}],"wp:term":[{"taxonomy":"product_brand","embeddable":true,"href":"https:\/\/ptm-mechatronics.com\/sk\/wp-json\/wp\/v2\/product_brand?post=3403"},{"taxonomy":"product_cat","embeddable":true,"href":"https:\/\/ptm-mechatronics.com\/sk\/wp-json\/wp\/v2\/product_cat?post=3403"},{"taxonomy":"product_tag","embeddable":true,"href":"https:\/\/ptm-mechatronics.com\/sk\/wp-json\/wp\/v2\/product_tag?post=3403"}],"curies":[{"name":"wp","href":"https:\/\/api.w.org\/{rel}","templated":true}]}}