{"id":3320,"date":"2024-02-07T17:44:20","date_gmt":"2024-02-07T17:44:20","guid":{"rendered":""},"modified":"2026-02-03T10:32:16","modified_gmt":"2026-02-03T09:32:16","slug":"anschlussset-fuer-handruehrer-eco-up","status":"publish","type":"product","link":"https:\/\/ptm-mechatronics.com\/sk\/product\/anschlussset-fuer-handruehrer-eco-up\/","title":{"rendered":"Pripojovacia s\u00faprava pre ru\u010dn\u00fd mix\u00e9r Eco-Up"},"content":{"rendered":"<p>Pripojovacia s\u00faprava s mont\u00e1\u017enou konzolou pozost\u00e1va z pr\u00edvodnej vzduchovej hadice, \u00fadr\u017ebovej jednotky a uzem\u0148ovacieho k\u00e1bla. Umo\u017e\u0148uje r\u00fdchle, bezpe\u010dn\u00e9 a jednoduch\u00e9 pripojenie dvojru\u010dn\u00e9ho mie\u0161a\u010da eco-Up.<\/p>","protected":false},"excerpt":{"rendered":"<p>Praktick\u00e1 pripojovacia s\u00faprava na jednoduch\u00e9 a bezpe\u010dn\u00e9 pripojenie ru\u010dn\u00e9ho mix\u00e9ra eco-Up<\/p>","protected":false},"featured_media":15338,"comment_status":"open","ping_status":"closed","template":"","meta":{"_acf_changed":false},"product_brand":[],"product_cat":[595,600],"product_tag":[],"class_list":{"0":"post-3320","1":"product","2":"type-product","3":"status-publish","4":"has-post-thumbnail","6":"product_cat-ruehrwerkstechnik","7":"product_cat-handruehrer","8":"product_shipping_class-karton-paketversand","9":"pa_atex-elektrisch-leitfaehig","10":"pa_pneumatikanschluss-schnellkupplung-g1-4-nw7-2","11":"pa_schlauchlaenge-5m","13":"first","14":"instock","15":"taxable","16":"shipping-taxable","17":"purchasable","18":"product-type-simple"},"bundled_by":[],"bundle_stock_status":"instock","bundle_stock_quantity":null,"bundle_virtual":false,"bundle_layout":"","bundle_add_to_cart_form_location":"","bundle_editable_in_cart":false,"bundle_sold_individually_context":"","bundle_item_grouping":"","bundle_min_size":"","bundle_max_size":"","bundle_price":[],"bundled_items":[],"bundle_sell_ids":[],"exclude_global_add_ons":[],"addons":[],"acf":[],"_links":{"self":[{"href":"https:\/\/ptm-mechatronics.com\/sk\/wp-json\/wp\/v2\/product\/3320","targetHints":{"allow":["GET"]}}],"collection":[{"href":"https:\/\/ptm-mechatronics.com\/sk\/wp-json\/wp\/v2\/product"}],"about":[{"href":"https:\/\/ptm-mechatronics.com\/sk\/wp-json\/wp\/v2\/types\/product"}],"replies":[{"embeddable":true,"href":"https:\/\/ptm-mechatronics.com\/sk\/wp-json\/wp\/v2\/comments?post=3320"}],"wp:featuredmedia":[{"embeddable":true,"href":"https:\/\/ptm-mechatronics.com\/sk\/wp-json\/wp\/v2\/media\/15338"}],"wp:attachment":[{"href":"https:\/\/ptm-mechatronics.com\/sk\/wp-json\/wp\/v2\/media?parent=3320"}],"wp:term":[{"taxonomy":"product_brand","embeddable":true,"href":"https:\/\/ptm-mechatronics.com\/sk\/wp-json\/wp\/v2\/product_brand?post=3320"},{"taxonomy":"product_cat","embeddable":true,"href":"https:\/\/ptm-mechatronics.com\/sk\/wp-json\/wp\/v2\/product_cat?post=3320"},{"taxonomy":"product_tag","embeddable":true,"href":"https:\/\/ptm-mechatronics.com\/sk\/wp-json\/wp\/v2\/product_tag?post=3320"}],"curies":[{"name":"wp","href":"https:\/\/api.w.org\/{rel}","templated":true}]}}