{"id":3314,"date":"2024-02-07T17:44:20","date_gmt":"2024-02-07T17:44:20","guid":{"rendered":""},"modified":"2025-11-07T15:50:33","modified_gmt":"2025-11-07T14:50:33","slug":"wendelruehrer-abwaertsfoerdernd-fuer-handruehrer-eco-up","status":"publish","type":"product","link":"https:\/\/ptm-mechatronics.com\/sk\/product\/wendelruehrer-abwaertsfoerdernd-fuer-handruehrer-eco-up\/","title":{"rendered":"\u0160pir\u00e1lov\u00e9 mie\u0161adlo s posuvom nadol pre ru\u010dn\u00fd mix\u00e9r Eco-Up"},"content":{"rendered":"<p>\u0160pir\u00e1lov\u00e9 mie\u0161adlo je vyroben\u00e9 z vysoko kvalitnej nehrdzavej\u00facej ocele V4A 1.4301 a m\u00e1 elektrolyticky le\u0161ten\u00fd povrch. Prev\u00e1dza sa axi\u00e1lne s lamin\u00e1rnymi mie\u0161ac\u00edmi vlastnos\u0165ami a je ide\u00e1lne na homogeniz\u00e1ciu vysoko visk\u00f3znych l\u00e1tok. Ako n\u00e1stenn\u00e9 mie\u0161adlo sa \u0161pir\u00e1lov\u00e9 mie\u0161adlo pou\u017e\u00edva aj na proces prenosu tepla.<\/p>","protected":false},"excerpt":{"rendered":"<p>\u0160pir\u00e1lov\u00e9 mie\u0161adlo s priemerom 130 mm vyroben\u00e9 z vysokokvalitnej nehrdzavej\u00facej ocele V4A 1.4301<\/p>","protected":false},"featured_media":15334,"comment_status":"open","ping_status":"closed","template":"","meta":{"_acf_changed":false},"product_brand":[],"product_cat":[595,600,631],"product_tag":[],"class_list":{"0":"post-3314","1":"product","2":"type-product","3":"status-publish","4":"has-post-thumbnail","6":"product_cat-ruehrwerkstechnik","7":"product_cat-handruehrer","8":"product_cat-ruehrorgane","9":"product_shipping_class-karton-paketversand","10":"pa_aufnahme-fuer-ruehrorgan-m14-gewinde","11":"pa_durchmesser-130mm","12":"pa_foerderrichtung-materialabwaertsfoerdernd-fuer-niedrigviskose-medien","13":"pa_laenge-600mm","14":"pa_material-v4a-edelstahl-1-4301","15":"pa_oberflaeche-elektropoliert","17":"first","18":"instock","19":"taxable","20":"shipping-taxable","21":"purchasable","22":"product-type-simple"},"bundled_by":[],"bundle_stock_status":"instock","bundle_stock_quantity":null,"bundle_virtual":false,"bundle_layout":"","bundle_add_to_cart_form_location":"","bundle_editable_in_cart":false,"bundle_sold_individually_context":"","bundle_item_grouping":"","bundle_min_size":"","bundle_max_size":"","bundle_price":[],"bundled_items":[],"bundle_sell_ids":[],"exclude_global_add_ons":[],"addons":[],"acf":[],"_links":{"self":[{"href":"https:\/\/ptm-mechatronics.com\/sk\/wp-json\/wp\/v2\/product\/3314","targetHints":{"allow":["GET"]}}],"collection":[{"href":"https:\/\/ptm-mechatronics.com\/sk\/wp-json\/wp\/v2\/product"}],"about":[{"href":"https:\/\/ptm-mechatronics.com\/sk\/wp-json\/wp\/v2\/types\/product"}],"replies":[{"embeddable":true,"href":"https:\/\/ptm-mechatronics.com\/sk\/wp-json\/wp\/v2\/comments?post=3314"}],"wp:featuredmedia":[{"embeddable":true,"href":"https:\/\/ptm-mechatronics.com\/sk\/wp-json\/wp\/v2\/media\/15334"}],"wp:attachment":[{"href":"https:\/\/ptm-mechatronics.com\/sk\/wp-json\/wp\/v2\/media?parent=3314"}],"wp:term":[{"taxonomy":"product_brand","embeddable":true,"href":"https:\/\/ptm-mechatronics.com\/sk\/wp-json\/wp\/v2\/product_brand?post=3314"},{"taxonomy":"product_cat","embeddable":true,"href":"https:\/\/ptm-mechatronics.com\/sk\/wp-json\/wp\/v2\/product_cat?post=3314"},{"taxonomy":"product_tag","embeddable":true,"href":"https:\/\/ptm-mechatronics.com\/sk\/wp-json\/wp\/v2\/product_tag?post=3314"}],"curies":[{"name":"wp","href":"https:\/\/api.w.org\/{rel}","templated":true}]}}