{"id":3267,"date":"2024-02-07T17:44:19","date_gmt":"2024-02-07T17:44:19","guid":{"rendered":""},"modified":"2026-03-09T10:39:06","modified_gmt":"2026-03-09T09:39:06","slug":"stativ-fuer-laborruehrer-280x280mm","status":"publish","type":"product","link":"https:\/\/ptm-mechatronics.com\/sk\/product\/stativ-fuer-laborruehrer-280x280mm\/","title":{"rendered":"Stojan na laborat\u00f3rne mie\u0161adlo 280x280mm"},"content":{"rendered":"<p>Praktick\u00fd stojan poskytuje stabiln\u00fa a r\u00fdchlu mo\u017enos\u0165 mont\u00e1\u017ee laborat\u00f3rnych mie\u0161adiel a in\u00e9ho laborat\u00f3rneho vybavenia. Zariadenie mo\u017eno flexibilne pripevni\u0165 k stojanu pomocou dvoch skrutkov\u00fdch svoriek, tak\u017ee va\u0161a aplik\u00e1cia je r\u00fdchlo a spo\u013eahlivo pripraven\u00e1 na pou\u017eitie.<\/p>\n<p>Na\u0161e laborat\u00f3rne mie\u0161adl\u00e1 eco-Lab a eco-Lab INOX mo\u017eno v\u010faka integrovanej mont\u00e1\u017enej ty\u010di \u013eahko a priamo namontova\u0165 na stojan. To umo\u017e\u0148uje bezpe\u010dn\u00e9 umiestnenie a pohodln\u00fa manipul\u00e1ciu pre \u0161irok\u00fa \u0161k\u00e1lu laborat\u00f3rnych aplik\u00e1ci\u00ed.<\/p>","protected":false},"excerpt":{"rendered":"<p>Praktick\u00fd ve\u013ek\u00fd stojan na n\u00e1doby s maxim\u00e1lnym priemerom 350 mm vr\u00e1tane dvoch skrutkov\u00fdch svoriek.<\/p>","protected":false},"featured_media":15328,"comment_status":"open","ping_status":"closed","template":"","meta":{"_acf_changed":false},"product_brand":[],"product_cat":[595,596],"product_tag":[],"class_list":{"0":"post-3267","1":"product","2":"type-product","3":"status-publish","4":"has-post-thumbnail","6":"product_cat-ruehrwerkstechnik","7":"product_cat-laborruehrer","8":"product_shipping_class-karton-paketversand","9":"pa_grundflaeche-280x280mm","10":"pa_hoehe-530mm","11":"pa_stabdurchmesser-12mm","13":"first","14":"instock","15":"taxable","16":"shipping-taxable","17":"purchasable","18":"product-type-simple"},"bundled_by":[],"bundle_stock_status":"instock","bundle_stock_quantity":null,"bundle_virtual":false,"bundle_layout":"","bundle_add_to_cart_form_location":"","bundle_editable_in_cart":false,"bundle_sold_individually_context":"","bundle_item_grouping":"","bundle_min_size":"","bundle_max_size":"","bundle_price":[],"bundled_items":[],"bundle_sell_ids":[],"exclude_global_add_ons":[],"addons":[],"acf":[],"_links":{"self":[{"href":"https:\/\/ptm-mechatronics.com\/sk\/wp-json\/wp\/v2\/product\/3267","targetHints":{"allow":["GET"]}}],"collection":[{"href":"https:\/\/ptm-mechatronics.com\/sk\/wp-json\/wp\/v2\/product"}],"about":[{"href":"https:\/\/ptm-mechatronics.com\/sk\/wp-json\/wp\/v2\/types\/product"}],"replies":[{"embeddable":true,"href":"https:\/\/ptm-mechatronics.com\/sk\/wp-json\/wp\/v2\/comments?post=3267"}],"wp:featuredmedia":[{"embeddable":true,"href":"https:\/\/ptm-mechatronics.com\/sk\/wp-json\/wp\/v2\/media\/15328"}],"wp:attachment":[{"href":"https:\/\/ptm-mechatronics.com\/sk\/wp-json\/wp\/v2\/media?parent=3267"}],"wp:term":[{"taxonomy":"product_brand","embeddable":true,"href":"https:\/\/ptm-mechatronics.com\/sk\/wp-json\/wp\/v2\/product_brand?post=3267"},{"taxonomy":"product_cat","embeddable":true,"href":"https:\/\/ptm-mechatronics.com\/sk\/wp-json\/wp\/v2\/product_cat?post=3267"},{"taxonomy":"product_tag","embeddable":true,"href":"https:\/\/ptm-mechatronics.com\/sk\/wp-json\/wp\/v2\/product_tag?post=3267"}],"curies":[{"name":"wp","href":"https:\/\/api.w.org\/{rel}","templated":true}]}}