{"id":3240,"date":"2024-02-07T17:44:19","date_gmt":"2024-02-07T17:44:19","guid":{"rendered":""},"modified":"2026-03-09T10:29:18","modified_gmt":"2026-03-09T09:29:18","slug":"laborruehrer-eco-lab-900g","status":"publish","type":"product","link":"https:\/\/ptm-mechatronics.com\/sk\/product\/laborruehrer-eco-lab-900g\/","title":{"rendered":"laborat\u00f3rne mie\u0161adlo eco-Lab 900G"},"content":{"rendered":"<p data-start=\"211\" data-end=\"592\"><span class=\"_fadeIn_pfttw_8\">Str\u00e1nka <\/span><span class=\"_fadeIn_pfttw_8\">Laborat\u00f3rne mie\u0161adlo <\/span><span class=\"_fadeIn_pfttw_8\">eko-<\/span><span class=\"_fadeIn_pfttw_8\">Laborat\u00f3rium<\/span> <span class=\"_fadeIn_pfttw_8\">je . <\/span><span class=\"_fadeIn_pfttw_8\">s <\/span><span class=\"_fadeIn_pfttw_8\">. <\/span><span class=\"_fadeIn_pfttw_8\">v\u00fdkonn\u00fd <\/span><span class=\"_fadeIn_pfttw_8\">Motor mie\u0161adla <\/span><span class=\"_fadeIn_pfttw_8\">eko<\/span><span class=\"_fadeIn_pfttw_8\">, <\/span><span class=\"_fadeIn_pfttw_8\">jeden <\/span><span class=\"_fadeIn_pfttw_8\">R\u00fdchloup\u00ednacie sk\u013eu\u010dovadlo<\/span> <span class=\"_fadeIn_pfttw_8\">a <\/span><span class=\"_fadeIn_pfttw_8\">Mont\u00e1\u017ena ty\u010d<\/span> <span class=\"_fadeIn_pfttw_8\">vybaven\u00e9 <\/span><span class=\"_fadeIn_pfttw_8\">a <\/span><span class=\"_fadeIn_pfttw_8\">listy <\/span><span class=\"_fadeIn_pfttw_8\">samotn\u00fd <\/span><span class=\"_fadeIn_pfttw_8\">bez n\u00e1mahy <\/span><span class=\"_fadeIn_pfttw_8\">na str\u00e1nke <\/span><span class=\"_fadeIn_pfttw_8\">najrozmanitej\u0161ie <\/span><span class=\"_fadeIn_pfttw_8\">Procesy <\/span><span class=\"_fadeIn_pfttw_8\">integrova\u0165. <\/span><span class=\"_fadeIn_pfttw_8\">V\u010faka <\/span><span class=\"_fadeIn_pfttw_8\">ATEX-<\/span><span class=\"_fadeIn_pfttw_8\">Certifik\u00e1cia <\/span><span class=\"_fadeIn_pfttw_8\">pre <\/span><span class=\"_fadeIn_pfttw_8\">Z\u00f3na <\/span><span class=\"_fadeIn_pfttw_8\">1<\/span> <span class=\"_fadeIn_pfttw_8\">vhodn\u00e9 <\/span><span class=\"_fadeIn_pfttw_8\">samotn\u00fd <\/span><span class=\"_fadeIn_pfttw_8\">. <\/span><span class=\"_fadeIn_pfttw_8\">Mie\u0161adlo <\/span><span class=\"_fadeIn_pfttw_8\">ide\u00e1lne <\/span><span class=\"_fadeIn_pfttw_8\">pre <\/span><span class=\"_fadeIn_pfttw_8\">. <\/span><span class=\"_fadeIn_pfttw_8\">Pou\u017eite <\/span><span class=\"_fadeIn_pfttw_8\">na str\u00e1nke <\/span><span class=\"_fadeIn_pfttw_8\">potenci\u00e1lne v\u00fdbu\u0161n\u00e9 prostredia <\/span><span class=\"_fadeIn_pfttw_8\">Oblasti<\/span> <span class=\"_fadeIn_pfttw_8\">. <\/span><span class=\"_fadeIn_pfttw_8\">Ch\u00e9mia, <\/span><span class=\"_fadeIn_pfttw_8\">Farmaceutick\u00e9 <\/span><span class=\"_fadeIn_pfttw_8\">alebo <\/span><span class=\"_fadeIn_pfttw_8\">Spracovate\u013esk\u00fd priemysel<\/span><span class=\"_fadeIn_pfttw_8\">.<\/span><\/p>\n<p data-start=\"594\" data-end=\"1051\"><span class=\"_fadeIn_pfttw_8\">Jeho <\/span><span class=\"_fadeIn_pfttw_8\">n\u00edzka <\/span><span class=\"_fadeIn_pfttw_8\">\u00darove\u0148 r\u00fdchlosti<\/span> <span class=\"_fadeIn_pfttw_8\">s <\/span><span class=\"_fadeIn_pfttw_8\">v rovnakom \u010dase <\/span><span class=\"_fadeIn_pfttw_8\">ve\u013emi <\/span><span class=\"_fadeIn_pfttw_8\">vysok\u00e1 <\/span><span class=\"_fadeIn_pfttw_8\">Kr\u00fatiaci moment<\/span> <span class=\"_fadeIn_pfttw_8\">poskytuje <\/span><span class=\"_fadeIn_pfttw_8\">pre <\/span><span class=\"_fadeIn_pfttw_8\">jeden <\/span><span class=\"_fadeIn_pfttw_8\">dokonca, <\/span><span class=\"_fadeIn_pfttw_8\">spo\u013eahliv\u00e9 <\/span><span class=\"_fadeIn_pfttw_8\">Mie\u0161anie <\/span><span class=\"_fadeIn_pfttw_8\">v\u0161etky <\/span><span class=\"_fadeIn_pfttw_8\">L\u00e1tky - <\/span><span class=\"_fadeIn_pfttw_8\">z adresy <\/span><span class=\"_fadeIn_pfttw_8\">n\u00edzka viskozita <\/span><span class=\"_fadeIn_pfttw_8\">Kvapaliny <\/span><span class=\"_fadeIn_pfttw_8\">do <\/span><span class=\"_fadeIn_pfttw_8\">na <\/span><span class=\"_fadeIn_pfttw_8\">vysoko visk\u00f3zne <\/span><span class=\"_fadeIn_pfttw_8\">M\u00e9di\u00e1<\/span><span class=\"_fadeIn_pfttw_8\">. <\/span><span class=\"_fadeIn_pfttw_8\">A <\/span><span class=\"_fadeIn_pfttw_8\">integrovanej\u0161\u00ed <\/span><span class=\"_fadeIn_pfttw_8\">Blok pripojenia<\/span> <span class=\"_fadeIn_pfttw_8\">umo\u017e\u0148uje <\/span><span class=\"_fadeIn_pfttw_8\">. <\/span><span class=\"_fadeIn_pfttw_8\">jednoduch\u00fd <\/span><span class=\"_fadeIn_pfttw_8\">Pripojenie <\/span><span class=\"_fadeIn_pfttw_8\">z adresy <\/span><span class=\"_fadeIn_pfttw_8\">Zu- <\/span><span class=\"_fadeIn_pfttw_8\">a <\/span><span class=\"_fadeIn_pfttw_8\">Ods\u00e1van\u00fd vzduch<\/span><span class=\"_fadeIn_pfttw_8\">, <\/span><span class=\"_fadeIn_pfttw_8\">zatia\u013e \u010do <\/span><span class=\"_fadeIn_pfttw_8\">a <\/span><span class=\"_fadeIn_pfttw_8\">Presn\u00fd <\/span><span class=\"_fadeIn_pfttw_8\">Ihlov\u00fd ventil <\/span><span class=\"_fadeIn_pfttw_8\">s <\/span><span class=\"_fadeIn_pfttw_8\">Stupnica<\/span> <span class=\"_fadeIn_pfttw_8\">. <\/span><span class=\"_fadeIn_pfttw_8\">plynul\u00e9 <\/span><span class=\"_fadeIn_pfttw_8\">Regul\u00e1cia r\u00fdchlosti <\/span><span class=\"_fadeIn_pfttw_8\">povolen\u00e9 <\/span><span class=\"_fadeIn_pfttw_8\">a <\/span><span class=\"_fadeIn_pfttw_8\">samotn\u00fd <\/span><span class=\"_fadeIn_pfttw_8\">na <\/span><span class=\"_fadeIn_pfttw_8\">Stla\u010dte tla\u010didlo <\/span><span class=\"_fadeIn_pfttw_8\">bezpe\u010dn\u00e9 <\/span><span class=\"_fadeIn_pfttw_8\">z\u00e1mok<\/span> <span class=\"_fadeIn_pfttw_8\">listy.<\/span><\/p>\n<p data-start=\"1053\" data-end=\"1084\"><span class=\"_fadeIn_pfttw_8\">V\u00fdhody <\/span><span class=\"_fadeIn_pfttw_8\">na str\u00e1nke . <\/span><span class=\"_fadeIn_pfttw_8\">jeden <\/span><span class=\"_fadeIn_pfttw_8\">Zobrazenie:<\/span><\/p>\n<ul>\n<li data-start=\"1087\" data-end=\"1117\"><span class=\"_fadeIn_pfttw_8\">ATEX-<\/span><span class=\"_fadeIn_pfttw_8\">certifikovan\u00e9 <\/span><span class=\"_fadeIn_pfttw_8\">pre <\/span><span class=\"_fadeIn_pfttw_8\">Z\u00f3na <\/span><span class=\"_fadeIn_pfttw_8\">1<\/span><\/li>\n<li data-start=\"1087\" data-end=\"1117\"><span class=\"_fadeIn_pfttw_8\">Efekt\u00edvnej\u0161ie <\/span><span class=\"_fadeIn_pfttw_8\">Motor mie\u0161adla <\/span><span class=\"_fadeIn_pfttw_8\">eko<\/span><\/li>\n<li data-start=\"1087\" data-end=\"1117\"><span class=\"_fadeIn_pfttw_8\">R\u00fdchloup\u00ednacie sk\u013eu\u010dovadlo &amp; <\/span><span class=\"_fadeIn_pfttw_8\">Mont\u00e1\u017ena ty\u010d <\/span><span class=\"_fadeIn_pfttw_8\">inkluz\u00edvne<\/span><\/li>\n<li data-start=\"1087\" data-end=\"1117\"><span class=\"_fadeIn_pfttw_8\">Pre <\/span><span class=\"_fadeIn_pfttw_8\">n\u00edzka <\/span><span class=\"_fadeIn_pfttw_8\">a <\/span><span class=\"_fadeIn_pfttw_8\">vysok\u00e1 viskozita <\/span><span class=\"_fadeIn_pfttw_8\">M\u00e9di\u00e1<\/span><\/li>\n<li data-start=\"1087\" data-end=\"1117\"><span class=\"_fadeIn_pfttw_8\">Vysok\u00fd kr\u00fatiaci moment <\/span><span class=\"_fadeIn_pfttw_8\">s <\/span><span class=\"_fadeIn_pfttw_8\">ni\u017e\u0161ie <\/span><span class=\"_fadeIn_pfttw_8\">R\u00fdchlos\u0165<\/span><\/li>\n<li data-start=\"1087\" data-end=\"1117\"><span class=\"_fadeIn_pfttw_8\">Bezstup\u0148ov\u00fd <\/span><span class=\"_fadeIn_pfttw_8\">Regul\u00e1cia r\u00fdchlosti <\/span><span class=\"_fadeIn_pfttw_8\">s <\/span><span class=\"_fadeIn_pfttw_8\">Ihlov\u00fd ventil<\/span><\/li>\n<li data-start=\"1087\" data-end=\"1117\"><span class=\"_fadeIn_pfttw_8\">Jednoduch\u00e9 <\/span><span class=\"_fadeIn_pfttw_8\">Vzdu\u0161n\u00e9 spojenia <\/span><span class=\"_fadeIn_pfttw_8\">o <\/span><span class=\"_fadeIn_pfttw_8\">Blok pripojenia<\/span><\/li>\n<li data-start=\"1087\" data-end=\"1117\"><span class=\"_fadeIn_pfttw_8\">Bezpe\u010dn\u00e9 <\/span><span class=\"_fadeIn_pfttw_8\">Uzamykate\u013en\u00e1 str\u00e1nka <\/span><span class=\"_fadeIn_pfttw_8\">prostredn\u00edctvom str\u00e1nky . <\/span><span class=\"_fadeIn_pfttw_8\">Tla\u010didlo<\/span><\/li>\n<\/ul>\n<p><span style=\"font-size: 75%;\">Rozsah dod\u00e1vky bez stojana a kontajnera<\/span><\/p>","protected":false},"excerpt":{"rendered":"<p class=\"translation-block\"><span class=\"_fadeIn_pfttw_8\">ATEX-<\/span><span class=\"_fadeIn_pfttw_8\">certifikovan\u00e9 <\/span><span class=\"_fadeIn_pfttw_8\">laborat\u00f3rne mie\u0161adlo<\/span> <span class=\"_fadeIn_pfttw_8\">s <\/span><span class=\"_fadeIn_pfttw_8\">v\u00fdkonn\u00fdm <\/span><span class=\"_fadeIn_pfttw_8\">mie\u0161ac\u00edm motorom<\/span><span class=\"_fadeIn_pfttw_8\">, <\/span><span class=\"_fadeIn_pfttw_8\">r\u00fdchloup\u00ednacie sk\u013eu\u010dovadlo<\/span><span class=\"_fadeIn_pfttw_8\">a <\/span><span class=\"_fadeIn_pfttw_8\">kone\u010dne <\/span><span class=\"_fadeIn_pfttw_8\">nastavite\u013en\u00e9 <\/span><span class=\"_fadeIn_pfttw_8\">r\u00fdchlosti<\/span><span class=\"_fadeIn_pfttw_8\">, <\/span><span class=\"_fadeIn_pfttw_8\">pre <\/span><span class=\"_fadeIn_pfttw_8\">z\u00f3ny n\u00e1chyln\u00e9 na v\u00fdbuch <\/span><span class=\"_fadeIn_pfttw_8\"><\/span><span class=\"_fadeIn_pfttw_8\">z\u00f3ny <\/span><span class=\"_fadeIn_pfttw_8\">ATEX <\/span><span class=\"_fadeIn_pfttw_8\">z\u00f3ny <\/span><span class=\"_fadeIn_pfttw_8\">1, pre<\/span> <span class=\"_fadeIn_pfttw_8\">n\u00edzku <\/span><span class=\"_fadeIn_pfttw_8\">a\u017e <\/span><span class=\"_fadeIn_pfttw_8\">vysok\u00fa <\/span><span class=\"_fadeIn_pfttw_8\">visk\u00f3zitu<\/span><span class=\"_fadeIn_pfttw_8\">l\u00e1tok.<\/span>.<\/p>","protected":false},"featured_media":15322,"comment_status":"open","ping_status":"closed","template":"","meta":{"_acf_changed":false},"product_brand":[],"product_cat":[596,595],"product_tag":[],"class_list":{"0":"post-3240","1":"product","2":"type-product","3":"status-publish","4":"has-post-thumbnail","6":"product_cat-laborruehrer","7":"product_cat-ruehrwerkstechnik","8":"product_shipping_class-karton-paketversand","9":"pa_antriebsart-pneumatisch","10":"pa_atex-zone-122122","11":"pa_dichtung-ptfe","12":"pa_drehmoment-4nm","13":"pa_drehzahl-0-600-1-min","14":"pa_durchmesser-106mm","15":"pa_ex-gas-ex-ii-2-g-ex-h-iic-t5-gb-x","16":"pa_ex-staub-ex-ii-2-d-ex-h-iiic-t100c-db-x","17":"pa_geraeuschpegel-75db","18":"pa_labs-oel-und-silikonfrei","19":"pa_material-gehaeuse-aluminium-eloxiert","20":"pa_mittlerer-luftverbrauch-50l-min","21":"pa_model-eco-lab-900g","22":"pa_montagestab-d12mm","23":"pa_schutzart-ip67","24":"pa_steckverschraubung-abluft-schlauch-o10mm","25":"pa_steckverschraubung-zuluft-schlauch-o6mm","26":"pa_versorgung-5-6bar","28":"first","29":"instock","30":"taxable","31":"shipping-taxable","32":"purchasable","33":"product-type-simple"},"bundled_by":[],"bundle_stock_status":"instock","bundle_stock_quantity":null,"bundle_virtual":false,"bundle_layout":"","bundle_add_to_cart_form_location":"","bundle_editable_in_cart":false,"bundle_sold_individually_context":"","bundle_item_grouping":"","bundle_min_size":"","bundle_max_size":"","bundle_price":[],"bundled_items":[],"bundle_sell_ids":[],"exclude_global_add_ons":[],"addons":[],"acf":[],"_links":{"self":[{"href":"https:\/\/ptm-mechatronics.com\/sk\/wp-json\/wp\/v2\/product\/3240","targetHints":{"allow":["GET"]}}],"collection":[{"href":"https:\/\/ptm-mechatronics.com\/sk\/wp-json\/wp\/v2\/product"}],"about":[{"href":"https:\/\/ptm-mechatronics.com\/sk\/wp-json\/wp\/v2\/types\/product"}],"replies":[{"embeddable":true,"href":"https:\/\/ptm-mechatronics.com\/sk\/wp-json\/wp\/v2\/comments?post=3240"}],"wp:featuredmedia":[{"embeddable":true,"href":"https:\/\/ptm-mechatronics.com\/sk\/wp-json\/wp\/v2\/media\/15322"}],"wp:attachment":[{"href":"https:\/\/ptm-mechatronics.com\/sk\/wp-json\/wp\/v2\/media?parent=3240"}],"wp:term":[{"taxonomy":"product_brand","embeddable":true,"href":"https:\/\/ptm-mechatronics.com\/sk\/wp-json\/wp\/v2\/product_brand?post=3240"},{"taxonomy":"product_cat","embeddable":true,"href":"https:\/\/ptm-mechatronics.com\/sk\/wp-json\/wp\/v2\/product_cat?post=3240"},{"taxonomy":"product_tag","embeddable":true,"href":"https:\/\/ptm-mechatronics.com\/sk\/wp-json\/wp\/v2\/product_tag?post=3240"}],"curies":[{"name":"wp","href":"https:\/\/api.w.org\/{rel}","templated":true}]}}