{"id":15710,"date":"2025-12-01T09:36:52","date_gmt":"2025-12-01T08:36:52","guid":{"rendered":"https:\/\/ptm-mechatronics.com\/?post_type=product&#038;p=15710"},"modified":"2026-01-21T09:12:13","modified_gmt":"2026-01-21T08:12:13","slug":"fasspumpe-hygienic-design-max-foerderleistung","status":"publish","type":"product","link":"https:\/\/ptm-mechatronics.com\/sk\/product\/fasspumpe-hygienic-design-max-foerderleistung\/","title":{"rendered":"Bubnov\u00e9 \u010derpadlo Hygienick\u00fd dizajn 0,8 bar"},"content":{"rendered":"<h1 data-start=\"227\" data-end=\"303\"><span style=\"font-size: 75%;\">S\u00faprava bubnov\u00e9ho \u010derpadla s hygienick\u00fdm dizajnom pre maxim\u00e1lnu kapacitu dod\u00e1vky<\/span><\/h1>\n<p>Toto v\u00fdkonn\u00e9 bubnov\u00e9 \u010derpadlo s hygienick\u00fdm dizajnom bolo \u0161peci\u00e1lne vyvinut\u00e9 pre hygienicky n\u00e1ro\u010dn\u00e9 aplik\u00e1cie a sp\u00e1ja maxim\u00e1lny v\u00fdkon so spo\u013eahlivou prev\u00e1dzkovou bezpe\u010dnos\u0165ou. V\u00fdkonn\u00fd striedav\u00fd motor (850 W, 230 V, 8500 ot.\/min.) je vybaven\u00fd ochranou proti tepeln\u00e9mu pre\u0165a\u017eeniu, podp\u00e4\u0165ovou ochranou v s\u00falade so smernicou o strojov\u00fdch zariadeniach 2006\/42\/ES a stup\u0148om krytia IP24 - ide\u00e1lny na pou\u017eitie v citliv\u00fdch oblastiach, ako je potravin\u00e1rsky, kozmetick\u00fd alebo farmaceutick\u00fd priemysel.<\/p>\n<p>\u010cerpacia jednotka je vyroben\u00e1 z vysokokvalitnej nehrdzavej\u00facej ocele (1.4571) a m\u00e1 odoln\u00e9 uhl\u00edkovo-keramick\u00e9\/A4\/FKM mechanick\u00e9 tesnenie a axi\u00e1lne prietokov\u00e9 obe\u017en\u00e9 koleso. H\u013abka ponoru je 1000 mm s priemerom potrubia 40 mm. Syst\u00e9m m\u00e1 certifik\u00e1t ATEX pre z\u00f3nu II 1\/2 G IIB T3, a preto je vhodn\u00fd aj do prostredia s nebezpe\u010denstvom v\u00fdbuchu.<\/p>\n<p>Sada pr\u00edslu\u0161enstva obsahuje v\u0161etky potrebn\u00e9 komponenty na okam\u017eit\u00e9 spustenie:<\/p>\n<ul>\n<li>2 m PVC textiln\u00e1 hadica DN25<\/li>\n<li>2x hadicov\u00e9 spojky z nehrdzavej\u00facej ocele DN25<\/li>\n<li>2x hadicov\u00e9 svorky z nehrdzavej\u00facej ocele<\/li>\n<li>1x benz\u00ednov\u00e1 tryska z nehrdzavej\u00facej ocele\/PTFE<\/li>\n<li>1x adapt\u00e9r na hlave\u0148 PP<\/li>\n<li>1x n\u00e1stenn\u00fd dr\u017eiak<\/li>\n<\/ul>","protected":false},"excerpt":{"rendered":"<p>Bubnov\u00e9 \u010derpadlo s hygienick\u00fdm dizajnom, 850 W motorom, \u010derpadlovou jednotkou z nehrdzavej\u00facej ocele a s\u00fapravou pr\u00edslu\u0161enstva pre hygienicky citliv\u00e9 aplik\u00e1cie s vysokou v\u00fdtla\u010dnou r\u00fdchlos\u0165ou.<\/p>","protected":false},"featured_media":15716,"comment_status":"closed","ping_status":"closed","template":"","meta":{"_acf_changed":false},"product_brand":[],"product_cat":[3206,3224,3266],"product_tag":[3252,3253,3254,3255,3227,3248,3249,3250,3251],"class_list":{"0":"post-15710","1":"product","2":"type-product","3":"status-publish","4":"has-post-thumbnail","6":"product_cat-pumpentechnik","7":"product_cat-fasspumpen","8":"product_cat-hygienic-design-pumpen","9":"product_tag-zapfpistole-pvdf-fep","10":"product_tag-schlauch-dn25-chemie","11":"product_tag-fasspumpe-aggressiv","12":"product_tag-pumpwerk-dl-pvdf-hc","13":"product_tag-fasspumpen-komplettset","14":"product_tag-chemie-fasspumpe","15":"product_tag-fasspumpen-set-chemikalien","16":"product_tag-pvdf-pumpe","17":"product_tag-hastelloy-c-pumpwerk","18":"product_shipping_class-karton-paketversand","19":"pa_dichtung-kohle-keramik-a4-fkm","20":"pa_foerderleistung-max-100-l-min","21":"pa_leistung-850-watt","22":"pa_material-edelstahl","23":"pa_schutzart-ip24","24":"pa_spannung-230v","26":"first","27":"instock","28":"taxable","29":"shipping-taxable","30":"purchasable","31":"product-type-simple"},"bundled_by":[],"bundle_stock_status":"instock","bundle_stock_quantity":null,"bundle_virtual":false,"bundle_layout":"","bundle_add_to_cart_form_location":"","bundle_editable_in_cart":false,"bundle_sold_individually_context":"","bundle_item_grouping":"","bundle_min_size":"","bundle_max_size":"","bundle_price":[],"bundled_items":[],"bundle_sell_ids":[],"exclude_global_add_ons":[],"addons":[],"acf":[],"_links":{"self":[{"href":"https:\/\/ptm-mechatronics.com\/sk\/wp-json\/wp\/v2\/product\/15710","targetHints":{"allow":["GET"]}}],"collection":[{"href":"https:\/\/ptm-mechatronics.com\/sk\/wp-json\/wp\/v2\/product"}],"about":[{"href":"https:\/\/ptm-mechatronics.com\/sk\/wp-json\/wp\/v2\/types\/product"}],"replies":[{"embeddable":true,"href":"https:\/\/ptm-mechatronics.com\/sk\/wp-json\/wp\/v2\/comments?post=15710"}],"wp:featuredmedia":[{"embeddable":true,"href":"https:\/\/ptm-mechatronics.com\/sk\/wp-json\/wp\/v2\/media\/15716"}],"wp:attachment":[{"href":"https:\/\/ptm-mechatronics.com\/sk\/wp-json\/wp\/v2\/media?parent=15710"}],"wp:term":[{"taxonomy":"product_brand","embeddable":true,"href":"https:\/\/ptm-mechatronics.com\/sk\/wp-json\/wp\/v2\/product_brand?post=15710"},{"taxonomy":"product_cat","embeddable":true,"href":"https:\/\/ptm-mechatronics.com\/sk\/wp-json\/wp\/v2\/product_cat?post=15710"},{"taxonomy":"product_tag","embeddable":true,"href":"https:\/\/ptm-mechatronics.com\/sk\/wp-json\/wp\/v2\/product_tag?post=15710"}],"curies":[{"name":"wp","href":"https:\/\/api.w.org\/{rel}","templated":true}]}}