{"id":15639,"date":"2025-11-21T09:23:17","date_gmt":"2025-11-21T08:23:17","guid":{"rendered":"https:\/\/ptm-mechatronics.com\/?post_type=product&#038;p=15639"},"modified":"2025-12-01T09:32:34","modified_gmt":"2025-12-01T08:32:34","slug":"pumpwerk-fuer-faesser-atex","status":"publish","type":"product","link":"https:\/\/ptm-mechatronics.com\/sk\/product\/pumpwerk-fuer-faesser-atex\/","title":{"rendered":"\u010cerpacia stanica pre sudy, ATEX"},"content":{"rendered":"<h1 data-start=\"242\" data-end=\"330\"><span style=\"font-size: 75%;\"><strong data-start=\"242\" data-end=\"330\">\u010cerpacia stanica 1 000 mm pre sudy<br \/>\n<\/strong><\/span><span style=\"font-size: 75%;\">- ATEX II 1\/2 G IIB T4, bez tesnenia, axi\u00e1lny, hriade\u013e z nehrdzavej\u00facej ocele<\/span><\/h1>\n<p>\u010cerpacia stanica bola \u0161peci\u00e1lne vyvinut\u00e1 na pou\u017eitie v prostred\u00ed s nebezpe\u010denstvom v\u00fdbuchu.<\/p>\n<p>V\u010faka certifik\u00e1cii ATEX II 1\/2 G IIB T4 sp\u013a\u0148a najvy\u0161\u0161ie bezpe\u010dnostn\u00e9 po\u017eiadavky a je ide\u00e1lne vhodn\u00fd pre hor\u013eav\u00e9 kvapaliny. Puzdro a hriade\u013e s\u00fa vyroben\u00e9 z vysoko kvalitnej nehrdzavej\u00facej ocele V2A (Niro), ktor\u00e1 poskytuje maxim\u00e1lnu odolnos\u0165 a hygienu. Axi\u00e1lne vedenie a beztesnov\u00e1 kon\u0161trukcia zabezpe\u010duj\u00fa rovnomern\u00fd pr\u00edvod m\u00e9di\u00ed s minim\u00e1lnou \u00fadr\u017ebou - ide\u00e1lne pre priemyseln\u00e9 aplik\u00e1cie s rozp\u00fa\u0161\u0165adlami a in\u00fdmi nebezpe\u010dn\u00fdmi l\u00e1tkami.<\/p>\n<p>Rozsah dod\u00e1vky bez motora<\/p>","protected":false},"excerpt":{"rendered":"<p>\u010cerpacia jednotka z nehrdzavej\u00facej ocele s certifik\u00e1tom ATEX, bez tesnenia a s axi\u00e1lnym v\u00fdtlakom - pre hor\u013eav\u00e9 m\u00e9di\u00e1 a potenci\u00e1lne v\u00fdbu\u0161n\u00e9 z\u00f3ny.<\/p>","protected":false},"featured_media":15708,"comment_status":"closed","ping_status":"closed","template":"","meta":{"_acf_changed":false},"product_brand":[],"product_cat":[3206,3224],"product_tag":[],"class_list":{"0":"post-15639","1":"product","2":"type-product","3":"status-publish","4":"has-post-thumbnail","6":"product_cat-pumpentechnik","7":"product_cat-fasspumpen","8":"product_shipping_class-karton-paketversand","9":"pa_laenge-1000mm","10":"pa_material-edelstahl","12":"first","13":"instock","14":"taxable","15":"shipping-taxable","16":"purchasable","17":"product-type-simple"},"bundled_by":[],"bundle_stock_status":"instock","bundle_stock_quantity":null,"bundle_virtual":false,"bundle_layout":"","bundle_add_to_cart_form_location":"","bundle_editable_in_cart":false,"bundle_sold_individually_context":"","bundle_item_grouping":"","bundle_min_size":"","bundle_max_size":"","bundle_price":[],"bundled_items":[],"bundle_sell_ids":[],"exclude_global_add_ons":[],"addons":[],"acf":[],"_links":{"self":[{"href":"https:\/\/ptm-mechatronics.com\/sk\/wp-json\/wp\/v2\/product\/15639","targetHints":{"allow":["GET"]}}],"collection":[{"href":"https:\/\/ptm-mechatronics.com\/sk\/wp-json\/wp\/v2\/product"}],"about":[{"href":"https:\/\/ptm-mechatronics.com\/sk\/wp-json\/wp\/v2\/types\/product"}],"replies":[{"embeddable":true,"href":"https:\/\/ptm-mechatronics.com\/sk\/wp-json\/wp\/v2\/comments?post=15639"}],"wp:featuredmedia":[{"embeddable":true,"href":"https:\/\/ptm-mechatronics.com\/sk\/wp-json\/wp\/v2\/media\/15708"}],"wp:attachment":[{"href":"https:\/\/ptm-mechatronics.com\/sk\/wp-json\/wp\/v2\/media?parent=15639"}],"wp:term":[{"taxonomy":"product_brand","embeddable":true,"href":"https:\/\/ptm-mechatronics.com\/sk\/wp-json\/wp\/v2\/product_brand?post=15639"},{"taxonomy":"product_cat","embeddable":true,"href":"https:\/\/ptm-mechatronics.com\/sk\/wp-json\/wp\/v2\/product_cat?post=15639"},{"taxonomy":"product_tag","embeddable":true,"href":"https:\/\/ptm-mechatronics.com\/sk\/wp-json\/wp\/v2\/product_tag?post=15639"}],"curies":[{"name":"wp","href":"https:\/\/api.w.org\/{rel}","templated":true}]}}