{"id":15638,"date":"2025-11-21T09:19:29","date_gmt":"2025-11-21T08:19:29","guid":{"rendered":"https:\/\/ptm-mechatronics.com\/?post_type=product&#038;p=15638"},"modified":"2025-12-01T09:27:19","modified_gmt":"2025-12-01T08:27:19","slug":"pumpwerk-fuer-faesser-oele-neutrale-fluessigkeiten","status":"publish","type":"product","link":"https:\/\/ptm-mechatronics.com\/sk\/product\/pumpwerk-fuer-faesser-oele-neutrale-fluessigkeiten\/","title":{"rendered":"\u010cerpacia stanica na sudy, oleje\/neutr\u00e1lne kvapaliny"},"content":{"rendered":"<h1 data-start=\"242\" data-end=\"330\"><span style=\"font-size: 75%;\"><strong data-start=\"242\" data-end=\"330\">\u010cerpacia stanica 1 000 mm pre sudy<br \/>\n<\/strong><\/span><span style=\"font-size: 75%;\">- Beztesnov\u00e1 axi\u00e1lna hriade\u013e z nehrdzavej\u00facej ocele<\/span><\/h1>\n<p>\u010cerpacia stanica je robustn\u00fdm rie\u0161en\u00edm na \u010derpanie olejov a neutr\u00e1lnych kvapal\u00edn s n\u00edzkymi n\u00e1rokmi na \u00fadr\u017ebu.<\/p>\n<p>Jeho vysokokvalitn\u00e9 hlin\u00edkov\u00e9 puzdro zaru\u010duje vysok\u00fa mechanick\u00fa nosnos\u0165, zatia\u013e \u010do hnac\u00ed hriade\u013e z nehrdzavej\u00facej ocele poskytuje spo\u013eahliv\u00fa ochranu proti kor\u00f3zii. Axi\u00e1lna kon\u0161trukcia \u010derpadla umo\u017e\u0148uje rovnomern\u00e9 a efekt\u00edvne \u010derpanie m\u00e9dia. V\u010faka kon\u0161trukcii bez tesnenia je \u010derpacia stanica prakticky bez\u00fadr\u017ebov\u00e1 - ide\u00e1lna na dlhodob\u00e9 pou\u017e\u00edvanie v diel\u0148ach, priemysle alebo v\u00fdrobe.<\/p>\n<p>\u010cerpacia jednotka je kompatibiln\u00e1 so syst\u00e9mom bubnov\u00fdch \u010derpadiel na oleje a neutr\u00e1lne kvapaliny od spolo\u010dnosti PTM mechatronics a umo\u017e\u0148uje r\u00fdchlu v\u00fdmenu pre r\u00f4zne aplik\u00e1cie alebo m\u00e9di\u00e1.<\/p>\n<p>Rozsah dod\u00e1vky bez motora<\/p>","protected":false},"excerpt":{"rendered":"<p>Beztesnov\u00e1 hlin\u00edkov\u00e1 \u010derpacia jednotka s hriade\u013eom z nehrdzavej\u00facej ocele na spo\u013eahliv\u00e9 \u010derpanie oleja a neutr\u00e1lnych m\u00e9di\u00ed.<\/p>","protected":false},"featured_media":15706,"comment_status":"closed","ping_status":"closed","template":"","meta":{"_acf_changed":false},"product_brand":[],"product_cat":[3206,3224],"product_tag":[],"class_list":{"0":"post-15638","1":"product","2":"type-product","3":"status-publish","4":"has-post-thumbnail","6":"product_cat-pumpentechnik","7":"product_cat-fasspumpen","8":"product_shipping_class-karton-paketversand","9":"pa_laenge-1000mm","10":"pa_material-edelstahl","11":"pa_material-alu","13":"first","14":"instock","15":"taxable","16":"shipping-taxable","17":"purchasable","18":"product-type-simple"},"bundled_by":[],"bundle_stock_status":"instock","bundle_stock_quantity":null,"bundle_virtual":false,"bundle_layout":"","bundle_add_to_cart_form_location":"","bundle_editable_in_cart":false,"bundle_sold_individually_context":"","bundle_item_grouping":"","bundle_min_size":"","bundle_max_size":"","bundle_price":[],"bundled_items":[],"bundle_sell_ids":[],"exclude_global_add_ons":[],"addons":[],"acf":[],"_links":{"self":[{"href":"https:\/\/ptm-mechatronics.com\/sk\/wp-json\/wp\/v2\/product\/15638","targetHints":{"allow":["GET"]}}],"collection":[{"href":"https:\/\/ptm-mechatronics.com\/sk\/wp-json\/wp\/v2\/product"}],"about":[{"href":"https:\/\/ptm-mechatronics.com\/sk\/wp-json\/wp\/v2\/types\/product"}],"replies":[{"embeddable":true,"href":"https:\/\/ptm-mechatronics.com\/sk\/wp-json\/wp\/v2\/comments?post=15638"}],"wp:featuredmedia":[{"embeddable":true,"href":"https:\/\/ptm-mechatronics.com\/sk\/wp-json\/wp\/v2\/media\/15706"}],"wp:attachment":[{"href":"https:\/\/ptm-mechatronics.com\/sk\/wp-json\/wp\/v2\/media?parent=15638"}],"wp:term":[{"taxonomy":"product_brand","embeddable":true,"href":"https:\/\/ptm-mechatronics.com\/sk\/wp-json\/wp\/v2\/product_brand?post=15638"},{"taxonomy":"product_cat","embeddable":true,"href":"https:\/\/ptm-mechatronics.com\/sk\/wp-json\/wp\/v2\/product_cat?post=15638"},{"taxonomy":"product_tag","embeddable":true,"href":"https:\/\/ptm-mechatronics.com\/sk\/wp-json\/wp\/v2\/product_tag?post=15638"}],"curies":[{"name":"wp","href":"https:\/\/api.w.org\/{rel}","templated":true}]}}