{"id":15637,"date":"2025-11-21T09:16:10","date_gmt":"2025-11-21T08:16:10","guid":{"rendered":"https:\/\/ptm-mechatronics.com\/?post_type=product&#038;p=15637"},"modified":"2025-11-28T11:27:31","modified_gmt":"2025-11-28T10:27:31","slug":"pumpwerk-fuer-faesser-chemikalien","status":"publish","type":"product","link":"https:\/\/ptm-mechatronics.com\/sk\/product\/pumpwerk-fuer-faesser-chemikalien\/","title":{"rendered":"\u010cerpacia stanica pre sudy, chemik\u00e1lie"},"content":{"rendered":"<h1 data-start=\"242\" data-end=\"330\"><span style=\"font-size: 75%;\"><strong data-start=\"242\" data-end=\"330\">\u010cerpacia stanica 1 000 mm pre sudy<br \/>\n<\/strong><\/span><span style=\"font-size: 75%;\">- bez tesnenia, axi\u00e1lny, Hastelloy hriade\u013e<\/span><\/h1>\n<p>\u010cerpacia stanica bola \u0161peci\u00e1lne vyvinut\u00e1 na bezpe\u010dn\u00e9 a bez\u00fadr\u017ebov\u00e9 pou\u017e\u00edvanie v chemick\u00fdch aplik\u00e1ci\u00e1ch.<\/p>\n<p>Puzdro je vyroben\u00e9 z extr\u00e9mne odoln\u00e9ho PVDF (polyvinylid\u00e9nfluorid) a odol\u00e1va aj ve\u013emi agres\u00edvnym chemik\u00e1li\u00e1m. Axi\u00e1lne \u010derpanie umo\u017e\u0148uje rovnomern\u00e9 a efekt\u00edvne \u010derpanie m\u00e9dia, zatia\u013e \u010do hnac\u00ed hriade\u013e z materi\u00e1lu Hastelloy (HC) zabezpe\u010duje maxim\u00e1lnu odolnos\u0165 proti kor\u00f3zii. V\u010faka kon\u0161trukcii bez tesnenia je \u010derpacia jednotka prakticky bez\u00fadr\u017ebov\u00e1 a ide\u00e1lna do n\u00e1ro\u010dn\u00fdch laborat\u00f3rnych a priemyseln\u00fdch prostred\u00ed.<\/p>\n<p>Rozsah dod\u00e1vky bez motora<\/p>","protected":false},"excerpt":{"rendered":"<p>Beztesnov\u00e1 \u010derpacia jednotka z PVDF s hriade\u013eom z Hastelloy a axi\u00e1lnym v\u00fdtlakom - ide\u00e1lna pre vysoko agres\u00edvne chemik\u00e1lie.<\/p>","protected":false},"featured_media":15689,"comment_status":"closed","ping_status":"closed","template":"","meta":{"_acf_changed":false},"product_brand":[],"product_cat":[3206,3224],"product_tag":[],"class_list":{"0":"post-15637","1":"product","2":"type-product","3":"status-publish","4":"has-post-thumbnail","6":"product_cat-pumpentechnik","7":"product_cat-fasspumpen","8":"product_shipping_class-karton-paketversand","9":"pa_laenge-1000mm","10":"pa_material-hastelloy-c","11":"pa_material-polyvinylidenfluorid-pvdf","13":"first","14":"instock","15":"taxable","16":"shipping-taxable","17":"purchasable","18":"product-type-simple"},"bundled_by":[],"bundle_stock_status":"instock","bundle_stock_quantity":null,"bundle_virtual":false,"bundle_layout":"","bundle_add_to_cart_form_location":"","bundle_editable_in_cart":false,"bundle_sold_individually_context":"","bundle_item_grouping":"","bundle_min_size":"","bundle_max_size":"","bundle_price":[],"bundled_items":[],"bundle_sell_ids":[],"exclude_global_add_ons":[],"addons":[],"acf":[],"_links":{"self":[{"href":"https:\/\/ptm-mechatronics.com\/sk\/wp-json\/wp\/v2\/product\/15637","targetHints":{"allow":["GET"]}}],"collection":[{"href":"https:\/\/ptm-mechatronics.com\/sk\/wp-json\/wp\/v2\/product"}],"about":[{"href":"https:\/\/ptm-mechatronics.com\/sk\/wp-json\/wp\/v2\/types\/product"}],"replies":[{"embeddable":true,"href":"https:\/\/ptm-mechatronics.com\/sk\/wp-json\/wp\/v2\/comments?post=15637"}],"wp:featuredmedia":[{"embeddable":true,"href":"https:\/\/ptm-mechatronics.com\/sk\/wp-json\/wp\/v2\/media\/15689"}],"wp:attachment":[{"href":"https:\/\/ptm-mechatronics.com\/sk\/wp-json\/wp\/v2\/media?parent=15637"}],"wp:term":[{"taxonomy":"product_brand","embeddable":true,"href":"https:\/\/ptm-mechatronics.com\/sk\/wp-json\/wp\/v2\/product_brand?post=15637"},{"taxonomy":"product_cat","embeddable":true,"href":"https:\/\/ptm-mechatronics.com\/sk\/wp-json\/wp\/v2\/product_cat?post=15637"},{"taxonomy":"product_tag","embeddable":true,"href":"https:\/\/ptm-mechatronics.com\/sk\/wp-json\/wp\/v2\/product_tag?post=15637"}],"curies":[{"name":"wp","href":"https:\/\/api.w.org\/{rel}","templated":true}]}}