{"id":15636,"date":"2025-11-21T09:08:42","date_gmt":"2025-11-21T08:08:42","guid":{"rendered":"https:\/\/ptm-mechatronics.com\/?post_type=product&#038;p=15636"},"modified":"2025-11-28T11:26:31","modified_gmt":"2025-11-28T10:26:31","slug":"pumpwerk-fuer-faesser-konzentrierte-saeuren-laugen","status":"publish","type":"product","link":"https:\/\/ptm-mechatronics.com\/sk\/product\/pumpwerk-fuer-faesser-konzentrierte-saeuren-laugen\/","title":{"rendered":"\u010cerpacia stanica pre sudy, koncentrovan\u00e9 kyseliny\/alk\u00e1lie"},"content":{"rendered":"<h1 data-start=\"242\" data-end=\"330\"><span style=\"font-size: 75%;\"><strong data-start=\"242\" data-end=\"330\">\u010cerpacia stanica 1 000 mm pre sudy<br \/>\n<\/strong><\/span><span style=\"font-size: 75%;\">- Beztesnov\u00e1, radi\u00e1lna, hriade\u013e z Hastelloy<\/span><\/h1>\n<p>\u010cerpacia stanica s radi\u00e1lnou v\u00fdtla\u010dnou charakteristikou je ide\u00e1lnym rie\u0161en\u00edm na bezpe\u010dn\u00fa a bez\u00fadr\u017ebov\u00fa manipul\u00e1ciu s chemicky agres\u00edvnymi m\u00e9diami s n\u00edzkou viskozitou.<\/p>\n<p>Puzdro je vyroben\u00e9 z polypropyl\u00e9nu (PP) odoln\u00e9ho vo\u010di chemik\u00e1li\u00e1m, zatia\u013e \u010do robustn\u00fd hnac\u00ed hriade\u013e z vysoko v\u00fdkonn\u00e9ho Hastelloy (HC) poskytuje vynikaj\u00facu ochranu proti kor\u00f3zii aj v extr\u00e9mnych podmienkach. Kon\u0161trukcia bez tesnenia minimalizuje po\u017eiadavky na \u00fadr\u017ebu a prestoje - ide\u00e1lna pre n\u00e1ro\u010dn\u00e9 priemyseln\u00e9 aplik\u00e1cie.<\/p>\n<p>Rozsah dod\u00e1vky bez motora<\/p>","protected":false},"excerpt":{"rendered":"<p>Beztesnov\u00e1 PP \u010derpacia stanica s hriade\u013eom z Hastelloy a radi\u00e1lnym v\u00fdtlakom pre agres\u00edvne chemick\u00e9 m\u00e9di\u00e1.<\/p>","protected":false},"featured_media":15696,"comment_status":"closed","ping_status":"closed","template":"","meta":{"_acf_changed":false},"product_brand":[],"product_cat":[3206,3224],"product_tag":[],"class_list":{"0":"post-15636","1":"product","2":"type-product","3":"status-publish","4":"has-post-thumbnail","6":"product_cat-pumpentechnik","7":"product_cat-fasspumpen","8":"product_shipping_class-karton-paketversand","9":"pa_laenge-1000mm","10":"pa_material-hastelloy-c","11":"pa_material-polypropylen-pp","13":"first","14":"instock","15":"taxable","16":"shipping-taxable","17":"purchasable","18":"product-type-simple"},"bundled_by":[],"bundle_stock_status":"instock","bundle_stock_quantity":null,"bundle_virtual":false,"bundle_layout":"","bundle_add_to_cart_form_location":"","bundle_editable_in_cart":false,"bundle_sold_individually_context":"","bundle_item_grouping":"","bundle_min_size":"","bundle_max_size":"","bundle_price":[],"bundled_items":[],"bundle_sell_ids":[],"exclude_global_add_ons":[],"addons":[],"acf":[],"_links":{"self":[{"href":"https:\/\/ptm-mechatronics.com\/sk\/wp-json\/wp\/v2\/product\/15636","targetHints":{"allow":["GET"]}}],"collection":[{"href":"https:\/\/ptm-mechatronics.com\/sk\/wp-json\/wp\/v2\/product"}],"about":[{"href":"https:\/\/ptm-mechatronics.com\/sk\/wp-json\/wp\/v2\/types\/product"}],"replies":[{"embeddable":true,"href":"https:\/\/ptm-mechatronics.com\/sk\/wp-json\/wp\/v2\/comments?post=15636"}],"wp:featuredmedia":[{"embeddable":true,"href":"https:\/\/ptm-mechatronics.com\/sk\/wp-json\/wp\/v2\/media\/15696"}],"wp:attachment":[{"href":"https:\/\/ptm-mechatronics.com\/sk\/wp-json\/wp\/v2\/media?parent=15636"}],"wp:term":[{"taxonomy":"product_brand","embeddable":true,"href":"https:\/\/ptm-mechatronics.com\/sk\/wp-json\/wp\/v2\/product_brand?post=15636"},{"taxonomy":"product_cat","embeddable":true,"href":"https:\/\/ptm-mechatronics.com\/sk\/wp-json\/wp\/v2\/product_cat?post=15636"},{"taxonomy":"product_tag","embeddable":true,"href":"https:\/\/ptm-mechatronics.com\/sk\/wp-json\/wp\/v2\/product_tag?post=15636"}],"curies":[{"name":"wp","href":"https:\/\/api.w.org\/{rel}","templated":true}]}}