{"id":15634,"date":"2025-11-20T15:34:25","date_gmt":"2025-11-20T14:34:25","guid":{"rendered":"https:\/\/ptm-mechatronics.com\/?post_type=product&#038;p=15634"},"modified":"2025-11-28T11:25:48","modified_gmt":"2025-11-28T10:25:48","slug":"pumpwerk-fuer-faesser-verduennte-saeuren-laugen","status":"publish","type":"product","link":"https:\/\/ptm-mechatronics.com\/sk\/product\/pumpwerk-fuer-faesser-verduennte-saeuren-laugen\/","title":{"rendered":"\u010cerpacia stanica pre sudy, zrieden\u00e9 kyseliny\/alk\u00e1lie"},"content":{"rendered":"<h1 data-start=\"242\" data-end=\"330\"><span style=\"font-size: 75%;\"><strong data-start=\"242\" data-end=\"330\">\u010cerpacia stanica 1 000 mm pre sudy<br \/>\n<\/strong><\/span><span style=\"font-size: 75%;\">- Beztesnov\u00e1 axi\u00e1lna hriade\u013e z nehrdzavej\u00facej ocele<\/span><\/h1>\n<p>Robustn\u00e1 bubnov\u00e1 \u010derpacia jednotka bez tesnenia je vhodn\u00e1 na spo\u013eahliv\u00e9 pou\u017eitie v chemick\u00fdch a priemyseln\u00fdch aplik\u00e1ci\u00e1ch.<\/p>\n<p>Kryt je vyroben\u00fd z polypropyl\u00e9nu (PP) odoln\u00e9ho vo\u010di chemik\u00e1li\u00e1m, zatia\u013e \u010do hnac\u00ed hriade\u013e je vyroben\u00fd z vysokokvalitnej nehrdzavej\u00facej ocele (V2A\/Niro). Axi\u00e1lna kon\u0161trukcia \u010derpadla zabezpe\u010duje \u00fa\u010dinn\u00fa dod\u00e1vku m\u00e9dia s n\u00edzkou n\u00e1chylnos\u0165ou na opotrebovanie. V\u010faka kon\u0161trukcii bez tesnenia je \u010derpacia jednotka prakticky bez\u00fadr\u017ebov\u00e1 a je vhodn\u00e1 najm\u00e4 pre mierne agres\u00edvne m\u00e9di\u00e1 s n\u00edzkou viskozitou.<\/p>\n<p>Rozsah dod\u00e1vky bez motora<\/p>","protected":false},"excerpt":{"rendered":"<p>Beztesnov\u00e1 \u010derpacia jednotka s d\u013a\u017ekou 1 000 mm, vyroben\u00e1 z chemicky odoln\u00e9ho PP s hriade\u013eom z nehrdzavej\u00facej ocele na bezpe\u010dn\u00fd prenos m\u00e9di\u00ed s n\u00edzkou viskozitou.<\/p>","protected":false},"featured_media":15696,"comment_status":"closed","ping_status":"closed","template":"","meta":{"_acf_changed":false},"product_brand":[],"product_cat":[3206,3224],"product_tag":[],"class_list":{"0":"post-15634","1":"product","2":"type-product","3":"status-publish","4":"has-post-thumbnail","6":"product_cat-pumpentechnik","7":"product_cat-fasspumpen","8":"product_shipping_class-karton-paketversand","9":"pa_laenge-1000mm","10":"pa_material-edelstahl","11":"pa_material-polypropylen-pp","13":"first","14":"instock","15":"taxable","16":"shipping-taxable","17":"purchasable","18":"product-type-simple"},"bundled_by":[],"bundle_stock_status":"instock","bundle_stock_quantity":null,"bundle_virtual":false,"bundle_layout":"","bundle_add_to_cart_form_location":"","bundle_editable_in_cart":false,"bundle_sold_individually_context":"","bundle_item_grouping":"","bundle_min_size":"","bundle_max_size":"","bundle_price":[],"bundled_items":[],"bundle_sell_ids":[],"exclude_global_add_ons":[],"addons":[],"acf":[],"_links":{"self":[{"href":"https:\/\/ptm-mechatronics.com\/sk\/wp-json\/wp\/v2\/product\/15634","targetHints":{"allow":["GET"]}}],"collection":[{"href":"https:\/\/ptm-mechatronics.com\/sk\/wp-json\/wp\/v2\/product"}],"about":[{"href":"https:\/\/ptm-mechatronics.com\/sk\/wp-json\/wp\/v2\/types\/product"}],"replies":[{"embeddable":true,"href":"https:\/\/ptm-mechatronics.com\/sk\/wp-json\/wp\/v2\/comments?post=15634"}],"wp:featuredmedia":[{"embeddable":true,"href":"https:\/\/ptm-mechatronics.com\/sk\/wp-json\/wp\/v2\/media\/15696"}],"wp:attachment":[{"href":"https:\/\/ptm-mechatronics.com\/sk\/wp-json\/wp\/v2\/media?parent=15634"}],"wp:term":[{"taxonomy":"product_brand","embeddable":true,"href":"https:\/\/ptm-mechatronics.com\/sk\/wp-json\/wp\/v2\/product_brand?post=15634"},{"taxonomy":"product_cat","embeddable":true,"href":"https:\/\/ptm-mechatronics.com\/sk\/wp-json\/wp\/v2\/product_cat?post=15634"},{"taxonomy":"product_tag","embeddable":true,"href":"https:\/\/ptm-mechatronics.com\/sk\/wp-json\/wp\/v2\/product_tag?post=15634"}],"curies":[{"name":"wp","href":"https:\/\/api.w.org\/{rel}","templated":true}]}}