{"id":15629,"date":"2025-11-19T12:30:48","date_gmt":"2025-11-19T11:30:48","guid":{"rendered":"https:\/\/ptm-mechatronics.com\/?post_type=product&#038;p=15629"},"modified":"2025-12-03T12:53:28","modified_gmt":"2025-12-03T11:53:28","slug":"fasspumpe-atex","status":"publish","type":"product","link":"https:\/\/ptm-mechatronics.com\/sk\/product\/fasspumpe-atex\/","title":{"rendered":"Bubnov\u00e9 \u010derpadlo ATEX"},"content":{"rendered":"<h1 data-start=\"227\" data-end=\"303\"><span style=\"font-size: 75%;\">S\u00faprava bubnov\u00e9ho \u010derpadla ATEX<\/span><\/h1>\n<p>S\u00faprava sudov\u00fdch \u010derpadiel s certifik\u00e1tom ATEX je ide\u00e1lnym rie\u0161en\u00edm na bezpe\u010dn\u00e9 plnenie hor\u013eav\u00fdch kvapal\u00edn v prostred\u00ed s nebezpe\u010denstvom v\u00fdbuchu. T\u00e1to s\u00faprava vybaven\u00e1 v\u00fdkonn\u00fdm motorom Ex (Ex II 2 G EEx de IIC T5, IP54) a robustnou jednotkou \u010derpadla (ATEX II 1\/2 G IIB T4) sp\u013a\u0148a najvy\u0161\u0161ie bezpe\u010dnostn\u00e9 po\u017eiadavky. Vodiv\u00e1 hadica na rozp\u00fa\u0161\u0165adl\u00e1 DN25 s d\u013a\u017ekou 2 m a odoln\u00e1 mosadzn\u00e1\/PTFE tryska \u010derpadla umo\u017e\u0148uj\u00fa bezpe\u010dn\u00fa a kontrolovan\u00fa dod\u00e1vku. Potrebn\u00fa ochranu pred elektrostatick\u00fdm nabit\u00edm poskytuje aj k\u00e1bel na vyrovnanie potenci\u00e1lu.<\/p>\n<p data-start=\"644\" data-end=\"1136\">\u0160peci\u00e1lna funkcia: Motor je mo\u017en\u00e9 oddeli\u0165 od \u010derpacej stanice bez pou\u017eitia n\u00e1radia a pripoji\u0165 ho k in\u00fdm \u010derpac\u00edm staniciam. To znamen\u00e1, \u017ee jeden motor mo\u017eno flexibilne pou\u017e\u00edva\u0165 s viacer\u00fdmi \u010derpac\u00edmi stanicami. \u010eal\u0161ie komponenty s\u00fa k dispoz\u00edcii aj samostatne v obchode - pre maxim\u00e1lnu modularitu a prisp\u00f4sobivos\u0165.<\/p>\n<p data-start=\"644\" data-end=\"1136\">Komponenty s\u00fapravy:<\/p>\n<ul>\n<li>Univerz\u00e1lny motor Ex II 2 G EEx de IIC T5, 230V o. USP, 50 Hz, 700W<\/li>\n<li>\u010cerpacia jednotka ATEX II 1\/2 G IIB T4, bez tesnenia, axi\u00e1lna, hriade\u013e z nehrdzavej\u00facej ocele (nerezov\u00e1 oce\u013e)<\/li>\n<li>2 m hadica na rozp\u00fa\u0161\u0165adl\u00e1 DN25<\/li>\n<li>2x mosadzn\u00e9 hadicov\u00e9 spojky 1 1\/4\u2033<\/li>\n<li>D\u00e1vkovacia d\u00fdza mosadz\/PTFE<\/li>\n<li>Potenci\u00e1lny vyrovn\u00e1vac\u00ed k\u00e1bel<\/li>\n<\/ul>","protected":false},"excerpt":{"rendered":"<p>S\u00faprava sudov\u00fdch \u010derpadiel na bezpe\u010dn\u00e9 plnenie zrieden\u00fdch kysel\u00edn a z\u00e1sad - plne vybaven\u00e1 a pripraven\u00e1 na okam\u017eit\u00e9 pou\u017eitie.<\/p>","protected":false},"featured_media":15705,"comment_status":"closed","ping_status":"closed","template":"","meta":{"_acf_changed":false},"product_brand":[],"product_cat":[3206,3224],"product_tag":[3226,3227,3228,3229,3230,3231,3232,3233,3234,3235],"class_list":{"0":"post-15629","1":"product","2":"type-product","3":"status-publish","4":"has-post-thumbnail","6":"product_cat-pumpentechnik","7":"product_cat-fasspumpen","8":"product_tag-fasspumpe-set","9":"product_tag-fasspumpen-komplettset","10":"product_tag-labor-fasspumpe","11":"product_tag-fasspumpenset-bs1","12":"product_tag-fasspumpe-verduennte-saeuren","13":"product_tag-fasspumpe-laugen","14":"product_tag-chemiepumpe-set","15":"product_tag-pp-fasspumpensystem","16":"product_tag-edelstahlwelle-fasspumpe","17":"product_tag-zapfpistole-fpm","18":"product_shipping_class-karton-paketversand","19":"pa_atex-motor-ex-ii-2-g-eex-de-iic-t5","20":"pa_foerderleistung-max-100-l-min","21":"pa_leistung-700-watt","22":"pa_material-ptfe","23":"pa_material-messing","24":"pa_material-edelstahl","25":"pa_schutzart-ip54","27":"first","28":"instock","29":"taxable","30":"shipping-taxable","31":"purchasable","32":"product-type-simple"},"bundled_by":[],"bundle_stock_status":"instock","bundle_stock_quantity":null,"bundle_virtual":false,"bundle_layout":"","bundle_add_to_cart_form_location":"","bundle_editable_in_cart":false,"bundle_sold_individually_context":"","bundle_item_grouping":"","bundle_min_size":"","bundle_max_size":"","bundle_price":[],"bundled_items":[],"bundle_sell_ids":[],"exclude_global_add_ons":[],"addons":[],"acf":[],"_links":{"self":[{"href":"https:\/\/ptm-mechatronics.com\/sk\/wp-json\/wp\/v2\/product\/15629","targetHints":{"allow":["GET"]}}],"collection":[{"href":"https:\/\/ptm-mechatronics.com\/sk\/wp-json\/wp\/v2\/product"}],"about":[{"href":"https:\/\/ptm-mechatronics.com\/sk\/wp-json\/wp\/v2\/types\/product"}],"replies":[{"embeddable":true,"href":"https:\/\/ptm-mechatronics.com\/sk\/wp-json\/wp\/v2\/comments?post=15629"}],"wp:featuredmedia":[{"embeddable":true,"href":"https:\/\/ptm-mechatronics.com\/sk\/wp-json\/wp\/v2\/media\/15705"}],"wp:attachment":[{"href":"https:\/\/ptm-mechatronics.com\/sk\/wp-json\/wp\/v2\/media?parent=15629"}],"wp:term":[{"taxonomy":"product_brand","embeddable":true,"href":"https:\/\/ptm-mechatronics.com\/sk\/wp-json\/wp\/v2\/product_brand?post=15629"},{"taxonomy":"product_cat","embeddable":true,"href":"https:\/\/ptm-mechatronics.com\/sk\/wp-json\/wp\/v2\/product_cat?post=15629"},{"taxonomy":"product_tag","embeddable":true,"href":"https:\/\/ptm-mechatronics.com\/sk\/wp-json\/wp\/v2\/product_tag?post=15629"}],"curies":[{"name":"wp","href":"https:\/\/api.w.org\/{rel}","templated":true}]}}