{"id":15628,"date":"2025-11-18T15:03:55","date_gmt":"2025-11-18T14:03:55","guid":{"rendered":"https:\/\/ptm-mechatronics.com\/?post_type=product&#038;p=15628"},"modified":"2025-12-03T12:54:30","modified_gmt":"2025-12-03T11:54:30","slug":"fasspumpe-fuer-oel-neutrale-fluessigkeiten","status":"publish","type":"product","link":"https:\/\/ptm-mechatronics.com\/sk\/product\/fasspumpe-fuer-oel-neutrale-fluessigkeiten\/","title":{"rendered":"Bubnov\u00e9 \u010derpadlo na olej a neutr\u00e1lne kvapaliny"},"content":{"rendered":"<h1 data-start=\"227\" data-end=\"303\"><span style=\"font-size: 75%;\">S\u00faprava bubnov\u00fdch \u010derpadiel na olej a neutr\u00e1lne kvapaliny, pripraven\u00e1 na okam\u017eit\u00e9 pou\u017eitie<\/span><\/h1>\n<p data-start=\"716\" data-end=\"1056\">S\u00faprava sudov\u00fdch \u010derpadiel na olej je praktick\u00e9 kompletn\u00e9 rie\u0161enie na jednoduch\u00e9 a bezpe\u010dn\u00e9 plnenie oleja a neutr\u00e1lnych kvapal\u00edn v priemyselnom sektore. V\u010faka robustn\u00e9mu elektrick\u00e9mu motoru a odolnej \u010derpacej jednotke je s\u00faprava ide\u00e1lna na ka\u017edodenn\u00e9 pou\u017eitie. V\u010faka 2 m dlhej PVC hadici vystu\u017eenej tkaninou (DN25) a vysokokvalitnej hlin\u00edkovej v\u00fdtla\u010dnej tryske mo\u017eno r\u00fdchlo a kontrolovane plni\u0165 aj v\u00e4\u010d\u0161ie mno\u017estv\u00e1. Prilo\u017een\u00fd adapt\u00e9r na sud a n\u00e1stenn\u00fd dr\u017eiak zabezpe\u010duj\u00fa jednoduch\u00fa a priestorovo \u00fasporn\u00fa in\u0161tal\u00e1ciu.<\/p>\n<p data-start=\"716\" data-end=\"1056\">\u0160peci\u00e1lna funkcia: Motor je mo\u017en\u00e9 oddeli\u0165 od \u010derpacej stanice bez pou\u017eitia n\u00e1radia a pripoji\u0165 ho k in\u00fdm \u010derpac\u00edm staniciam. To znamen\u00e1, \u017ee jeden motor mo\u017eno flexibilne pou\u017e\u00edva\u0165 s viacer\u00fdmi \u010derpac\u00edmi stanicami. \u010eal\u0161ie komponenty s\u00fa k dispoz\u00edcii aj samostatne v obchode - pre maxim\u00e1lnu modularitu a prisp\u00f4sobivos\u0165.<\/p>\n<p data-start=\"644\" data-end=\"1136\">Komponenty s\u00fapravy:<\/p>\n<ul>\n<li>Univerz\u00e1lny motor 230V, 50Hz, 4,5 A, 850W, IP24<\/li>\n<li>\u010cerpacia jednotka hlin\u00edkov\u00e1 bez tesnenia, axi\u00e1lna, hriade\u013e z nehrdzavej\u00facej ocele (Niro)<\/li>\n<li>2 m PVC textiln\u00e1 hadica DN25<\/li>\n<li>Hadicov\u00e1 spojka hlin\u00edkov\u00e1 DN25<\/li>\n<li>2x hadicov\u00e9 svorky z nehrdzavej\u00facej ocele<\/li>\n<li>D\u00e1vkovacia d\u00fdza hlin\u00edkov\u00e1 DN25<\/li>\n<li>Adapt\u00e9r na hlave\u0148 PP<\/li>\n<li>N\u00e1stenn\u00fd dr\u017eiak<\/li>\n<\/ul>","protected":false},"excerpt":{"rendered":"<p>S\u00faprava olejov\u00fdch \u010derpadiel na bezpe\u010dn\u00e9 plnenie olejov a neutr\u00e1lnych kvapal\u00edn, pripraven\u00e1 na okam\u017eit\u00e9 pou\u017eitie<\/p>","protected":false},"featured_media":15658,"comment_status":"closed","ping_status":"closed","template":"","meta":{"_acf_changed":false},"product_brand":[],"product_cat":[3206,3224],"product_tag":[],"class_list":{"0":"post-15628","1":"product","2":"type-product","3":"status-publish","4":"has-post-thumbnail","6":"product_cat-pumpentechnik","7":"product_cat-fasspumpen","8":"product_shipping_class-karton-paketversand","9":"pa_dichtung-fep","10":"pa_foerderleistung-50-80-l-min","11":"pa_leistung-850-watt","12":"pa_material-edelstahl","13":"pa_material-polypropylen-pp","14":"pa_material-alu","15":"pa_schutzart-ip24","16":"pa_spannung-230v","18":"first","19":"instock","20":"taxable","21":"shipping-taxable","22":"purchasable","23":"product-type-simple"},"bundled_by":[],"bundle_stock_status":"instock","bundle_stock_quantity":null,"bundle_virtual":false,"bundle_layout":"","bundle_add_to_cart_form_location":"","bundle_editable_in_cart":false,"bundle_sold_individually_context":"","bundle_item_grouping":"","bundle_min_size":"","bundle_max_size":"","bundle_price":[],"bundled_items":[],"bundle_sell_ids":[],"exclude_global_add_ons":[],"addons":[],"acf":[],"_links":{"self":[{"href":"https:\/\/ptm-mechatronics.com\/sk\/wp-json\/wp\/v2\/product\/15628","targetHints":{"allow":["GET"]}}],"collection":[{"href":"https:\/\/ptm-mechatronics.com\/sk\/wp-json\/wp\/v2\/product"}],"about":[{"href":"https:\/\/ptm-mechatronics.com\/sk\/wp-json\/wp\/v2\/types\/product"}],"replies":[{"embeddable":true,"href":"https:\/\/ptm-mechatronics.com\/sk\/wp-json\/wp\/v2\/comments?post=15628"}],"wp:featuredmedia":[{"embeddable":true,"href":"https:\/\/ptm-mechatronics.com\/sk\/wp-json\/wp\/v2\/media\/15658"}],"wp:attachment":[{"href":"https:\/\/ptm-mechatronics.com\/sk\/wp-json\/wp\/v2\/media?parent=15628"}],"wp:term":[{"taxonomy":"product_brand","embeddable":true,"href":"https:\/\/ptm-mechatronics.com\/sk\/wp-json\/wp\/v2\/product_brand?post=15628"},{"taxonomy":"product_cat","embeddable":true,"href":"https:\/\/ptm-mechatronics.com\/sk\/wp-json\/wp\/v2\/product_cat?post=15628"},{"taxonomy":"product_tag","embeddable":true,"href":"https:\/\/ptm-mechatronics.com\/sk\/wp-json\/wp\/v2\/product_tag?post=15628"}],"curies":[{"name":"wp","href":"https:\/\/api.w.org\/{rel}","templated":true}]}}