{"id":15627,"date":"2025-11-18T10:24:39","date_gmt":"2025-11-18T09:24:39","guid":{"rendered":"https:\/\/ptm-mechatronics.com\/?post_type=product&#038;p=15627"},"modified":"2025-12-03T12:55:20","modified_gmt":"2025-12-03T11:55:20","slug":"fasspumpe-fuer-chemikalien","status":"publish","type":"product","link":"https:\/\/ptm-mechatronics.com\/sk\/product\/fasspumpe-fuer-chemikalien\/","title":{"rendered":"Bubnov\u00e9 \u010derpadlo na chemik\u00e1lie"},"content":{"rendered":"<h1 data-start=\"227\" data-end=\"303\"><span style=\"font-size: 75%;\">S\u00faprava bubnov\u00fdch \u010derpadiel na chemik\u00e1lie, pripraven\u00e1 na okam\u017eit\u00e9 pou\u017eitie<\/span><\/h1>\n<p data-start=\"272\" data-end=\"714\">T\u00e1to s\u00faprava bubnov\u00fdch \u010derpadiel je ide\u00e1lnym kompletn\u00fdm rie\u0161en\u00edm na bezpe\u010dn\u00fa manipul\u00e1ciu s agres\u00edvnymi chemik\u00e1liami. Obsahuje v\u00fdkonn\u00fd elektromotor a chemicky odoln\u00fa \u010derpaciu jednotku s vysokokvalitn\u00fdm hriade\u013eom Hastelloy C. V\u010faka tomu je s\u00faprava ide\u00e1lna na plnenie vysoko koroz\u00edvnych kysel\u00edn, z\u00e1sad a in\u00fdch agres\u00edvnych m\u00e9di\u00ed - v laborat\u00f3riu aj v priemyselnom sektore.<\/p>\n<p data-start=\"716\" data-end=\"1056\">Univerz\u00e1lna chemick\u00e1 hadica s d\u013a\u017ekou 2 m (DN25) s dvoma PVDF hadicov\u00fdmi spojkami zabezpe\u010duje bezpe\u010dn\u00e9 a nepriepustn\u00e9 pripojenie. Integrovan\u00e1 d\u00e1vkovacia d\u00fdza z PVDF s tesnen\u00edm FEP zabezpe\u010duje presn\u00e9 d\u00e1vkovanie aj pri citliv\u00fdch m\u00e9di\u00e1ch. V\u010faka adapt\u00e9ru na bubon a n\u00e1stenn\u00e9mu dr\u017eiaku sa s\u00faprava d\u00e1 flexibilne pou\u017e\u00edva\u0165 a \u0161etr\u00ed miesto.<\/p>\n<p data-start=\"716\" data-end=\"1056\">\u0160peci\u00e1lna funkcia: Motor je mo\u017en\u00e9 oddeli\u0165 od \u010derpacej stanice bez pou\u017eitia n\u00e1radia a pripoji\u0165 ho k in\u00fdm \u010derpac\u00edm staniciam. To znamen\u00e1, \u017ee jeden motor mo\u017eno flexibilne pou\u017e\u00edva\u0165 s viacer\u00fdmi \u010derpac\u00edmi stanicami. \u010eal\u0161ie komponenty s\u00fa k dispoz\u00edcii aj samostatne v obchode - pre maxim\u00e1lnu modularitu a prisp\u00f4sobivos\u0165.<\/p>\n<p data-start=\"644\" data-end=\"1136\">Komponenty s\u00fapravy:<\/p>\n<ul>\n<li>Univerz\u00e1lny motor 230V, 50Hz, 4,5 A, 850W, IP24<\/li>\n<li>Beztesnov\u00e1 \u010derpacia stanica, axi\u00e1lna, <span class=\"T286Pc\" data-sfc-cp=\"\" data-complete=\"true\">Polyvinylid\u00e9nfluorid (PVDF)<\/span>, hriade\u013e Hastelloy (HC)<\/li>\n<li>2 m univerz\u00e1lna hadica na chemik\u00e1lie DN25<\/li>\n<li>2x hadicov\u00e1 spojka PVDF DN25<\/li>\n<li>2x hadicov\u00e9 svorky z nehrdzavej\u00facej ocele<\/li>\n<li>D\u00e1vkovacia tryska PVDF\/FEP 1 \u00bc\u201c<\/li>\n<li>Adapt\u00e9r na hlave\u0148 PP<\/li>\n<li>N\u00e1stenn\u00fd dr\u017eiak<\/li>\n<\/ul>","protected":false},"excerpt":{"rendered":"<p>S\u00faprava \u010derpadiel na bezpe\u010dn\u00e9 plnenie sudov chemik\u00e1liami - plne vybaven\u00e1 a pripraven\u00e1 na okam\u017eit\u00e9 pou\u017eitie.<\/p>","protected":false},"featured_media":15657,"comment_status":"closed","ping_status":"closed","template":"","meta":{"_acf_changed":false},"product_brand":[],"product_cat":[3206,3224],"product_tag":[3250,3251,3252,3253,3254,3255,3227,3248,3249],"class_list":{"0":"post-15627","1":"product","2":"type-product","3":"status-publish","4":"has-post-thumbnail","6":"product_cat-pumpentechnik","7":"product_cat-fasspumpen","8":"product_tag-pvdf-pumpe","9":"product_tag-hastelloy-c-pumpwerk","10":"product_tag-zapfpistole-pvdf-fep","11":"product_tag-schlauch-dn25-chemie","12":"product_tag-fasspumpe-aggressiv","13":"product_tag-pumpwerk-dl-pvdf-hc","14":"product_tag-fasspumpen-komplettset","15":"product_tag-chemie-fasspumpe","16":"product_tag-fasspumpen-set-chemikalien","17":"product_shipping_class-karton-paketversand","18":"pa_dichtung-fep","19":"pa_foerderleistung-50-80-l-min","20":"pa_leistung-850-watt","21":"pa_material-edelstahl","22":"pa_material-polypropylen-pp","23":"pa_material-hastelloy-c","24":"pa_material-polyvinylidenfluorid-pvdf","25":"pa_schutzart-ip24","26":"pa_spannung-230v","28":"first","29":"instock","30":"taxable","31":"shipping-taxable","32":"purchasable","33":"product-type-simple"},"bundled_by":[],"bundle_stock_status":"instock","bundle_stock_quantity":null,"bundle_virtual":false,"bundle_layout":"","bundle_add_to_cart_form_location":"","bundle_editable_in_cart":false,"bundle_sold_individually_context":"","bundle_item_grouping":"","bundle_min_size":"","bundle_max_size":"","bundle_price":[],"bundled_items":[],"bundle_sell_ids":[],"exclude_global_add_ons":[],"addons":[],"acf":[],"_links":{"self":[{"href":"https:\/\/ptm-mechatronics.com\/sk\/wp-json\/wp\/v2\/product\/15627","targetHints":{"allow":["GET"]}}],"collection":[{"href":"https:\/\/ptm-mechatronics.com\/sk\/wp-json\/wp\/v2\/product"}],"about":[{"href":"https:\/\/ptm-mechatronics.com\/sk\/wp-json\/wp\/v2\/types\/product"}],"replies":[{"embeddable":true,"href":"https:\/\/ptm-mechatronics.com\/sk\/wp-json\/wp\/v2\/comments?post=15627"}],"wp:featuredmedia":[{"embeddable":true,"href":"https:\/\/ptm-mechatronics.com\/sk\/wp-json\/wp\/v2\/media\/15657"}],"wp:attachment":[{"href":"https:\/\/ptm-mechatronics.com\/sk\/wp-json\/wp\/v2\/media?parent=15627"}],"wp:term":[{"taxonomy":"product_brand","embeddable":true,"href":"https:\/\/ptm-mechatronics.com\/sk\/wp-json\/wp\/v2\/product_brand?post=15627"},{"taxonomy":"product_cat","embeddable":true,"href":"https:\/\/ptm-mechatronics.com\/sk\/wp-json\/wp\/v2\/product_cat?post=15627"},{"taxonomy":"product_tag","embeddable":true,"href":"https:\/\/ptm-mechatronics.com\/sk\/wp-json\/wp\/v2\/product_tag?post=15627"}],"curies":[{"name":"wp","href":"https:\/\/api.w.org\/{rel}","templated":true}]}}