{"id":15626,"date":"2025-11-18T10:02:52","date_gmt":"2025-11-18T09:02:52","guid":{"rendered":"https:\/\/ptm-mechatronics.com\/?post_type=product&#038;p=15626"},"modified":"2026-01-12T10:10:59","modified_gmt":"2026-01-12T09:10:59","slug":"fasspumpe-fuer-konzentrierte-saeuren-laugen","status":"publish","type":"product","link":"https:\/\/ptm-mechatronics.com\/sk\/product\/fasspumpe-fuer-konzentrierte-saeuren-laugen\/","title":{"rendered":"Bubnov\u00e9 \u010derpadlo na koncentrovan\u00e9 kyseliny a z\u00e1sady"},"content":{"rendered":"<h1 data-start=\"227\" data-end=\"303\"><span style=\"font-size: 75%;\">S\u00faprava bubnov\u00fdch \u010derpadiel na koncentrovan\u00e9 kyseliny a z\u00e1sady, pripraven\u00e1 na okam\u017eit\u00e9 pou\u017eitie<\/span><\/h1>\n<p data-start=\"269\" data-end=\"557\">Kompletn\u00e1 s\u00faprava bubnov\u00fdch \u010derpadiel bola \u0161peci\u00e1lne navrhnut\u00e1 na bezpe\u010dn\u00e9 a pohodln\u00e9 \u010derpanie koncentrovan\u00fdch kysel\u00edn a z\u00e1sad. V\u010faka v\u00fdkonn\u00e9mu elektromotoru, \u010derpacej jednotke a rozsiahlemu pr\u00edslu\u0161enstvu je mo\u017en\u00e9 s\u00fapravu okam\u017eite pou\u017ei\u0165 - ide\u00e1lna na pou\u017eitie v laborat\u00f3ri\u00e1ch, v\u00fdrobe alebo diel\u0148ach.<\/p>\n<p data-start=\"559\" data-end=\"1126\">Chemicky odoln\u00e1 \u010derpacia jednotka z polypropyl\u00e9nu (PP) je vybaven\u00e1 hriade\u013eom Hastelloy C a je ide\u00e1lna pre \u0161irok\u00fa \u0161k\u00e1lu m\u00e9di\u00ed - od mierne agres\u00edvnych chemik\u00e1li\u00ed a\u017e po n\u00e1ro\u010dnej\u0161ie kvapaliny. Vystu\u017een\u00e1 hadica z PVC s priemerom 25 mm a pr\u00edpojka z PP zabezpe\u010duj\u00fa spo\u013eahliv\u00fd prietok. D\u00e1vkovacia tryska s tesnen\u00edm FPM a komponentmi Hastelloy C zabezpe\u010duje kontrolovan\u00e9 a bezpe\u010dn\u00e9 plnenie. V\u010faka adapt\u00e9ru na sud a n\u00e1stenn\u00e9mu dr\u017eiaku mo\u017eno \u010derpadlo pou\u017e\u00edva\u0165 flexibilne a priestorovo \u00fasporne.<\/p>\n<p data-start=\"559\" data-end=\"1126\">\u0160peci\u00e1lna funkcia: Motor je mo\u017en\u00e9 oddeli\u0165 od \u010derpacej stanice bez pou\u017eitia n\u00e1radia a pripoji\u0165 ho k in\u00fdm \u010derpac\u00edm staniciam. To znamen\u00e1, \u017ee jeden motor mo\u017eno flexibilne pou\u017e\u00edva\u0165 s viacer\u00fdmi \u010derpac\u00edmi stanicami. \u010eal\u0161ie komponenty s\u00fa k dispoz\u00edcii aj samostatne v obchode - pre maxim\u00e1lnu modularitu a prisp\u00f4sobivos\u0165.<\/p>\n<p data-start=\"644\" data-end=\"1136\">Komponenty s\u00fapravy:<\/p>\n<ul>\n<li data-start=\"644\" data-end=\"1136\">Univerz\u00e1lny motor 230V, 50Hz, 4,5 A, 850W, IP24<\/li>\n<li>Beztesnov\u00e1 \u010derpacia jednotka, radi\u00e1lna, polypropyl\u00e9n, hriade\u013e Hastelloy (HC)<\/li>\n<li>Vystu\u017een\u00e1 PVC hadica, 2 m, DN25<\/li>\n<li>Hadicov\u00e1 spojka PP, DN25<\/li>\n<li>2x hadicov\u00e9 svorky z nehrdzavej\u00facej ocele<\/li>\n<li>D\u00e1vkovacia d\u00fdza PP\/FPM\/Hastelloy-C, DN25<\/li>\n<li>Adapt\u00e9r na hlave\u0148 PP<\/li>\n<li>N\u00e1stenn\u00fd dr\u017eiak<\/li>\n<\/ul>","protected":false},"excerpt":{"rendered":"<p>S\u00faprava sudov\u00fdch \u010derpadiel na bezpe\u010dn\u00e9 plnenie koncentrovan\u00fdch kysel\u00edn a z\u00e1sad - plne vybaven\u00e1 a pripraven\u00e1 na okam\u017eit\u00e9 pou\u017eitie.<\/p>","protected":false},"featured_media":15656,"comment_status":"closed","ping_status":"closed","template":"","meta":{"_acf_changed":false},"product_brand":[],"product_cat":[3206,3224],"product_tag":[3239,3240,3241,3242,3243,3244,3236,3237,3238],"class_list":{"0":"post-15626","1":"product","2":"type-product","3":"status-publish","4":"has-post-thumbnail","6":"product_cat-pumpentechnik","7":"product_cat-fasspumpen","8":"product_tag-zapfpistole-fpm-hc","9":"product_tag-motor-p400-a-230","10":"product_tag-pumpwerk-dl-pp-r-hc","11":"product_tag-pvc-schlauch-dn25","12":"product_tag-fassadapter-pp","13":"product_tag-fasspumpe-chemikalienbestaendig","14":"product_tag-fasspumpen-set","15":"product_tag-chemiepumpe-komplettset","16":"product_tag-fasspumpe-mit-hastelloy","17":"product_shipping_class-karton-paketversand","18":"pa_dichtung-fpm","19":"pa_foerderleistung-50-80-l-min","20":"pa_leistung-850-watt","21":"pa_material-edelstahl","22":"pa_material-polypropylen-pp","23":"pa_material-pvc","24":"pa_material-hastelloy-c","25":"pa_schutzart-ip24","26":"pa_spannung-230v","28":"first","29":"instock","30":"taxable","31":"shipping-taxable","32":"purchasable","33":"product-type-simple"},"bundled_by":[],"bundle_stock_status":"instock","bundle_stock_quantity":null,"bundle_virtual":false,"bundle_layout":"","bundle_add_to_cart_form_location":"","bundle_editable_in_cart":false,"bundle_sold_individually_context":"","bundle_item_grouping":"","bundle_min_size":"","bundle_max_size":"","bundle_price":[],"bundled_items":[],"bundle_sell_ids":[],"exclude_global_add_ons":[],"addons":[],"acf":[],"_links":{"self":[{"href":"https:\/\/ptm-mechatronics.com\/sk\/wp-json\/wp\/v2\/product\/15626","targetHints":{"allow":["GET"]}}],"collection":[{"href":"https:\/\/ptm-mechatronics.com\/sk\/wp-json\/wp\/v2\/product"}],"about":[{"href":"https:\/\/ptm-mechatronics.com\/sk\/wp-json\/wp\/v2\/types\/product"}],"replies":[{"embeddable":true,"href":"https:\/\/ptm-mechatronics.com\/sk\/wp-json\/wp\/v2\/comments?post=15626"}],"wp:featuredmedia":[{"embeddable":true,"href":"https:\/\/ptm-mechatronics.com\/sk\/wp-json\/wp\/v2\/media\/15656"}],"wp:attachment":[{"href":"https:\/\/ptm-mechatronics.com\/sk\/wp-json\/wp\/v2\/media?parent=15626"}],"wp:term":[{"taxonomy":"product_brand","embeddable":true,"href":"https:\/\/ptm-mechatronics.com\/sk\/wp-json\/wp\/v2\/product_brand?post=15626"},{"taxonomy":"product_cat","embeddable":true,"href":"https:\/\/ptm-mechatronics.com\/sk\/wp-json\/wp\/v2\/product_cat?post=15626"},{"taxonomy":"product_tag","embeddable":true,"href":"https:\/\/ptm-mechatronics.com\/sk\/wp-json\/wp\/v2\/product_tag?post=15626"}],"curies":[{"name":"wp","href":"https:\/\/api.w.org\/{rel}","templated":true}]}}