{"id":15621,"date":"2025-11-26T11:55:40","date_gmt":"2025-11-26T10:55:40","guid":{"rendered":"https:\/\/ptm-mechatronics.com\/?post_type=product&#038;p=15621"},"modified":"2025-12-03T12:48:27","modified_gmt":"2025-12-03T11:48:27","slug":"fasspumpe-fuer-verduennte-saeuren-laugen","status":"publish","type":"product","link":"https:\/\/ptm-mechatronics.com\/sk\/product\/fasspumpe-fuer-verduennte-saeuren-laugen\/","title":{"rendered":"Bubnov\u00e9 \u010derpadlo na zrieden\u00e9 kyseliny a z\u00e1sady"},"content":{"rendered":"<h1 data-start=\"227\" data-end=\"303\"><span style=\"font-size: 75%;\">S\u00faprava bubnov\u00fdch \u010derpadiel na zrieden\u00e9 kyseliny a z\u00e1sady, pripraven\u00e1 na okam\u017eit\u00e9 pou\u017eitie<\/span><\/h1>\n<p data-start=\"305\" data-end=\"642\">Kompletn\u00e1 s\u00faprava bubnov\u00fdch \u010derpadiel bola \u0161peci\u00e1lne navrhnut\u00e1 na bezpe\u010dn\u00e9 a pohodln\u00e9 \u010derpanie zrieden\u00fdch kysel\u00edn a z\u00e1sad. V\u010faka v\u00fdkonn\u00e9mu elektromotoru, \u010derpacej jednotke a rozsiahlemu pr\u00edslu\u0161enstvu je mo\u017en\u00e9 s\u00fapravu okam\u017eite pou\u017ei\u0165 - ide\u00e1lna na pou\u017eitie v laborat\u00f3ri\u00e1ch, v\u00fdrobe alebo diel\u0148ach.<\/p>\n<p data-start=\"644\" data-end=\"1136\">\u010cerpadlov\u00e1 jednotka je vyroben\u00e1 z chemicky odoln\u00e9ho polypropyl\u00e9nu (PP) s hnac\u00edm hriade\u013eom z nehrdzavej\u00facej ocele, v\u010faka \u010domu je mimoriadne odoln\u00e1. Dod\u00e1van\u00e1 zosilnen\u00e1 hadica z PVC (2 m, DN19) s hadicovou spojkou a hadicov\u00fdmi svorkami z nehrdzavej\u00facej ocele zaru\u010duje bezpe\u010dn\u00e9 a nepriepustn\u00e9 pripojenie. D\u00e1vkovacia tryska z PP s tesnen\u00edm FPM a komponentmi z nehrdzavej\u00facej ocele zabezpe\u010duje pohodln\u00e9 d\u00e1vkovanie. S\u00fapravu dop\u013a\u0148a adapt\u00e9r na sud z PP a praktick\u00fd n\u00e1stenn\u00fd dr\u017eiak.<\/p>\n<p data-start=\"644\" data-end=\"1136\">\u0160peci\u00e1lna funkcia: Motor je mo\u017en\u00e9 oddeli\u0165 od \u010derpacej stanice bez pou\u017eitia n\u00e1radia a pripoji\u0165 ho k in\u00fdm \u010derpac\u00edm staniciam. To znamen\u00e1, \u017ee jeden motor mo\u017eno flexibilne pou\u017e\u00edva\u0165 s viacer\u00fdmi \u010derpac\u00edmi stanicami. \u010eal\u0161ie komponenty s\u00fa k dispoz\u00edcii aj samostatne v obchode - pre maxim\u00e1lnu modularitu a prisp\u00f4sobivos\u0165.<\/p>\n<p data-start=\"644\" data-end=\"1136\">Komponenty s\u00fapravy:<\/p>\n<ul>\n<li>Univerz\u00e1lny motor 230V, 50Hz, 2,5 A, 520W, IP24<\/li>\n<li>Beztesnov\u00e9 \u010derpadlo, axi\u00e1lne, polypropyl\u00e9n, hriade\u013e z nehrdzavej\u00facej ocele (Niro)<\/li>\n<li>Vystu\u017een\u00e1 PVC hadica, 2 m, DN19<\/li>\n<li>Hadicov\u00e1 spojka PP, DN19<\/li>\n<li>2x hadicov\u00e9 svorky z nehrdzavej\u00facej ocele<\/li>\n<li>D\u00e1vkovacia d\u00fdza PP\/FPM\/Niro<\/li>\n<li>Adapt\u00e9r na hlave\u0148 PP<\/li>\n<li>N\u00e1stenn\u00fd dr\u017eiak<\/li>\n<\/ul>","protected":false},"excerpt":{"rendered":"<p>S\u00faprava sudov\u00fdch \u010derpadiel na bezpe\u010dn\u00e9 plnenie zrieden\u00fdch kysel\u00edn a z\u00e1sad - plne vybaven\u00e1 a pripraven\u00e1 na okam\u017eit\u00e9 pou\u017eitie.<\/p>","protected":false},"featured_media":15655,"comment_status":"closed","ping_status":"closed","template":"","meta":{"_acf_changed":false},"product_brand":[],"product_cat":[3206,3224],"product_tag":[3226,3227,3228,3229,3230,3231,3232,3233,3234,3235],"class_list":{"0":"post-15621","1":"product","2":"type-product","3":"status-publish","4":"has-post-thumbnail","6":"product_cat-pumpentechnik","7":"product_cat-fasspumpen","8":"product_tag-fasspumpe-set","9":"product_tag-fasspumpen-komplettset","10":"product_tag-labor-fasspumpe","11":"product_tag-fasspumpenset-bs1","12":"product_tag-fasspumpe-verduennte-saeuren","13":"product_tag-fasspumpe-laugen","14":"product_tag-chemiepumpe-set","15":"product_tag-pp-fasspumpensystem","16":"product_tag-edelstahlwelle-fasspumpe","17":"product_tag-zapfpistole-fpm","18":"product_shipping_class-karton-paketversand","19":"pa_dichtung-fpm","20":"pa_foerderleistung-30-50-l-min","21":"pa_leistung-520-watt","22":"pa_material-edelstahl","23":"pa_material-polypropylen-pp","24":"pa_material-pvc","25":"pa_schutzart-ip24","26":"pa_spannung-230v","28":"first","29":"instock","30":"taxable","31":"shipping-taxable","32":"purchasable","33":"product-type-simple"},"bundled_by":[],"bundle_stock_status":"instock","bundle_stock_quantity":null,"bundle_virtual":false,"bundle_layout":"","bundle_add_to_cart_form_location":"","bundle_editable_in_cart":false,"bundle_sold_individually_context":"","bundle_item_grouping":"","bundle_min_size":"","bundle_max_size":"","bundle_price":[],"bundled_items":[],"bundle_sell_ids":[],"exclude_global_add_ons":[],"addons":[],"acf":[],"_links":{"self":[{"href":"https:\/\/ptm-mechatronics.com\/sk\/wp-json\/wp\/v2\/product\/15621","targetHints":{"allow":["GET"]}}],"collection":[{"href":"https:\/\/ptm-mechatronics.com\/sk\/wp-json\/wp\/v2\/product"}],"about":[{"href":"https:\/\/ptm-mechatronics.com\/sk\/wp-json\/wp\/v2\/types\/product"}],"replies":[{"embeddable":true,"href":"https:\/\/ptm-mechatronics.com\/sk\/wp-json\/wp\/v2\/comments?post=15621"}],"wp:featuredmedia":[{"embeddable":true,"href":"https:\/\/ptm-mechatronics.com\/sk\/wp-json\/wp\/v2\/media\/15655"}],"wp:attachment":[{"href":"https:\/\/ptm-mechatronics.com\/sk\/wp-json\/wp\/v2\/media?parent=15621"}],"wp:term":[{"taxonomy":"product_brand","embeddable":true,"href":"https:\/\/ptm-mechatronics.com\/sk\/wp-json\/wp\/v2\/product_brand?post=15621"},{"taxonomy":"product_cat","embeddable":true,"href":"https:\/\/ptm-mechatronics.com\/sk\/wp-json\/wp\/v2\/product_cat?post=15621"},{"taxonomy":"product_tag","embeddable":true,"href":"https:\/\/ptm-mechatronics.com\/sk\/wp-json\/wp\/v2\/product_tag?post=15621"}],"curies":[{"name":"wp","href":"https:\/\/api.w.org\/{rel}","templated":true}]}}