{"id":15620,"date":"2025-11-17T08:47:21","date_gmt":"2025-11-17T07:47:21","guid":{"rendered":"https:\/\/ptm-mechatronics.com\/?post_type=product&#038;p=15620"},"modified":"2026-03-09T10:40:32","modified_gmt":"2026-03-09T09:40:32","slug":"pumpwerk-fuer-ibc-container","status":"publish","type":"product","link":"https:\/\/ptm-mechatronics.com\/sk\/product\/pumpwerk-fuer-ibc-container\/","title":{"rendered":"\u010cerpacia stanica pre kontajnery IBC"},"content":{"rendered":"<p data-start=\"332\" data-end=\"703\">\u010cerpacia jednotka s priemerom 1 000 mm je dokonal\u00fdm roz\u0161\u00edren\u00edm v\u00e1\u0161ho modul\u00e1rneho laborat\u00f3rneho \u010derpadla pre mal\u00e9 n\u00e1doby a kanistre. Je ide\u00e1lna na plnenie \u0161irokej \u0161k\u00e1ly kvapal\u00edn v laborat\u00f3rnych a v\u00fdrobn\u00fdch prostrediach - \u010di u\u017e ide o chemik\u00e1lie, vodu alebo in\u00e9 m\u00e9di\u00e1. V\u010faka vysokokvalitn\u00fdm materi\u00e1lom je \u010derpacia jednotka mimoriadne robustn\u00e1 a odoln\u00e1.<\/p>\n<p data-start=\"705\" data-end=\"1074\">Modul\u00e1rna kon\u0161trukcia umo\u017e\u0148uje jednoduch\u00fa in\u0161tal\u00e1ciu vhodn\u00e9ho elektromotora bez pou\u017eitia n\u00e1radia, ktor\u00fd je k dispoz\u00edcii samostatne. Sacie potrubie je vyroben\u00e9 z polypropyl\u00e9nu (PP) odoln\u00e9ho vo\u010di chemik\u00e1li\u00e1m, hnac\u00ed hriade\u013e je vyroben\u00fd z robustnej nehrdzavej\u00facej ocele a tesnenie je vyroben\u00e9 z FKM (Viton). Dod\u00e1van\u00e9 vyp\u00fa\u0161\u0165acie koleno z PP zabezpe\u010duje \u010dist\u00e9 vyp\u00fa\u0161\u0165anie do cie\u013eovej n\u00e1doby.<\/p>\n<p data-start=\"1076\" data-end=\"1237\">\u010cerpacia jednotka je kompatibiln\u00e1 so syst\u00e9mom laborat\u00f3rnych \u010derpadiel od spolo\u010dnosti PTM mechatronics a umo\u017e\u0148uje r\u00fdchlu v\u00fdmenu pre r\u00f4zne aplik\u00e1cie alebo m\u00e9di\u00e1.<\/p>","protected":false},"excerpt":{"rendered":"<p>\u010cerpacia jednotka s d\u013a\u017ekou 1 000 mm na modul\u00e1rne doplnenie laborat\u00f3rnych \u010derpadiel PTM, chemicky odoln\u00e9 materi\u00e1ly a mont\u00e1\u017e motora bez pou\u017eitia n\u00e1radia.<\/p>","protected":false},"featured_media":15883,"comment_status":"closed","ping_status":"closed","template":"","meta":{"_acf_changed":false},"product_brand":[],"product_cat":[3206,3215],"product_tag":[],"class_list":{"0":"post-15620","1":"product","2":"type-product","3":"status-publish","4":"has-post-thumbnail","6":"product_cat-pumpentechnik","7":"product_cat-laborpumpen","8":"product_shipping_class-karton-paketversand","9":"pa_dichtung-fkm","10":"pa_laenge-1000mm","11":"pa_material-edelstahl","12":"pa_material-polypropylen-pp","14":"first","15":"instock","16":"taxable","17":"shipping-taxable","18":"purchasable","19":"product-type-simple"},"bundled_by":[],"bundle_stock_status":"instock","bundle_stock_quantity":null,"bundle_virtual":false,"bundle_layout":"","bundle_add_to_cart_form_location":"","bundle_editable_in_cart":false,"bundle_sold_individually_context":"","bundle_item_grouping":"","bundle_min_size":"","bundle_max_size":"","bundle_price":[],"bundled_items":[],"bundle_sell_ids":[],"exclude_global_add_ons":[],"addons":[],"acf":[],"_links":{"self":[{"href":"https:\/\/ptm-mechatronics.com\/sk\/wp-json\/wp\/v2\/product\/15620","targetHints":{"allow":["GET"]}}],"collection":[{"href":"https:\/\/ptm-mechatronics.com\/sk\/wp-json\/wp\/v2\/product"}],"about":[{"href":"https:\/\/ptm-mechatronics.com\/sk\/wp-json\/wp\/v2\/types\/product"}],"replies":[{"embeddable":true,"href":"https:\/\/ptm-mechatronics.com\/sk\/wp-json\/wp\/v2\/comments?post=15620"}],"wp:featuredmedia":[{"embeddable":true,"href":"https:\/\/ptm-mechatronics.com\/sk\/wp-json\/wp\/v2\/media\/15883"}],"wp:attachment":[{"href":"https:\/\/ptm-mechatronics.com\/sk\/wp-json\/wp\/v2\/media?parent=15620"}],"wp:term":[{"taxonomy":"product_brand","embeddable":true,"href":"https:\/\/ptm-mechatronics.com\/sk\/wp-json\/wp\/v2\/product_brand?post=15620"},{"taxonomy":"product_cat","embeddable":true,"href":"https:\/\/ptm-mechatronics.com\/sk\/wp-json\/wp\/v2\/product_cat?post=15620"},{"taxonomy":"product_tag","embeddable":true,"href":"https:\/\/ptm-mechatronics.com\/sk\/wp-json\/wp\/v2\/product_tag?post=15620"}],"curies":[{"name":"wp","href":"https:\/\/api.w.org\/{rel}","templated":true}]}}