{"id":15618,"date":"2025-11-14T13:52:53","date_gmt":"2025-11-14T12:52:53","guid":{"rendered":"https:\/\/ptm-mechatronics.com\/?post_type=product&#038;p=15618"},"modified":"2026-03-09T11:10:03","modified_gmt":"2026-03-09T10:10:03","slug":"laborpumpe-fuer-ibc-container","status":"publish","type":"product","link":"https:\/\/ptm-mechatronics.com\/sk\/product\/laborpumpe-fuer-ibc-container\/","title":{"rendered":"Laborat\u00f3rne \u010derpadlo pre kontajnery IBC"},"content":{"rendered":"<p data-start=\"344\" data-end=\"712\">Toto elektrick\u00e9 laborat\u00f3rne \u010derpadlo pre IBC kontajnery je ide\u00e1lnym rie\u0161en\u00edm na \u010dist\u00e9 a efekt\u00edvne plnenie \u0161irok\u00e9ho spektra kvapal\u00edn v laborat\u00f3riu alebo vo v\u00fdrobe. Na rozdiel od klasick\u00fdch ru\u010dn\u00fdch \u010derpadiel pracuje tento model s v\u00fdkonn\u00fdm 130-wattov\u00fdm elektromotorom, ktor\u00fd zaru\u010duje kon\u0161tantn\u00fa r\u00fdchlos\u0165 dod\u00e1vky a pohodln\u00fa manipul\u00e1ciu.<\/p>\n<p data-start=\"714\" data-end=\"1003\">\u0160peci\u00e1lna funkcia: Motor je mo\u017en\u00e9 oddeli\u0165 od \u010derpacej stanice bez pou\u017eitia n\u00e1radia a pripoji\u0165 ho k in\u00fdm \u010derpac\u00edm staniciam. To znamen\u00e1, \u017ee jeden motor mo\u017eno flexibilne pou\u017e\u00edva\u0165 s viacer\u00fdmi \u010derpac\u00edmi stanicami. \u010eal\u0161ie komponenty s\u00fa k dispoz\u00edcii aj samostatne v obchode - pre maxim\u00e1lnu modularitu a prisp\u00f4sobivos\u0165.<\/p>\n<h4 data-start=\"1005\" data-end=\"1038\">Komponenty s\u00fapravy:<\/h4>\n<ul>\n<li data-start=\"1041\" data-end=\"1064\">\u010cerpacia stanica (1000 mm)<\/li>\n<li data-start=\"1041\" data-end=\"1064\">Sacie potrubie z PP (polypropyl\u00e9nu)<\/li>\n<li data-start=\"1106\" data-end=\"1139\">Hnac\u00ed hriade\u013e z nehrdzavej\u00facej ocele<\/li>\n<li data-start=\"1142\" data-end=\"1172\">Tesnenie z FKM (Viton)<\/li>\n<li data-start=\"1175\" data-end=\"1212\">Elektrick\u00fd motor s v\u00fdkonom 130 W<\/li>\n<li data-start=\"1215\" data-end=\"1233\">V\u00fdstupn\u00fd ohyb<\/li>\n<li data-start=\"1236\" data-end=\"1289\">PP z\u00e1tka pre otvory n\u00e1dob 40-58 mm<\/li>\n<\/ul>\n<p data-start=\"1291\" data-end=\"1464\">S\u00faprava zaujme jednoduch\u00fdm \u010disten\u00edm, trvanlivos\u0165ou a odolnos\u0165ou vo\u010di chemik\u00e1li\u00e1m.<\/p>","protected":false},"excerpt":{"rendered":"<p>Elektrick\u00e9 laborat\u00f3rne \u010derpadlo ako kompletn\u00e1 s\u00faprava s motorom, \u010derpacou jednotkou a pr\u00edslu\u0161enstvom pre kontajnery IBC, mo\u017enos\u0165 prestavby bez pou\u017eitia n\u00e1radia, modul\u00e1rna kon\u0161trukcia.<\/p>","protected":false},"featured_media":15892,"comment_status":"closed","ping_status":"closed","template":"","meta":{"_acf_changed":false},"product_brand":[],"product_cat":[3206,3215],"product_tag":[],"class_list":{"0":"post-15618","1":"product","2":"type-product","3":"status-publish","4":"has-post-thumbnail","6":"product_cat-pumpentechnik","7":"product_cat-laborpumpen","8":"product_shipping_class-karton-paketversand","9":"pa_dichtung-fkm","10":"pa_foerderleistung-0-30-l-min","11":"pa_laenge-1000mm","12":"pa_leistung-130-watt","13":"pa_material-edelstahl","14":"pa_material-polypropylen-pp","16":"first","17":"instock","18":"taxable","19":"shipping-taxable","20":"purchasable","21":"product-type-simple"},"bundled_by":[],"bundle_stock_status":"instock","bundle_stock_quantity":null,"bundle_virtual":false,"bundle_layout":"","bundle_add_to_cart_form_location":"","bundle_editable_in_cart":false,"bundle_sold_individually_context":"","bundle_item_grouping":"","bundle_min_size":"","bundle_max_size":"","bundle_price":[],"bundled_items":[],"bundle_sell_ids":[],"exclude_global_add_ons":[],"addons":[],"acf":[],"_links":{"self":[{"href":"https:\/\/ptm-mechatronics.com\/sk\/wp-json\/wp\/v2\/product\/15618","targetHints":{"allow":["GET"]}}],"collection":[{"href":"https:\/\/ptm-mechatronics.com\/sk\/wp-json\/wp\/v2\/product"}],"about":[{"href":"https:\/\/ptm-mechatronics.com\/sk\/wp-json\/wp\/v2\/types\/product"}],"replies":[{"embeddable":true,"href":"https:\/\/ptm-mechatronics.com\/sk\/wp-json\/wp\/v2\/comments?post=15618"}],"wp:featuredmedia":[{"embeddable":true,"href":"https:\/\/ptm-mechatronics.com\/sk\/wp-json\/wp\/v2\/media\/15892"}],"wp:attachment":[{"href":"https:\/\/ptm-mechatronics.com\/sk\/wp-json\/wp\/v2\/media?parent=15618"}],"wp:term":[{"taxonomy":"product_brand","embeddable":true,"href":"https:\/\/ptm-mechatronics.com\/sk\/wp-json\/wp\/v2\/product_brand?post=15618"},{"taxonomy":"product_cat","embeddable":true,"href":"https:\/\/ptm-mechatronics.com\/sk\/wp-json\/wp\/v2\/product_cat?post=15618"},{"taxonomy":"product_tag","embeddable":true,"href":"https:\/\/ptm-mechatronics.com\/sk\/wp-json\/wp\/v2\/product_tag?post=15618"}],"curies":[{"name":"wp","href":"https:\/\/api.w.org\/{rel}","templated":true}]}}