{"id":15615,"date":"2025-11-14T13:40:02","date_gmt":"2025-11-14T12:40:02","guid":{"rendered":"https:\/\/ptm-mechatronics.com\/?post_type=product&#038;p=15615"},"modified":"2026-03-09T11:10:46","modified_gmt":"2026-03-09T10:10:46","slug":"zapfpistole","status":"publish","type":"product","link":"https:\/\/ptm-mechatronics.com\/sk\/product\/zapfpistole\/","title":{"rendered":"D\u00e1vkovacia d\u00fdza"},"content":{"rendered":"<p data-start=\"265\" data-end=\"587\">D\u00e1vkovacia tryska z chemicky odoln\u00e9ho polypropyl\u00e9nu (PP) je ide\u00e1lna na kontrolovan\u00e9 plnenie a d\u00e1vkovanie kvapal\u00edn v laborat\u00f3ri\u00e1ch a vo v\u00fdrobe. Dod\u00e1va sa s flexibilnou PVC hadicou (DN19, d\u013a\u017eka 1,5 m) na pohodln\u00fa manipul\u00e1ciu.<\/p>\n<p data-start=\"589\" data-end=\"822\">V\u010faka robustn\u00fdm materi\u00e1lom a presn\u00e9mu ulo\u017eeniu je d\u00e1vkovacia tryska ide\u00e1lna na pou\u017eitie s laborat\u00f3rnymi \u010derpadlami a mal\u00fdmi n\u00e1dobami. Zabezpe\u010duje bezpe\u010dn\u00e9 d\u00e1vkovanie bez kvapkania a je r\u00fdchlo pripraven\u00e1 na pou\u017eitie.<\/p>","protected":false},"excerpt":{"rendered":"<p>Robustn\u00e1 d\u00e1vkovacia tryska z PP s 1,5 m PVC hadicou (DN19) na bezpe\u010dn\u00e9 a presn\u00e9 plnenie laborat\u00f3rnymi \u010derpadlami PTM.<\/p>","protected":false},"featured_media":15887,"comment_status":"closed","ping_status":"closed","template":"","meta":{"_acf_changed":false},"product_brand":[],"product_cat":[3206,3215],"product_tag":[],"class_list":{"0":"post-15615","1":"product","2":"type-product","3":"status-publish","4":"has-post-thumbnail","6":"product_cat-pumpentechnik","7":"product_cat-laborpumpen","8":"product_shipping_class-karton-paketversand","9":"pa_material-pvc","10":"pa_material-polypropylen-pp","11":"pa_schlauchlaenge-15m","13":"first","14":"instock","15":"taxable","16":"shipping-taxable","17":"purchasable","18":"product-type-simple"},"bundled_by":[],"bundle_stock_status":"instock","bundle_stock_quantity":null,"bundle_virtual":false,"bundle_layout":"","bundle_add_to_cart_form_location":"","bundle_editable_in_cart":false,"bundle_sold_individually_context":"","bundle_item_grouping":"","bundle_min_size":"","bundle_max_size":"","bundle_price":[],"bundled_items":[],"bundle_sell_ids":[],"exclude_global_add_ons":[],"addons":[],"acf":[],"_links":{"self":[{"href":"https:\/\/ptm-mechatronics.com\/sk\/wp-json\/wp\/v2\/product\/15615","targetHints":{"allow":["GET"]}}],"collection":[{"href":"https:\/\/ptm-mechatronics.com\/sk\/wp-json\/wp\/v2\/product"}],"about":[{"href":"https:\/\/ptm-mechatronics.com\/sk\/wp-json\/wp\/v2\/types\/product"}],"replies":[{"embeddable":true,"href":"https:\/\/ptm-mechatronics.com\/sk\/wp-json\/wp\/v2\/comments?post=15615"}],"wp:featuredmedia":[{"embeddable":true,"href":"https:\/\/ptm-mechatronics.com\/sk\/wp-json\/wp\/v2\/media\/15887"}],"wp:attachment":[{"href":"https:\/\/ptm-mechatronics.com\/sk\/wp-json\/wp\/v2\/media?parent=15615"}],"wp:term":[{"taxonomy":"product_brand","embeddable":true,"href":"https:\/\/ptm-mechatronics.com\/sk\/wp-json\/wp\/v2\/product_brand?post=15615"},{"taxonomy":"product_cat","embeddable":true,"href":"https:\/\/ptm-mechatronics.com\/sk\/wp-json\/wp\/v2\/product_cat?post=15615"},{"taxonomy":"product_tag","embeddable":true,"href":"https:\/\/ptm-mechatronics.com\/sk\/wp-json\/wp\/v2\/product_tag?post=15615"}],"curies":[{"name":"wp","href":"https:\/\/api.w.org\/{rel}","templated":true}]}}