{"id":15608,"date":"2025-11-14T09:16:10","date_gmt":"2025-11-14T08:16:10","guid":{"rendered":"https:\/\/ptm-mechatronics.com\/?post_type=product&#038;p=15608"},"modified":"2025-12-15T12:41:09","modified_gmt":"2025-12-15T11:41:09","slug":"haltestopfen","status":"publish","type":"product","link":"https:\/\/ptm-mechatronics.com\/sk\/product\/haltestopfen\/","title":{"rendered":"Upev\u0148ovacia z\u00e1tka"},"content":{"rendered":"<h1 data-start=\"172\" data-end=\"234\"><span style=\"font-size: 75%;\">PP z\u00e1tka<br \/>\n- Stabiln\u00fd, k\u00f3nick\u00fd, flexibiln\u00fd pri pou\u017e\u00edvan\u00ed<\/span><\/h1>\n<p data-start=\"236\" data-end=\"579\">K\u00f3nick\u00e1 z\u00e1tka z robustn\u00e9ho polypropyl\u00e9nu (PP) sa pou\u017e\u00edva na bezpe\u010dn\u00e9 umiestnenie laborat\u00f3rneho \u010derpadla v mal\u00fdch n\u00e1dob\u00e1ch a kanistroch. V\u010faka svojmu flexibiln\u00e9mu priemeru je vhodn\u00e1 pre otvory n\u00e1dob od 40 do 58 mm a v\u010faka svojmu k\u00f3nick\u00e9mu tvaru sa spo\u013eahlivo prisp\u00f4sob\u00ed r\u00f4znym otvorom n\u00e1dob.<\/p>\n<p data-start=\"581\" data-end=\"850\">Chemicky odoln\u00fd materi\u00e1l PP zaru\u010duje dlh\u00fa \u017eivotnos\u0165 a vysok\u00fa odolnos\u0165 vo\u010di agres\u00edvnym m\u00e9di\u00e1m. Z\u00e1tka sa r\u00fdchlo nasadzuje a \u013eahko \u010dist\u00ed - ide\u00e1lna na \u010dasto sa meniace aplik\u00e1cie v laborat\u00f3ri\u00e1ch a v\u00fdrobn\u00fdch prostrediach.<\/p>","protected":false},"excerpt":{"rendered":"<p>K\u00f3nick\u00e1 PP z\u00e1tka pre laborat\u00f3rne \u010derpadl\u00e1 s otvormi n\u00e1dob od 40 do 58 mm, na stabiln\u00e9 vycentrovanie.<\/p>","protected":false},"featured_media":15885,"comment_status":"closed","ping_status":"closed","template":"","meta":{"_acf_changed":false},"product_brand":[],"product_cat":[3215,3206],"product_tag":[],"class_list":{"0":"post-15608","1":"product","2":"type-product","3":"status-publish","4":"has-post-thumbnail","6":"product_cat-laborpumpen","7":"product_cat-pumpentechnik","8":"product_shipping_class-karton-paketversand","9":"pa_material-polypropylen-pp","11":"first","12":"instock","13":"taxable","14":"shipping-taxable","15":"purchasable","16":"product-type-simple"},"bundled_by":[],"bundle_stock_status":"instock","bundle_stock_quantity":null,"bundle_virtual":false,"bundle_layout":"","bundle_add_to_cart_form_location":"","bundle_editable_in_cart":false,"bundle_sold_individually_context":"","bundle_item_grouping":"","bundle_min_size":"","bundle_max_size":"","bundle_price":[],"bundled_items":[],"bundle_sell_ids":[],"exclude_global_add_ons":[],"addons":[],"acf":[],"_links":{"self":[{"href":"https:\/\/ptm-mechatronics.com\/sk\/wp-json\/wp\/v2\/product\/15608","targetHints":{"allow":["GET"]}}],"collection":[{"href":"https:\/\/ptm-mechatronics.com\/sk\/wp-json\/wp\/v2\/product"}],"about":[{"href":"https:\/\/ptm-mechatronics.com\/sk\/wp-json\/wp\/v2\/types\/product"}],"replies":[{"embeddable":true,"href":"https:\/\/ptm-mechatronics.com\/sk\/wp-json\/wp\/v2\/comments?post=15608"}],"wp:featuredmedia":[{"embeddable":true,"href":"https:\/\/ptm-mechatronics.com\/sk\/wp-json\/wp\/v2\/media\/15885"}],"wp:attachment":[{"href":"https:\/\/ptm-mechatronics.com\/sk\/wp-json\/wp\/v2\/media?parent=15608"}],"wp:term":[{"taxonomy":"product_brand","embeddable":true,"href":"https:\/\/ptm-mechatronics.com\/sk\/wp-json\/wp\/v2\/product_brand?post=15608"},{"taxonomy":"product_cat","embeddable":true,"href":"https:\/\/ptm-mechatronics.com\/sk\/wp-json\/wp\/v2\/product_cat?post=15608"},{"taxonomy":"product_tag","embeddable":true,"href":"https:\/\/ptm-mechatronics.com\/sk\/wp-json\/wp\/v2\/product_tag?post=15608"}],"curies":[{"name":"wp","href":"https:\/\/api.w.org\/{rel}","templated":true}]}}