{"id":15607,"date":"2025-11-13T13:24:45","date_gmt":"2025-11-13T12:24:45","guid":{"rendered":"https:\/\/ptm-mechatronics.com\/?post_type=product&#038;p=15607"},"modified":"2025-12-15T12:40:27","modified_gmt":"2025-12-15T11:40:27","slug":"auslaufbogen-fuer-laborpumpen","status":"publish","type":"product","link":"https:\/\/ptm-mechatronics.com\/sk\/product\/auslaufbogen-fuer-laborpumpen\/","title":{"rendered":"V\u00fdstupn\u00e9 koleno pre laborat\u00f3rne \u010derpadl\u00e1"},"content":{"rendered":"<h1><span style=\"font-size: 75%;\">V\u00fdstupn\u00fd ohyb 250 mm z PP<br \/>\n- Robustn\u00e9, presn\u00e9 ulo\u017eenie, odoln\u00e9 vo\u010di chemik\u00e1li\u00e1m<\/span><\/h1>\n<p data-start=\"253\" data-end=\"600\">V\u00fdstupn\u00e9 koleno s d\u013a\u017ekou 25 cm z polypropyl\u00e9nu (PP) je ide\u00e1lnym doplnkom modul\u00e1rnych laborat\u00f3rnych \u010derpadiel PTM pre mal\u00e9 n\u00e1doby a kanistre. V\u00fdstupn\u00e9 koleno s pripojovac\u00edm priemerom DN 19 a vonkaj\u0161\u00edm z\u00e1vitom 3\/4\u2033 zabezpe\u010duje kontrolovan\u00fd a \u010dist\u00fd odtok kvapaliny - bez kvapkania alebo striekania.<\/p>\n<p data-start=\"602\" data-end=\"912\">Chemicky odoln\u00fd materi\u00e1l PP (polypropyl\u00e9n) je mimoriadne odoln\u00fd vo\u010di mnoh\u00fdm agres\u00edvnym m\u00e9di\u00e1m, a preto je vhodn\u00fd na mnoh\u00e9 aplik\u00e1cie v laborat\u00f3rnom a v\u00fdrobnom prostred\u00ed. V\u00fdstupn\u00e9 koleno sa d\u00e1 jednoducho pripoji\u0165 k jednotke \u010derpadla a v pr\u00edpade potreby vymeni\u0165 bez pou\u017eitia n\u00e1radia.<\/p>","protected":false},"excerpt":{"rendered":"<p>25 cm dlh\u00e9 v\u00fdstupn\u00e9 koleno z chemicky odoln\u00e9ho PP s DN 19 a 3\/4\u2033 z\u00e1vitom na \u010dist\u00e9 a bezpe\u010dn\u00e9 plnenie laborat\u00f3rnymi \u010derpadlami PTM.<\/p>","protected":false},"featured_media":15884,"comment_status":"closed","ping_status":"closed","template":"","meta":{"_acf_changed":false},"product_brand":[],"product_cat":[3206,3215],"product_tag":[],"class_list":{"0":"post-15607","1":"product","2":"type-product","3":"status-publish","4":"has-post-thumbnail","6":"product_cat-pumpentechnik","7":"product_cat-laborpumpen","8":"product_shipping_class-karton-paketversand","9":"pa_laenge-250mm","10":"pa_material-polypropylen-pp","12":"first","13":"instock","14":"taxable","15":"shipping-taxable","16":"purchasable","17":"product-type-simple"},"bundled_by":[],"bundle_stock_status":"instock","bundle_stock_quantity":1,"bundle_virtual":false,"bundle_layout":"","bundle_add_to_cart_form_location":"","bundle_editable_in_cart":false,"bundle_sold_individually_context":"","bundle_item_grouping":"","bundle_min_size":"","bundle_max_size":"","bundle_price":[],"bundled_items":[],"bundle_sell_ids":[],"exclude_global_add_ons":[],"addons":[],"acf":[],"_links":{"self":[{"href":"https:\/\/ptm-mechatronics.com\/sk\/wp-json\/wp\/v2\/product\/15607","targetHints":{"allow":["GET"]}}],"collection":[{"href":"https:\/\/ptm-mechatronics.com\/sk\/wp-json\/wp\/v2\/product"}],"about":[{"href":"https:\/\/ptm-mechatronics.com\/sk\/wp-json\/wp\/v2\/types\/product"}],"replies":[{"embeddable":true,"href":"https:\/\/ptm-mechatronics.com\/sk\/wp-json\/wp\/v2\/comments?post=15607"}],"wp:featuredmedia":[{"embeddable":true,"href":"https:\/\/ptm-mechatronics.com\/sk\/wp-json\/wp\/v2\/media\/15884"}],"wp:attachment":[{"href":"https:\/\/ptm-mechatronics.com\/sk\/wp-json\/wp\/v2\/media?parent=15607"}],"wp:term":[{"taxonomy":"product_brand","embeddable":true,"href":"https:\/\/ptm-mechatronics.com\/sk\/wp-json\/wp\/v2\/product_brand?post=15607"},{"taxonomy":"product_cat","embeddable":true,"href":"https:\/\/ptm-mechatronics.com\/sk\/wp-json\/wp\/v2\/product_cat?post=15607"},{"taxonomy":"product_tag","embeddable":true,"href":"https:\/\/ptm-mechatronics.com\/sk\/wp-json\/wp\/v2\/product_tag?post=15607"}],"curies":[{"name":"wp","href":"https:\/\/api.w.org\/{rel}","templated":true}]}}