{"id":15596,"date":"2025-11-13T13:01:24","date_gmt":"2025-11-13T12:01:24","guid":{"rendered":"https:\/\/ptm-mechatronics.com\/?post_type=product&#038;p=15596"},"modified":"2025-12-15T13:08:04","modified_gmt":"2025-12-15T12:08:04","slug":"universalmotor-fuer-laborpumpen","status":"publish","type":"product","link":"https:\/\/ptm-mechatronics.com\/sk\/product\/universalmotor-fuer-laborpumpen\/","title":{"rendered":"Univerz\u00e1lny motor pre laborat\u00f3rne \u010derpadl\u00e1"},"content":{"rendered":"<h1 data-start=\"196\" data-end=\"275\"><span style=\"font-size: 75%;\"><strong data-start=\"196\" data-end=\"275\">Univerz\u00e1lny motor pre laborat\u00f3rne \u010derpadl\u00e1<br \/>\n<\/strong><\/span><span style=\"font-size: 75%;\">- Kompaktn\u00fd, v\u00fdkonn\u00fd, v\u0161estrann\u00fd<\/span><\/h1>\n<p data-start=\"277\" data-end=\"588\">Univerz\u00e1lny motor je \u00fastredn\u00fdm hnac\u00edm prvkom v\u00e1\u0161ho modul\u00e1rneho laborat\u00f3rneho \u010derpadla pre mal\u00e9 n\u00e1doby a kanistre. Motor s v\u00fdkonom 130 W a rozsahom nap\u00e4tia 130 - 230 V pri 50 Hz pon\u00faka spo\u013eahliv\u00fd v\u00fdkon na nepretr\u017eit\u00fa prev\u00e1dzku v laborat\u00f3rnom alebo v\u00fdrobnom prostred\u00ed.<\/p>\n<p data-start=\"590\" data-end=\"911\">V\u010faka kompaktnej kon\u0161trukcii a stup\u0148u krytia IP21 je motor ide\u00e1lny pre aplik\u00e1cie s obmedzen\u00fdm priestorom - v kombin\u00e1cii s pr\u00edslu\u0161n\u00fdmi \u010derpadlov\u00fdmi jednotkami od PTM mechatronics. Motor sa d\u00e1 montova\u0165 a demontova\u0165 bez pou\u017eitia n\u00e1radia, \u010do pon\u00faka maxim\u00e1lnu flexibilitu pri manipul\u00e1cii a \u010disten\u00ed.<\/p>\n<p data-start=\"913\" data-end=\"1078\">Je kompatibiln\u00fd so v\u0161etk\u00fdmi \u010derpac\u00edmi stanicami PTM z obchodu a presved\u010d\u00ed bezpe\u010dn\u00fdm, pohodln\u00fdm a hygienick\u00fdm \u010derpan\u00edm \u0161irokej \u0161k\u00e1ly kvapal\u00edn.<\/p>","protected":false},"excerpt":{"rendered":"<p>Univerz\u00e1lny motor s v\u00fdkonom 130 W, kompaktn\u00e1 pohonn\u00e1 jednotka pre modul\u00e1rne laborat\u00f3rne \u010derpadl\u00e1 od PTM mechatronics, ktor\u00fa mo\u017eno in\u0161talova\u0165 bez pou\u017eitia n\u00e1radia.<\/p>","protected":false},"featured_media":15890,"comment_status":"closed","ping_status":"closed","template":"","meta":{"_acf_changed":false},"product_brand":[],"product_cat":[3206,3215],"product_tag":[],"class_list":{"0":"post-15596","1":"product","2":"type-product","3":"status-publish","4":"has-post-thumbnail","6":"product_cat-pumpentechnik","7":"product_cat-laborpumpen","8":"product_shipping_class-karton-paketversand","9":"pa_leistung-130-watt","10":"pa_schutzart-ip21","11":"pa_spannung-130-230v","13":"first","14":"instock","15":"taxable","16":"shipping-taxable","17":"purchasable","18":"product-type-simple"},"bundled_by":[],"bundle_stock_status":"instock","bundle_stock_quantity":null,"bundle_virtual":false,"bundle_layout":"","bundle_add_to_cart_form_location":"","bundle_editable_in_cart":false,"bundle_sold_individually_context":"","bundle_item_grouping":"","bundle_min_size":"","bundle_max_size":"","bundle_price":[],"bundled_items":[],"bundle_sell_ids":[],"exclude_global_add_ons":[],"addons":[],"acf":[],"_links":{"self":[{"href":"https:\/\/ptm-mechatronics.com\/sk\/wp-json\/wp\/v2\/product\/15596","targetHints":{"allow":["GET"]}}],"collection":[{"href":"https:\/\/ptm-mechatronics.com\/sk\/wp-json\/wp\/v2\/product"}],"about":[{"href":"https:\/\/ptm-mechatronics.com\/sk\/wp-json\/wp\/v2\/types\/product"}],"replies":[{"embeddable":true,"href":"https:\/\/ptm-mechatronics.com\/sk\/wp-json\/wp\/v2\/comments?post=15596"}],"wp:featuredmedia":[{"embeddable":true,"href":"https:\/\/ptm-mechatronics.com\/sk\/wp-json\/wp\/v2\/media\/15890"}],"wp:attachment":[{"href":"https:\/\/ptm-mechatronics.com\/sk\/wp-json\/wp\/v2\/media?parent=15596"}],"wp:term":[{"taxonomy":"product_brand","embeddable":true,"href":"https:\/\/ptm-mechatronics.com\/sk\/wp-json\/wp\/v2\/product_brand?post=15596"},{"taxonomy":"product_cat","embeddable":true,"href":"https:\/\/ptm-mechatronics.com\/sk\/wp-json\/wp\/v2\/product_cat?post=15596"},{"taxonomy":"product_tag","embeddable":true,"href":"https:\/\/ptm-mechatronics.com\/sk\/wp-json\/wp\/v2\/product_tag?post=15596"}],"curies":[{"name":"wp","href":"https:\/\/api.w.org\/{rel}","templated":true}]}}