{"id":14973,"date":"2025-09-08T13:14:41","date_gmt":"2025-09-08T11:14:41","guid":{"rendered":"https:\/\/ptm-mechatronics.com\/?post_type=product&#038;p=14973"},"modified":"2026-03-05T17:47:42","modified_gmt":"2026-03-05T16:47:42","slug":"pneumatisches-ruehrwerk-mit-deckel-fuer-30-liter-fass","status":"publish","type":"product","link":"https:\/\/ptm-mechatronics.com\/sk\/product\/pneumatisches-ruehrwerk-mit-deckel-fuer-30-liter-fass\/","title":{"rendered":"Pneumatick\u00e9 mie\u0161adlo s vekom pre 30-litrov\u00fd sud"},"content":{"rendered":"<h1>Mie\u0161adlo pre 30-litrov\u00e9 sudy - v\u00fdkonn\u00e9, bezpe\u010dn\u00e9 a orientovan\u00e9 na proces<\/h1>\n<p>Toto mie\u0161adlo je ur\u010den\u00e9 na spracovanie ve\u013ek\u00e9ho mno\u017estva v\u00fdrobku v 30-litrov\u00fdch sudoch. Energeticky \u00fa\u010dinn\u00fd pneumatick\u00fd pohon v kombin\u00e1cii s mie\u0161ac\u00edm hriade\u013eom a mie\u0161ac\u00edm prvkom zabezpe\u010duje v\u00fdkonn\u00e9 a z\u00e1rove\u0148 jemn\u00e9 mie\u0161anie m\u00e9di\u00ed akejko\u013evek viskozitnej triedy.<\/p>\n<p>V\u0161etky komponenty, ktor\u00e9 prich\u00e1dzaj\u00fa do kontaktu s m\u00e9diom - hriade\u013e mie\u0161adla, mie\u0161ac\u00ed prvok a veko - s\u00fa vyroben\u00e9 z vysokokvalitnej nehrdzavej\u00facej ocele V4A (1.4404), a preto zaru\u010duj\u00fa maxim\u00e1lnu hygienu, odolnos\u0165 proti kor\u00f3zii a trvanlivos\u0165. Veko s rozsahom upnutia 300 a\u017e 400 mm je ur\u010den\u00e9 pre \u0161tandardizovan\u00e9 30-litrov\u00e9 sudy a m\u00e1 dve up\u00ednacie zariadenia, praktick\u00fa pr\u00edstupov\u00fa klapku a integrovan\u00fa bezpe\u010dnostn\u00fa mrie\u017eku, ktor\u00e1 chr\u00e1ni pred ne\u00famyseln\u00fdm z\u00e1sahom po\u010das prev\u00e1dzky.<\/p>\n<p>Va\u0161e mo\u017enosti:<\/p>\n<p>Syst\u00e9m r\u00fdchlej v\u00fdmeny hriade\u013ea mie\u0161adla:<br \/>\nN\u00e1\u0161 r\u00fdchlov\u00fdmenn\u00fd syst\u00e9m eco-Quick v\u00e1m pon\u00faka r\u00fdchlu a \u010dist\u00fa v\u00fdmenu hriade\u013ea mie\u0161adla v priebehu nieko\u013ek\u00fdch sek\u00fand bez pou\u017eitia \u010fal\u0161\u00edch n\u00e1strojov.<\/p>\n<p>Poh\u00e1rov\u00fd mie\u0161a\u010d eco-Cup alebo mie\u0161a\u010d so \u0161ikmou lopatkou<br \/>\nV\u010faka lamin\u00e1rnemu mie\u0161aniu pon\u00faka mie\u0161adlo eco-Cup homog\u00e9nne mie\u0161anie, a to aj pri n\u00e1ro\u010dn\u00fdch, vysoko visk\u00f3znych m\u00e9di\u00e1ch, ako s\u00fa pasty, suspenzie alebo emulzie.<\/p>\n<p>Mie\u0161adlo so \u0161ikm\u00fdmi lopatkami zaujme axi\u00e1lnou dopravnou charakteristikou s mierne radi\u00e1lnou zlo\u017ekou a vytv\u00e1ra turbulentn\u00e9 pr\u00fadenie, ktor\u00e9 umo\u017e\u0148uje mimoriadne \u00fa\u010dinn\u00e9 mie\u0161anie. V\u010faka svojej robustnej kon\u0161trukcii je ide\u00e1lny pre vysoko visk\u00f3zne l\u00e1tky.<\/p>\n<p>Pneumatick\u00e1 s\u00faprava<br \/>\nPneumatick\u00e1 s\u00faprava obsahuje modul pr\u00edvodu vzduchu s uzatv\u00e1rac\u00edm ventilom, regul\u00e1torom filtra a manometrom na bezpe\u010dn\u00fd a \u010dist\u00fd pr\u00edvod stla\u010den\u00e9ho vzduchu medzi syst\u00e9mom a pohonom mie\u0161adla - na dlhodob\u00fa a spo\u013eahliv\u00fa prev\u00e1dzku. Integrovan\u00fd filter v\u00fdfukov\u00e9ho vzduchu zni\u017euje prev\u00e1dzkov\u00fa hlu\u010dnos\u0165 len na 50 dB(A) a zabezpe\u010duje bezpe\u010dn\u00e9 vyp\u00fa\u0161\u0165anie v\u00fdfukov\u00e9ho vzduchu.<\/p>\n<p>V\u00fdhody na prv\u00fd poh\u013ead:<\/p>\n<ul>\n<li>Pneumatick\u00e9, energeticky \u00fa\u010dinn\u00e9 a v\u00fdkonn\u00e9<\/li>\n<li>Pre 30-litrov\u00e9 sudy s \u00d8 300-400 mm<\/li>\n<li>Hriade\u013e mie\u0161adla, mie\u0161ac\u00ed prvok a kryt s\u00fa vyroben\u00e9 z nehrdzavej\u00facej ocele V4A<\/li>\n<li>Dve up\u00ednacie zariadenia na bezpe\u010dn\u00e9 uchytenie<\/li>\n<li>S pr\u00edstupovou klapkou a bezpe\u010dnostnou mrie\u017ekou<\/li>\n<li>Vhodn\u00e9 pre m\u00e9di\u00e1 s n\u00edzkou a vysokou viskozitou<\/li>\n<li>Homog\u00e9nne, jemn\u00e9 mie\u0161anie<\/li>\n<li>Robustn\u00e9, hygienick\u00e9, nen\u00e1ro\u010dn\u00e9 na \u00fadr\u017ebu<\/li>\n<\/ul>","protected":false},"excerpt":{"rendered":"<p><span class=\"_fadeIn_m1hgl_8\">Mie\u0161adlo <\/span><span class=\"_fadeIn_m1hgl_8\">za 30<\/span><span class=\"_fadeIn_m1hgl_8\">-<\/span><span class=\"_fadeIn_m1hgl_8\">Litre<\/span><span class=\"_fadeIn_m1hgl_8\">Sudy <\/span><span class=\"_fadeIn_m1hgl_8\">s <\/span><span class=\"_fadeIn_m1hgl_8\">V4A-<\/span><span class=\"_fadeIn_m1hgl_8\">Komponenty, <\/span><span class=\"_fadeIn_m1hgl_8\">Pr\u00eddavn\u00e1 klapka <\/span><span class=\"_fadeIn_m1hgl_8\">s <\/span><span class=\"_fadeIn_m1hgl_8\">Bezpe\u010dnostn\u00e1 mrie\u017eka, mo\u017enos\u0165 vo\u013eby mie\u0161adla, <\/span><span class=\"_fadeIn_m1hgl_8\">pre <\/span><span class=\"_fadeIn_m1hgl_8\">a <\/span><span class=\"_fadeIn_m1hgl_8\">bezpe\u010dn\u00e9, <\/span><span class=\"_fadeIn_m1hgl_8\">efekt\u00edvne <\/span><span class=\"_fadeIn_m1hgl_8\">a <\/span><span class=\"_fadeIn_m1hgl_8\">hygienick\u00e9 <\/span><span class=\"_fadeIn_m1hgl_8\">Stir <\/span><span class=\"_fadeIn_m1hgl_8\">visk\u00f3znej\u0161ie <\/span><span class=\"_fadeIn_m1hgl_8\">M\u00e9di\u00e1<\/span><span class=\"_fadeIn_m1hgl_8\">.<\/span><\/p>","protected":false},"featured_media":15551,"comment_status":"open","ping_status":"closed","template":"","meta":{"_acf_changed":false},"product_brand":[],"product_cat":[595,612],"product_tag":[2954,2956,2960,2961,2962,3152,2637,2735,2816,2940],"class_list":{"0":"post-14973","1":"product","2":"type-product","3":"status-publish","4":"has-post-thumbnail","6":"product_cat-ruehrwerkstechnik","7":"product_cat-kleingebinderuehrwerke","8":"product_tag-zugabeklappe-ruehrwerk","9":"product_tag-pneumatischer-ruehrantrieb","10":"product_tag-fassruehrwerk-edelstahl","11":"product_tag-v4a-ruehrwerk-zone-1","12":"product_tag-sicherheitsgitter-ruehrsystem","13":"product_tag-v4a-ruehrwerk-zone-0-1","14":"product_tag-ruehrwerk-fuer-hochviskose-medien","15":"product_tag-schragblattmischer","16":"product_tag-explosionsgeschuetztes-ruehrwerk","17":"product_tag-becherruehrorgan-eco-cup","18":"product_shipping_class-europalette-speditionsversand","19":"pa_antriebsart-pneumatisch","20":"pa_bedien-anschlusskonzept-pneumatikset","21":"pa_bedien-anschlusskonzept-ohne","22":"pa_behaeltervolumen-30-liter","23":"pa_dichtung-ptfe","24":"pa_drehmoment-16nm","25":"pa_drehzahl-0-300-1-min","26":"pa_durchmesser-ruehrwelle-16mm","27":"pa_geeignete-fassdurchmesser-300-400mm","28":"pa_geraeuschpegel-75db","29":"pa_labs-oel-und-silikonfrei","30":"pa_laenge-ruehrwelle-ca-360mm-ab-deckeloberkante","31":"pa_material-deckel-v4a-edelstahl-1-4404","32":"pa_material-gehaeuse-aluminium-eloxiert","33":"pa_mittlerer-luftverbrauch-25l-min","34":"pa_ruehrorgan-becherruehrorgan-eco-cup-320mm","35":"pa_ruehrorgan-schraegblattmischer-325mm","36":"pa_schnellwechselsystem-mit-gewindeverbindung","37":"pa_schnellwechselsystem-mit-schnellwechselsystem","38":"pa_schutzart-ip67","39":"pa_steckverschraubung-abluft-schlauch-o10mm","40":"pa_steckverschraubung-zuluft-schlauch-o6mm","41":"pa_typ-deckelruehrwerk","42":"pa_versorgung-5-6bar","44":"first","45":"instock","46":"taxable","47":"shipping-taxable","48":"purchasable","49":"product-type-variable"},"bundled_by":[],"bundle_stock_status":"instock","bundle_stock_quantity":null,"bundle_virtual":false,"bundle_layout":"","bundle_add_to_cart_form_location":"","bundle_editable_in_cart":false,"bundle_sold_individually_context":"","bundle_item_grouping":"","bundle_min_size":"","bundle_max_size":"","bundle_price":[],"bundled_items":[],"bundle_sell_ids":[],"exclude_global_add_ons":[],"addons":[],"acf":[],"_links":{"self":[{"href":"https:\/\/ptm-mechatronics.com\/sk\/wp-json\/wp\/v2\/product\/14973","targetHints":{"allow":["GET"]}}],"collection":[{"href":"https:\/\/ptm-mechatronics.com\/sk\/wp-json\/wp\/v2\/product"}],"about":[{"href":"https:\/\/ptm-mechatronics.com\/sk\/wp-json\/wp\/v2\/types\/product"}],"replies":[{"embeddable":true,"href":"https:\/\/ptm-mechatronics.com\/sk\/wp-json\/wp\/v2\/comments?post=14973"}],"wp:featuredmedia":[{"embeddable":true,"href":"https:\/\/ptm-mechatronics.com\/sk\/wp-json\/wp\/v2\/media\/15551"}],"wp:attachment":[{"href":"https:\/\/ptm-mechatronics.com\/sk\/wp-json\/wp\/v2\/media?parent=14973"}],"wp:term":[{"taxonomy":"product_brand","embeddable":true,"href":"https:\/\/ptm-mechatronics.com\/sk\/wp-json\/wp\/v2\/product_brand?post=14973"},{"taxonomy":"product_cat","embeddable":true,"href":"https:\/\/ptm-mechatronics.com\/sk\/wp-json\/wp\/v2\/product_cat?post=14973"},{"taxonomy":"product_tag","embeddable":true,"href":"https:\/\/ptm-mechatronics.com\/sk\/wp-json\/wp\/v2\/product_tag?post=14973"}],"curies":[{"name":"wp","href":"https:\/\/api.w.org\/{rel}","templated":true}]}}