{"id":14906,"date":"2025-09-08T12:33:49","date_gmt":"2025-09-08T10:33:49","guid":{"rendered":"https:\/\/ptm-mechatronics.com\/?post_type=product&#038;p=14906"},"modified":"2026-03-05T18:00:35","modified_gmt":"2026-03-05T17:00:35","slug":"elektrisches-stativruehrwerk-fuer-30-liter-fass","status":"publish","type":"product","link":"https:\/\/ptm-mechatronics.com\/sk\/product\/elektrisches-stativruehrwerk-fuer-30-liter-fass\/","title":{"rendered":"Elektrick\u00fd stojanov\u00fd mix\u00e9r pre 30-litrov\u00fd bubon"},"content":{"rendered":"<h1><span style=\"font-size: 90%;\">Elektrick\u00fd stojanov\u00fd mix\u00e9r pre 30-litrov\u00e9 sudy - v\u00fdkonn\u00fd, bezpe\u010dn\u00fd, ergonomick\u00fd<\/span><\/h1>\n<p>Stojanov\u00e1 mie\u0161a\u010dka pre 30-litrov\u00e9 sudy alebo varn\u00e9 n\u00e1doby bola vyvinut\u00e1 na efekt\u00edvne a bezpe\u010dn\u00e9 spracovanie m\u00e9di\u00ed s n\u00edzkou a\u017e vysokou viskozitou. Sklad\u00e1 sa z v\u00fdkonn\u00e9ho elektrick\u00e9ho pohonu, pevn\u00e9ho veka z nehrdzavej\u00facej ocele, mie\u0161acieho hriade\u013ea s mie\u0161ac\u00edm prvkom a stojana s automatick\u00fdm zdv\u00edhac\u00edm zariaden\u00edm a ovl\u00e1dac\u00edm panelom. V\u0161etky s\u00fa\u010dasti, ktor\u00e9 prich\u00e1dzaj\u00fa do kontaktu s m\u00e9diom - mie\u0161ac\u00ed hriade\u013e a mie\u0161ac\u00ed prvok - s\u00fa vyroben\u00e9 z nehrdzavej\u00facej ocele V4A (1.4404) a poskytuj\u00fa vysok\u00fa \u00farove\u0148 hygieny a odolnosti proti kor\u00f3zii.<\/p>\n<p>Mie\u0161adlo je plne prisp\u00f4soben\u00e9 na pou\u017eitie v \u0161tandardizovan\u00fdch 30-litrov\u00fdch sudoch a pon\u00faka rovnomern\u00fd, homog\u00e9nny v\u00fdsledok mie\u0161ania, dokonca aj pri tvrd\u00fdch a visk\u00f3znych l\u00e1tkach. Automatick\u00e9 zdv\u00edhacie zariadenie u\u013eah\u010duje zdv\u00edhanie a sp\u00fa\u0161\u0165anie mie\u0161adla, zabezpe\u010duje bezpe\u010dn\u00fa v\u00fdmenu n\u00e1dob a zni\u017euje fyzick\u00fa z\u00e1\u0165a\u017e pri ka\u017edodennej pr\u00e1ci.<\/p>\n<p>Pre maxim\u00e1lnu bezpe\u010dnos\u0165 pr\u00e1ce je mie\u0161adlo vybaven\u00e9 funkciou automatick\u00e9ho vypnutia pri zdvihnut\u00ed veka, aby sa zabr\u00e1nilo z\u00e1sahu do pohybliv\u00fdch \u010dast\u00ed. Po spusten\u00ed veka sa proces mie\u0161ania op\u00e4\u0165 automaticky spust\u00ed prostredn\u00edctvom detekcie n\u00e1doby - efekt\u00edvne a bezpe\u010dne.<\/p>\n<p>Va\u0161e mo\u017enosti:<\/p>\n<p>Syst\u00e9m r\u00fdchlej v\u00fdmeny hriade\u013ea mie\u0161adla:<br \/>\nN\u00e1\u0161 r\u00fdchlov\u00fdmenn\u00fd syst\u00e9m eco-Quick v\u00e1m pon\u00faka r\u00fdchlu a \u010dist\u00fa v\u00fdmenu hriade\u013ea mie\u0161adla v priebehu nieko\u013ek\u00fdch sek\u00fand bez pou\u017eitia \u010fal\u0161\u00edch n\u00e1strojov.<\/p>\n<p>Poh\u00e1rov\u00fd mie\u0161a\u010d eco-Cup alebo mie\u0161a\u010d so \u0161ikmou lopatkou:<br \/>\nV\u010faka lamin\u00e1rnemu mie\u0161aniu pon\u00faka mie\u0161adlo eco-Cup homog\u00e9nne mie\u0161anie, a to aj pri n\u00e1ro\u010dn\u00fdch, vysoko visk\u00f3znych m\u00e9di\u00e1ch, ako s\u00fa pasty, suspenzie alebo emulzie.<\/p>\n<p>Mie\u0161adlo so \u0161ikm\u00fdmi lopatkami zaujme axi\u00e1lnou dopravnou charakteristikou s mierne radi\u00e1lnou zlo\u017ekou a vytv\u00e1ra turbulentn\u00e9 pr\u00fadenie, ktor\u00e9 umo\u017e\u0148uje mimoriadne \u00fa\u010dinn\u00e9 mie\u0161anie. V\u010faka svojej robustnej kon\u0161trukcii je ide\u00e1lny pre vysoko visk\u00f3zne l\u00e1tky.<\/p>\n<p>Zap\u00ednanie:<br \/>\nStojanov\u00e1 bat\u00e9ria je k dispoz\u00edcii s mo\u017enos\u0165ou mont\u00e1\u017ee na stenu aj na podlahu.<\/p>\n<p>V\u00fdhody na prv\u00fd poh\u013ead:<\/p>\n<ul>\n<li>Elektrick\u00fd pohon na v\u00fdkonn\u00e9 mie\u0161anie<\/li>\n<li>Optimalizovan\u00e9 pre 30-litrov\u00e9 sudy<\/li>\n<li>Hriade\u013e mie\u0161adla a prvok z nehrdzavej\u00facej ocele V4A<\/li>\n<li>Automatick\u00e9 zdv\u00edhacie zariadenie na ergonomick\u00fa pr\u00e1cu<\/li>\n<li>Ovl\u00e1dac\u00ed panel na jednoduch\u00e9 ovl\u00e1danie<\/li>\n<li>Bezpe\u010dnostn\u00fd v\u00fdrez na zdvihnutie veka<\/li>\n<li>Automatick\u00fd re\u0161tart prostredn\u00edctvom detekcie kontajnera<\/li>\n<li>Pre m\u00e9di\u00e1 s n\u00edzkou a\u017e vysokou viskozitou<\/li>\n<li>Hygienick\u00e9, bezpe\u010dn\u00e9, vhodn\u00e9 na priemyseln\u00e9 pou\u017eitie<\/li>\n<\/ul>\n<p>Pozn\u00e1mka: Dod\u00e1vka bez suda.<\/p>","protected":false},"excerpt":{"rendered":"<p><span class=\"_fadeIn_m1hgl_8\">Stojanov\u00e9 mie\u0161adlo <\/span><span class=\"_fadeIn_m1hgl_8\">pre <\/span><span class=\"_fadeIn_m1hgl_8\">30-<\/span><span class=\"_fadeIn_m1hgl_8\">Litre<\/span><span class=\"_fadeIn_m1hgl_8\">Sudy <\/span><span class=\"_fadeIn_m1hgl_8\">s elektrick\u00fdm<\/span><span class=\"_fadeIn_m1hgl_8\">\u00a0<\/span><span class=\"_fadeIn_m1hgl_8\">Pohon, <\/span><span class=\"_fadeIn_m1hgl_8\">V4A-<\/span><span class=\"_fadeIn_m1hgl_8\">Komponenty, <\/span><span class=\"_fadeIn_m1hgl_8\">viac automatiky <\/span><span class=\"_fadeIn_m1hgl_8\">Zdv\u00edhacie zariadenie, <\/span><span class=\"_fadeIn_m1hgl_8\">Bezpe\u010dnostn\u00e9 vypnutie <\/span><span class=\"_fadeIn_m1hgl_8\">a <\/span><span class=\"_fadeIn_m1hgl_8\">Volebn\u00fd agita\u010dn\u00fd org\u00e1n<\/span><span class=\"_fadeIn_m1hgl_8\">\u00a0<\/span><span class=\"_fadeIn_m1hgl_8\">pre <\/span><span class=\"_fadeIn_m1hgl_8\">efekt\u00edvne, <\/span><span class=\"_fadeIn_m1hgl_8\">bezpe\u010dn\u00e9 <\/span><span class=\"_fadeIn_m1hgl_8\">Stir <\/span><span class=\"_fadeIn_m1hgl_8\">s <\/span><span class=\"_fadeIn_m1hgl_8\">v\u0161etky <\/span><span class=\"_fadeIn_m1hgl_8\">viskozity, s mont\u00e1\u017eou na stenu alebo podlahu.<\/span><\/p>","protected":false},"featured_media":15565,"comment_status":"open","ping_status":"closed","template":"","meta":{"_acf_changed":false},"product_brand":[],"product_cat":[595,612],"product_tag":[3173,3174,2637,2893,2965,2966,2967,2968,3199,2969,3200,2971,2977],"class_list":{"0":"post-14906","1":"product","2":"type-product","3":"status-publish","4":"has-post-thumbnail","6":"product_cat-ruehrwerkstechnik","7":"product_cat-kleingebinderuehrwerke","8":"product_tag-ruehrwerk-elektrisch","9":"product_tag-ruehrstation-elektrisch","10":"product_tag-ruehrwerk-fuer-hochviskose-medien","11":"product_tag-ruehrwerk-mit-hebevorrichtung","12":"product_tag-pneumatisches-ruehrwerk-edelstahl","13":"product_tag-v4a-ruehrwelle-eco-cup","14":"product_tag-fassruehrwerk-mit-sicherheit","15":"product_tag-ergonomisches-ruehrwerk-industrie","16":"product_tag-edelstahl-ruehrwerk-30l","17":"product_tag-automatisches-ruehrsystem","18":"product_tag-ruehrwerk-30-liter","19":"product_tag-bedienpult-ruehrtechnik","20":"product_tag-stativruehrwerk-30-liter","21":"product_shipping_class-europalette-speditionsversand","22":"pa_antriebsart-elektrisch","23":"pa_befestigung-mit-bodenbefestigung","24":"pa_befestigung-mit-wandbefestigung","25":"pa_behaeltervolumen-30-liter","26":"pa_deckeldurchmesser-380mm","27":"pa_dichtung-ptfe","28":"pa_durchmesser-ruehrwelle-16mm","29":"pa_geeignete-fassdurchmesser-30-liter","30":"pa_gesamtbreite-440mm","31":"pa_gesamthoehe-1335mm","32":"pa_gesamttiefe-600mm","33":"pa_labs-oel-und-silikonfrei","34":"pa_laenge-ruehrwelle-ca-360mm-ab-deckeloberkante","35":"pa_material-deckel-v4a-edelstahl-1-4404","36":"pa_model-eco-station-30","37":"pa_ruehrorgan-schraegblattmischer-175mm","38":"pa_ruehrorgan-becherruehrorgan-eco-cup-170mm","39":"pa_schnellwechselsystem-mit-gewindeverbindung","40":"pa_schnellwechselsystem-mit-schnellwechselsystem","41":"pa_stativverfahrweg-500mm","42":"pa_typ-stativruehrwerk","44":"first","45":"instock","46":"taxable","47":"shipping-taxable","48":"purchasable","49":"product-type-variable"},"bundled_by":[],"bundle_stock_status":"instock","bundle_stock_quantity":null,"bundle_virtual":false,"bundle_layout":"","bundle_add_to_cart_form_location":"","bundle_editable_in_cart":false,"bundle_sold_individually_context":"","bundle_item_grouping":"","bundle_min_size":"","bundle_max_size":"","bundle_price":[],"bundled_items":[],"bundle_sell_ids":[],"exclude_global_add_ons":[],"addons":[],"acf":[],"_links":{"self":[{"href":"https:\/\/ptm-mechatronics.com\/sk\/wp-json\/wp\/v2\/product\/14906","targetHints":{"allow":["GET"]}}],"collection":[{"href":"https:\/\/ptm-mechatronics.com\/sk\/wp-json\/wp\/v2\/product"}],"about":[{"href":"https:\/\/ptm-mechatronics.com\/sk\/wp-json\/wp\/v2\/types\/product"}],"replies":[{"embeddable":true,"href":"https:\/\/ptm-mechatronics.com\/sk\/wp-json\/wp\/v2\/comments?post=14906"}],"wp:featuredmedia":[{"embeddable":true,"href":"https:\/\/ptm-mechatronics.com\/sk\/wp-json\/wp\/v2\/media\/15565"}],"wp:attachment":[{"href":"https:\/\/ptm-mechatronics.com\/sk\/wp-json\/wp\/v2\/media?parent=14906"}],"wp:term":[{"taxonomy":"product_brand","embeddable":true,"href":"https:\/\/ptm-mechatronics.com\/sk\/wp-json\/wp\/v2\/product_brand?post=14906"},{"taxonomy":"product_cat","embeddable":true,"href":"https:\/\/ptm-mechatronics.com\/sk\/wp-json\/wp\/v2\/product_cat?post=14906"},{"taxonomy":"product_tag","embeddable":true,"href":"https:\/\/ptm-mechatronics.com\/sk\/wp-json\/wp\/v2\/product_tag?post=14906"}],"curies":[{"name":"wp","href":"https:\/\/api.w.org\/{rel}","templated":true}]}}