{"id":14473,"date":"2025-08-25T08:34:18","date_gmt":"2025-08-25T06:34:18","guid":{"rendered":"https:\/\/ptm-mechatronics.com\/?post_type=product&#038;p=14473"},"modified":"2026-03-09T10:18:52","modified_gmt":"2026-03-09T09:18:52","slug":"elektro-pneumatisches-stativruehrwerk-fuer-ibc-container","status":"publish","type":"product","link":"https:\/\/ptm-mechatronics.com\/sk\/product\/elektro-pneumatisches-stativruehrwerk-fuer-ibc-container\/","title":{"rendered":"Elektropneumatick\u00fd stojanov\u00fd mix\u00e9r pre IBC a kontajnery"},"content":{"rendered":"<h1 data-start=\"188\" data-end=\"272\"><span style=\"font-size: 90%;\"><span class=\"_fadeIn_m1hgl_8\">Stojanov\u00e9 mie\u0161adlo <\/span><span class=\"_fadeIn_m1hgl_8\">pre <\/span><span class=\"_fadeIn_m1hgl_8\">IBC <\/span><span class=\"_fadeIn_m1hgl_8\">a <\/span><span class=\"_fadeIn_m1hgl_8\">Kontajner - <\/span><span class=\"_fadeIn_m1hgl_8\">v\u00fdkonn\u00e9, <\/span><span class=\"_fadeIn_m1hgl_8\">bezpe\u010dn\u00e9 <\/span><span class=\"_fadeIn_m1hgl_8\">a <\/span><span class=\"_fadeIn_m1hgl_8\">Ergonomick\u00e9 <\/span><span class=\"_fadeIn_m1hgl_8\">mie\u0161ajte<\/span><\/span><\/h1>\n<p data-start=\"274\" data-end=\"737\"><span class=\"_fadeIn_m1hgl_8\">Na\u0161a str\u00e1nka <\/span><span class=\"_fadeIn_m1hgl_8\">Stojanov\u00e9 mie\u0161adlo <\/span><span class=\"_fadeIn_m1hgl_8\">pre <\/span><span class=\"_fadeIn_m1hgl_8\">IBC <\/span><span class=\"_fadeIn_m1hgl_8\">a <\/span><span class=\"_fadeIn_m1hgl_8\">Kontajner<\/span> <span class=\"_fadeIn_m1hgl_8\">bola <\/span><span class=\"_fadeIn_m1hgl_8\">najm\u00e4 <\/span><span class=\"_fadeIn_m1hgl_8\">pre <\/span><span class=\"_fadeIn_m1hgl_8\">. <\/span><span class=\"_fadeIn_m1hgl_8\">v\u00fdkonn\u00fd <\/span><span class=\"_fadeIn_m1hgl_8\">a <\/span><span class=\"_fadeIn_m1hgl_8\">spo\u013eahliv\u00fd proces <\/span><span class=\"_fadeIn_m1hgl_8\">Stir <\/span><span class=\"_fadeIn_m1hgl_8\">z adresy <\/span><span class=\"_fadeIn_m1hgl_8\">n\u00edzka <\/span><span class=\"_fadeIn_m1hgl_8\">do <\/span><span class=\"_fadeIn_m1hgl_8\">vysoko visk\u00f3zne <\/span><span class=\"_fadeIn_m1hgl_8\">M\u00e9di\u00e1<\/span> <span class=\"_fadeIn_m1hgl_8\">vyvinut\u00e9. <\/span><span class=\"_fadeIn_m1hgl_8\">Vybaven\u00e9 <\/span><span class=\"_fadeIn_m1hgl_8\">s <\/span><span class=\"_fadeIn_m1hgl_8\">jeden <\/span><span class=\"_fadeIn_m1hgl_8\">v\u00fdkonn\u00e9, <\/span><span class=\"_fadeIn_m1hgl_8\">elektrick\u00e9 <\/span><span class=\"_fadeIn_m1hgl_8\">Disk<\/span><span class=\"_fadeIn_m1hgl_8\">, <\/span><span class=\"_fadeIn_m1hgl_8\">jeden <\/span><span class=\"_fadeIn_m1hgl_8\">robustn\u00fd <\/span><span class=\"_fadeIn_m1hgl_8\">Kryc\u00ed syst\u00e9m<\/span> <span class=\"_fadeIn_m1hgl_8\">a <\/span><span class=\"_fadeIn_m1hgl_8\">jeden <\/span><span class=\"_fadeIn_m1hgl_8\">stabiln\u00fd <\/span><span class=\"_fadeIn_m1hgl_8\">Stat\u00edv <\/span><span class=\"_fadeIn_m1hgl_8\">s <\/span><span class=\"_fadeIn_m1hgl_8\">Automatick\u00e9 pneumatick\u00e9 <\/span><span class=\"_fadeIn_m1hgl_8\">Zdv\u00edhacie zariadenie<\/span><span class=\"_fadeIn_m1hgl_8\">, <\/span><span class=\"_fadeIn_m1hgl_8\">je . <\/span><span class=\"_fadeIn_m1hgl_8\">tento <\/span><span class=\"_fadeIn_m1hgl_8\">Mie\u0161adlo <\/span><span class=\"_fadeIn_m1hgl_8\">ide\u00e1lne <\/span><span class=\"_fadeIn_m1hgl_8\">pre <\/span><span class=\"_fadeIn_m1hgl_8\">. <\/span><span class=\"_fadeIn_m1hgl_8\">priemyseln\u00e9 <\/span><span class=\"_fadeIn_m1hgl_8\">Nepretr\u017eit\u00e1 prev\u00e1dzka <\/span><span class=\"_fadeIn_m1hgl_8\">na str\u00e1nke <\/span><span class=\"_fadeIn_m1hgl_8\">. <\/span><span class=\"_fadeIn_m1hgl_8\">Ch\u00e9mia, <\/span><span class=\"_fadeIn_m1hgl_8\">Potraviny -, <\/span><span class=\"_fadeIn_m1hgl_8\">Farmaceutick\u00e9 <\/span><span class=\"_fadeIn_m1hgl_8\">a <\/span><span class=\"_fadeIn_m1hgl_8\">Kozmetick\u00fd priemysel<\/span> <span class=\"_fadeIn_m1hgl_8\">vhodn\u00e9.<\/span><\/p>\n<p data-start=\"739\" data-end=\"1149\"><span class=\"_fadeIn_m1hgl_8\">Str\u00e1nka <\/span><span class=\"_fadeIn_m1hgl_8\">integrovan\u00fd <\/span><span class=\"_fadeIn_m1hgl_8\">Hriade\u013e mie\u0161adla<\/span> <span class=\"_fadeIn_m1hgl_8\">a <\/span><span class=\"_fadeIn_m1hgl_8\">. <\/span><span class=\"_fadeIn_m1hgl_8\">osved\u010den\u00e9 <\/span><span class=\"_fadeIn_m1hgl_8\">Skladacie<\/span><span class=\"_fadeIn_m1hgl_8\">Mie\u0161adlo na poh\u00e1re <\/span><span class=\"_fadeIn_m1hgl_8\">eko-<\/span><span class=\"_fadeIn_m1hgl_8\">Poh\u00e1r<\/span><span class=\"_fadeIn_m1hgl_8\"> \u2013 <\/span><span class=\"_fadeIn_m1hgl_8\">obidve <\/span><span class=\"_fadeIn_m1hgl_8\">vyroben\u00e9 <\/span><span class=\"_fadeIn_m1hgl_8\">z adresy <\/span><span class=\"_fadeIn_m1hgl_8\">vysok\u00e1 kvalita <\/span><span class=\"_fadeIn_m1hgl_8\">V4A <\/span><span class=\"_fadeIn_m1hgl_8\">Nerezov\u00e1 oce\u013e (<\/span><span class=\"_fadeIn_m1hgl_8\">1.4404)<\/span><span class=\"_fadeIn_m1hgl_8\"> \u2013 <\/span><span class=\"_fadeIn_m1hgl_8\">z\u00e1ruka <\/span><span class=\"_fadeIn_m1hgl_8\">jeden <\/span><span class=\"_fadeIn_m1hgl_8\">efekt\u00edvne <\/span><span class=\"_fadeIn_m1hgl_8\">Mie\u0161anie<\/span> <span class=\"_fadeIn_m1hgl_8\">z adresy <\/span><span class=\"_fadeIn_m1hgl_8\">Kvapaliny <\/span><span class=\"_fadeIn_m1hgl_8\">a <\/span><span class=\"_fadeIn_m1hgl_8\">visk\u00f3zne <\/span><span class=\"_fadeIn_m1hgl_8\">L\u00e1tky <\/span><span class=\"_fadeIn_m1hgl_8\">priamo <\/span><span class=\"_fadeIn_m1hgl_8\">v <\/span><span class=\"_fadeIn_m1hgl_8\">IBC <\/span><span class=\"_fadeIn_m1hgl_8\">alebo <\/span><span class=\"_fadeIn_m1hgl_8\">Kontajner. <\/span><span class=\"_fadeIn_m1hgl_8\">Str\u00e1nka <\/span><span class=\"_fadeIn_m1hgl_8\">Komponenty <\/span><span class=\"_fadeIn_m1hgl_8\">s\u00fa <\/span><span class=\"_fadeIn_m1hgl_8\">optim\u00e1lne <\/span><span class=\"_fadeIn_m1hgl_8\">na seba navz\u00e1jom <\/span><span class=\"_fadeIn_m1hgl_8\">harmonizovan\u00e9 <\/span><span class=\"_fadeIn_m1hgl_8\">a <\/span><span class=\"_fadeIn_m1hgl_8\">poskytn\u00fa\u0165 . <\/span><span class=\"_fadeIn_m1hgl_8\">pre <\/span><span class=\"_fadeIn_m1hgl_8\">a <\/span><span class=\"_fadeIn_m1hgl_8\">dokonca, <\/span><span class=\"_fadeIn_m1hgl_8\">homog\u00e9nne <\/span><span class=\"_fadeIn_m1hgl_8\">Mie\u0161aj\u00faci v\u00fdsledok - <\/span><span class=\"_fadeIn_m1hgl_8\">tie\u017e <\/span><span class=\"_fadeIn_m1hgl_8\">s <\/span><span class=\"_fadeIn_m1hgl_8\">n\u00e1ro\u010dn\u00e9 <\/span><span class=\"_fadeIn_m1hgl_8\">M\u00e9di\u00e1.<\/span><\/p>\n<p data-start=\"1151\" data-end=\"1431\"><span class=\"_fadeIn_m1hgl_8\">Str\u00e1nka <\/span><span class=\"_fadeIn_m1hgl_8\">automatick\u00fd <\/span><span class=\"_fadeIn_m1hgl_8\">Zdv\u00edhacie zariadenie<\/span> <span class=\"_fadeIn_m1hgl_8\">umo\u017e\u0148uje <\/span><span class=\"_fadeIn_m1hgl_8\">jeden <\/span><span class=\"_fadeIn_m1hgl_8\">pohodlnej\u0161ie <\/span><span class=\"_fadeIn_m1hgl_8\">a <\/span><span class=\"_fadeIn_m1hgl_8\">ergonomick\u00e9 <\/span><span class=\"_fadeIn_m1hgl_8\">Zmena kontajnera<\/span><span class=\"_fadeIn_m1hgl_8\">, <\/span><span class=\"_fadeIn_m1hgl_8\">zn\u00ed\u017een\u00e1 <\/span><span class=\"_fadeIn_m1hgl_8\">fyzick\u00e1 str\u00e1nka <\/span><span class=\"_fadeIn_m1hgl_8\">Za\u0165a\u017eenie <\/span><span class=\"_fadeIn_m1hgl_8\">a <\/span><span class=\"_fadeIn_m1hgl_8\">zv\u00fd\u0161en\u00fd <\/span><span class=\"_fadeIn_m1hgl_8\">. <\/span><span class=\"_fadeIn_m1hgl_8\">Bezpe\u010dnos\u0165 pr\u00e1ce. <\/span><span class=\"_fadeIn_m1hgl_8\">O str\u00e1nke <\/span><span class=\"_fadeIn_m1hgl_8\">a <\/span><span class=\"_fadeIn_m1hgl_8\">intuit\u00edvne <\/span><span class=\"_fadeIn_m1hgl_8\">funk\u010dn\u00e9 <\/span><span class=\"_fadeIn_m1hgl_8\">Ovl\u00e1dac\u00ed panel <\/span><span class=\"_fadeIn_m1hgl_8\">na str\u00e1nke . <\/span><span class=\"_fadeIn_m1hgl_8\">Stat\u00edv<\/span> <span class=\"_fadeIn_m1hgl_8\">listy <\/span><span class=\"_fadeIn_m1hgl_8\">samotn\u00fd <\/span><span class=\"_fadeIn_m1hgl_8\">. <\/span><span class=\"_fadeIn_m1hgl_8\">cel\u00fd <\/span><span class=\"_fadeIn_m1hgl_8\">Proces mie\u0161ania <\/span><span class=\"_fadeIn_m1hgl_8\">efekt\u00edvne <\/span><span class=\"_fadeIn_m1hgl_8\">kontrola.<\/span><\/p>\n<p data-start=\"1433\" data-end=\"1758\"><span class=\"_fadeIn_m1hgl_8\">Pre <\/span><span class=\"_fadeIn_m1hgl_8\">\u010fal\u0161ie <\/span><span class=\"_fadeIn_m1hgl_8\">Zabezpe\u010denie <\/span><span class=\"_fadeIn_m1hgl_8\">poskytuje <\/span><span class=\"_fadeIn_m1hgl_8\">. <\/span><span class=\"_fadeIn_m1hgl_8\">integrovan\u00fd <\/span><span class=\"_fadeIn_m1hgl_8\">automatick\u00fd <\/span><span class=\"_fadeIn_m1hgl_8\">Vypnutie mie\u0161adla <\/span><span class=\"_fadeIn_m1hgl_8\">na <\/span><span class=\"_fadeIn_m1hgl_8\">Zdv\u00edhanie <\/span><span class=\"_fadeIn_m1hgl_8\">z <\/span><span class=\"_fadeIn_m1hgl_8\">Pokrievky<\/span><span class=\"_fadeIn_m1hgl_8\">, <\/span><span class=\"_fadeIn_m1hgl_8\">na adrese <\/span><span class=\"_fadeIn_m1hgl_8\">. <\/span><span class=\"_fadeIn_m1hgl_8\">Dosiahnite <\/span><span class=\"_fadeIn_m1hgl_8\">na str\u00e1nke <\/span><span class=\"_fadeIn_m1hgl_8\">pohybliv\u00fd <\/span><span class=\"_fadeIn_m1hgl_8\">Diely <\/span><span class=\"_fadeIn_m1hgl_8\">na <\/span><span class=\"_fadeIn_m1hgl_8\">zabr\u00e1ni\u0165. <\/span><span class=\"_fadeIn_m1hgl_8\">Na <\/span><span class=\"_fadeIn_m1hgl_8\">Zn\u00ed\u017eenie <\/span><span class=\"_fadeIn_m1hgl_8\">rozpozn\u00e1va <\/span><span class=\"_fadeIn_m1hgl_8\">. <\/span><span class=\"_fadeIn_m1hgl_8\">Syst\u00e9m <\/span><span class=\"_fadeIn_m1hgl_8\">. <\/span><span class=\"_fadeIn_m1hgl_8\">Kontajner <\/span><span class=\"_fadeIn_m1hgl_8\">automaticky <\/span><span class=\"_fadeIn_m1hgl_8\">a <\/span><span class=\"_fadeIn_m1hgl_8\">za\u010d\u00edna <\/span><span class=\"_fadeIn_m1hgl_8\">. <\/span><span class=\"_fadeIn_m1hgl_8\">Proces mie\u0161ania <\/span><span class=\"_fadeIn_m1hgl_8\">nez\u00e1visl\u00fd - <\/span><span class=\"_fadeIn_m1hgl_8\">pre <\/span><span class=\"_fadeIn_m1hgl_8\">jeden <\/span><span class=\"_fadeIn_m1hgl_8\">bez trenia, <\/span><span class=\"_fadeIn_m1hgl_8\">kontrolovan\u00e9 <\/span><span class=\"_fadeIn_m1hgl_8\">Priebeh procesu.<\/span><\/p>\n<h3 data-start=\"1337\" data-end=\"1549\"><span class=\"_fadeIn_m1hgl_8\">Va\u0161e mo\u017enosti:<\/span><\/h3>\n<p>Tri \u00farovne v\u00fdkonu pod\u013ea va\u0161ich po\u017eiadaviek:<\/p>\n<ul>\n<li>Pre kvapaliny s viskozitou do 2 000 mPas.<\/li>\n<li>Pre kvapaliny s viskozitou do 10 000 mPas.<\/li>\n<li>Pre kvapaliny s viskozitou do 50 000 mPas.<\/li>\n<\/ul>\n<p>Syst\u00e9m r\u00fdchlej v\u00fdmeny hriade\u013ea mie\u0161adla:<br \/>\nNa\u0161a str\u00e1nka <a href=\"https:\/\/youtu.be\/TjagGW4DoyA?feature=shared\" target=\"_blank\" rel=\"noopener\">r\u00fdchlov\u00fdmenn\u00fd syst\u00e9m eco-Quick<\/a> pon\u00faka r\u00fdchlu a \u010dist\u00fa v\u00fdmenu hriade\u013ea mie\u0161adla v priebehu nieko\u013ek\u00fdch sek\u00fand bez pou\u017eitia \u010fal\u0161\u00edch n\u00e1strojov.<\/p>\n<p data-start=\"1760\" data-end=\"1791\"><span class=\"_fadeIn_m1hgl_8\">V\u00fdhody <\/span><span class=\"_fadeIn_m1hgl_8\">na str\u00e1nke . <\/span><span class=\"_fadeIn_m1hgl_8\">jeden <\/span><span class=\"_fadeIn_m1hgl_8\">Zobrazenie:<\/span><\/p>\n<ul>\n<li data-start=\"1794\" data-end=\"1835\"><span class=\"_fadeIn_m1hgl_8\">V\u00fdkonnej\u0161ie, <\/span><span class=\"_fadeIn_m1hgl_8\">elektrick\u00fd <\/span><span class=\"_fadeIn_m1hgl_8\">Disk<\/span><\/li>\n<li data-start=\"1794\" data-end=\"1835\"><span class=\"_fadeIn_m1hgl_8\">Robustnej\u0161ie <\/span><span class=\"_fadeIn_m1hgl_8\">Nerezov\u00e1 oce\u013e (<\/span><span class=\"_fadeIn_m1hgl_8\">V4A \/ <\/span><span class=\"_fadeIn_m1hgl_8\">1.4404) <\/span><span class=\"_fadeIn_m1hgl_8\">pre <\/span><span class=\"_fadeIn_m1hgl_8\">Hriade\u013e mie\u0161adla <\/span><span class=\"_fadeIn_m1hgl_8\">a <\/span><span class=\"_fadeIn_m1hgl_8\">Mie\u0161adlo<\/span><\/li>\n<li data-start=\"1794\" data-end=\"1835\"><span class=\"_fadeIn_m1hgl_8\">Skladacie<\/span><span class=\"_fadeIn_m1hgl_8\">Mie\u0161adlo na poh\u00e1re <\/span><span class=\"_fadeIn_m1hgl_8\">eko-<\/span><span class=\"_fadeIn_m1hgl_8\">Poh\u00e1r <\/span><span class=\"_fadeIn_m1hgl_8\">pre <\/span><span class=\"_fadeIn_m1hgl_8\">efekt\u00edvne <\/span><span class=\"_fadeIn_m1hgl_8\">Zmes<\/span><\/li>\n<li data-start=\"1794\" data-end=\"1835\"><span class=\"_fadeIn_m1hgl_8\">Vhodn\u00e9 <\/span><span class=\"_fadeIn_m1hgl_8\">pre <\/span><span class=\"_fadeIn_m1hgl_8\">n\u00edzka <\/span><span class=\"_fadeIn_m1hgl_8\">do <\/span><span class=\"_fadeIn_m1hgl_8\">vysok\u00e1 viskozita <\/span><span class=\"_fadeIn_m1hgl_8\">M\u00e9di\u00e1<\/span><\/li>\n<li data-start=\"1794\" data-end=\"1835\"><span class=\"_fadeIn_m1hgl_8\">Automatick\u00e9 <\/span><span class=\"_fadeIn_m1hgl_8\">Zdv\u00edhacie zariadenie <\/span><span class=\"_fadeIn_m1hgl_8\">pre <\/span><span class=\"_fadeIn_m1hgl_8\">ergonomick\u00e9 <\/span><span class=\"_fadeIn_m1hgl_8\">Pracovn\u00e1 str\u00e1nka<\/span><\/li>\n<li data-start=\"1794\" data-end=\"1835\"><span class=\"_fadeIn_m1hgl_8\">Integrovan\u00e1 str\u00e1nka <\/span><span class=\"_fadeIn_m1hgl_8\">Bezpe\u010dnostn\u00e9 vypnutie <\/span><span class=\"_fadeIn_m1hgl_8\">na <\/span><span class=\"_fadeIn_m1hgl_8\">Zdvihnutie veka<\/span><\/li>\n<li data-start=\"1794\" data-end=\"1835\"><span class=\"_fadeIn_m1hgl_8\">Automatick\u00e9 <\/span><span class=\"_fadeIn_m1hgl_8\">\u0160tart <\/span><span class=\"_fadeIn_m1hgl_8\">prostredn\u00edctvom str\u00e1nky . <\/span><span class=\"_fadeIn_m1hgl_8\">Detekcia kontajnera<\/span><\/li>\n<li data-start=\"1794\" data-end=\"1835\"><span class=\"_fadeIn_m1hgl_8\">Praktick\u00e9 <\/span><span class=\"_fadeIn_m1hgl_8\">Ovl\u00e1dac\u00ed panel <\/span><span class=\"_fadeIn_m1hgl_8\">pre <\/span><span class=\"_fadeIn_m1hgl_8\">jednoduch\u00fd <\/span><span class=\"_fadeIn_m1hgl_8\">Riadiaci syst\u00e9m<\/span><\/li>\n<li data-start=\"1794\" data-end=\"1835\"><span class=\"_fadeIn_m1hgl_8\">Ide\u00e1lne <\/span><span class=\"_fadeIn_m1hgl_8\">pre <\/span><span class=\"_fadeIn_m1hgl_8\">IBC <\/span><span class=\"_fadeIn_m1hgl_8\">a <\/span><span class=\"_fadeIn_m1hgl_8\">Kontajner<\/span><\/li>\n<\/ul>\n<p data-start=\"1794\" data-end=\"1835\">Rozsah dod\u00e1vky bez kontajnera, bez paletov\u00e9ho voz\u00edka<\/p>","protected":false},"excerpt":{"rendered":"<p><span class=\"_fadeIn_m1hgl_8\">Stojanov\u00e9 mie\u0161adlo <\/span><span class=\"_fadeIn_m1hgl_8\">pre <\/span><span class=\"_fadeIn_m1hgl_8\">IBC <\/span><span class=\"_fadeIn_m1hgl_8\">a <\/span><span class=\"_fadeIn_m1hgl_8\">Kontajner <\/span><span class=\"_fadeIn_m1hgl_8\">s <\/span><span class=\"_fadeIn_m1hgl_8\">pneumatick\u00e9 <\/span><span class=\"_fadeIn_m1hgl_8\">Pohon, <\/span><span class=\"_fadeIn_m1hgl_8\">viac automatiky <\/span><span class=\"_fadeIn_m1hgl_8\">Zdv\u00edhacie zariadenie, <\/span><span class=\"_fadeIn_m1hgl_8\">Bezpe\u010dnostn\u00e9 vypnutie <\/span><span class=\"_fadeIn_m1hgl_8\">a <\/span><span class=\"_fadeIn_m1hgl_8\">V4A-<\/span><span class=\"_fadeIn_m1hgl_8\">Nerezov\u00e1 oce\u013e<\/span><span class=\"_fadeIn_m1hgl_8\">Komponenty, <\/span><span class=\"_fadeIn_m1hgl_8\">optim\u00e1lne <\/span><span class=\"_fadeIn_m1hgl_8\">na str\u00e1nke . <\/span><span class=\"_fadeIn_m1hgl_8\">. <\/span><span class=\"_fadeIn_m1hgl_8\">efekt\u00edvne <\/span><span class=\"_fadeIn_m1hgl_8\">a <\/span><span class=\"_fadeIn_m1hgl_8\">bezpe\u010dn\u00e9 <\/span><span class=\"_fadeIn_m1hgl_8\">Stir <\/span><span class=\"_fadeIn_m1hgl_8\">z adresy <\/span><span class=\"_fadeIn_m1hgl_8\">n\u00edzka <\/span><span class=\"_fadeIn_m1hgl_8\">do <\/span><span class=\"_fadeIn_m1hgl_8\">vysoko visk\u00f3zne <\/span><span class=\"_fadeIn_m1hgl_8\">M\u00e9di\u00e1 <\/span><span class=\"_fadeIn_m1hgl_8\">koordinovan\u00e9.<\/span><\/p>","protected":false},"featured_media":15559,"comment_status":"open","ping_status":"closed","template":"","meta":{"_acf_changed":false},"product_brand":[],"product_cat":[595,614],"product_tag":[2890,2891,2893,2894,2895,2897,2898,3155,3165,2637],"class_list":{"0":"post-14473","1":"product","2":"type-product","3":"status-publish","4":"has-post-thumbnail","6":"product_cat-ruehrwerkstechnik","7":"product_cat-containerruehrwerke","8":"product_tag-stativruehrwerk-ibc","9":"product_tag-container-ruehrwerk","10":"product_tag-ruehrwerk-mit-hebevorrichtung","11":"product_tag-edelstahl-ruehrwerk-v4a","12":"product_tag-ruehrwerk-mit-sicherheitsabschaltung","13":"product_tag-automatisches-stativruehrwerk","14":"product_tag-ruehrwerk-mit-bedienpult","15":"product_tag-ibc-ruehrwerk","16":"product_tag-elektro-pneumatisches-ruehrwerk","17":"product_tag-ruehrwerk-fuer-hochviskose-medien","18":"product_shipping_class-sonderpalette-speditionsversand","19":"pa_antriebsart-elektrisch","20":"pa_behaeltervolumen-ibc","21":"pa_deckeldurchmesser-fuer-ibc-oeffnungen-dn150-und-dn225-geeignet","22":"pa_dichtung-ptfe","23":"pa_durchmesser-ruehrwelle-25mm","24":"pa_geeignete-container-600-1200-liter-ibc","25":"pa_gesamtbreite-1290mm","26":"pa_gesamthoehe-2825mm","27":"pa_labs-oel-und-silikonfrei","28":"pa_laenge-ruehrwelle-ca-739mm-ab-deckeloberkante","29":"pa_material-deckel-v4a-edelstahl-1-4404","30":"pa_model-eco-station-ibc","31":"pa_motorgroessen-0-411-1-min-15kw-32nm-bis-2-000mpas","32":"pa_motorgroessen-0-245-1-min-15kw-58nm-bis-10-000mpas","33":"pa_motorgroessen-0-337-1-min-3kw-85nm-bis-50-000mpas","34":"pa_ruehrorgan-becherruehrorgan-eco-cup-500mm","35":"pa_schnellwechselsystem-mit-gewindeverbindung","36":"pa_schnellwechselsystem-mit-schnellwechselsystem","37":"pa_stativverfahrweg-1200mm","38":"pa_typ-stativruehrwerk","40":"first","41":"instock","42":"taxable","43":"shipping-taxable","44":"purchasable","45":"product-type-variable"},"bundled_by":[],"bundle_stock_status":"instock","bundle_stock_quantity":null,"bundle_virtual":false,"bundle_layout":"","bundle_add_to_cart_form_location":"","bundle_editable_in_cart":false,"bundle_sold_individually_context":"","bundle_item_grouping":"","bundle_min_size":"","bundle_max_size":"","bundle_price":[],"bundled_items":[],"bundle_sell_ids":[],"exclude_global_add_ons":[],"addons":[],"acf":[],"_links":{"self":[{"href":"https:\/\/ptm-mechatronics.com\/sk\/wp-json\/wp\/v2\/product\/14473","targetHints":{"allow":["GET"]}}],"collection":[{"href":"https:\/\/ptm-mechatronics.com\/sk\/wp-json\/wp\/v2\/product"}],"about":[{"href":"https:\/\/ptm-mechatronics.com\/sk\/wp-json\/wp\/v2\/types\/product"}],"replies":[{"embeddable":true,"href":"https:\/\/ptm-mechatronics.com\/sk\/wp-json\/wp\/v2\/comments?post=14473"}],"wp:featuredmedia":[{"embeddable":true,"href":"https:\/\/ptm-mechatronics.com\/sk\/wp-json\/wp\/v2\/media\/15559"}],"wp:attachment":[{"href":"https:\/\/ptm-mechatronics.com\/sk\/wp-json\/wp\/v2\/media?parent=14473"}],"wp:term":[{"taxonomy":"product_brand","embeddable":true,"href":"https:\/\/ptm-mechatronics.com\/sk\/wp-json\/wp\/v2\/product_brand?post=14473"},{"taxonomy":"product_cat","embeddable":true,"href":"https:\/\/ptm-mechatronics.com\/sk\/wp-json\/wp\/v2\/product_cat?post=14473"},{"taxonomy":"product_tag","embeddable":true,"href":"https:\/\/ptm-mechatronics.com\/sk\/wp-json\/wp\/v2\/product_tag?post=14473"}],"curies":[{"name":"wp","href":"https:\/\/api.w.org\/{rel}","templated":true}]}}