{"id":14428,"date":"2025-07-25T09:35:54","date_gmt":"2025-07-25T07:35:54","guid":{"rendered":"https:\/\/ptm-mechatronics.com\/?post_type=product&#038;p=14428"},"modified":"2026-03-09T10:20:09","modified_gmt":"2026-03-09T09:20:09","slug":"ruehrwerk-mit-traverse-fuer-ibc-container","status":"publish","type":"product","link":"https:\/\/ptm-mechatronics.com\/sk\/product\/ruehrwerk-mit-traverse-fuer-ibc-container\/","title":{"rendered":"Pneumatick\u00e9 mie\u0161adlo s posuvom pre IBC a kontajnery"},"content":{"rendered":"<h1 data-start=\"186\" data-end=\"280\"><span style=\"font-size: 90%;\">Pneumatick\u00e9 mie\u0161adlo IBC s prie\u010dnym nosn\u00edkom z nehrdzavej\u00facej ocele - flexibiln\u00e9, v\u00fdkonn\u00e9, \u013eahko sa in\u0161taluje<\/span><\/h1>\n<p data-start=\"282\" data-end=\"621\">Na\u0161e v\u00fdkonn\u00e9 pneumatick\u00e9 mie\u0161adl\u00e1 pre IBC a kontajnery s\u00fa ide\u00e1lnym rie\u0161en\u00edm pre spo\u013eahliv\u00e9 mie\u0161anie v priemysle a v\u00fdrobe. Robustn\u00fd prie\u010dnik vyroben\u00fd z nehrdzavej\u00facej ocele V4A 1.4404 sa d\u00e1 r\u00fdchlo a bezpe\u010dne namontova\u0165 na n\u00e1dobu - dve r\u00fdchloup\u00ednacie svorky umo\u017e\u0148uj\u00fa jeho upevnenie v priebehu nieko\u013ek\u00fdch sek\u00fand.<\/p>\n<p data-start=\"623\" data-end=\"975\">V\u010faka variabiln\u00e9mu rozsahu nastavenia je mie\u0161adlo vhodn\u00e9 pre n\u00e1doby IBC s objemom od 600 do 1200 litrov. S\u00fa\u010das\u0165ou dod\u00e1vky je zodpovedaj\u00faci mie\u0161ac\u00ed hriade\u013e a \u0161peci\u00e1lne navrhnut\u00e9 z\u00e1vesn\u00e9 poh\u00e1rov\u00e9 mie\u0161adlo eco-Cup - tie\u017e vyroben\u00e9 z nehrdzavej\u00facej ocele V4A - na \u00fa\u010dinn\u00e9 a \u0161etrn\u00e9 mie\u0161anie m\u00e9di\u00ed s n\u00edzkou a\u017e vysokou viskozitou.<\/p>\n<h3 data-start=\"1337\" data-end=\"1549\"><span class=\"_fadeIn_m1hgl_8\">Va\u0161e mo\u017enosti:<\/span><\/h3>\n<p>Syst\u00e9m r\u00fdchlej v\u00fdmeny hriade\u013ea mie\u0161adla:<br \/>\nN\u00e1\u0161 r\u00fdchlov\u00fdmenn\u00fd syst\u00e9m eco-Quick v\u00e1m pon\u00faka r\u00fdchlu a \u010dist\u00fa v\u00fdmenu hriade\u013ea mie\u0161adla v priebehu nieko\u013ek\u00fdch sek\u00fand bez pou\u017eitia \u010fal\u0161\u00edch n\u00e1strojov.<\/p>\n<p data-start=\"1337\" data-end=\"1549\">Koncepcia fungovania:<br \/>\nStojanov\u00e1 bat\u00e9ria je volite\u013ene k dispoz\u00edcii s pneumatickou s\u00fapravou (uzatv\u00e1rac\u00ed ventil, regul\u00e1tor filtra a manometer) alebo ovl\u00e1dac\u00edm panelom DGUV. Ovl\u00e1dac\u00ed panel DGUV pon\u00faka bezpe\u010dnos\u0165 pri pr\u00e1ci v s\u00falade s UVV s n\u00fadzov\u00fdm zastaven\u00edm s riaden\u00fdm op\u00e4tovn\u00fdm spusten\u00edm, dvojit\u00fdm monitorovan\u00edm n\u00e1doby a preh\u013eadn\u00fdm a bezpe\u010dn\u00fdm usporiadan\u00edm ovl\u00e1dac\u00edch prvkov.<\/p>\n<p data-start=\"623\" data-end=\"975\">Pozn\u00e1mka: Ke\u010f\u017ee IBC nie s\u00fa \u0161tandardizovan\u00e9, odpor\u00fa\u010dame vopred skontrolova\u0165 rozmery. N\u00e1\u0161 t\u00edm PTM v\u00e1m r\u00e1d pom\u00f4\u017ee s v\u00fdberom.<\/p>\n<p data-start=\"1118\" data-end=\"1150\">Rozsah dod\u00e1vky bez kontajnera.<\/p>","protected":false},"excerpt":{"rendered":"<p>Pneumatick\u00e9 mie\u0161adlo IBC s prie\u010dnym nosn\u00edkom z nehrdzavej\u00facej ocele, pripraven\u00e9 na okam\u017eit\u00e9 pou\u017eitie, ktor\u00e9 mo\u017eno flexibilne namontova\u0165 na 600-1200 litrov\u00e9 kontajnery - vr\u00e1tane mie\u0161acieho hriade\u013ea a mie\u0161adla eco-Cup.<\/p>","protected":false},"featured_media":15558,"comment_status":"open","ping_status":"closed","template":"","meta":{"_acf_changed":false},"product_brand":[],"product_cat":[614,595],"product_tag":[2892,3155,3159,3160,3161,3162,2517,2743,2891],"class_list":{"0":"post-14428","1":"product","2":"type-product","3":"status-publish","4":"has-post-thumbnail","6":"product_cat-containerruehrwerke","7":"product_cat-ruehrwerkstechnik","8":"product_tag-pneumatisches-ruehrwerk","9":"product_tag-ibc-ruehrwerk","10":"product_tag-eco-cup-ruehrorgan","11":"product_tag-ruehrwelle-ibc","12":"product_tag-ibc-ruehrtechnik","13":"product_tag-schnellspanner-ruehrwerk","14":"product_tag-edelstahl-ruehrwerk","15":"product_tag-ruehrwerk-v4a","16":"product_tag-container-ruehrwerk","17":"product_shipping_class-karton-paketversand","18":"pa_antriebsart-pneumatisch","19":"pa_atex-zone-122122","20":"pa_bedien-anschlusskonzept-ohne","21":"pa_bedien-anschlusskonzept-pneumatikset","22":"pa_bedien-anschlusskonzept-dguv-schalttafel","23":"pa_behaeltervolumen-ibc","24":"pa_dichtung-ptfe","25":"pa_drehmoment-32nm","26":"pa_drehzahl-0-300-1-min","27":"pa_durchmesser-ruehrwelle-25mm","28":"pa_ex-gas-ex-ii-2-g-ex-h-iic-t5-gb-x","29":"pa_ex-staub-ex-ii-2-d-ex-h-iiic-t100c-db-x","30":"pa_geeignete-ibc-groessen-600-1200-liter","31":"pa_geraeuschpegel-75db","32":"pa_labs-oel-und-silikonfrei","33":"pa_laenge-ruehrwelle-ca-795mm-ab-deckeloberkante","34":"pa_material-gehaeuse-aluminium-eloxiert","35":"pa_material-traverse-v4a-edelstahl-1-4404","36":"pa_mittlerer-luftverbrauch-200l-min","37":"pa_ruehrorgan-becherruehrorgan-eco-cup-500mm","38":"pa_schnellwechselsystem-mit-gewindeverbindung","39":"pa_schnellwechselsystem-mit-schnellwechselsystem","40":"pa_schutzart-ip67","41":"pa_steckverschraubung-abluft-schlauch-o12mm","42":"pa_steckverschraubung-zuluft-schlauch-o8mm","43":"pa_typ-traversenruehrwerk","44":"pa_versorgung-5-6bar","46":"first","47":"instock","48":"taxable","49":"shipping-taxable","50":"purchasable","51":"product-type-variable"},"bundled_by":[],"bundle_stock_status":"instock","bundle_stock_quantity":null,"bundle_virtual":false,"bundle_layout":"","bundle_add_to_cart_form_location":"","bundle_editable_in_cart":false,"bundle_sold_individually_context":"","bundle_item_grouping":"","bundle_min_size":"","bundle_max_size":"","bundle_price":[],"bundled_items":[],"bundle_sell_ids":[],"exclude_global_add_ons":[],"addons":[],"acf":[],"_links":{"self":[{"href":"https:\/\/ptm-mechatronics.com\/sk\/wp-json\/wp\/v2\/product\/14428","targetHints":{"allow":["GET"]}}],"collection":[{"href":"https:\/\/ptm-mechatronics.com\/sk\/wp-json\/wp\/v2\/product"}],"about":[{"href":"https:\/\/ptm-mechatronics.com\/sk\/wp-json\/wp\/v2\/types\/product"}],"replies":[{"embeddable":true,"href":"https:\/\/ptm-mechatronics.com\/sk\/wp-json\/wp\/v2\/comments?post=14428"}],"wp:featuredmedia":[{"embeddable":true,"href":"https:\/\/ptm-mechatronics.com\/sk\/wp-json\/wp\/v2\/media\/15558"}],"wp:attachment":[{"href":"https:\/\/ptm-mechatronics.com\/sk\/wp-json\/wp\/v2\/media?parent=14428"}],"wp:term":[{"taxonomy":"product_brand","embeddable":true,"href":"https:\/\/ptm-mechatronics.com\/sk\/wp-json\/wp\/v2\/product_brand?post=14428"},{"taxonomy":"product_cat","embeddable":true,"href":"https:\/\/ptm-mechatronics.com\/sk\/wp-json\/wp\/v2\/product_cat?post=14428"},{"taxonomy":"product_tag","embeddable":true,"href":"https:\/\/ptm-mechatronics.com\/sk\/wp-json\/wp\/v2\/product_tag?post=14428"}],"curies":[{"name":"wp","href":"https:\/\/api.w.org\/{rel}","templated":true}]}}