{"id":14421,"date":"2025-07-25T09:20:21","date_gmt":"2025-07-25T07:20:21","guid":{"rendered":"https:\/\/ptm-mechatronics.com\/?post_type=product&#038;p=14421"},"modified":"2025-11-07T15:56:02","modified_gmt":"2025-11-07T14:56:02","slug":"ruehrwerk-mit-traverse-fuer-ibc-container-atex","status":"publish","type":"product","link":"https:\/\/ptm-mechatronics.com\/sk\/product\/ruehrwerk-mit-traverse-fuer-ibc-container-atex\/","title":{"rendered":"Pneumatick\u00e9 mie\u0161adlo s posuvom pre IBC a kontajnery - ATEX"},"content":{"rendered":"<h1 data-start=\"194\" data-end=\"290\"><span style=\"font-size: 75%;\">Pneumatick\u00e9 mie\u0161adlo IBC s prie\u010dnym nosn\u00edkom z nehrdzavej\u00facej ocele - bezpe\u010dn\u00e9 pod\u013ea ATEX, flexibiln\u00e9, jednoduch\u00e1 in\u0161tal\u00e1cia<\/span><\/h1>\n<p data-start=\"292\" data-end=\"535\">Na\u0161e v\u00fdkonn\u00e9 pneumatick\u00e9 mie\u0161adl\u00e1 pre IBC a kontajnery s\u00fa \u0161peci\u00e1lne navrhnut\u00e9 na nepretr\u017eit\u00e9 priemyseln\u00e9 pou\u017eitie a pon\u00fakaj\u00fa maxim\u00e1lnu bezpe\u010dnos\u0165 a \u00fa\u010dinnos\u0165 - dokonca aj v nebezpe\u010dn\u00fdch z\u00f3nach ATEX 1.<\/p>\n<p data-start=\"537\" data-end=\"871\">Robustn\u00fd prie\u010dnik vyroben\u00fd z vysokokvalitnej nehrdzavej\u00facej ocele V4A 1.4404 sa d\u00e1 r\u00fdchlo a jednoducho pripevni\u0165 k v\u00e1\u0161mu kontajneru. Mie\u0161adlo sa bezpe\u010dne upevn\u00ed v priebehu nieko\u013ek\u00fdch sek\u00fand pomocou dvoch praktick\u00fdch r\u00fdchloup\u00ednac\u00edch svoriek. V\u010faka variabiln\u00e9mu rozsahu nastavenia je syst\u00e9m vhodn\u00fd pre IBC kontajnery s objemom 600 a\u017e 1 200 litrov.<\/p>\n<p data-start=\"873\" data-end=\"1102\">Mie\u0161adlo sa dod\u00e1va pripraven\u00e9 na pou\u017eitie s prisp\u00f4soben\u00fdm mie\u0161ac\u00edm hriade\u013eom a osved\u010den\u00fdm z\u00e1vesn\u00fdm mie\u0161adlom eco-Cup - oboje vyroben\u00e9 z nehrdzavej\u00facej ocele V4A - na dosiahnutie homog\u00e9nnych v\u00fdsledkov pri m\u00e9di\u00e1ch s n\u00edzkou a\u017e vysokou viskozitou.<\/p>\n<h3 data-start=\"1337\" data-end=\"1549\"><span class=\"_fadeIn_m1hgl_8\">Va\u0161e mo\u017enosti:<\/span><\/h3>\n<p>Syst\u00e9m r\u00fdchlej v\u00fdmeny hriade\u013ea mie\u0161adla:<br \/>\nNa\u0161a str\u00e1nka <a href=\"https:\/\/youtu.be\/TjagGW4DoyA?feature=shared\" target=\"_blank\" rel=\"noopener\">r\u00fdchlov\u00fdmenn\u00fd syst\u00e9m eco-Quick<\/a> pon\u00faka r\u00fdchlu a \u010dist\u00fa v\u00fdmenu hriade\u013ea mie\u0161adla v priebehu nieko\u013ek\u00fdch sek\u00fand bez pou\u017eitia \u010fal\u0161\u00edch n\u00e1strojov.<\/p>\n<p data-start=\"1337\" data-end=\"1549\">Koncepcia fungovania:<br \/>\nMie\u0161adlo je volite\u013ene k dispoz\u00edcii s pneumatickou s\u00fapravou (uzatv\u00e1rac\u00ed ventil, regul\u00e1tor filtra a manometer) alebo ovl\u00e1dac\u00edm panelom DGUV. . <a href=\"https:\/\/ptm-mechatronics.com\/sk\/product\/dguv-schalttafel\/\" target=\"_blank\" rel=\"noopener\">Ovl\u00e1dac\u00ed panel DGUV<\/a> pon\u00faka bezpe\u010dnos\u0165 pr\u00e1ce pod\u013ea UVV s <a href=\"https:\/\/ptm-mechatronics.com\/sk\/grundlagen-guide\/not-aus\/\" target=\"_blank\" rel=\"noopener\">N\u00fadzov\u00e9 zastavenie<\/a> s kontrolovan\u00fdm op\u00e4tovn\u00fdm spusten\u00edm, dvojit\u00fdm monitorovan\u00edm z\u00e1sobn\u00edka a preh\u013eadn\u00fdm a bezpe\u010dn\u00fdm usporiadan\u00edm ovl\u00e1dac\u00edch prvkov.<\/p>\n<p data-start=\"873\" data-end=\"1102\">Pozn\u00e1mka: Kontajnery IBC nie s\u00fa \u0161tandardizovan\u00e9. Rozmery kontajnera si pros\u00edm overte vopred. Radi v\u00e1m porad\u00edme osobne.<\/p>\n<p data-start=\"1237\" data-end=\"1269\">Rozsah dod\u00e1vky bez kontajnera.<\/p>","protected":false},"excerpt":{"rendered":"<p>Pneumatick\u00e9 mie\u0161adlo IBC s prie\u010dnym nosn\u00edkom z nehrdzavej\u00facej ocele pre z\u00f3nu ATEX 1, ktor\u00e9 sa d\u00e1 flexibilne namontova\u0165 na 600-1200 litrov\u00e9 kontajnery a je pripraven\u00e9 na okam\u017eit\u00e9 pou\u017eitie s mie\u0161ac\u00edm hriade\u013eom a mie\u0161adlom eco-Cup.<\/p>","protected":false},"featured_media":15557,"comment_status":"open","ping_status":"closed","template":"","meta":{"_acf_changed":false},"product_brand":[],"product_cat":[595,614],"product_tag":[2517,2707,2814,2892,2896,3155,3156,3157,3158,3159],"class_list":{"0":"post-14421","1":"product","2":"type-product","3":"status-publish","4":"has-post-thumbnail","6":"product_cat-ruehrwerkstechnik","7":"product_cat-containerruehrwerke","8":"product_tag-edelstahl-ruehrwerk","9":"product_tag-ruehrtechnik-industrie","10":"product_tag-atex-ruehrwerk","11":"product_tag-pneumatisches-ruehrwerk","12":"product_tag-ibc-ruehrwerk-atex","13":"product_tag-ibc-ruehrwerk","14":"product_tag-ruehrwerk-container","15":"product_tag-zone-1-ruehrwerk","16":"product_tag-v4a-traverse","17":"product_tag-eco-cup-ruehrorgan","18":"product_shipping_class-karton-paketversand","19":"pa_antriebsart-pneumatisch","20":"pa_atex-zone-122122","21":"pa_bedien-anschlusskonzept-ohne","22":"pa_bedien-anschlusskonzept-pneumatikset","23":"pa_bedien-anschlusskonzept-dguv-schalttafel","24":"pa_behaeltervolumen-ibc","25":"pa_dichtung-ptfe","26":"pa_drehmoment-32nm","27":"pa_drehzahl-0-300-1-min","28":"pa_durchmesser-ruehrwelle-25mm","29":"pa_ex-gas-ex-ii-2-g-ex-h-iic-t5-gb-x","30":"pa_ex-staub-ex-ii-2-d-ex-h-iiic-t100c-db-x","31":"pa_geeignete-ibc-groessen-600-1200-liter","32":"pa_geraeuschpegel-75db","33":"pa_labs-oel-und-silikonfrei","34":"pa_laenge-ruehrwelle-ca-795mm-ab-deckeloberkante","35":"pa_material-gehaeuse-aluminium-eloxiert","36":"pa_material-traverse-v4a-edelstahl-1-4404","37":"pa_mittlerer-luftverbrauch-200l-min","38":"pa_ruehrorgan-becherruehrorgan-eco-cup-500mm","39":"pa_schnellwechselsystem-mit-schnellwechselsystem","40":"pa_schnellwechselsystem-mit-gewindeverbindung","41":"pa_schutzart-ip67","42":"pa_steckverschraubung-abluft-schlauch-o12mm","43":"pa_steckverschraubung-zuluft-schlauch-o8mm","44":"pa_typ-traversenruehrwerk","45":"pa_versorgung-5-6bar","47":"first","48":"instock","49":"taxable","50":"shipping-taxable","51":"purchasable","52":"product-type-variable"},"bundled_by":[],"bundle_stock_status":"instock","bundle_stock_quantity":null,"bundle_virtual":false,"bundle_layout":"","bundle_add_to_cart_form_location":"","bundle_editable_in_cart":false,"bundle_sold_individually_context":"","bundle_item_grouping":"","bundle_min_size":"","bundle_max_size":"","bundle_price":[],"bundled_items":[],"bundle_sell_ids":[],"exclude_global_add_ons":[],"addons":[],"acf":[],"_links":{"self":[{"href":"https:\/\/ptm-mechatronics.com\/sk\/wp-json\/wp\/v2\/product\/14421","targetHints":{"allow":["GET"]}}],"collection":[{"href":"https:\/\/ptm-mechatronics.com\/sk\/wp-json\/wp\/v2\/product"}],"about":[{"href":"https:\/\/ptm-mechatronics.com\/sk\/wp-json\/wp\/v2\/types\/product"}],"replies":[{"embeddable":true,"href":"https:\/\/ptm-mechatronics.com\/sk\/wp-json\/wp\/v2\/comments?post=14421"}],"wp:featuredmedia":[{"embeddable":true,"href":"https:\/\/ptm-mechatronics.com\/sk\/wp-json\/wp\/v2\/media\/15557"}],"wp:attachment":[{"href":"https:\/\/ptm-mechatronics.com\/sk\/wp-json\/wp\/v2\/media?parent=14421"}],"wp:term":[{"taxonomy":"product_brand","embeddable":true,"href":"https:\/\/ptm-mechatronics.com\/sk\/wp-json\/wp\/v2\/product_brand?post=14421"},{"taxonomy":"product_cat","embeddable":true,"href":"https:\/\/ptm-mechatronics.com\/sk\/wp-json\/wp\/v2\/product_cat?post=14421"},{"taxonomy":"product_tag","embeddable":true,"href":"https:\/\/ptm-mechatronics.com\/sk\/wp-json\/wp\/v2\/product_tag?post=14421"}],"curies":[{"name":"wp","href":"https:\/\/api.w.org\/{rel}","templated":true}]}}