{"id":14142,"date":"2025-07-24T14:11:25","date_gmt":"2025-07-24T12:11:25","guid":{"rendered":"https:\/\/ptm-mechatronics.com\/?post_type=product&#038;p=14142"},"modified":"2025-11-07T15:55:28","modified_gmt":"2025-11-07T14:55:28","slug":"ruehrwerk-mit-deckel-fuer-200-liter-fass","status":"publish","type":"product","link":"https:\/\/ptm-mechatronics.com\/sk\/product\/ruehrwerk-mit-deckel-fuer-200-liter-fass\/","title":{"rendered":"Pneumatick\u00e9 mie\u0161adlo s vekom pre 200-litrov\u00fd sud"},"content":{"rendered":"<h1 data-start=\"306\" data-end=\"391\"><span style=\"font-size: 75%;\"><span class=\"_fadeIn_m1hgl_8\">Mie\u0161adlo <\/span><span class=\"_fadeIn_m1hgl_8\">pre <\/span><span class=\"_fadeIn_m1hgl_8\">200-<\/span><span class=\"_fadeIn_m1hgl_8\">Litre<\/span><span class=\"_fadeIn_m1hgl_8\">Sudy - <\/span><span class=\"_fadeIn_m1hgl_8\">v\u00fdkonn\u00e9, <\/span><span class=\"_fadeIn_m1hgl_8\">bezpe\u010dn\u00e9 <\/span><span class=\"_fadeIn_m1hgl_8\">a <\/span><span class=\"_fadeIn_m1hgl_8\">orient\u00e1cia na proces<\/span><\/span><\/h1>\n<p data-start=\"393\" data-end=\"819\"><span class=\"_fadeIn_m1hgl_8\">T\u00e1to str\u00e1nka <\/span><span class=\"_fadeIn_m1hgl_8\">Mie\u0161adlo<\/span><span class=\"_fadeIn_m1hgl_8\">\u00a0<\/span><span class=\"_fadeIn_m1hgl_8\">je . <\/span><span class=\"_fadeIn_m1hgl_8\">pre <\/span><span class=\"_fadeIn_m1hgl_8\">. <\/span><span class=\"_fadeIn_m1hgl_8\">Spracovanie <\/span><span class=\"_fadeIn_m1hgl_8\">ve\u013ek\u00e9 <\/span><span class=\"_fadeIn_m1hgl_8\">Mno\u017estvo v\u00fdrobku<\/span> <span class=\"_fadeIn_m1hgl_8\">na str\u00e1nke <\/span><span class=\"_fadeIn_m1hgl_8\">200-<\/span><span class=\"_fadeIn_m1hgl_8\">Litre<\/span><span class=\"_fadeIn_m1hgl_8\">Sudy<\/span> <span class=\"_fadeIn_m1hgl_8\">navrhnut\u00e9. <\/span><span class=\"_fadeIn_m1hgl_8\">Str\u00e1nka <\/span><span class=\"_fadeIn_m1hgl_8\">energeticky \u00fasporn\u00e9, <\/span><span class=\"_fadeIn_m1hgl_8\">pneumatick\u00e9 <\/span><span class=\"_fadeIn_m1hgl_8\">Disk<\/span> <span class=\"_fadeIn_m1hgl_8\">poskytuje <\/span><span class=\"_fadeIn_m1hgl_8\">na str\u00e1nke <\/span><span class=\"_fadeIn_m1hgl_8\">Kombin\u00e1cia <\/span><span class=\"_fadeIn_m1hgl_8\">s <\/span><span class=\"_fadeIn_m1hgl_8\">Hriade\u013e a org\u00e1n mie\u0161adla<\/span>\u00a0<span class=\"_fadeIn_m1hgl_8\">pre <\/span><span class=\"_fadeIn_m1hgl_8\">jeden <\/span><span class=\"_fadeIn_m1hgl_8\">v\u00fdkonn\u00e9, <\/span><span class=\"_fadeIn_m1hgl_8\">ale <\/span><span class=\"_fadeIn_m1hgl_8\">v rovnakom \u010dase <\/span><span class=\"_fadeIn_m1hgl_8\">jemn\u00e9 <\/span><span class=\"_fadeIn_m1hgl_8\">Mie\u0161anie<\/span> <span class=\"_fadeIn_m1hgl_8\">z adresy <\/span><span class=\"_fadeIn_m1hgl_8\">M\u00e9di\u00e1 <\/span><span class=\"_fadeIn_m1hgl_8\">ka\u017ed\u00fd <\/span><span class=\"_fadeIn_m1hgl_8\">Trieda viskozity.<\/span><\/p>\n<p data-start=\"821\" data-end=\"1335\"><span class=\"_fadeIn_m1hgl_8\">V\u0161etky <\/span><span class=\"_fadeIn_m1hgl_8\">kontakt s m\u00e9diami <\/span><span class=\"_fadeIn_m1hgl_8\">Komponenty - <\/span><span class=\"_fadeIn_m1hgl_8\">Hriade\u013e mie\u0161adla, <\/span><span class=\"_fadeIn_m1hgl_8\">Mie\u0161adlo <\/span><span class=\"_fadeIn_m1hgl_8\">a <\/span><span class=\"_fadeIn_m1hgl_8\">Veko<\/span><span class=\"_fadeIn_m1hgl_8\"> \u2013 <\/span><span class=\"_fadeIn_m1hgl_8\">existuj\u00fa <\/span><span class=\"_fadeIn_m1hgl_8\">z adresy <\/span><span class=\"_fadeIn_m1hgl_8\">vysok\u00e1 kvalita <\/span><span class=\"_fadeIn_m1hgl_8\">V4A <\/span><span class=\"_fadeIn_m1hgl_8\">Nerezov\u00e1 oce\u013e (<\/span><span class=\"_fadeIn_m1hgl_8\">1.4404)<\/span> <span class=\"_fadeIn_m1hgl_8\">a <\/span><span class=\"_fadeIn_m1hgl_8\">z\u00e1ruka <\/span><span class=\"_fadeIn_m1hgl_8\">aby <\/span><span class=\"_fadeIn_m1hgl_8\">najvy\u0161\u0161ia <\/span><span class=\"_fadeIn_m1hgl_8\">Hygiena, <\/span><span class=\"_fadeIn_m1hgl_8\">Odolnos\u0165 proti kor\u00f3zii<\/span> <span class=\"_fadeIn_m1hgl_8\">a <\/span><span class=\"_fadeIn_m1hgl_8\">Dlhovekos\u0165. <\/span><span class=\"_fadeIn_m1hgl_8\">Str\u00e1nka <\/span><span class=\"_fadeIn_m1hgl_8\">Veko <\/span><span class=\"_fadeIn_m1hgl_8\">s <\/span><span class=\"_fadeIn_m1hgl_8\">jeden <\/span><span class=\"_fadeIn_m1hgl_8\">Rozsah up\u00ednania <\/span><span class=\"_fadeIn_m1hgl_8\">z adresy <\/span><span class=\"_fadeIn_m1hgl_8\">500 <\/span><span class=\"_fadeIn_m1hgl_8\">do <\/span><span class=\"_fadeIn_m1hgl_8\">600 <\/span><span class=\"_fadeIn_m1hgl_8\">mm<\/span> <span class=\"_fadeIn_m1hgl_8\">je . <\/span><span class=\"_fadeIn_m1hgl_8\">na str\u00e1nke . <\/span><span class=\"_fadeIn_m1hgl_8\">\u0161tandardizovan\u00e9 <\/span><span class=\"_fadeIn_m1hgl_8\">200-<\/span><span class=\"_fadeIn_m1hgl_8\">Litre<\/span><span class=\"_fadeIn_m1hgl_8\">Sudy <\/span><span class=\"_fadeIn_m1hgl_8\">harmonizovan\u00e9 <\/span><span class=\"_fadeIn_m1hgl_8\">a <\/span><span class=\"_fadeIn_m1hgl_8\">m\u00e1 <\/span><span class=\"_fadeIn_m1hgl_8\">o <\/span><span class=\"_fadeIn_m1hgl_8\">dva <\/span><span class=\"_fadeIn_m1hgl_8\">Up\u00ednacie zariadenia<\/span><span class=\"_fadeIn_m1hgl_8\">, <\/span><span class=\"_fadeIn_m1hgl_8\">jeden <\/span><span class=\"_fadeIn_m1hgl_8\">praktick\u00e9 <\/span><span class=\"_fadeIn_m1hgl_8\">Pr\u00eddavn\u00e1 klapka<\/span> <span class=\"_fadeIn_m1hgl_8\">a <\/span><span class=\"_fadeIn_m1hgl_8\">a <\/span><span class=\"_fadeIn_m1hgl_8\">integrovan\u00fd <\/span><span class=\"_fadeIn_m1hgl_8\">Bezpe\u010dnostn\u00e1 mrie\u017eka<\/span><span class=\"_fadeIn_m1hgl_8\">, <\/span><span class=\"_fadeIn_m1hgl_8\">. <\/span><span class=\"_fadeIn_m1hgl_8\">s <\/span><span class=\"_fadeIn_m1hgl_8\">beh <\/span><span class=\"_fadeIn_m1hgl_8\">Oper\u00e1cia <\/span><span class=\"_fadeIn_m1hgl_8\">pred <\/span><span class=\"_fadeIn_m1hgl_8\">ne\u00famyseln\u00e9 <\/span><span class=\"_fadeIn_m1hgl_8\">Zasiahnu\u0165 <\/span><span class=\"_fadeIn_m1hgl_8\">chr\u00e1ni.<\/span><\/p>\n<h3 data-start=\"1337\" data-end=\"1549\"><span class=\"_fadeIn_m1hgl_8\" style=\"font-size: 90%;\">Va\u0161e mo\u017enosti:<\/span><\/h3>\n<p>Syst\u00e9m r\u00fdchlej v\u00fdmeny hriade\u013ea mie\u0161adla:<br \/>\nNa\u0161a str\u00e1nka <a href=\"https:\/\/youtu.be\/TjagGW4DoyA?feature=shared\" target=\"_blank\" rel=\"noopener\">r\u00fdchlov\u00fdmenn\u00fd syst\u00e9m eco-Quick<\/a> pon\u00faka r\u00fdchlu a \u010dist\u00fa v\u00fdmenu hriade\u013ea mie\u0161adla v priebehu nieko\u013ek\u00fdch sek\u00fand bez pou\u017eitia \u010fal\u0161\u00edch n\u00e1strojov.<\/p>\n<p>Poh\u00e1rov\u00fd mie\u0161a\u010d eco-Cup alebo mie\u0161a\u010d so \u0161ikmou lopatkou<br \/>\n<span class=\"_fadeIn_m1hgl_8\">Str\u00e1nka <\/span><span class=\"_fadeIn_m1hgl_8\">eko-<\/span><span class=\"_fadeIn_m1hgl_8\">Poh\u00e1r <\/span><span class=\"_fadeIn_m1hgl_8\">Mie\u0161adlo na poh\u00e1re<\/span> <span class=\"_fadeIn_m1hgl_8\">ponuky <\/span><span class=\"_fadeIn_m1hgl_8\">prostredn\u00edctvom str\u00e1nky . <\/span><span class=\"_fadeIn_m1hgl_8\">by\u0165 <\/span><span class=\"_fadeIn_m1hgl_8\">lamin\u00e1rne <\/span><span class=\"_fadeIn_m1hgl_8\">Mie\u0161anie spr\u00e1vania<\/span> <span class=\"_fadeIn_m1hgl_8\">jeden <\/span><span class=\"_fadeIn_m1hgl_8\">homog\u00e9nne <\/span><span class=\"_fadeIn_m1hgl_8\">Mie\u0161anie<\/span><span class=\"_fadeIn_m1hgl_8\"> \u2013 <\/span><span class=\"_fadeIn_m1hgl_8\">samotn\u00fd <\/span><span class=\"_fadeIn_m1hgl_8\">s <\/span><span class=\"_fadeIn_m1hgl_8\">n\u00e1ro\u010dn\u00e9, <\/span><span class=\"_fadeIn_m1hgl_8\">vysoko visk\u00f3zne <\/span><span class=\"_fadeIn_m1hgl_8\">M\u00e9di\u00e1 <\/span><span class=\"_fadeIn_m1hgl_8\">ako <\/span><span class=\"_fadeIn_m1hgl_8\">Pasty, <\/span><span class=\"_fadeIn_m1hgl_8\">Pozastavenie <\/span><span class=\"_fadeIn_m1hgl_8\">alebo <\/span><span class=\"_fadeIn_m1hgl_8\">Emulzie.<\/span><\/p>\n<p data-start=\"1337\" data-end=\"1549\">Mie\u0161adlo so \u0161ikm\u00fdmi lopatkami zaujme axi\u00e1lnou dopravnou charakteristikou s mierne radi\u00e1lnou zlo\u017ekou a vytv\u00e1ra turbulentn\u00e9 pr\u00fadenie, ktor\u00e9 umo\u017e\u0148uje mimoriadne \u00fa\u010dinn\u00e9 mie\u0161anie. V\u010faka svojej robustnej kon\u0161trukcii je ide\u00e1lny pre vysoko visk\u00f3zne l\u00e1tky.<\/p>\n<p data-start=\"1337\" data-end=\"1549\"><strong>Pneumatick\u00e1 s\u00faprava<br \/>\n<\/strong>Pneumatick\u00e1 s\u00faprava obsahuje <a href=\"https:\/\/ptm-mechatronics.com\/sk\/product\/luftversorgungsmodul-mit-absperrventil-filterregler-und-manometer-fuer-ptm-ruehrwerksantriebe\/\" target=\"_blank\" rel=\"noopener\">Modul pr\u00edvodu vzduchu<\/a> s uzatv\u00e1rac\u00edm ventilom, regul\u00e1torom filtra a manometrom pre bezpe\u010dn\u00fd a \u010dist\u00fd pr\u00edvod stla\u010den\u00e9ho vzduchu medzi syst\u00e9mom a pohonom mie\u0161adla - pre dlhodob\u00fa a spo\u013eahliv\u00fa prev\u00e1dzku. Integrovan\u00fd <a href=\"https:\/\/ptm-mechatronics.com\/sk\/product\/abluftfilter-paket\/\" target=\"_blank\" rel=\"noopener\">Filter v\u00fdfukov\u00e9ho vzduchu<\/a> zni\u017euje prev\u00e1dzkov\u00fa hlu\u010dnos\u0165 na 50 dB(A) a zabezpe\u010duje bezpe\u010dn\u00e9 vyp\u00fa\u0161\u0165anie odpadov\u00e9ho vzduchu.<\/p>\n<p data-start=\"1551\" data-end=\"1582\"><span class=\"_fadeIn_m1hgl_8\">V\u00fdhody <\/span><span class=\"_fadeIn_m1hgl_8\">na str\u00e1nke . <\/span><span class=\"_fadeIn_m1hgl_8\">jeden <\/span><span class=\"_fadeIn_m1hgl_8\">Zobrazenie:<\/span><\/p>\n<ul>\n<li data-start=\"1585\" data-end=\"1625\"><span class=\"_fadeIn_m1hgl_8\">Pneumatick\u00e9, <\/span><span class=\"_fadeIn_m1hgl_8\">energetick\u00e1 \u00fa\u010dinnos\u0165 <\/span><span class=\"_fadeIn_m1hgl_8\">a <\/span><span class=\"_fadeIn_m1hgl_8\">V\u00fdkonn\u00fd<\/span><\/li>\n<li data-start=\"1585\" data-end=\"1625\"><span class=\"_fadeIn_m1hgl_8\">Pre <\/span><span class=\"_fadeIn_m1hgl_8\">200-<\/span><span class=\"_fadeIn_m1hgl_8\">Litre<\/span><span class=\"_fadeIn_m1hgl_8\">Sudy <\/span><span class=\"_fadeIn_m1hgl_8\">s <\/span><span class=\"_fadeIn_m1hgl_8\">\u00d8 <\/span><span class=\"_fadeIn_m1hgl_8\">500-<\/span><span class=\"_fadeIn_m1hgl_8\">600 <\/span><span class=\"_fadeIn_m1hgl_8\">mm<\/span><\/li>\n<li data-start=\"1585\" data-end=\"1625\"><span class=\"_fadeIn_m1hgl_8\">Hriade\u013e mie\u0161adla, <\/span><span class=\"_fadeIn_m1hgl_8\">Mie\u0161adlo <\/span><span class=\"_fadeIn_m1hgl_8\">a <\/span><span class=\"_fadeIn_m1hgl_8\">Veko <\/span><span class=\"_fadeIn_m1hgl_8\">z adresy <\/span><span class=\"_fadeIn_m1hgl_8\">V4A <\/span><span class=\"_fadeIn_m1hgl_8\">Nerezov\u00e1 oce\u013e<\/span><\/li>\n<li data-start=\"1585\" data-end=\"1625\"><span class=\"_fadeIn_m1hgl_8\">Dve str\u00e1nky <\/span><span class=\"_fadeIn_m1hgl_8\">Up\u00ednacie zariadenia <\/span><span class=\"_fadeIn_m1hgl_8\">pre <\/span><span class=\"_fadeIn_m1hgl_8\">bezpe\u010dn\u00e9 <\/span><span class=\"_fadeIn_m1hgl_8\">Zastavte<\/span><\/li>\n<li data-start=\"1585\" data-end=\"1625\"><span class=\"_fadeIn_m1hgl_8\">S <\/span><span class=\"_fadeIn_m1hgl_8\">Pr\u00eddavn\u00e1 klapka <\/span><span class=\"_fadeIn_m1hgl_8\">a <\/span><span class=\"_fadeIn_m1hgl_8\">Bezpe\u010dnostn\u00e1 mrie\u017eka<\/span><\/li>\n<li data-start=\"1585\" data-end=\"1625\"><span class=\"_fadeIn_m1hgl_8\">Vhodn\u00e9 <\/span><span class=\"_fadeIn_m1hgl_8\">pre <\/span><span class=\"_fadeIn_m1hgl_8\">n\u00edzka <\/span><span class=\"_fadeIn_m1hgl_8\">a <\/span><span class=\"_fadeIn_m1hgl_8\">vysok\u00e1 viskozita <\/span><span class=\"_fadeIn_m1hgl_8\">M\u00e9di\u00e1<\/span><\/li>\n<li data-start=\"1585\" data-end=\"1625\"><span class=\"_fadeIn_m1hgl_8\">Homog\u00e9nne, <\/span><span class=\"_fadeIn_m1hgl_8\">jemn\u00e9 <\/span><span class=\"_fadeIn_m1hgl_8\">Mie\u0161anie spr\u00e1vania<\/span><\/li>\n<li data-start=\"1585\" data-end=\"1625\"><span class=\"_fadeIn_m1hgl_8\">Robustn\u00e9, <\/span><span class=\"_fadeIn_m1hgl_8\">hygienick\u00e9, <\/span><span class=\"_fadeIn_m1hgl_8\">N\u00edzka \u00fadr\u017eba<\/span><\/li>\n<\/ul>","protected":false},"excerpt":{"rendered":"<p><span class=\"_fadeIn_m1hgl_8\">Mie\u0161adlo <\/span><span class=\"_fadeIn_m1hgl_8\">pre <\/span><span class=\"_fadeIn_m1hgl_8\">200-<\/span><span class=\"_fadeIn_m1hgl_8\">Litre<\/span><span class=\"_fadeIn_m1hgl_8\">Sudy <\/span><span class=\"_fadeIn_m1hgl_8\">s <\/span><span class=\"_fadeIn_m1hgl_8\">V4A-<\/span><span class=\"_fadeIn_m1hgl_8\">Komponenty, <\/span><span class=\"_fadeIn_m1hgl_8\">Pr\u00eddavn\u00e1 klapka <\/span><span class=\"_fadeIn_m1hgl_8\">s <\/span><span class=\"_fadeIn_m1hgl_8\">Bezpe\u010dnostn\u00e1 mrie\u017eka, mo\u017enos\u0165 vo\u013eby mie\u0161adla <\/span><span class=\"_fadeIn_m1hgl_8\">pre <\/span><span class=\"_fadeIn_m1hgl_8\">a <\/span><span class=\"_fadeIn_m1hgl_8\">bezpe\u010dn\u00e9, <\/span><span class=\"_fadeIn_m1hgl_8\">efekt\u00edvne <\/span><span class=\"_fadeIn_m1hgl_8\">a <\/span><span class=\"_fadeIn_m1hgl_8\">hygienick\u00e9 <\/span><span class=\"_fadeIn_m1hgl_8\">Stir <\/span><span class=\"_fadeIn_m1hgl_8\">visk\u00f3znej\u0161ie <\/span><span class=\"_fadeIn_m1hgl_8\">M\u00e9di\u00e1.<\/span><\/p>","protected":false},"featured_media":15551,"comment_status":"open","ping_status":"closed","template":"","meta":{"_acf_changed":false},"product_brand":[],"product_cat":[595,603],"product_tag":[2735,2940,2954,2960,2961,2962,2963,3152,3153,3154,2637],"class_list":{"0":"post-14142","1":"product","2":"type-product","3":"status-publish","4":"has-post-thumbnail","6":"product_cat-ruehrwerkstechnik","7":"product_cat-fassruehrwerke","8":"product_tag-schragblattmischer","9":"product_tag-becherruehrorgan-eco-cup","10":"product_tag-zugabeklappe-ruehrwerk","11":"product_tag-fassruehrwerk-edelstahl","12":"product_tag-v4a-ruehrwerk-zone-1","13":"product_tag-sicherheitsgitter-ruehrsystem","14":"product_tag-edelstahl-ruehrwerk-500-600-mm","15":"product_tag-v4a-ruehrwerk-zone-0-1","16":"product_tag-ruehrwerk-200l","17":"product_tag-pneumatischer-ruehrwerksantrieb","18":"product_tag-ruehrwerk-fuer-hochviskose-medien","19":"product_shipping_class-europalette-speditionsversand","20":"pa_antriebsart-pneumatisch","21":"pa_bedien-anschlusskonzept-ohne","22":"pa_bedien-anschlusskonzept-pneumatikset","23":"pa_behaeltervolumen-200-liter","24":"pa_dichtung-ptfe","25":"pa_drehmoment-16nm","26":"pa_drehzahl-0-300-1-min","27":"pa_durchmesser-ruehrwelle-20mm","28":"pa_geeignete-fassdurchmesser-500-600mm","29":"pa_geraeuschpegel-75db","30":"pa_labs-oel-und-silikonfrei","31":"pa_laenge-ruehrwelle-ca-780mm-ab-deckeloberkante","32":"pa_material-deckel-v4a-edelstahl-1-4404","33":"pa_material-gehaeuse-aluminium-eloxiert","34":"pa_mittlerer-luftverbrauch-100l-min","35":"pa_ruehrorgan-schraegblattmischer-325mm","36":"pa_ruehrorgan-becherruehrorgan-eco-cup-320mm","37":"pa_schnellwechselsystem-mit-schnellwechselsystem","38":"pa_schnellwechselsystem-mit-gewindeverbindung","39":"pa_schutzart-ip67","40":"pa_steckverschraubung-abluft-schlauch-o12mm","41":"pa_steckverschraubung-zuluft-schlauch-o8mm","42":"pa_typ-deckelruehrwerk","43":"pa_versorgung-5-6bar","45":"first","46":"instock","47":"taxable","48":"shipping-taxable","49":"purchasable","50":"product-type-variable"},"bundled_by":[],"bundle_stock_status":"instock","bundle_stock_quantity":null,"bundle_virtual":false,"bundle_layout":"","bundle_add_to_cart_form_location":"","bundle_editable_in_cart":false,"bundle_sold_individually_context":"","bundle_item_grouping":"","bundle_min_size":"","bundle_max_size":"","bundle_price":[],"bundled_items":[],"bundle_sell_ids":[],"exclude_global_add_ons":[],"addons":[],"acf":[],"_links":{"self":[{"href":"https:\/\/ptm-mechatronics.com\/sk\/wp-json\/wp\/v2\/product\/14142","targetHints":{"allow":["GET"]}}],"collection":[{"href":"https:\/\/ptm-mechatronics.com\/sk\/wp-json\/wp\/v2\/product"}],"about":[{"href":"https:\/\/ptm-mechatronics.com\/sk\/wp-json\/wp\/v2\/types\/product"}],"replies":[{"embeddable":true,"href":"https:\/\/ptm-mechatronics.com\/sk\/wp-json\/wp\/v2\/comments?post=14142"}],"wp:featuredmedia":[{"embeddable":true,"href":"https:\/\/ptm-mechatronics.com\/sk\/wp-json\/wp\/v2\/media\/15551"}],"wp:attachment":[{"href":"https:\/\/ptm-mechatronics.com\/sk\/wp-json\/wp\/v2\/media?parent=14142"}],"wp:term":[{"taxonomy":"product_brand","embeddable":true,"href":"https:\/\/ptm-mechatronics.com\/sk\/wp-json\/wp\/v2\/product_brand?post=14142"},{"taxonomy":"product_cat","embeddable":true,"href":"https:\/\/ptm-mechatronics.com\/sk\/wp-json\/wp\/v2\/product_cat?post=14142"},{"taxonomy":"product_tag","embeddable":true,"href":"https:\/\/ptm-mechatronics.com\/sk\/wp-json\/wp\/v2\/product_tag?post=14142"}],"curies":[{"name":"wp","href":"https:\/\/api.w.org\/{rel}","templated":true}]}}