{"id":14074,"date":"2025-07-17T10:13:34","date_gmt":"2025-07-17T08:13:34","guid":{"rendered":"https:\/\/ptm-mechatronics.com\/?post_type=product&#038;p=14074"},"modified":"2025-11-07T15:55:17","modified_gmt":"2025-11-07T14:55:17","slug":"ruehrwelle-fuer-ibc-fuer-restmengenruehrorgan-mit-schnellwechselsystem","status":"publish","type":"product","link":"https:\/\/ptm-mechatronics.com\/sk\/product\/ruehrwelle-fuer-ibc-fuer-restmengenruehrorgan-mit-schnellwechselsystem\/","title":{"rendered":"Hriade\u013e mie\u0161adla pre IBC na mie\u0161anie zvy\u0161kov\u00e9ho mno\u017estva s r\u00fdchlov\u00fdmenn\u00fdm syst\u00e9mom"},"content":{"rendered":"<h1 data-start=\"179\" data-end=\"263\"><span style=\"font-size: 75%;\">Hriade\u013e mie\u0161adla s ramenom pre mie\u0161adl\u00e1 na zvy\u0161kov\u00e9 mno\u017estvo - presn\u00e9, hygienick\u00e9, \u00fa\u010dinn\u00e9<\/span><\/h1>\n<p data-start=\"265\" data-end=\"475\">Na\u0161e mie\u0161acie hriadele vyroben\u00e9 z vysokokvalitnej nehrdzavej\u00facej ocele V4A 1.4404 s\u00fa mimoriadne odoln\u00e9 vo\u010di kor\u00f3zii, hygienick\u00e9 a robustn\u00e9 - ide\u00e1lne na n\u00e1ro\u010dn\u00e9 aplik\u00e1cie v potravin\u00e1rskom, kozmetickom a chemickom priemysle.<\/p>\n<p data-start=\"477\" data-end=\"803\">T\u00e1to \u0161peci\u00e1lna verzia bola vyvinut\u00e1 \u0161peci\u00e1lne na pou\u017eitie s mie\u0161adlami na zvy\u0161kov\u00e9 mno\u017estvo. M\u00e1 extra d\u013a\u017eku s ramenom \u230020 mm na optim\u00e1lne umiestnenie pr\u00eddavn\u00e9ho prvku mie\u0161adla zvy\u0161kov\u00e9ho mno\u017estva v n\u00e1dobe. Patentovan\u00fd r\u00fdchlov\u00fdmenn\u00fd syst\u00e9m umo\u017e\u0148uje bezpe\u010dn\u00fa a jednoduch\u00fa in\u0161tal\u00e1ciu len jedn\u00fdm pohybom a bez pou\u017eitia dodato\u010dn\u00e9ho n\u00e1radia na v\u0161etky pohony PTM.<\/p>\n<p data-start=\"805\" data-end=\"967\">Pri v\u00fdbere si v\u0161imnite pr\u00edslu\u0161n\u00fd priemer hriade\u013ea pre v\u00e1\u0161 pohon. Ak m\u00e1te ak\u00e9ko\u013evek ot\u00e1zky, n\u00e1\u0161 z\u00e1kazn\u00edcky servis PTM v\u00e1m r\u00e1d porad\u00ed.<\/p>","protected":false},"excerpt":{"rendered":"<p>Hriadele mie\u0161adiel z nehrdzavej\u00facej ocele V4A 1.4404 s ramenom a r\u00fdchlov\u00fdmenn\u00fdm syst\u00e9mom pre \u010fal\u0161ie mie\u0161adl\u00e1 na zvy\u0161kov\u00e9 mno\u017estvo umo\u017e\u0148uj\u00fa optim\u00e1lne umiestnenie v n\u00e1dobe pri n\u00edzkej hladine n\u00e1plne.<\/p>","protected":false},"featured_media":15365,"comment_status":"closed","ping_status":"closed","template":"","meta":{"_acf_changed":false},"product_brand":[],"product_cat":[595,651],"product_tag":[3123,3135,3136,3137,3138,3139,3140,3141,3142,3120],"class_list":{"0":"post-14074","1":"product","2":"type-product","3":"status-publish","4":"has-post-thumbnail","6":"product_cat-ruehrwerkstechnik","7":"product_cat-ruehrwellen","8":"product_tag-hygienische-ruehrwelle","9":"product_tag-ptm-ruehrwelle","10":"product_tag-ruehrwelle-restmengen","11":"product_tag-edelstahlruehrwelle-v4a","12":"product_tag-ruehrwelle-absatz","13":"product_tag-ruehrwelle-gewindenabe","14":"product_tag-ruehrwelle-sonderlaenge","15":"product_tag-restmengenruehrwerk-zubehoer","16":"product_tag-ptm-antrieb-ruehrwelle","17":"product_tag-ruehrwelle-1-4404","18":"product_shipping_class-karton-paketversand","19":"pa_absatz-20mm","20":"pa_gewinde-m16","21":"pa_material-v4a-edelstahl-1-4404","22":"pa_patentnummer-20-2020-107-558","24":"first","25":"instock","26":"taxable","27":"shipping-taxable","28":"purchasable","29":"product-type-variable"},"bundled_by":[],"bundle_stock_status":"instock","bundle_stock_quantity":null,"bundle_virtual":false,"bundle_layout":"","bundle_add_to_cart_form_location":"","bundle_editable_in_cart":false,"bundle_sold_individually_context":"","bundle_item_grouping":"","bundle_min_size":"","bundle_max_size":"","bundle_price":[],"bundled_items":[],"bundle_sell_ids":[],"exclude_global_add_ons":[],"addons":[],"acf":[],"_links":{"self":[{"href":"https:\/\/ptm-mechatronics.com\/sk\/wp-json\/wp\/v2\/product\/14074","targetHints":{"allow":["GET"]}}],"collection":[{"href":"https:\/\/ptm-mechatronics.com\/sk\/wp-json\/wp\/v2\/product"}],"about":[{"href":"https:\/\/ptm-mechatronics.com\/sk\/wp-json\/wp\/v2\/types\/product"}],"replies":[{"embeddable":true,"href":"https:\/\/ptm-mechatronics.com\/sk\/wp-json\/wp\/v2\/comments?post=14074"}],"wp:featuredmedia":[{"embeddable":true,"href":"https:\/\/ptm-mechatronics.com\/sk\/wp-json\/wp\/v2\/media\/15365"}],"wp:attachment":[{"href":"https:\/\/ptm-mechatronics.com\/sk\/wp-json\/wp\/v2\/media?parent=14074"}],"wp:term":[{"taxonomy":"product_brand","embeddable":true,"href":"https:\/\/ptm-mechatronics.com\/sk\/wp-json\/wp\/v2\/product_brand?post=14074"},{"taxonomy":"product_cat","embeddable":true,"href":"https:\/\/ptm-mechatronics.com\/sk\/wp-json\/wp\/v2\/product_cat?post=14074"},{"taxonomy":"product_tag","embeddable":true,"href":"https:\/\/ptm-mechatronics.com\/sk\/wp-json\/wp\/v2\/product_tag?post=14074"}],"curies":[{"name":"wp","href":"https:\/\/api.w.org\/{rel}","templated":true}]}}