{"id":14066,"date":"2025-07-17T09:42:05","date_gmt":"2025-07-17T07:42:05","guid":{"rendered":"https:\/\/ptm-mechatronics.com\/?post_type=product&#038;p=14066"},"modified":"2025-11-07T15:55:17","modified_gmt":"2025-11-07T14:55:17","slug":"ruehrwellen-fuer-ibc-fuer-schnellmischer-mit-schnellwechselsystem","status":"publish","type":"product","link":"https:\/\/ptm-mechatronics.com\/sk\/product\/ruehrwellen-fuer-ibc-fuer-schnellmischer-mit-schnellwechselsystem\/","title":{"rendered":"Mie\u0161acie hriadele pre IBC pre vysokor\u00fdchlostn\u00e9 mie\u0161a\u010dky s r\u00fdchlov\u00fdmenn\u00fdm syst\u00e9mom"},"content":{"rendered":"<h1 data-start=\"178\" data-end=\"265\"><span style=\"font-size: 75%;\">Hriadele mie\u0161adla z nehrdzavej\u00facej ocele V4A s r\u00fdchlov\u00fdmenn\u00fdm syst\u00e9mom - robustn\u00e9, presn\u00e9, vhodn\u00e9 pre vysok\u00e9 r\u00fdchlosti<\/span><\/h1>\n<p data-start=\"267\" data-end=\"562\">Na\u0161e mie\u0161acie hriadele vyroben\u00e9 z vysokokvalitnej nehrdzavej\u00facej ocele V4A 1.4404 zaujm\u00fa vysokou odolnos\u0165ou proti kor\u00f3zii, stabilitou a dlhou \u017eivotnos\u0165ou - ide\u00e1lne pre hygienicky n\u00e1ro\u010dn\u00e9 aplik\u00e1cie. V\u010faka r\u00fdchlov\u00fdmenn\u00e9mu syst\u00e9mu eco-Quick ich mo\u017eno bezpe\u010dne a presne namontova\u0165 na pohony PTM len jedn\u00fdm pohybom a bez pou\u017eitia \u010fal\u0161ieho n\u00e1radia.<\/p>\n<p data-start=\"564\" data-end=\"750\">Tento mie\u0161ac\u00ed hriade\u013e bol \u0161peci\u00e1lne vyvinut\u00fd na pou\u017eitie s vysokor\u00fdchlostn\u00fdmi mie\u0161adlami s ot\u00e1\u010dkami nad 600 ot\/min a pon\u00faka maxim\u00e1lnu plynulos\u0165 chodu a spo\u013eahlivos\u0165 procesu pri vysokom za\u0165a\u017een\u00ed.<\/p>\n<p data-start=\"752\" data-end=\"914\">Pri v\u00fdbere si v\u0161imnite pr\u00edslu\u0161n\u00fd priemer hriade\u013ea pre v\u00e1\u0161 pohon. Ak m\u00e1te ak\u00e9ko\u013evek ot\u00e1zky, n\u00e1\u0161 z\u00e1kazn\u00edcky servis PTM v\u00e1m r\u00e1d porad\u00ed.<\/p>","protected":false},"excerpt":{"rendered":"<p>Hriade\u013e mie\u0161adla z nehrdzavej\u00facej ocele V4A 1.4404 s r\u00fdchlov\u00fdmenn\u00fdm syst\u00e9mom pre vysokor\u00fdchlostn\u00e9 mie\u0161a\u010dky s ot\u00e1\u010dkami nad 600 ot\/min - robustn\u00fd, presn\u00fd a odoln\u00fd.<\/p>","protected":false},"featured_media":15365,"comment_status":"closed","ping_status":"closed","template":"","meta":{"_acf_changed":false},"product_brand":[],"product_cat":[651,595],"product_tag":[3117,3119,3123,3125,3128,3132,3133,3134,3135,3116],"class_list":{"0":"post-14066","1":"product","2":"type-product","3":"status-publish","4":"has-post-thumbnail","6":"product_cat-ruehrwellen","7":"product_cat-ruehrwerkstechnik","8":"product_tag-v4a-ruehrwelle","9":"product_tag-gewindenabe-ptm","10":"product_tag-hygienische-ruehrwelle","11":"product_tag-ruehrwelle-industrie","12":"product_tag-edelstahlruehrwelle-1-4404","13":"product_tag-ruehrwelle-schnellmischer","14":"product_tag-hochdrehzahl-ruehrwelle","15":"product_tag-ruehrwelle-600-u-min","16":"product_tag-ptm-ruehrwelle","17":"product_tag-ruehrwelle-edelstahl","18":"product_shipping_class-karton-paketversand","19":"pa_gewinde-m16","20":"pa_material-v4a-edelstahl-1-4404","21":"pa_patentnummer-20-2020-107-558","23":"first","24":"instock","25":"taxable","26":"shipping-taxable","27":"purchasable","28":"product-type-variable"},"bundled_by":[],"bundle_stock_status":"instock","bundle_stock_quantity":null,"bundle_virtual":false,"bundle_layout":"","bundle_add_to_cart_form_location":"","bundle_editable_in_cart":false,"bundle_sold_individually_context":"","bundle_item_grouping":"","bundle_min_size":"","bundle_max_size":"","bundle_price":[],"bundled_items":[],"bundle_sell_ids":[],"exclude_global_add_ons":[],"addons":[],"acf":[],"_links":{"self":[{"href":"https:\/\/ptm-mechatronics.com\/sk\/wp-json\/wp\/v2\/product\/14066","targetHints":{"allow":["GET"]}}],"collection":[{"href":"https:\/\/ptm-mechatronics.com\/sk\/wp-json\/wp\/v2\/product"}],"about":[{"href":"https:\/\/ptm-mechatronics.com\/sk\/wp-json\/wp\/v2\/types\/product"}],"replies":[{"embeddable":true,"href":"https:\/\/ptm-mechatronics.com\/sk\/wp-json\/wp\/v2\/comments?post=14066"}],"wp:featuredmedia":[{"embeddable":true,"href":"https:\/\/ptm-mechatronics.com\/sk\/wp-json\/wp\/v2\/media\/15365"}],"wp:attachment":[{"href":"https:\/\/ptm-mechatronics.com\/sk\/wp-json\/wp\/v2\/media?parent=14066"}],"wp:term":[{"taxonomy":"product_brand","embeddable":true,"href":"https:\/\/ptm-mechatronics.com\/sk\/wp-json\/wp\/v2\/product_brand?post=14066"},{"taxonomy":"product_cat","embeddable":true,"href":"https:\/\/ptm-mechatronics.com\/sk\/wp-json\/wp\/v2\/product_cat?post=14066"},{"taxonomy":"product_tag","embeddable":true,"href":"https:\/\/ptm-mechatronics.com\/sk\/wp-json\/wp\/v2\/product_tag?post=14066"}],"curies":[{"name":"wp","href":"https:\/\/api.w.org\/{rel}","templated":true}]}}