{"id":14041,"date":"2025-07-18T10:01:00","date_gmt":"2025-07-18T08:01:00","guid":{"rendered":"https:\/\/ptm-mechatronics.com\/?post_type=product&#038;p=14041"},"modified":"2025-11-07T15:55:17","modified_gmt":"2025-11-07T14:55:17","slug":"filterkatuschen","status":"publish","type":"product","link":"https:\/\/ptm-mechatronics.com\/sk\/product\/filterkatuschen\/","title":{"rendered":"Filtra\u010dn\u00e9 kazety"},"content":{"rendered":"<h1 data-start=\"198\" data-end=\"281\"><span style=\"font-size: 75%;\">N\u00e1hradn\u00e1 filtra\u010dn\u00e1 vlo\u017eka pre balenie filtrov ods\u00e1van\u00e9ho vzduchu - \u010dist\u00e1, bezpe\u010dn\u00e1, vhodn\u00e1 do \u010dist\u00fdch priestorov<\/span><\/h1>\n<p data-start=\"283\" data-end=\"724\">T\u00e1to n\u00e1hradn\u00e1 filtra\u010dn\u00e1 vlo\u017eka je \u0161peci\u00e1lne navrhnut\u00e1 pre bal\u00edk filtrov v\u00fdfukov\u00e9ho vzduchu pohonov PTM a spo\u013eahlivo zabezpe\u010duje \u00fa\u010dinn\u00e9 oddelenie \u010dast\u00edc v citliv\u00fdch v\u00fdrobn\u00fdch priestoroch. V\u010faka vysokokvalitnej \u0161trukt\u00fare filtra zni\u017euje ne\u010distoty vo vzduchu a podporuje st\u00e1lu kvalitu vzduchu - najm\u00e4 v \u010dist\u00fdch priestoroch alebo v hygienicky citliv\u00fdch prostrediach, ako je farmaceutick\u00e1, potravin\u00e1rska alebo laborat\u00f3rna technika.<\/p>\n<p data-start=\"726\" data-end=\"1025\">Filter sa d\u00e1 r\u00fdchlo a jednoducho vymeni\u0165 a obnovuje pln\u00fd v\u00fdkon v\u00fdfukov\u00e9ho syst\u00e9mu. Filtra\u010dn\u00e1 kazeta je ide\u00e1lne prisp\u00f4soben\u00e1 modulu pr\u00edvodu vzduchu PTM a prispieva k bezpe\u010dnosti, \u017eivotnosti a energetickej \u00fa\u010dinnosti cel\u00e9ho syst\u00e9mu.<\/p>","protected":false},"excerpt":{"rendered":"<p>N\u00e1hradn\u00e9 filtra\u010dn\u00e9 kazety pre bal\u00edk filtrov PTM pre ods\u00e1van\u00fd vzduch Cleanroom na \u010dist\u00fd ods\u00e1van\u00fd vzduch a spo\u013eahliv\u00e9 oddelenie \u010dast\u00edc - ide\u00e1lne pre \u010dist\u00e9 priestory a hygienick\u00e9 aplik\u00e1cie.<\/p>","protected":false},"featured_media":15549,"comment_status":"closed","ping_status":"closed","template":"","meta":{"_acf_changed":false},"product_brand":[],"product_cat":[2745],"product_tag":[3150,3151,3143,3144,3145,3146,3147,3148,3149],"class_list":{"0":"post-14041","1":"product","2":"type-product","3":"status-publish","4":"has-post-thumbnail","6":"product_cat-ersatzteile","7":"product_tag-abluftfilter-industrie","8":"product_tag-reinraum-ersatzfilter","9":"product_tag-ersatzfilter-abluftpaket","10":"product_tag-abluftfilter-reinraum","11":"product_tag-filterkartusche-ptm-antrieb","12":"product_tag-abluftfilter-ersatzteil","13":"product_tag-hygienischer-abluftfilter","14":"product_tag-abluft-filterkupplung","15":"product_tag-druckluftfilter-ersatz","16":"product_shipping_class-karton-paketversand","18":"first","19":"instock","20":"taxable","21":"shipping-taxable","22":"purchasable","23":"product-type-variable"},"bundled_by":[],"bundle_stock_status":"instock","bundle_stock_quantity":null,"bundle_virtual":false,"bundle_layout":"","bundle_add_to_cart_form_location":"","bundle_editable_in_cart":false,"bundle_sold_individually_context":"","bundle_item_grouping":"","bundle_min_size":"","bundle_max_size":"","bundle_price":[],"bundled_items":[],"bundle_sell_ids":[],"exclude_global_add_ons":[],"addons":[],"acf":[],"_links":{"self":[{"href":"https:\/\/ptm-mechatronics.com\/sk\/wp-json\/wp\/v2\/product\/14041","targetHints":{"allow":["GET"]}}],"collection":[{"href":"https:\/\/ptm-mechatronics.com\/sk\/wp-json\/wp\/v2\/product"}],"about":[{"href":"https:\/\/ptm-mechatronics.com\/sk\/wp-json\/wp\/v2\/types\/product"}],"replies":[{"embeddable":true,"href":"https:\/\/ptm-mechatronics.com\/sk\/wp-json\/wp\/v2\/comments?post=14041"}],"wp:featuredmedia":[{"embeddable":true,"href":"https:\/\/ptm-mechatronics.com\/sk\/wp-json\/wp\/v2\/media\/15549"}],"wp:attachment":[{"href":"https:\/\/ptm-mechatronics.com\/sk\/wp-json\/wp\/v2\/media?parent=14041"}],"wp:term":[{"taxonomy":"product_brand","embeddable":true,"href":"https:\/\/ptm-mechatronics.com\/sk\/wp-json\/wp\/v2\/product_brand?post=14041"},{"taxonomy":"product_cat","embeddable":true,"href":"https:\/\/ptm-mechatronics.com\/sk\/wp-json\/wp\/v2\/product_cat?post=14041"},{"taxonomy":"product_tag","embeddable":true,"href":"https:\/\/ptm-mechatronics.com\/sk\/wp-json\/wp\/v2\/product_tag?post=14041"}],"curies":[{"name":"wp","href":"https:\/\/api.w.org\/{rel}","templated":true}]}}