{"id":13925,"date":"2025-07-08T09:48:12","date_gmt":"2025-07-08T07:48:12","guid":{"rendered":"https:\/\/ptm-mechatronics.com\/?post_type=product&#038;p=13925"},"modified":"2025-11-07T15:55:17","modified_gmt":"2025-11-07T14:55:17","slug":"ruehrwellen-mit-schnellwechselsystem","status":"publish","type":"product","link":"https:\/\/ptm-mechatronics.com\/sk\/product\/ruehrwellen-mit-schnellwechselsystem\/","title":{"rendered":"mie\u0161acie hriadele s r\u00fdchlov\u00fdmenn\u00fdm syst\u00e9mom"},"content":{"rendered":"<h1 data-start=\"209\" data-end=\"318\"><span style=\"font-size: 75%;\">Hriade\u013e mie\u0161adla z nehrdzavej\u00facej ocele V4A 1.4404 s r\u00fdchlov\u00fdmenn\u00fdm syst\u00e9mom eco-Quick - hygienick\u00fd, kompatibiln\u00fd, \u00fa\u010dinn\u00fd<\/span><\/h1>\n<p data-start=\"320\" data-end=\"573\">Na\u0161e mie\u0161acie hriadele vyroben\u00e9 z vysokokvalitnej nehrdzavej\u00facej ocele V4A 1.4404 s\u00fa mimoriadne odoln\u00e9 vo\u010di kor\u00f3zii, trvanliv\u00e9 a sp\u013a\u0148aj\u00fa najvy\u0161\u0161ie hygienick\u00e9 po\u017eiadavky - ide\u00e1lne na pou\u017eitie v citliv\u00fdch oblastiach, ako je potravin\u00e1rsky, kozmetick\u00fd a farmaceutick\u00fd priemysel.<\/p>\n<p data-start=\"575\" data-end=\"815\">V\u010faka patentovan\u00e9mu r\u00fdchlov\u00fdmenn\u00e9mu syst\u00e9mu eco-Quick mo\u017eno hriadele pripoji\u0165 ku v\u0161etk\u00fdm vhodn\u00fdm pohonom PTM bez pou\u017eitia n\u00e1radia a v priebehu nieko\u013ek\u00fdch sek\u00fand. To \u0161etr\u00ed \u010das pri v\u00fdmene mie\u0161adiel a zvy\u0161uje efektivitu v\u00e1\u0161ho procesu.<\/p>\n<p data-start=\"817\" data-end=\"1023\">Pon\u00fakame spr\u00e1vny priemer hriade\u013ea pre ka\u017ed\u00fd pohon PTM - pri v\u00fdbere si overte kompatibilitu. Ak m\u00e1te ak\u00e9ko\u013evek ot\u00e1zky, nev\u00e1hajte sa obr\u00e1ti\u0165 na n\u00e1\u0161 z\u00e1kazn\u00edcky servis PTM: <a href=\"tel:+498134257970\">+49 8134 25 797 0<\/a>.<\/p>\n<p data-start=\"817\" data-end=\"1023\">\u010c\u00edsla patentov:<br \/>\npre 10-litrov\u00fd sud: 20 2020 107 551<br \/>\npre 30-litrov\u00fd sud: 20 2020 107 552<br \/>\npre 60-litrov\u00fd sud: 20 2020 107 553<br \/>\npre 100-litrov\u00fd sud: 20 2020 107 554<br \/>\npre 200-litrov\u00fd sud: 20 2020 107 555<br \/>\npre 600 litrov IBC: 20 2020 107 556<br \/>\npre 1000 litrov IBC: 20 2020 107 557<\/p>","protected":false},"excerpt":{"rendered":"<p>Hriade\u013e mie\u0161adla z nehrdzavej\u00facej ocele V4A 1.4404 s r\u00fdchlov\u00fdmenn\u00fdm syst\u00e9mom eco-Quick na hygienick\u00e9 a presn\u00e9 pripojenie k pohonom mie\u0161adla PTM bez pou\u017eitia n\u00e1radia.<\/p>","protected":false},"featured_media":15365,"comment_status":"closed","ping_status":"closed","template":"","meta":{"_acf_changed":false},"product_brand":[],"product_cat":[651],"product_tag":[3116,3117,3121,3123,3126,3127,3128,3129,3130,3131],"class_list":{"0":"post-13925","1":"product","2":"type-product","3":"status-publish","4":"has-post-thumbnail","6":"product_cat-ruehrwellen","7":"product_tag-ruehrwelle-edelstahl","8":"product_tag-v4a-ruehrwelle","9":"product_tag-ptm-ruehrwellen","10":"product_tag-hygienische-ruehrwelle","11":"product_tag-eco-quick-ruehrwelle","12":"product_tag-schnellwechselsystem-ptm","13":"product_tag-edelstahlruehrwelle-1-4404","14":"product_tag-ruehrwelle-lebensmittelindustrie","15":"product_tag-ruehrwelle-pharma","16":"product_tag-schnellwechsel-ruehrwelle","17":"product_shipping_class-karton-paketversand","18":"pa_material-v4a-edelstahl-1-4404","20":"first","21":"instock","22":"taxable","23":"shipping-taxable","24":"purchasable","25":"product-type-variable"},"bundled_by":[],"bundle_stock_status":"instock","bundle_stock_quantity":null,"bundle_virtual":false,"bundle_layout":"","bundle_add_to_cart_form_location":"","bundle_editable_in_cart":false,"bundle_sold_individually_context":"","bundle_item_grouping":"","bundle_min_size":"","bundle_max_size":"","bundle_price":[],"bundled_items":[],"bundle_sell_ids":[],"exclude_global_add_ons":[],"addons":[],"acf":[],"_links":{"self":[{"href":"https:\/\/ptm-mechatronics.com\/sk\/wp-json\/wp\/v2\/product\/13925","targetHints":{"allow":["GET"]}}],"collection":[{"href":"https:\/\/ptm-mechatronics.com\/sk\/wp-json\/wp\/v2\/product"}],"about":[{"href":"https:\/\/ptm-mechatronics.com\/sk\/wp-json\/wp\/v2\/types\/product"}],"replies":[{"embeddable":true,"href":"https:\/\/ptm-mechatronics.com\/sk\/wp-json\/wp\/v2\/comments?post=13925"}],"wp:featuredmedia":[{"embeddable":true,"href":"https:\/\/ptm-mechatronics.com\/sk\/wp-json\/wp\/v2\/media\/15365"}],"wp:attachment":[{"href":"https:\/\/ptm-mechatronics.com\/sk\/wp-json\/wp\/v2\/media?parent=13925"}],"wp:term":[{"taxonomy":"product_brand","embeddable":true,"href":"https:\/\/ptm-mechatronics.com\/sk\/wp-json\/wp\/v2\/product_brand?post=13925"},{"taxonomy":"product_cat","embeddable":true,"href":"https:\/\/ptm-mechatronics.com\/sk\/wp-json\/wp\/v2\/product_cat?post=13925"},{"taxonomy":"product_tag","embeddable":true,"href":"https:\/\/ptm-mechatronics.com\/sk\/wp-json\/wp\/v2\/product_tag?post=13925"}],"curies":[{"name":"wp","href":"https:\/\/api.w.org\/{rel}","templated":true}]}}