{"id":13916,"date":"2025-07-08T09:21:15","date_gmt":"2025-07-08T07:21:15","guid":{"rendered":"https:\/\/ptm-mechatronics.com\/?post_type=product&#038;p=13916"},"modified":"2025-11-07T15:55:17","modified_gmt":"2025-11-07T14:55:17","slug":"ruehrwellen-mit-gewindenabe","status":"publish","type":"product","link":"https:\/\/ptm-mechatronics.com\/sk\/product\/ruehrwellen-mit-gewindenabe\/","title":{"rendered":"Hriadele mie\u0161adiel so z\u00e1vitov\u00fdm n\u00e1bojom"},"content":{"rendered":"<h1 data-start=\"221\" data-end=\"305\"><span style=\"font-size: 75%;\">Hriade\u013e mie\u0161adla z nehrdzavej\u00facej ocele V4A 1.4404 so z\u00e1vitov\u00fdm n\u00e1bojom - presn\u00fd, robustn\u00fd, kompatibiln\u00fd<\/span><\/h1>\n<p data-start=\"307\" data-end=\"568\">Na\u0161e mie\u0161acie hriadele vyroben\u00e9 z vysokokvalitnej nehrdzavej\u00facej ocele V4A 1.4404 sa vyzna\u010duj\u00fa vynikaj\u00facou odolnos\u0165ou proti kor\u00f3zii, trvanlivos\u0165ou a hygienick\u00fdm povrchom - ide\u00e1lne na n\u00e1ro\u010dn\u00e9 aplik\u00e1cie v potravin\u00e1rskom, farmaceutickom a chemickom priemysle.<\/p>\n<p data-start=\"570\" data-end=\"837\">Hriadele sa daj\u00fa r\u00fdchlo a bezpe\u010dne pripoji\u0165 ku v\u0161etk\u00fdm pohonom mie\u0161adiel PTM pomocou patentovan\u00e9ho z\u00e1vitov\u00e9ho n\u00e1boja. Pre ka\u017ed\u00fd pohon m\u00e1me spr\u00e1vny priemer hriade\u013ea - vyberte si priemer pod\u013ea kon\u0161trukcie v\u00e1\u0161ho pohonu.<\/p>\n<p data-start=\"839\" data-end=\"1001\">Prec\u00edzne vyroben\u00e9 hriadele z nehrdzavej\u00facej ocele zabezpe\u010duj\u00fa stabiln\u00fa prev\u00e1dzku s n\u00edzkymi vibr\u00e1ciami a s\u00fa ide\u00e1lne pre m\u00e9di\u00e1 s n\u00edzkou aj vysokou viskozitou.<\/p>\n<p data-start=\"1003\" data-end=\"1103\">Ak m\u00e1te ak\u00e9ko\u013evek ot\u00e1zky t\u00fdkaj\u00face sa v\u00fdberu spr\u00e1vneho mie\u0161acieho hriade\u013ea, n\u00e1\u0161 z\u00e1kazn\u00edcky servis PTM v\u00e1m r\u00e1d pom\u00f4\u017ee: <a href=\"tel:+498134257970\">+49 8134 25 797 0<\/a>.<\/p>\n<p data-start=\"1003\" data-end=\"1103\">\u010c\u00edsla patentov:<br \/>\npre 10-litrov\u00fd sud: 20 2020 107 551<br \/>\npre 30-litrov\u00fd sud: 20 2020 107 552<br \/>\npre 60-litrov\u00fd sud: 20 2020 107 553<br \/>\npre 100-litrov\u00fd sud: 20 2020 107 554<br \/>\npre 200-litrov\u00fd sud: 20 2020 107 555<br \/>\npre 600 litrov IBC: 20 2020 107 556<br \/>\npre 1000 litrov IBC: 20 2020 107 557<\/p>","protected":false},"excerpt":{"rendered":"<p>Hriade\u013e mie\u0161adla z nehrdzavej\u00facej ocele V4A 1.4404 so z\u00e1vitov\u00fdm n\u00e1bojom na bezpe\u010dn\u00e9, presne zapadaj\u00face spojenie s pohonmi PTM - odoln\u00fd proti kor\u00f3zii, hygienick\u00fd a presn\u00fd.<\/p>","protected":false},"featured_media":15364,"comment_status":"closed","ping_status":"closed","template":"","meta":{"_acf_changed":false},"product_brand":[],"product_cat":[651],"product_tag":[3122,3123,3124,3125,3116,3117,3118,3119,3120,3121],"class_list":{"0":"post-13916","1":"product","2":"type-product","3":"status-publish","4":"has-post-thumbnail","6":"product_cat-ruehrwellen","7":"product_tag-edelstahlruehrwelle-gewinde","8":"product_tag-hygienische-ruehrwelle","9":"product_tag-ruehrwelle-fuer-antrieb","10":"product_tag-ruehrwelle-industrie","11":"product_tag-ruehrwelle-edelstahl","12":"product_tag-v4a-ruehrwelle","13":"product_tag-edelstahlwelle-ruehrwerk","14":"product_tag-gewindenabe-ptm","15":"product_tag-ruehrwelle-1-4404","16":"product_tag-ptm-ruehrwellen","17":"product_shipping_class-karton-paketversand","18":"pa_material-v4a-edelstahl-1-4404","20":"first","21":"instock","22":"taxable","23":"shipping-taxable","24":"purchasable","25":"product-type-variable"},"bundled_by":[],"bundle_stock_status":"instock","bundle_stock_quantity":null,"bundle_virtual":false,"bundle_layout":"","bundle_add_to_cart_form_location":"","bundle_editable_in_cart":false,"bundle_sold_individually_context":"","bundle_item_grouping":"","bundle_min_size":"","bundle_max_size":"","bundle_price":[],"bundled_items":[],"bundle_sell_ids":[],"exclude_global_add_ons":[],"addons":[],"acf":[],"_links":{"self":[{"href":"https:\/\/ptm-mechatronics.com\/sk\/wp-json\/wp\/v2\/product\/13916","targetHints":{"allow":["GET"]}}],"collection":[{"href":"https:\/\/ptm-mechatronics.com\/sk\/wp-json\/wp\/v2\/product"}],"about":[{"href":"https:\/\/ptm-mechatronics.com\/sk\/wp-json\/wp\/v2\/types\/product"}],"replies":[{"embeddable":true,"href":"https:\/\/ptm-mechatronics.com\/sk\/wp-json\/wp\/v2\/comments?post=13916"}],"wp:featuredmedia":[{"embeddable":true,"href":"https:\/\/ptm-mechatronics.com\/sk\/wp-json\/wp\/v2\/media\/15364"}],"wp:attachment":[{"href":"https:\/\/ptm-mechatronics.com\/sk\/wp-json\/wp\/v2\/media?parent=13916"}],"wp:term":[{"taxonomy":"product_brand","embeddable":true,"href":"https:\/\/ptm-mechatronics.com\/sk\/wp-json\/wp\/v2\/product_brand?post=13916"},{"taxonomy":"product_cat","embeddable":true,"href":"https:\/\/ptm-mechatronics.com\/sk\/wp-json\/wp\/v2\/product_cat?post=13916"},{"taxonomy":"product_tag","embeddable":true,"href":"https:\/\/ptm-mechatronics.com\/sk\/wp-json\/wp\/v2\/product_tag?post=13916"}],"curies":[{"name":"wp","href":"https:\/\/api.w.org\/{rel}","templated":true}]}}