{"id":13863,"date":"2025-06-30T09:05:44","date_gmt":"2025-06-30T07:05:44","guid":{"rendered":"https:\/\/ptm-mechatronics.com\/?post_type=product&#038;p=13863"},"modified":"2025-11-07T15:55:05","modified_gmt":"2025-11-07T14:55:05","slug":"drosselventil-fuer-edelstahlantriebe","status":"publish","type":"product","link":"https:\/\/ptm-mechatronics.com\/sk\/product\/drosselventil-fuer-edelstahlantriebe\/","title":{"rendered":"\u0160krtiaci ventil pre pohony z nehrdzavej\u00facej ocele"},"content":{"rendered":"<h2 data-start=\"232\" data-end=\"304\"><span style=\"font-size: 75%;\">\u0160krtic\u00ed ventil pre pneumatick\u00e9 pohony - kompaktn\u00fd, presn\u00fd, nastavite\u013en\u00fd<\/span><\/h2>\n<p data-start=\"306\" data-end=\"732\">\u0160krtic\u00ed ventil (sp\u00e4tn\u00e1 klapka, ihlov\u00fd ventil) umo\u017e\u0148uje jemn\u00fa regul\u00e1ciu objemu vzduchu pre pneumatick\u00e9 motory PTM z nehrdzavej\u00facej ocele a pohony mie\u0161adiel. Je integrovan\u00fd priamo do potrubia stla\u010den\u00e9ho vzduchu a umo\u017e\u0148uje presn\u00e9 nastavenie ot\u00e1\u010dok prostredn\u00edctvom riaden\u00e9ho prietoku vzduchu. To umo\u017e\u0148uje optimalizova\u0165 pohony pod\u013ea po\u017eiadaviek pr\u00edslu\u0161n\u00e9ho procesu - \u010di u\u017e ide o citliv\u00e9 mie\u0161acie procesy alebo aplik\u00e1cie n\u00e1ro\u010dn\u00e9 na v\u00fdkon.<\/p>\n<p data-start=\"734\" data-end=\"987\">Ventil je kompaktn\u00fd, robustn\u00fd a \u013eahko sa in\u0161taluje, ide\u00e1lny do priemyseln\u00fdch prostred\u00ed s vysok\u00fdmi n\u00e1rokmi na spo\u013eahlivos\u0165 a spr\u00e1vanie sa pri regul\u00e1cii. Je vhodn\u00fd na trval\u00e9 pou\u017eitie v automatizovan\u00fdch procesoch mie\u0161ania a pohonu.<\/p>","protected":false},"excerpt":{"rendered":"<p>\u0160krtic\u00ed ventil na presn\u00fa regul\u00e1ciu objemu vzduchu pre pneumatick\u00e9 motory z nehrdzavej\u00facej ocele a pohony mie\u0161adiel - ide\u00e1lny na regul\u00e1ciu ot\u00e1\u010dok v priemyselnej prev\u00e1dzke.<\/p>","protected":false},"featured_media":15544,"comment_status":"closed","ping_status":"closed","template":"","meta":{"_acf_changed":false},"product_brand":[],"product_cat":[2745],"product_tag":[3077,3078,3079,3080,3081,3082,3083,3084,3075,3076],"class_list":{"0":"post-13863","1":"product","2":"type-product","3":"status-publish","4":"has-post-thumbnail","6":"product_cat-ersatzteile","7":"product_tag-regelventil-pneumatischer-antrieb","8":"product_tag-luftsteuerung-ruehrwerk","9":"product_tag-drehzahlregelung-pneumatik","10":"product_tag-drosselventil-ruehrwerksantrieb","11":"product_tag-druckluftregelventil-ptm","12":"product_tag-pneumatikventil-feinregelbar","13":"product_tag-luftmengenventil-industrie","14":"product_tag-drosselventil-mischtechnik","15":"product_tag-drosselventil-druckluftmotor","16":"product_tag-luftmengenregler-ptm","17":"product_shipping_class-karton-paketversand","18":"pa_anschluss-einbau-in-zuluftleitung","20":"first","21":"instock","22":"taxable","23":"shipping-taxable","24":"purchasable","25":"product-type-variable"},"bundled_by":[],"bundle_stock_status":"instock","bundle_stock_quantity":null,"bundle_virtual":false,"bundle_layout":"","bundle_add_to_cart_form_location":"","bundle_editable_in_cart":false,"bundle_sold_individually_context":"","bundle_item_grouping":"","bundle_min_size":"","bundle_max_size":"","bundle_price":[],"bundled_items":[],"bundle_sell_ids":[],"exclude_global_add_ons":[],"addons":[],"acf":[],"_links":{"self":[{"href":"https:\/\/ptm-mechatronics.com\/sk\/wp-json\/wp\/v2\/product\/13863","targetHints":{"allow":["GET"]}}],"collection":[{"href":"https:\/\/ptm-mechatronics.com\/sk\/wp-json\/wp\/v2\/product"}],"about":[{"href":"https:\/\/ptm-mechatronics.com\/sk\/wp-json\/wp\/v2\/types\/product"}],"replies":[{"embeddable":true,"href":"https:\/\/ptm-mechatronics.com\/sk\/wp-json\/wp\/v2\/comments?post=13863"}],"wp:featuredmedia":[{"embeddable":true,"href":"https:\/\/ptm-mechatronics.com\/sk\/wp-json\/wp\/v2\/media\/15544"}],"wp:attachment":[{"href":"https:\/\/ptm-mechatronics.com\/sk\/wp-json\/wp\/v2\/media?parent=13863"}],"wp:term":[{"taxonomy":"product_brand","embeddable":true,"href":"https:\/\/ptm-mechatronics.com\/sk\/wp-json\/wp\/v2\/product_brand?post=13863"},{"taxonomy":"product_cat","embeddable":true,"href":"https:\/\/ptm-mechatronics.com\/sk\/wp-json\/wp\/v2\/product_cat?post=13863"},{"taxonomy":"product_tag","embeddable":true,"href":"https:\/\/ptm-mechatronics.com\/sk\/wp-json\/wp\/v2\/product_tag?post=13863"}],"curies":[{"name":"wp","href":"https:\/\/api.w.org\/{rel}","templated":true}]}}