{"id":13848,"date":"2025-06-23T11:40:56","date_gmt":"2025-06-23T09:40:56","guid":{"rendered":"https:\/\/ptm-mechatronics.com\/?post_type=product&#038;p=13848"},"modified":"2025-11-07T15:55:05","modified_gmt":"2025-11-07T14:55:05","slug":"frequenzumrichter-und-motorschutzschalter-montiert-auf-montageplatte","status":"publish","type":"product","link":"https:\/\/ptm-mechatronics.com\/sk\/product\/frequenzumrichter-und-motorschutzschalter-montiert-auf-montageplatte\/","title":{"rendered":"Frekven\u010dn\u00fd meni\u010d a ochrann\u00fd sp\u00edna\u010d motora namontovan\u00e9 na mont\u00e1\u017enej doske"},"content":{"rendered":"<h2 data-start=\"240\" data-end=\"337\"><span style=\"font-size: 75%;\">Frekven\u010dn\u00fd meni\u010d s integrovan\u00fdm ochrann\u00fdm sp\u00edna\u010dom motora - predmontovan\u00fd, bezpe\u010dn\u00fd, pripraven\u00fd na pripojenie<\/span><\/h2>\n<p data-start=\"339\" data-end=\"671\">Elektrick\u00e9 pohony mie\u0161adiel od PTM mo\u017eno bezpe\u010dne ovl\u00e1da\u0165 a regulova\u0165 prostredn\u00edctvom frekven\u010dn\u00e9ho meni\u010da s integrovan\u00fdm ochrann\u00fdm sp\u00edna\u010dom motora. Integrovan\u00fd displej zobrazuje prev\u00e1dzkov\u00e9 \u00fadaje, ako s\u00fa ot\u00e1\u010dky, frekvencia, pr\u00fad motora a \u010fal\u0161ie parametre. Pohon sa d\u00e1 parametrizova\u0165 priamo prostredn\u00edctvom menu.<\/p>\n<p data-start=\"673\" data-end=\"1006\">Maxim\u00e1lnu bezpe\u010dnos\u0165 zabezpe\u010duje integrovan\u00e9 n\u00fadzov\u00e9 zastavenie, ktor\u00e9 vypne syst\u00e9m v s\u00falade so \u0161pecifik\u00e1ciami <a href=\"https:\/\/de.wikipedia.org\/wiki\/Unfallverh%C3%BCtungsvorschriften\" target=\"_blank\" rel=\"noopener\">UVV<\/a> zaisten\u00e9. Frekven\u010dn\u00fd meni\u010d je vopred zmontovan\u00fd s mont\u00e1\u017enou doskou na jednoduch\u00fa in\u0161tal\u00e1ciu. S\u00fa\u010das\u0165ou dod\u00e1vky je aj 3-metrov\u00fd k\u00e1bel na pripojenie frekven\u010dn\u00e9ho meni\u010da k motoru.<\/p>","protected":false},"excerpt":{"rendered":"<p>Frekven\u010dn\u00fd meni\u010d s integrovan\u00fdm ochrann\u00fdm sp\u00edna\u010dom motora, displejom, n\u00fadzov\u00fdm zastaven\u00edm a 3 m k\u00e1blom - predmontovan\u00fd s mont\u00e1\u017enou doskou na bezpe\u010dn\u00e9 riadenie elektrick\u00fdch pohonov mie\u0161adiel.<\/p>","protected":false},"featured_media":15540,"comment_status":"open","ping_status":"closed","template":"","meta":{"_acf_changed":false},"product_brand":[],"product_cat":[595,1421],"product_tag":[3066,3067,3068,3069,3070,3071,3072,3073,3074,2854],"class_list":{"0":"post-13848","1":"product","2":"type-product","3":"status-publish","4":"has-post-thumbnail","6":"product_cat-ruehrwerkstechnik","7":"product_cat-zubehoer-ruehrwerkstechnik","8":"product_tag-motorschutzschalter-integriert","9":"product_tag-ptm-frequenzumrichter","10":"product_tag-antriebsregelung-elektrisch","11":"product_tag-not-aus-frequenzumrichter","12":"product_tag-frequenzumrichter-display","13":"product_tag-ruehrwerksantrieb-steuern","14":"product_tag-frequenzumrichter-3m-kabel","15":"product_tag-uvv-konform","16":"product_tag-frequenzumrichter-vormontiert","17":"product_tag-frequenzumrichter-ruehrwerk","18":"product_shipping_class-karton-paketversand","19":"pa_montage-montageplatte","21":"first","22":"instock","23":"taxable","24":"shipping-taxable","25":"purchasable","26":"product-type-variable"},"bundled_by":[],"bundle_stock_status":"instock","bundle_stock_quantity":null,"bundle_virtual":false,"bundle_layout":"","bundle_add_to_cart_form_location":"","bundle_editable_in_cart":false,"bundle_sold_individually_context":"","bundle_item_grouping":"","bundle_min_size":"","bundle_max_size":"","bundle_price":[],"bundled_items":[],"bundle_sell_ids":[],"exclude_global_add_ons":[],"addons":[],"acf":[],"_links":{"self":[{"href":"https:\/\/ptm-mechatronics.com\/sk\/wp-json\/wp\/v2\/product\/13848","targetHints":{"allow":["GET"]}}],"collection":[{"href":"https:\/\/ptm-mechatronics.com\/sk\/wp-json\/wp\/v2\/product"}],"about":[{"href":"https:\/\/ptm-mechatronics.com\/sk\/wp-json\/wp\/v2\/types\/product"}],"replies":[{"embeddable":true,"href":"https:\/\/ptm-mechatronics.com\/sk\/wp-json\/wp\/v2\/comments?post=13848"}],"wp:featuredmedia":[{"embeddable":true,"href":"https:\/\/ptm-mechatronics.com\/sk\/wp-json\/wp\/v2\/media\/15540"}],"wp:attachment":[{"href":"https:\/\/ptm-mechatronics.com\/sk\/wp-json\/wp\/v2\/media?parent=13848"}],"wp:term":[{"taxonomy":"product_brand","embeddable":true,"href":"https:\/\/ptm-mechatronics.com\/sk\/wp-json\/wp\/v2\/product_brand?post=13848"},{"taxonomy":"product_cat","embeddable":true,"href":"https:\/\/ptm-mechatronics.com\/sk\/wp-json\/wp\/v2\/product_cat?post=13848"},{"taxonomy":"product_tag","embeddable":true,"href":"https:\/\/ptm-mechatronics.com\/sk\/wp-json\/wp\/v2\/product_tag?post=13848"}],"curies":[{"name":"wp","href":"https:\/\/api.w.org\/{rel}","templated":true}]}}